{"id":11229,"date":"2025-06-10T05:49:51","date_gmt":"2025-06-10T05:49:51","guid":{"rendered":"https:\/\/www.ctube-gr.com\/?post_type=product&#038;p=11229"},"modified":"2025-06-17T07:14:11","modified_gmt":"2025-06-17T07:14:11","slug":"boite-de-prise-electrique-simple-ctube-a-3-voies-en-pvc-gris","status":"publish","type":"product","link":"https:\/\/www.ctube-gr.com\/fr\/ctube-single-gang-3-way-gray-pvc-electrical-outlet-box","title":{"rendered":"Bo\u00eete de prise \u00e9lectrique Ctube simple \u00e0 3 voies en PVC gris"},"content":{"rendered":"<p style=\"color: #003473; font-size: 24px; margin-top: 0; margin-bottom: 12px;\"><strong>Bo\u00eete de prise \u00e0 3 voies et 1 poste\u00a0<\/strong><\/p>\n<p>G\u00e9rez les c\u00e2blages multidirectionnels en toute confiance gr\u00e2ce \u00e0 <strong>Bo\u00eete de sortie Ctube 1 Gang 3 voies<\/strong>. Id\u00e9ale pour les applications de montage en surface, cette bo\u00eete en PVC gris offre une solution \u00e9tanche aux intemp\u00e9ries et r\u00e9sistante \u00e0 la corrosion pour les syst\u00e8mes de conduits r\u00e9sidentiels, commerciaux et industriels l\u00e9gers.<\/p>\n<div style=\"background-color: #fff; border-left: 4px solid #003473; padding: 16px; margin-bottom: 20px; border-radius: 8px;\">\n<p><span style=\"color: #003473;\"><strong>Caract\u00e9ristiques principales<\/strong><\/span><\/p>\n<ul style=\"padding-left: 20px; margin: 0;\">\n<li><strong>Triple entr\u00e9e :<\/strong> <span style=\"color: #003473;\">3 ports d&#039;\u00e9jection<\/span> pour l&#039;acc\u00e8s aux conduits flexibles<\/li>\n<li><strong>Mat\u00e9riel:<\/strong> <em>PVC <\/em>finition grise \u2013 antirouille et r\u00e9sistante aux chocs<\/li>\n<li><strong>Conformit\u00e9:<\/strong> <span style=\"color: #003473;\">Homologu\u00e9 UL<\/span> et conforme aux normes NEC pour une utilisation int\u00e9rieure\/ext\u00e9rieure<\/li>\n<li><strong>Installation:<\/strong> Pour le montage d&#039;appareils ou comme point d&#039;\u00e9tanch\u00e9it\u00e9<\/li>\n<li><strong>Tailles disponibles :<\/strong> <span style=\"color: #003473;\">1\/2&quot;, 3\/4&quot; et 1&quot;\u201d<\/span> KO<\/li>\n<\/ul>\n<\/div>\n<p>&nbsp;<\/p>\n<div style=\"overflow-x: auto;\">\n<table style=\"width: 100%; border-collapse: collapse; font-size: 15px; min-width: 600px;\">\n<thead>\n<tr style=\"background-color: #003473; color: #ffffff;\">\n<th style=\"padding: 10px; text-align: left;\">Propri\u00e9t\u00e9<\/th>\n<th style=\"padding: 10px; text-align: left;\">D\u00e9tails<\/th>\n<\/tr>\n<\/thead>\n<tbody>\n<tr>\n<td style=\"padding: 8px; border-bottom: 1px solid #ddd;\">Charge de flexion<\/td>\n<td style=\"padding: 8px; border-bottom: 1px solid #ddd;\">Jusqu&#039;\u00e0 4448 N (1000 lbf)<\/td>\n<\/tr>\n<tr>\n<td style=\"padding: 8px; border-bottom: 1px solid #ddd;\">R\u00e9sistance \u00e0 l&#039;\u00e9crasement<\/td>\n<td style=\"padding: 8px; border-bottom: 1px solid #ddd;\">Jusqu&#039;\u00e0 166,7 lbf par lin\u00e9aire<\/td>\n<\/tr>\n<tr>\n<td style=\"padding: 8px; border-bottom: 1px solid #ddd;\">Distorsion thermique<\/td>\n<td style=\"padding: 8px; border-bottom: 1px solid #ddd;\">\ufe6415% sans fissure<\/td>\n<\/tr>\n<tr>\n<td style=\"padding: 8px; border-bottom: 1px solid #ddd;\">Absorption d&#039;eau<\/td>\n<td style=\"padding: 8px; border-bottom: 1px solid #ddd;\">\ufe640,50% Poids<\/td>\n<\/tr>\n<tr>\n<td style=\"padding: 8px; border-bottom: 1px solid #ddd;\">Test d&#039;inflammabilit\u00e9<\/td>\n<td style=\"padding: 8px; border-bottom: 1px solid #ddd;\">Moins de 5 secondes pour continuer \u00e0 flamber<\/td>\n<\/tr>\n<tr>\n<td style=\"padding: 8px; border-bottom: 1px solid #ddd;\">Essai d&#039;extrusion\/moulage<\/td>\n<td style=\"padding: 8px; border-bottom: 1px solid #ddd;\">Pas d&#039;\u00e9caillage ni de fissures<\/td>\n<\/tr>\n<tr>\n<td style=\"padding: 8px; border-bottom: 1px solid #ddd;\">Classement au feu<\/td>\n<td style=\"padding: 8px; border-bottom: 1px solid #ddd;\">UL 94V-0<\/td>\n<\/tr>\n<tr>\n<td style=\"padding: 8px; border-bottom: 1px solid #ddd;\">La permanence de l&#039;impression<\/td>\n<td style=\"padding: 8px; border-bottom: 1px solid #ddd;\">Oui<\/td>\n<\/tr>\n<tr>\n<td style=\"padding: 8px; border-bottom: 1px solid #ddd;\">R\u00e9sistant \u00e0 la rouille et au soleil<\/td>\n<td style=\"padding: 8px; border-bottom: 1px solid #ddd;\">Oui<\/td>\n<\/tr>\n<tr>\n<td style=\"padding: 8px; border-bottom: 1px solid #ddd;\">Couleur<\/td>\n<td style=\"padding: 8px; border-bottom: 1px solid #ddd;\">Gris ou Personnalisation<\/td>\n<\/tr>\n<tr>\n<td style=\"padding: 8px; border-bottom: 1px solid #ddd;\">Mat\u00e9riel<\/td>\n<td style=\"padding: 8px; border-bottom: 1px solid #ddd;\">PVC<\/td>\n<\/tr>\n<tr>\n<td style=\"padding: 8px; border-bottom: 1px solid #ddd;\">Services personnalis\u00e9s<\/td>\n<td style=\"padding: 8px; border-bottom: 1px solid #ddd;\">Disponible<\/td>\n<\/tr>\n<tr>\n<td style=\"padding: 8px; border-bottom: 1px solid #ddd;\">Lieu d&#039;origine<\/td>\n<td style=\"padding: 8px; border-bottom: 1px solid #ddd;\">Dongguan, Chine<\/td>\n<\/tr>\n<tr>\n<td style=\"padding: 8px; border-bottom: 1px solid #ddd;\">Exp\u00e9dition<\/td>\n<td style=\"padding: 8px; border-bottom: 1px solid #ddd;\">Par mer<\/td>\n<\/tr>\n<tr>\n<td style=\"padding: 8px; border-bottom: 1px solid #ddd;\">\u00c9chantillons<\/td>\n<td style=\"padding: 8px; border-bottom: 1px solid #ddd;\">Disponible<\/td>\n<\/tr>\n<tr>\n<td style=\"padding: 8px;\">Dimensions<\/td>\n<td style=\"padding: 8px;\">1\/2 \u00e0 1 pouce<\/td>\n<\/tr>\n<\/tbody>\n<\/table>\n<\/div>\n<p style=\"color: #003473; font-size: 18px; margin-top: 24px; margin-bottom: 12px;\"><strong>Tableau des tailles<\/strong><\/p>\n<table style=\"width: 100%; border-collapse: collapse; font-size: 14px; min-width: 600px;\">\n<thead>\n<tr style=\"background-color: #003473; color: #fff;\">\n<th style=\"padding: 8px; text-align: left;\">Num\u00e9ro d&#039;article<\/th>\n<th style=\"padding: 8px; text-align: left;\">K.O. (dans)<\/th>\n<th style=\"padding: 8px; text-align: left;\">L (en)<\/th>\n<th style=\"padding: 8px; text-align: left;\">H (dans)<\/th>\n<\/tr>\n<\/thead>\n<tbody>\n<tr style=\"background-color: #f9f9f9;\">\n<td style=\"padding: 8px;\">CT-SGB3A<\/td>\n<td style=\"padding: 8px;\">1\/2<\/td>\n<td style=\"padding: 8px;\">5.311<\/td>\n<td style=\"padding: 8px;\">2.375<\/td>\n<\/tr>\n<tr>\n<td style=\"padding: 8px;\">CT-SGB3B<\/td>\n<td style=\"padding: 8px;\">3\/4<\/td>\n<td style=\"padding: 8px;\">5.311<\/td>\n<td style=\"padding: 8px;\">2.375<\/td>\n<\/tr>\n<tr style=\"background-color: #f9f9f9;\">\n<td style=\"padding: 8px;\">CT-SGB3C<\/td>\n<td style=\"padding: 8px;\">1<\/td>\n<td style=\"padding: 8px;\">5.311<\/td>\n<td style=\"padding: 8px;\">2.375<\/td>\n<\/tr>\n<\/tbody>\n<\/table>","protected":false},"excerpt":{"rendered":"<p><strong><b>Certification de qualit\u00e9:<\/b><\/strong><\/p>\n<p>\u2013 Homologu\u00e9 UL<\/p>","protected":false},"featured_media":11230,"comment_status":"closed","ping_status":"closed","template":"","meta":{"_sitemap_exclude":false,"_sitemap_priority":"","_sitemap_frequency":"","_joinchat":[]},"product_brand":[],"product_cat":[77,36,38],"product_tag":[],"class_list":{"0":"post-11229","1":"product","2":"type-product","3":"status-publish","4":"has-post-thumbnail","6":"product_cat-ul651-fittings","7":"product_cat-international-certifications-products","8":"product_cat-ul-listed-pvc-conduit-pipe-series","10":"first","11":"instock","12":"shipping-taxable","13":"product-type-simple"},"_links":{"self":[{"href":"https:\/\/www.ctube-gr.com\/fr\/wp-json\/wp\/v2\/product\/11229","targetHints":{"allow":["GET"]}}],"collection":[{"href":"https:\/\/www.ctube-gr.com\/fr\/wp-json\/wp\/v2\/product"}],"about":[{"href":"https:\/\/www.ctube-gr.com\/fr\/wp-json\/wp\/v2\/types\/product"}],"replies":[{"embeddable":true,"href":"https:\/\/www.ctube-gr.com\/fr\/wp-json\/wp\/v2\/comments?post=11229"}],"version-history":[{"count":0,"href":"https:\/\/www.ctube-gr.com\/fr\/wp-json\/wp\/v2\/product\/11229\/revisions"}],"wp:featuredmedia":[{"embeddable":true,"href":"https:\/\/www.ctube-gr.com\/fr\/wp-json\/wp\/v2\/media\/11230"}],"wp:attachment":[{"href":"https:\/\/www.ctube-gr.com\/fr\/wp-json\/wp\/v2\/media?parent=11229"}],"wp:term":[{"taxonomy":"product_brand","embeddable":true,"href":"https:\/\/www.ctube-gr.com\/fr\/wp-json\/wp\/v2\/product_brand?post=11229"},{"taxonomy":"product_cat","embeddable":true,"href":"https:\/\/www.ctube-gr.com\/fr\/wp-json\/wp\/v2\/product_cat?post=11229"},{"taxonomy":"product_tag","embeddable":true,"href":"https:\/\/www.ctube-gr.com\/fr\/wp-json\/wp\/v2\/product_tag?post=11229"}],"curies":[{"name":"wp","href":"https:\/\/api.w.org\/{rel}","templated":true}]}}