{"id":12571,"date":"2025-11-17T09:12:46","date_gmt":"2025-11-17T09:12:46","guid":{"rendered":"https:\/\/www.ctube-gr.com\/?post_type=product&#038;p=12571"},"modified":"2025-12-16T02:26:13","modified_gmt":"2025-12-16T02:26:13","slug":"accessoires-de-plomberie-pour-siphons-en-p-raccords-de-tuyauterie-coupleurs-de-tuyauterie-fixations-de-tuyauterie","status":"publish","type":"product","link":"https:\/\/www.ctube-gr.com\/fr\/ctube-p-trap-plumbing-pipe-fitting-accessories-pipe-couplers-pipe-fixtures","title":{"rendered":"Accessoires de tuyauterie Ctube pour siphons en P\u00a0: raccords de tuyauterie, coupleurs et fixations."},"content":{"rendered":"<table style=\"width: 100%; border-collapse: collapse; font-family: Jost, Helvetica Neue, sans-serif; font-size: 15px; text-align: left;\"><!-- Row 1 --><\/p>\n<tbody>\n<tr>\n<td style=\"border: 1px solid #d9d9d9; padding: 10px; color: #003473; font-weight: bold; width: 20%;\">Marque<\/td>\n<td style=\"border: 1px solid #d9d9d9; padding: 10px; width: 30%;\">Ctube<\/td>\n<td style=\"border: 1px solid #d9d9d9; padding: 10px; color: #003473; font-weight: bold; width: 20%;\">Personnalisable<\/td>\n<td style=\"border: 1px solid #d9d9d9; padding: 10px; width: 30%;\">Oui<\/td>\n<\/tr>\n<p><!-- Row 2 --><\/p>\n<tr>\n<td style=\"border: 1px solid #d9d9d9; padding: 10px; color: #003473; font-weight: bold;\">Mat\u00e9riel<\/td>\n<td style=\"border: 1px solid #d9d9d9; padding: 10px;\">UPVC (polychlorure de vinyle non plastifi\u00e9)<\/td>\n<td style=\"border: 1px solid #d9d9d9; padding: 10px; color: #003473; font-weight: bold;\">Longueur<\/td>\n<td style=\"border: 1px solid #d9d9d9; padding: 10px;\">Standard ou personnalis\u00e9<\/td>\n<\/tr>\n<p><!-- Row 3 --><\/p>\n<tr>\n<td style=\"border: 1px solid #d9d9d9; padding: 10px; color: #003473; font-weight: bold;\">\u00c9paisseur<\/td>\n<td style=\"border: 1px solid #d9d9d9; padding: 10px;\">\u00c9paisseur de paroi standard ou sur demande<\/td>\n<td style=\"border: 1px solid #d9d9d9; padding: 10px; color: #003473; font-weight: bold;\">Plage de diam\u00e8tre ext\u00e9rieur<\/td>\n<td style=\"border: 1px solid #d9d9d9; padding: 10px;\">50\u2013110 mm<\/td>\n<\/tr>\n<p><!-- Row 4 --><\/p>\n<tr>\n<td style=\"border: 1px solid #d9d9d9; padding: 10px; color: #003473; font-weight: bold;\">Couleur<\/td>\n<td style=\"border: 1px solid #d9d9d9; padding: 10px;\">Bleu ou personnalis\u00e9<\/td>\n<td style=\"border: 1px solid #d9d9d9; padding: 10px; color: #003473; font-weight: bold;\">Application<\/td>\n<td style=\"border: 1px solid #d9d9d9; padding: 10px;\">Syst\u00e8mes d&#039;alimentation en eau froide, d&#039;\u00e9vacuation des eaux us\u00e9es et de plomberie<\/td>\n<\/tr>\n<p><!-- Row 5 --><\/p>\n<tr>\n<td style=\"border: 1px solid #d9d9d9; padding: 10px; color: #003473; font-weight: bold;\">\u00c9chantillon<\/td>\n<td style=\"border: 1px solid #d9d9d9; padding: 10px;\">Gratuit<\/td>\n<td style=\"border: 1px solid #d9d9d9; padding: 10px; color: #003473; font-weight: bold;\">Emballage<\/td>\n<td style=\"border: 1px solid #d9d9d9; padding: 10px;\">Sacs en plastique et films PE<\/td>\n<\/tr>\n<p><!-- Row 6 --><\/p>\n<tr>\n<td style=\"border: 1px solid #d9d9d9; padding: 10px; color: #003473; font-weight: bold;\">Pays<\/td>\n<td style=\"border: 1px solid #d9d9d9; padding: 10px;\">Chine<\/td>\n<td style=\"border: 1px solid #d9d9d9; padding: 10px; color: #003473; font-weight: bold;\">Usine<\/td>\n<td style=\"border: 1px solid #d9d9d9; padding: 10px;\">Shaoguan, Guangdong<\/td>\n<\/tr>\n<\/tbody>\n<\/table>\n<p><!-- Key Features Section --><\/p>\n<div style=\"font-family: Jost, Helvetica Neue, sans-serif; font-size: 15px; line-height: 2;\">\n<p><!-- Section Title --><\/p>\n<div style=\"color: #003473; font-weight: bold; font-size: 16px; margin-bottom: 12px;\">Caract\u00e9ristiques principales<\/div>\n<p><!-- Features List --><\/p>\n<ul style=\"margin: 0; padding-left: 20px;\">\n<li><strong style=\"color: #003473;\">Haute t\u00e9nacit\u00e9 et r\u00e9sistance aux chocs\u00a0:<\/strong> Garantit la durabilit\u00e9 et des performances durables sous pression.<\/li>\n<li><strong style=\"color: #003473;\">Excellente r\u00e9sistance \u00e0 la pression et \u00e0 la corrosion :<\/strong> R\u00e9siste \u00e0 une pression d&#039;eau \u00e9lev\u00e9e et \u00e0 la corrosion caus\u00e9e par les acides, les alcalis et les sels.<\/li>\n<li><strong style=\"color: #003473;\">Longue dur\u00e9e de vie, jusqu&#039;\u00e0 50 ans\u00a0:<\/strong> Fiable et s\u00fbr pour les applications de plomberie et d&#039;approvisionnement en eau \u00e0 long terme.<\/li>\n<li><strong style=\"color: #003473;\">Paroi int\u00e9rieure lisse pour une circulation d&#039;eau efficace\u00a0:<\/strong> R\u00e9duit la friction et am\u00e9liore l&#039;efficacit\u00e9 du d\u00e9bit d&#039;eau.<\/li>\n<li><strong style=\"color: #003473;\">Conforme aux normes applicables\u00a0:<\/strong> Convient \u00e0 une large gamme d&#039;applications de plomberie.<\/li>\n<li><strong style=\"color: #003473;\">Installation facile et \u00e9conomique\u00a0:<\/strong> Con\u00e7u pour un assemblage rapide, r\u00e9duisant les co\u00fbts de main-d&#039;\u0153uvre et de maintenance.<\/li>\n<\/ul>\n<\/div>\n<p><!-- Application Section --><\/p>\n<div style=\"font-family: Jost, Helvetica Neue, sans-serif; font-size: 15px; line-height: 1.8; margin-top: 20px;\">\n<div style=\"color: #003473; font-weight: bold; font-size: 16px; margin-bottom: 10px;\">Application<\/div>\n<p>Ces siphons en P sont id\u00e9aux pour les syst\u00e8mes d&#039;\u00e9vacuation des eaux us\u00e9es et d&#039;alimentation en eau des b\u00e2timents. Ils conviennent aux projets de plomberie r\u00e9sidentiels, commerciaux et industriels, garantissant un d\u00e9bit d&#039;eau efficace et une fiabilit\u00e9 \u00e0 long terme.<\/p>\n<p><img fetchpriority=\"high\" decoding=\"async\" class=\"alignnone size-full wp-image-12706\" src=\"https:\/\/www.ctube-gr.com\/wp-content\/uploads\/2025\/11\/uPVC-Trap-for-Plumbing-1.jpg\" alt=\"Siphon en P en PVC-U pour plomberie\" width=\"800\" height=\"560\" srcset=\"https:\/\/www.ctube-gr.com\/wp-content\/uploads\/2025\/11\/uPVC-Trap-for-Plumbing-1.jpg 800w, https:\/\/www.ctube-gr.com\/wp-content\/uploads\/2025\/11\/uPVC-Trap-for-Plumbing-1-300x210.jpg 300w, https:\/\/www.ctube-gr.com\/wp-content\/uploads\/2025\/11\/uPVC-Trap-for-Plumbing-1-768x538.jpg 768w, https:\/\/www.ctube-gr.com\/wp-content\/uploads\/2025\/11\/uPVC-Trap-for-Plumbing-1-18x12.jpg 18w, https:\/\/www.ctube-gr.com\/wp-content\/uploads\/2025\/11\/uPVC-Trap-for-Plumbing-1-600x420.jpg 600w\" sizes=\"(max-width: 800px) 100vw, 800px\" \/><\/p>\n<\/div>\n<div>\n<p><!-- Size Chart Section --><\/p>\n<div style=\"font-family: Jost, Helvetica Neue, sans-serif; font-size: 15px; line-height: 1.8; margin-top: 20px;\">\n<p><!-- Section Title --><\/p>\n<div style=\"color: #003473; font-weight: bold; font-size: 16px; margin-bottom: 12px;\">Tableau des tailles<\/div>\n<p><!-- Table --><\/p>\n<table style=\"width: 100%; border-collapse: collapse; text-align: center;\">\n<tbody><!-- Table Header --><\/p>\n<tr>\n<th style=\"border: 1px solid #d9d9d9; padding: 8px; background-color: #f2f7fb; color: #003473;\">Mod\u00e8le<\/th>\n<th style=\"border: 1px solid #d9d9d9; padding: 8px; background-color: #f2f7fb; color: #003473;\">Quantit\u00e9 \/ Bo\u00eete<\/th>\n<\/tr>\n<p><!-- Row: \u042450 P-Trap --><\/p>\n<tr>\n<td style=\"border: 1px solid #d9d9d9; padding: 8px;\">Pi\u00e8ge en P \u042450<\/td>\n<td style=\"border: 1px solid #d9d9d9; padding: 8px;\">100<\/td>\n<\/tr>\n<p><!-- Row: \u042475 P-Trap --><\/p>\n<tr>\n<td style=\"border: 1px solid #d9d9d9; padding: 8px;\">Pi\u00e8ge en P \u042475<\/td>\n<td style=\"border: 1px solid #d9d9d9; padding: 8px;\">30<\/td>\n<\/tr>\n<p><!-- Row: \u0424110 P-Trap --><\/p>\n<tr>\n<td style=\"border: 1px solid #d9d9d9; padding: 8px;\">Pi\u00e8ge en P \u0424110<\/td>\n<td style=\"border: 1px solid #d9d9d9; padding: 8px;\">15<\/td>\n<\/tr>\n<\/tbody>\n<\/table>\n<p>&nbsp;<\/p>\n<\/div>\n<\/div>","protected":false},"excerpt":{"rendered":"<p>Certification de qualit\u00e9:<\/p>\n<p>\u2014 Conforme aux normes AS\/NZS, UL, CSA, RoHS, REACH, CE, SGS et ISO<\/p>\n<p>\u2014 Fabriqu\u00e9 conform\u00e9ment aux normes applicables en mati\u00e8re de plomberie et d&#039;\u00e9lectricit\u00e9<\/p>","protected":false},"featured_media":12575,"comment_status":"closed","ping_status":"closed","template":"","meta":{"_sitemap_exclude":false,"_sitemap_priority":"","_sitemap_frequency":"","_monsterinsights_skip_tracking":false,"_monsterinsights_sitenote_active":false,"_monsterinsights_sitenote_note":"","_monsterinsights_sitenote_category":0,"_joinchat":[]},"product_brand":[],"product_cat":[320,323,319],"product_tag":[],"class_list":{"0":"post-12571","1":"product","2":"type-product","3":"status-publish","4":"has-post-thumbnail","6":"product_cat-upvc-drainage-pipe-fittings","7":"product_cat-drainage-fittings-range","8":"product_cat-plumbing-pipe-fittings-series","10":"first","11":"instock","12":"shipping-taxable","13":"product-type-simple"},"_links":{"self":[{"href":"https:\/\/www.ctube-gr.com\/fr\/wp-json\/wp\/v2\/product\/12571","targetHints":{"allow":["GET"]}}],"collection":[{"href":"https:\/\/www.ctube-gr.com\/fr\/wp-json\/wp\/v2\/product"}],"about":[{"href":"https:\/\/www.ctube-gr.com\/fr\/wp-json\/wp\/v2\/types\/product"}],"replies":[{"embeddable":true,"href":"https:\/\/www.ctube-gr.com\/fr\/wp-json\/wp\/v2\/comments?post=12571"}],"version-history":[{"count":0,"href":"https:\/\/www.ctube-gr.com\/fr\/wp-json\/wp\/v2\/product\/12571\/revisions"}],"wp:featuredmedia":[{"embeddable":true,"href":"https:\/\/www.ctube-gr.com\/fr\/wp-json\/wp\/v2\/media\/12575"}],"wp:attachment":[{"href":"https:\/\/www.ctube-gr.com\/fr\/wp-json\/wp\/v2\/media?parent=12571"}],"wp:term":[{"taxonomy":"product_brand","embeddable":true,"href":"https:\/\/www.ctube-gr.com\/fr\/wp-json\/wp\/v2\/product_brand?post=12571"},{"taxonomy":"product_cat","embeddable":true,"href":"https:\/\/www.ctube-gr.com\/fr\/wp-json\/wp\/v2\/product_cat?post=12571"},{"taxonomy":"product_tag","embeddable":true,"href":"https:\/\/www.ctube-gr.com\/fr\/wp-json\/wp\/v2\/product_tag?post=12571"}],"curies":[{"name":"wp","href":"https:\/\/api.w.org\/{rel}","templated":true}]}}