{"id":13276,"date":"2026-02-06T06:07:12","date_gmt":"2026-02-06T06:07:12","guid":{"rendered":"https:\/\/www.ctube-gr.com\/?post_type=product&#038;p=13276"},"modified":"2026-02-06T06:07:13","modified_gmt":"2026-02-06T06:07:13","slug":"ctube-fournisseur-de-tubes-et-tuyaux-ppr-pre-isoles-thermiquement","status":"publish","type":"product","link":"https:\/\/www.ctube-gr.com\/fr\/ctube-ppr-pipe-and-tubing-supplier-for-pre-insulated-thermal","title":{"rendered":"Ctube, fournisseur de tubes et tuyaux PPR pr\u00e9-isol\u00e9s thermiquement"},"content":{"rendered":"<p><b>Barri\u00e8re thermique tous temps :<\/b><span style=\"font-weight: 400;\"> Utilise une mousse PE \u00e0 cellules ferm\u00e9es haute performance avec une conductivit\u00e9 thermique extr\u00eamement faible pour maintenir la circulation de l&#039;eau chaude et emp\u00eacher le gel en hiver.<\/span><\/p>\n<p><b>Technologie de moussage de pr\u00e9cision\u00a0:<\/b><span style=\"font-weight: 400;\"> La mousse renforc\u00e9e haute densit\u00e9 innovante offre une excellente absorption des chocs et un amortissement des vibrations pour un fonctionnement silencieux.<\/span><\/p>\n<p><b>Installation efficace \u201c Ring-Cut \u201d :<\/b><span style=\"font-weight: 400;\"> La couche isolante et le noyau en PPR sont pr\u00e9-s\u00e9par\u00e9s sans colle, ce qui permet un d\u00e9collement rapide et sans outil ainsi que des connexions sur site plus rapides.<\/span><\/p>\n<p><b>Mat\u00e9riau \u00e9cologique :<\/b><span style=\"font-weight: 400;\"> Non toxique, inodore et \u00e9co\u00e9nerg\u00e9tique \u2013 id\u00e9al pour les projets de construction \u00e9cologique et les syst\u00e8mes CVC modernes.<\/span><\/p>\n<div id=\"gtx-trans\" style=\"position: absolute; left: 198px; top: 185px;\">\n<div class=\"gtx-trans-icon\"><\/div>\n<\/div>","protected":false},"excerpt":{"rendered":"<p data-imt-p=\"1\"><strong>Certification de qualit\u00e9:<\/strong><span class=\"notranslate immersive-translate-target-wrapper\" lang=\"zh-CN\"><span class=\"notranslate\" data-immersive-translate-translation-element-mark=\"1\">\u00a0\u00a0<\/span><span class=\"notranslate immersive-translate-target-translation-theme-none immersive-translate-target-translation-inline-wrapper-theme-none immersive-translate-target-translation-inline-wrapper\" data-immersive-translate-translation-element-mark=\"1\"><span class=\"notranslate immersive-translate-target-inner immersive-translate-target-translation-theme-none-inner\" data-immersive-translate-translation-element-mark=\"1\">\u8d28\u91cf\u8ba4\u8bc1:<\/span><\/span><\/span><\/p>\n<p>\u2014 Se conformer aux normes NSF, DVGW, WRAS, CE et ISO pour les syst\u00e8mes de plomberie<\/p>\n<p>\u2014 Fabriqu\u00e9 conform\u00e9ment aux normes internationales de s\u00e9curit\u00e9 relatives \u00e0 l&#039;eau potable<\/p>\n<div id=\"gtx-trans\" style=\"position: absolute; left: 58px; top: -11px;\">\n<div class=\"gtx-trans-icon\"><\/div>\n<\/div>","protected":false},"featured_media":13277,"comment_status":"closed","ping_status":"closed","template":"","meta":{"_sitemap_exclude":false,"_sitemap_priority":"","_sitemap_frequency":"","_monsterinsights_skip_tracking":false,"_monsterinsights_sitenote_active":false,"_monsterinsights_sitenote_note":"","_monsterinsights_sitenote_category":0,"_joinchat":[]},"product_brand":[],"product_cat":[326,332],"product_tag":[338,339],"class_list":{"0":"post-13276","1":"product","2":"type-product","3":"status-publish","4":"has-post-thumbnail","6":"product_cat-ppr-pipe-fittings-series","7":"product_cat-ppr-pipe-series","8":"product_tag-ppr-pipe","9":"product_tag-ppr-water-pipe","11":"first","12":"instock","13":"shipping-taxable","14":"product-type-simple"},"_links":{"self":[{"href":"https:\/\/www.ctube-gr.com\/fr\/wp-json\/wp\/v2\/product\/13276","targetHints":{"allow":["GET"]}}],"collection":[{"href":"https:\/\/www.ctube-gr.com\/fr\/wp-json\/wp\/v2\/product"}],"about":[{"href":"https:\/\/www.ctube-gr.com\/fr\/wp-json\/wp\/v2\/types\/product"}],"replies":[{"embeddable":true,"href":"https:\/\/www.ctube-gr.com\/fr\/wp-json\/wp\/v2\/comments?post=13276"}],"version-history":[{"count":0,"href":"https:\/\/www.ctube-gr.com\/fr\/wp-json\/wp\/v2\/product\/13276\/revisions"}],"wp:featuredmedia":[{"embeddable":true,"href":"https:\/\/www.ctube-gr.com\/fr\/wp-json\/wp\/v2\/media\/13277"}],"wp:attachment":[{"href":"https:\/\/www.ctube-gr.com\/fr\/wp-json\/wp\/v2\/media?parent=13276"}],"wp:term":[{"taxonomy":"product_brand","embeddable":true,"href":"https:\/\/www.ctube-gr.com\/fr\/wp-json\/wp\/v2\/product_brand?post=13276"},{"taxonomy":"product_cat","embeddable":true,"href":"https:\/\/www.ctube-gr.com\/fr\/wp-json\/wp\/v2\/product_cat?post=13276"},{"taxonomy":"product_tag","embeddable":true,"href":"https:\/\/www.ctube-gr.com\/fr\/wp-json\/wp\/v2\/product_tag?post=13276"}],"curies":[{"name":"wp","href":"https:\/\/api.w.org\/{rel}","templated":true}]}}