{"id":13282,"date":"2026-02-06T06:07:24","date_gmt":"2026-02-06T06:07:24","guid":{"rendered":"https:\/\/www.ctube-gr.com\/?post_type=product&#038;p=13282"},"modified":"2026-02-06T06:07:25","modified_gmt":"2026-02-06T06:07:25","slug":"tube-en-c-par-rt-tuyau-de-chauffage-au-sol-autonettoyant","status":"publish","type":"product","link":"https:\/\/www.ctube-gr.com\/fr\/ctube-pe-rt-pipe-tubing-self-cleaning-underfloor-heating","title":{"rendered":"Tuyau Ctube PE-RT autonettoyant pour chauffage au sol"},"content":{"rendered":"<p><b>Int\u00e9rieur \u201c miroir \u201d ultra-lisse :<\/b><span style=\"font-weight: 400;\"> Il est dot\u00e9 d&#039;un rev\u00eatement int\u00e9rieur sp\u00e9cialis\u00e9 \u00e0 faible friction qui emp\u00eache l&#039;adh\u00e9rence du calcium, de la chaux et des boues biologiques.<\/span><\/p>\n<p><b>Technologie anti-tartre\u00a0:<\/b><span style=\"font-weight: 400;\"> Con\u00e7u pour maintenir un d\u00e9bit d&#039;eau constant et une efficacit\u00e9 d&#039;\u00e9change thermique optimale sur le long terme, m\u00eame dans les r\u00e9gions o\u00f9 l&#039;eau est dure.<\/span><\/p>\n<p><b>Dur\u00e9e de vie du syst\u00e8me am\u00e9lior\u00e9e\u00a0:<\/b><span style=\"font-weight: 400;\"> En emp\u00eachant l&#039;accumulation de s\u00e9diments, il r\u00e9duit la charge de travail des pompes de circulation et des chaudi\u00e8res, prot\u00e9geant ainsi l&#039;ensemble du syst\u00e8me CVC.<\/span><\/p>\n<p><b>Performances sans entretien :<\/b><span style=\"font-weight: 400;\"> L&#039;effet autonettoyant garantit que les canalisations ne n\u00e9cessitent pas de rin\u00e7age chimique fr\u00e9quent, ce qui permet de r\u00e9aliser des \u00e9conomies importantes sur les co\u00fbts d&#039;entretien et de main-d&#039;\u0153uvre \u00e0 long terme.<\/span><\/p>","protected":false},"excerpt":{"rendered":"<p><strong>Certification de qualit\u00e9:<\/strong><\/p>\n<p>\u2014 Se conformer aux normes NSF, DVGW, WRAS, CE et ISO pour les syst\u00e8mes de plomberie<\/p>\n<p>\u2014 Fabriqu\u00e9 conform\u00e9ment aux normes internationales de s\u00e9curit\u00e9 relatives \u00e0 l&#039;eau potable<\/p>\n<div id=\"gtx-trans\" style=\"position: absolute; left: 91px; top: -11px;\">\n<div class=\"gtx-trans-icon\"><\/div>\n<\/div>","protected":false},"featured_media":13284,"comment_status":"closed","ping_status":"closed","template":"","meta":{"_sitemap_exclude":false,"_sitemap_priority":"","_sitemap_frequency":"","_monsterinsights_skip_tracking":false,"_monsterinsights_sitenote_active":false,"_monsterinsights_sitenote_note":"","_monsterinsights_sitenote_category":0,"_joinchat":[]},"product_brand":[],"product_cat":[327,344],"product_tag":[340,341],"class_list":{"0":"post-13282","1":"product","2":"type-product","3":"status-publish","4":"has-post-thumbnail","6":"product_cat-pe-rt-pipe-fittings-series","7":"product_cat-pe-rt-pipe-series","8":"product_tag-pert-pipe","9":"product_tag-pert-underfloor-pipe","11":"first","12":"instock","13":"shipping-taxable","14":"product-type-simple"},"_links":{"self":[{"href":"https:\/\/www.ctube-gr.com\/fr\/wp-json\/wp\/v2\/product\/13282","targetHints":{"allow":["GET"]}}],"collection":[{"href":"https:\/\/www.ctube-gr.com\/fr\/wp-json\/wp\/v2\/product"}],"about":[{"href":"https:\/\/www.ctube-gr.com\/fr\/wp-json\/wp\/v2\/types\/product"}],"replies":[{"embeddable":true,"href":"https:\/\/www.ctube-gr.com\/fr\/wp-json\/wp\/v2\/comments?post=13282"}],"version-history":[{"count":0,"href":"https:\/\/www.ctube-gr.com\/fr\/wp-json\/wp\/v2\/product\/13282\/revisions"}],"wp:featuredmedia":[{"embeddable":true,"href":"https:\/\/www.ctube-gr.com\/fr\/wp-json\/wp\/v2\/media\/13284"}],"wp:attachment":[{"href":"https:\/\/www.ctube-gr.com\/fr\/wp-json\/wp\/v2\/media?parent=13282"}],"wp:term":[{"taxonomy":"product_brand","embeddable":true,"href":"https:\/\/www.ctube-gr.com\/fr\/wp-json\/wp\/v2\/product_brand?post=13282"},{"taxonomy":"product_cat","embeddable":true,"href":"https:\/\/www.ctube-gr.com\/fr\/wp-json\/wp\/v2\/product_cat?post=13282"},{"taxonomy":"product_tag","embeddable":true,"href":"https:\/\/www.ctube-gr.com\/fr\/wp-json\/wp\/v2\/product_tag?post=13282"}],"curies":[{"name":"wp","href":"https:\/\/api.w.org\/{rel}","templated":true}]}}