{"id":13306,"date":"2026-02-06T06:07:17","date_gmt":"2026-02-06T06:07:17","guid":{"rendered":"https:\/\/www.ctube-gr.com\/?post_type=product&#038;p=13306"},"modified":"2026-02-11T05:38:20","modified_gmt":"2026-02-11T05:38:20","slug":"bouchon-de-tuyau-ppr-en-c-raccord-de-joint-detancheite-connecteur","status":"publish","type":"product","link":"https:\/\/www.ctube-gr.com\/fr\/ctube-ppr-pipe-end-cap-fitting-stopper-seal-connector","title":{"rendered":"Bouchon de tuyau PPR Ctube, joint d&#039;\u00e9tanch\u00e9it\u00e9, raccord"},"content":{"rendered":"<p><img fetchpriority=\"high\" decoding=\"async\" class=\"alignnone size-full wp-image-13557\" src=\"https:\/\/www.ctube-gr.com\/wp-content\/uploads\/2026\/02\/Ctube-PPR-Pipe-End-Cap-Fitting-Stopper-Seal-Connector.jpg\" alt=\"Bouchon de tuyau PPR Ctube, joint d&#039;\u00e9tanch\u00e9it\u00e9, raccord\" width=\"800\" height=\"560\" srcset=\"https:\/\/www.ctube-gr.com\/wp-content\/uploads\/2026\/02\/Ctube-PPR-Pipe-End-Cap-Fitting-Stopper-Seal-Connector.jpg 800w, https:\/\/www.ctube-gr.com\/wp-content\/uploads\/2026\/02\/Ctube-PPR-Pipe-End-Cap-Fitting-Stopper-Seal-Connector-300x210.jpg 300w, https:\/\/www.ctube-gr.com\/wp-content\/uploads\/2026\/02\/Ctube-PPR-Pipe-End-Cap-Fitting-Stopper-Seal-Connector-768x538.jpg 768w, https:\/\/www.ctube-gr.com\/wp-content\/uploads\/2026\/02\/Ctube-PPR-Pipe-End-Cap-Fitting-Stopper-Seal-Connector-18x12.jpg 18w, https:\/\/www.ctube-gr.com\/wp-content\/uploads\/2026\/02\/Ctube-PPR-Pipe-End-Cap-Fitting-Stopper-Seal-Connector-600x420.jpg 600w\" sizes=\"(max-width: 800px) 100vw, 800px\" \/><\/p>\n<p><b>\u00c9tanch\u00e9it\u00e9 permanente et \u00e9tanche :<\/b><span style=\"font-weight: 400;\"> Con\u00e7u pour assurer une \u00e9tanch\u00e9it\u00e9 parfaite et s\u00e9curis\u00e9e \u00e0 l&#039;extr\u00e9mit\u00e9 d&#039;une canalisation, garantissant l&#039;absence de fuites d&#039;eau m\u00eame sous haute pression.<\/span><\/p>\n<p><b>Finition int\u00e9rieure lisse :<\/b><span style=\"font-weight: 400;\"> Il est dot\u00e9 d&#039;un int\u00e9rieur moul\u00e9 avec pr\u00e9cision qui assure une fusion parfaite avec le tuyau, cr\u00e9ant un joint monolithique aussi r\u00e9sistant que le tuyau lui-m\u00eame.<\/span><\/p>\n<p><b>Avantage pour l&#039;utilisateur\u00a0:<\/b><span style=\"font-weight: 400;\"> Un \u00e9l\u00e9ment essentiel pour terminer en toute s\u00e9curit\u00e9 les tron\u00e7ons de tuyauterie ou pr\u00e9-sceller les sorties pendant la construction afin d&#039;emp\u00eacher les d\u00e9bris de p\u00e9n\u00e9trer dans le syst\u00e8me de plomberie.<\/span><\/p>","protected":false},"excerpt":{"rendered":"<p><strong>Certification de qualit\u00e9:<\/strong><\/p>\n<p>\u2014 Se conformer aux normes NSF, DVGW, WRAS, CE et ISO pour les syst\u00e8mes de plomberie<\/p>\n<p>\u2014 Fabriqu\u00e9 conform\u00e9ment aux normes internationales de s\u00e9curit\u00e9 relatives \u00e0 l&#039;eau potable<\/p>\n<div id=\"gtx-trans\" style=\"position: absolute; left: 100px; top: 39px;\">\n<div class=\"gtx-trans-icon\"><\/div>\n<\/div>","protected":false},"featured_media":13308,"comment_status":"closed","ping_status":"closed","template":"","meta":{"_sitemap_exclude":false,"_sitemap_priority":"","_sitemap_frequency":"","_joinchat":[]},"product_brand":[],"product_cat":[326,333],"product_tag":[338,339],"class_list":{"0":"post-13306","1":"product","2":"type-product","3":"status-publish","4":"has-post-thumbnail","6":"product_cat-ppr-pipe-fittings-series","7":"product_cat-ppr-pipe-fittings-range","8":"product_tag-ppr-pipe","9":"product_tag-ppr-water-pipe","11":"first","12":"instock","13":"shipping-taxable","14":"product-type-simple"},"_links":{"self":[{"href":"https:\/\/www.ctube-gr.com\/fr\/wp-json\/wp\/v2\/product\/13306","targetHints":{"allow":["GET"]}}],"collection":[{"href":"https:\/\/www.ctube-gr.com\/fr\/wp-json\/wp\/v2\/product"}],"about":[{"href":"https:\/\/www.ctube-gr.com\/fr\/wp-json\/wp\/v2\/types\/product"}],"replies":[{"embeddable":true,"href":"https:\/\/www.ctube-gr.com\/fr\/wp-json\/wp\/v2\/comments?post=13306"}],"version-history":[{"count":0,"href":"https:\/\/www.ctube-gr.com\/fr\/wp-json\/wp\/v2\/product\/13306\/revisions"}],"wp:featuredmedia":[{"embeddable":true,"href":"https:\/\/www.ctube-gr.com\/fr\/wp-json\/wp\/v2\/media\/13308"}],"wp:attachment":[{"href":"https:\/\/www.ctube-gr.com\/fr\/wp-json\/wp\/v2\/media?parent=13306"}],"wp:term":[{"taxonomy":"product_brand","embeddable":true,"href":"https:\/\/www.ctube-gr.com\/fr\/wp-json\/wp\/v2\/product_brand?post=13306"},{"taxonomy":"product_cat","embeddable":true,"href":"https:\/\/www.ctube-gr.com\/fr\/wp-json\/wp\/v2\/product_cat?post=13306"},{"taxonomy":"product_tag","embeddable":true,"href":"https:\/\/www.ctube-gr.com\/fr\/wp-json\/wp\/v2\/product_tag?post=13306"}],"curies":[{"name":"wp","href":"https:\/\/api.w.org\/{rel}","templated":true}]}}