{"id":13311,"date":"2026-02-06T06:07:20","date_gmt":"2026-02-06T06:07:20","guid":{"rendered":"https:\/\/www.ctube-gr.com\/?post_type=product&#038;p=13311"},"modified":"2026-02-11T05:38:02","modified_gmt":"2026-02-11T05:38:02","slug":"raccord-de-tuyau-ppr-ctube-a-emboitement-droit","status":"publish","type":"product","link":"https:\/\/www.ctube-gr.com\/fr\/ctube-ppr-pipe-coupling-fitting-straight-socket-tubing-joint","title":{"rendered":"Raccord de tuyauterie Ctube PPR \u00e0 embo\u00eetement droit"},"content":{"rendered":"<p><img fetchpriority=\"high\" decoding=\"async\" class=\"alignnone size-full wp-image-13556\" src=\"https:\/\/www.ctube-gr.com\/wp-content\/uploads\/2026\/02\/Ctube-PPR-Pipe-Coupling-Fitting-Straight-Socket-Tubing-Joint.jpg\" alt=\"Raccord de tuyauterie Ctube PPR \u00e0 embo\u00eetement droit\" width=\"800\" height=\"560\" srcset=\"https:\/\/www.ctube-gr.com\/wp-content\/uploads\/2026\/02\/Ctube-PPR-Pipe-Coupling-Fitting-Straight-Socket-Tubing-Joint.jpg 800w, https:\/\/www.ctube-gr.com\/wp-content\/uploads\/2026\/02\/Ctube-PPR-Pipe-Coupling-Fitting-Straight-Socket-Tubing-Joint-300x210.jpg 300w, https:\/\/www.ctube-gr.com\/wp-content\/uploads\/2026\/02\/Ctube-PPR-Pipe-Coupling-Fitting-Straight-Socket-Tubing-Joint-768x538.jpg 768w, https:\/\/www.ctube-gr.com\/wp-content\/uploads\/2026\/02\/Ctube-PPR-Pipe-Coupling-Fitting-Straight-Socket-Tubing-Joint-18x12.jpg 18w, https:\/\/www.ctube-gr.com\/wp-content\/uploads\/2026\/02\/Ctube-PPR-Pipe-Coupling-Fitting-Straight-Socket-Tubing-Joint-600x420.jpg 600w\" sizes=\"(max-width: 800px) 100vw, 800px\" \/><\/p>\n<p><b>Connexion directe et sans rupture :<\/b><span style=\"font-weight: 400;\"> Con\u00e7u pour une connexion en ligne parfaite entre deux sections de tuyau PPR, assurant un joint \u00e9tanche, s\u00fbr et permanent gr\u00e2ce \u00e0 une fusion thermique professionnelle.<\/span><\/p>\n<p><b>R\u00e9sistance \u00e0 la pression \u00e9lev\u00e9e\u00a0:<\/b><span style=\"font-weight: 400;\"> Con\u00e7u en mat\u00e9riau PPR haute densit\u00e9 pour r\u00e9sister \u00e0 une pression hydrostatique et \u00e0 une dilatation thermique importantes, il est id\u00e9al pour les conduites d&#039;eau chaude et d&#039;eau froide.<\/span><\/p>\n<p><b>Avantage pour l&#039;utilisateur\u00a0:<\/b><span style=\"font-weight: 400;\"> Offre la solution la plus fiable et la plus \u00e9conomique pour prolonger les canalisations dans les installations de plomberie r\u00e9sidentielles et industrielles, gr\u00e2ce \u00e0 une conception compacte qui s&#039;adapte facilement aux espaces d&#039;installation restreints.<\/span><\/p>","protected":false},"excerpt":{"rendered":"<p><strong>Certification de qualit\u00e9:<\/strong><\/p>\n<p>\u2014 Se conformer aux normes NSF, DVGW, WRAS, CE et ISO pour les syst\u00e8mes de plomberie<\/p>\n<p>\u2014 Fabriqu\u00e9 conform\u00e9ment aux normes internationales de s\u00e9curit\u00e9 relatives \u00e0 l&#039;eau potable<\/p>\n<div id=\"gtx-trans\" style=\"position: absolute; left: 115px; top: 39px;\">\n<div class=\"gtx-trans-icon\"><\/div>\n<\/div>","protected":false},"featured_media":13314,"comment_status":"closed","ping_status":"closed","template":"","meta":{"_sitemap_exclude":false,"_sitemap_priority":"","_sitemap_frequency":"","_joinchat":[]},"product_brand":[],"product_cat":[326,333],"product_tag":[338,339],"class_list":{"0":"post-13311","1":"product","2":"type-product","3":"status-publish","4":"has-post-thumbnail","6":"product_cat-ppr-pipe-fittings-series","7":"product_cat-ppr-pipe-fittings-range","8":"product_tag-ppr-pipe","9":"product_tag-ppr-water-pipe","11":"first","12":"instock","13":"shipping-taxable","14":"product-type-simple"},"_links":{"self":[{"href":"https:\/\/www.ctube-gr.com\/fr\/wp-json\/wp\/v2\/product\/13311","targetHints":{"allow":["GET"]}}],"collection":[{"href":"https:\/\/www.ctube-gr.com\/fr\/wp-json\/wp\/v2\/product"}],"about":[{"href":"https:\/\/www.ctube-gr.com\/fr\/wp-json\/wp\/v2\/types\/product"}],"replies":[{"embeddable":true,"href":"https:\/\/www.ctube-gr.com\/fr\/wp-json\/wp\/v2\/comments?post=13311"}],"version-history":[{"count":0,"href":"https:\/\/www.ctube-gr.com\/fr\/wp-json\/wp\/v2\/product\/13311\/revisions"}],"wp:featuredmedia":[{"embeddable":true,"href":"https:\/\/www.ctube-gr.com\/fr\/wp-json\/wp\/v2\/media\/13314"}],"wp:attachment":[{"href":"https:\/\/www.ctube-gr.com\/fr\/wp-json\/wp\/v2\/media?parent=13311"}],"wp:term":[{"taxonomy":"product_brand","embeddable":true,"href":"https:\/\/www.ctube-gr.com\/fr\/wp-json\/wp\/v2\/product_brand?post=13311"},{"taxonomy":"product_cat","embeddable":true,"href":"https:\/\/www.ctube-gr.com\/fr\/wp-json\/wp\/v2\/product_cat?post=13311"},{"taxonomy":"product_tag","embeddable":true,"href":"https:\/\/www.ctube-gr.com\/fr\/wp-json\/wp\/v2\/product_tag?post=13311"}],"curies":[{"name":"wp","href":"https:\/\/api.w.org\/{rel}","templated":true}]}}