{"id":13317,"date":"2026-02-06T06:07:27","date_gmt":"2026-02-06T06:07:27","guid":{"rendered":"https:\/\/www.ctube-gr.com\/?post_type=product&#038;p=13317"},"modified":"2026-02-06T06:07:28","modified_gmt":"2026-02-06T06:07:28","slug":"raccord-de-tuyau-ppr-en-c-et-vanne-a-guillotine","status":"publish","type":"product","link":"https:\/\/www.ctube-gr.com\/fr\/ctube-ppr-pipe-connector-and-fittings-gate-valve","title":{"rendered":"Raccord de tuyau PPR Ctube et raccords Vanne \u00e0 guillotine"},"content":{"rendered":"<p><b>Performances \u00e0 toute \u00e9preuve\u00a0:<\/b><span style=\"font-weight: 400;\"> \u00c9quip\u00e9 d&#039;un <\/span><b>volant lisse<\/b><span style=\"font-weight: 400;\"> pour un r\u00e9glage progressif et pr\u00e9cis du d\u00e9bit d&#039;eau dans tout syst\u00e8me de tuyauterie.<\/span><\/p>\n<p><b>Durabilit\u00e9 \u00e0 long terme :<\/b><span style=\"font-weight: 400;\"> Construit avec <\/span><b>PPR haute r\u00e9sistance<\/b><span style=\"font-weight: 400;\"> pour garantir une longue dur\u00e9e de vie et une r\u00e9sistance aux environnements \u00e0 haute pression.<\/span><\/p>\n<p><b>Avantage pour l&#039;utilisateur\u00a0:<\/b><span style=\"font-weight: 400;\"> Con\u00e7u pour <\/span><b>arr\u00eat progressif et s\u00fbr<\/b><span style=\"font-weight: 400;\">, prot\u00e9geant ainsi votre plomberie des surpressions et de l&#039;accumulation de min\u00e9raux.<\/span><\/p>","protected":false},"excerpt":{"rendered":"<p><strong>Certification de qualit\u00e9:<\/strong><\/p>\n<p>\u2014 Se conformer aux normes NSF, DVGW, WRAS, CE et ISO pour les syst\u00e8mes de plomberie<\/p>\n<p>\u2014 Fabriqu\u00e9 conform\u00e9ment aux normes internationales de s\u00e9curit\u00e9 relatives \u00e0 l&#039;eau potable<\/p>\n<div id=\"gtx-trans\" style=\"position: absolute; left: 92px; top: 39px;\">\n<div class=\"gtx-trans-icon\"><\/div>\n<\/div>","protected":false},"featured_media":13319,"comment_status":"closed","ping_status":"closed","template":"","meta":{"_sitemap_exclude":false,"_sitemap_priority":"","_sitemap_frequency":"","_joinchat":[]},"product_brand":[],"product_cat":[326,333],"product_tag":[338,339],"class_list":{"0":"post-13317","1":"product","2":"type-product","3":"status-publish","4":"has-post-thumbnail","6":"product_cat-ppr-pipe-fittings-series","7":"product_cat-ppr-pipe-fittings-range","8":"product_tag-ppr-pipe","9":"product_tag-ppr-water-pipe","11":"first","12":"instock","13":"shipping-taxable","14":"product-type-simple"},"_links":{"self":[{"href":"https:\/\/www.ctube-gr.com\/fr\/wp-json\/wp\/v2\/product\/13317","targetHints":{"allow":["GET"]}}],"collection":[{"href":"https:\/\/www.ctube-gr.com\/fr\/wp-json\/wp\/v2\/product"}],"about":[{"href":"https:\/\/www.ctube-gr.com\/fr\/wp-json\/wp\/v2\/types\/product"}],"replies":[{"embeddable":true,"href":"https:\/\/www.ctube-gr.com\/fr\/wp-json\/wp\/v2\/comments?post=13317"}],"version-history":[{"count":0,"href":"https:\/\/www.ctube-gr.com\/fr\/wp-json\/wp\/v2\/product\/13317\/revisions"}],"wp:featuredmedia":[{"embeddable":true,"href":"https:\/\/www.ctube-gr.com\/fr\/wp-json\/wp\/v2\/media\/13319"}],"wp:attachment":[{"href":"https:\/\/www.ctube-gr.com\/fr\/wp-json\/wp\/v2\/media?parent=13317"}],"wp:term":[{"taxonomy":"product_brand","embeddable":true,"href":"https:\/\/www.ctube-gr.com\/fr\/wp-json\/wp\/v2\/product_brand?post=13317"},{"taxonomy":"product_cat","embeddable":true,"href":"https:\/\/www.ctube-gr.com\/fr\/wp-json\/wp\/v2\/product_cat?post=13317"},{"taxonomy":"product_tag","embeddable":true,"href":"https:\/\/www.ctube-gr.com\/fr\/wp-json\/wp\/v2\/product_tag?post=13317"}],"curies":[{"name":"wp","href":"https:\/\/api.w.org\/{rel}","templated":true}]}}