{"id":13323,"date":"2026-02-06T06:06:23","date_gmt":"2026-02-06T06:06:23","guid":{"rendered":"https:\/\/www.ctube-gr.com\/?post_type=product&#038;p=13323"},"modified":"2026-02-06T06:06:24","modified_gmt":"2026-02-06T06:06:24","slug":"raccords-de-tuyauterie-ppr-ctube-vanne-double-union-en-laiton","status":"publish","type":"product","link":"https:\/\/www.ctube-gr.com\/fr\/ctube-ppr-pipe-fittings-brass-double-union-valve","title":{"rendered":"Raccords de tuyauterie Ctube PPR, vanne double union en laiton"},"content":{"rendered":"<p><b>Performances \u00e0 toute \u00e9preuve\u00a0:<\/b><span style=\"font-weight: 400;\"> Il comporte une pr\u00e9cision <\/span><b>m\u00e9canisme interne en laiton<\/b><span style=\"font-weight: 400;\"> pour un fonctionnement fluide et une \u00e9tanch\u00e9it\u00e9 fiable.<\/span><\/p>\n<p data-imt-p=\"1\"><b>Durabilit\u00e9 \u00e0 long terme :<\/b><span style=\"font-weight: 400;\"> Le <\/span><b>Conception Double Union<\/b><span style=\"font-weight: 400;\"> permet une maintenance rapide ou un remplacement de vanne sans couper vos tuyaux PPR.<\/span><span class=\"notranslate immersive-translate-target-wrapper\" lang=\"zh-CN\"><br \/>\n<\/span><\/p>\n<p><b>Avantage pour l&#039;utilisateur\u00a0:<\/b><span style=\"font-weight: 400;\"> Assure <\/span><b>d\u00e9bit d&#039;eau maximal<\/b><span style=\"font-weight: 400;\"> et une isolation fiable pour les syst\u00e8mes de plomberie domestiques ou industriels.<\/span><\/p>","protected":false},"excerpt":{"rendered":"<p data-imt-p=\"1\"><strong>Certification de qualit\u00e9:<span class=\"notranslate immersive-translate-target-wrapper\" lang=\"zh-CN\"><span class=\"notranslate\" data-immersive-translate-translation-element-mark=\"1\">\u00a0<\/span><\/span><\/strong><\/p>\n<p>\u2014 Se conformer aux normes NSF, DVGW, WRAS, CE et ISO pour les syst\u00e8mes de plomberie<\/p>\n<p>\u2014 Fabriqu\u00e9 conform\u00e9ment aux normes internationales de s\u00e9curit\u00e9 relatives \u00e0 l&#039;eau potable<\/p>\n<div id=\"gtx-trans\" style=\"position: absolute; left: 100px; top: 39px;\">\n<div class=\"gtx-trans-icon\"><\/div>\n<\/div>","protected":false},"featured_media":13325,"comment_status":"closed","ping_status":"closed","template":"","meta":{"_sitemap_exclude":false,"_sitemap_priority":"","_sitemap_frequency":"","_monsterinsights_skip_tracking":false,"_monsterinsights_sitenote_active":false,"_monsterinsights_sitenote_note":"","_monsterinsights_sitenote_category":0,"_joinchat":[]},"product_brand":[],"product_cat":[326,333],"product_tag":[338,339],"class_list":{"0":"post-13323","1":"product","2":"type-product","3":"status-publish","4":"has-post-thumbnail","6":"product_cat-ppr-pipe-fittings-series","7":"product_cat-ppr-pipe-fittings-range","8":"product_tag-ppr-pipe","9":"product_tag-ppr-water-pipe","11":"first","12":"instock","13":"shipping-taxable","14":"product-type-simple"},"_links":{"self":[{"href":"https:\/\/www.ctube-gr.com\/fr\/wp-json\/wp\/v2\/product\/13323","targetHints":{"allow":["GET"]}}],"collection":[{"href":"https:\/\/www.ctube-gr.com\/fr\/wp-json\/wp\/v2\/product"}],"about":[{"href":"https:\/\/www.ctube-gr.com\/fr\/wp-json\/wp\/v2\/types\/product"}],"replies":[{"embeddable":true,"href":"https:\/\/www.ctube-gr.com\/fr\/wp-json\/wp\/v2\/comments?post=13323"}],"version-history":[{"count":0,"href":"https:\/\/www.ctube-gr.com\/fr\/wp-json\/wp\/v2\/product\/13323\/revisions"}],"wp:featuredmedia":[{"embeddable":true,"href":"https:\/\/www.ctube-gr.com\/fr\/wp-json\/wp\/v2\/media\/13325"}],"wp:attachment":[{"href":"https:\/\/www.ctube-gr.com\/fr\/wp-json\/wp\/v2\/media?parent=13323"}],"wp:term":[{"taxonomy":"product_brand","embeddable":true,"href":"https:\/\/www.ctube-gr.com\/fr\/wp-json\/wp\/v2\/product_brand?post=13323"},{"taxonomy":"product_cat","embeddable":true,"href":"https:\/\/www.ctube-gr.com\/fr\/wp-json\/wp\/v2\/product_cat?post=13323"},{"taxonomy":"product_tag","embeddable":true,"href":"https:\/\/www.ctube-gr.com\/fr\/wp-json\/wp\/v2\/product_tag?post=13323"}],"curies":[{"name":"wp","href":"https:\/\/api.w.org\/{rel}","templated":true}]}}