{"id":13339,"date":"2026-02-06T06:11:13","date_gmt":"2026-02-06T06:11:13","guid":{"rendered":"https:\/\/www.ctube-gr.com\/?post_type=product&#038;p=13339"},"modified":"2026-02-11T05:37:39","modified_gmt":"2026-02-11T05:37:39","slug":"raccord-de-tuyauterie-ppr-type-y-en-c-joint-de-derivation-a-3-voies","status":"publish","type":"product","link":"https:\/\/www.ctube-gr.com\/fr\/ctube-y-type-ppr-pipe-fitting-3-way-branch-tube-joint","title":{"rendered":"Raccord de tuyauterie PPR en Y Ctube, joint de d\u00e9rivation \u00e0 3 voies"},"content":{"rendered":"<p data-imt-p=\"1\"><img fetchpriority=\"high\" decoding=\"async\" class=\"alignnone size-full wp-image-13559\" src=\"https:\/\/www.ctube-gr.com\/wp-content\/uploads\/2026\/02\/Ctube-Y-Type-PPR-Pipe-Fitting-3-Way-Branch-Tube-Joint.jpg\" alt=\"Raccord de tuyauterie PPR en Y Ctube, joint de d\u00e9rivation \u00e0 3 voies\" width=\"800\" height=\"560\" srcset=\"https:\/\/www.ctube-gr.com\/wp-content\/uploads\/2026\/02\/Ctube-Y-Type-PPR-Pipe-Fitting-3-Way-Branch-Tube-Joint.jpg 800w, https:\/\/www.ctube-gr.com\/wp-content\/uploads\/2026\/02\/Ctube-Y-Type-PPR-Pipe-Fitting-3-Way-Branch-Tube-Joint-300x210.jpg 300w, https:\/\/www.ctube-gr.com\/wp-content\/uploads\/2026\/02\/Ctube-Y-Type-PPR-Pipe-Fitting-3-Way-Branch-Tube-Joint-768x538.jpg 768w, https:\/\/www.ctube-gr.com\/wp-content\/uploads\/2026\/02\/Ctube-Y-Type-PPR-Pipe-Fitting-3-Way-Branch-Tube-Joint-18x12.jpg 18w, https:\/\/www.ctube-gr.com\/wp-content\/uploads\/2026\/02\/Ctube-Y-Type-PPR-Pipe-Fitting-3-Way-Branch-Tube-Joint-600x420.jpg 600w\" sizes=\"(max-width: 800px) 100vw, 800px\" \/><\/p>\n<p data-imt-p=\"1\"><b>D\u00e9viation \u00e0 faible r\u00e9sistance\u00a0:<\/b><span style=\"font-weight: 400;\"> Le <\/span><b>Forme en Y \u00e0 45 degr\u00e9s<\/b><span style=\"font-weight: 400;\"> Cette structure minimise consid\u00e9rablement la r\u00e9sistance \u00e0 l&#039;\u00e9coulement et les effets de coup de b\u00e9lier par rapport aux t\u00e9s standard \u00e0 90 degr\u00e9s.<\/span><span id=\"1\" class=\"notranslate immersive-translate-target-wrapper\" lang=\"zh-CN\" translate=\"no\" data-immersive-translate-loading-id=\"\">\u00a0 <\/span><\/p>\n<p><b>Construction \u00e0 pleine puissance :<\/b><span style=\"font-weight: 400;\"> Con\u00e7u avec un <\/span><b>diam\u00e8tre int\u00e9rieur non constrictif<\/b><span style=\"font-weight: 400;\"> pour assurer une pression d&#039;eau constante sur l&#039;ensemble du r\u00e9seau.<\/span><\/p>\n<p><b>Avantage pour l&#039;utilisateur\u00a0:<\/b><span style=\"font-weight: 400;\"> Id\u00e9al pour les syst\u00e8mes de drainage \u00e0 d\u00e9bit \u00e9lev\u00e9 ou les r\u00e9seaux complexes de distribution d&#039;eau o\u00f9 le maintien d&#039;une vitesse \u00e9lev\u00e9e et d&#039;un faible niveau sonore est essentiel.<\/span><\/p>","protected":false},"excerpt":{"rendered":"<p><strong>Certification de qualit\u00e9:<\/strong><\/p>\n<p>\u2014 Se conformer aux normes NSF, DVGW, WRAS, CE et ISO pour les syst\u00e8mes de plomberie<\/p>\n<p>\u2014 Fabriqu\u00e9 conform\u00e9ment aux normes internationales de s\u00e9curit\u00e9 relatives \u00e0 l&#039;eau potable<\/p>\n<div id=\"gtx-trans\" style=\"position: absolute; left: 82px; top: 39px;\">\n<div class=\"gtx-trans-icon\"><\/div>\n<\/div>","protected":false},"featured_media":13340,"comment_status":"closed","ping_status":"closed","template":"","meta":{"_sitemap_exclude":false,"_sitemap_priority":"","_sitemap_frequency":"","_joinchat":[]},"product_brand":[],"product_cat":[326,333],"product_tag":[345,338],"class_list":{"0":"post-13339","1":"product","2":"type-product","3":"status-publish","4":"has-post-thumbnail","6":"product_cat-ppr-pipe-fittings-series","7":"product_cat-ppr-pipe-fittings-range","8":"product_tag-ppe-water-pipe","9":"product_tag-ppr-pipe","11":"first","12":"instock","13":"shipping-taxable","14":"product-type-simple"},"_links":{"self":[{"href":"https:\/\/www.ctube-gr.com\/fr\/wp-json\/wp\/v2\/product\/13339","targetHints":{"allow":["GET"]}}],"collection":[{"href":"https:\/\/www.ctube-gr.com\/fr\/wp-json\/wp\/v2\/product"}],"about":[{"href":"https:\/\/www.ctube-gr.com\/fr\/wp-json\/wp\/v2\/types\/product"}],"replies":[{"embeddable":true,"href":"https:\/\/www.ctube-gr.com\/fr\/wp-json\/wp\/v2\/comments?post=13339"}],"version-history":[{"count":0,"href":"https:\/\/www.ctube-gr.com\/fr\/wp-json\/wp\/v2\/product\/13339\/revisions"}],"wp:featuredmedia":[{"embeddable":true,"href":"https:\/\/www.ctube-gr.com\/fr\/wp-json\/wp\/v2\/media\/13340"}],"wp:attachment":[{"href":"https:\/\/www.ctube-gr.com\/fr\/wp-json\/wp\/v2\/media?parent=13339"}],"wp:term":[{"taxonomy":"product_brand","embeddable":true,"href":"https:\/\/www.ctube-gr.com\/fr\/wp-json\/wp\/v2\/product_brand?post=13339"},{"taxonomy":"product_cat","embeddable":true,"href":"https:\/\/www.ctube-gr.com\/fr\/wp-json\/wp\/v2\/product_cat?post=13339"},{"taxonomy":"product_tag","embeddable":true,"href":"https:\/\/www.ctube-gr.com\/fr\/wp-json\/wp\/v2\/product_tag?post=13339"}],"curies":[{"name":"wp","href":"https:\/\/api.w.org\/{rel}","templated":true}]}}