{"id":13352,"date":"2026-02-06T06:38:05","date_gmt":"2026-02-06T06:38:05","guid":{"rendered":"https:\/\/www.ctube-gr.com\/?post_type=product&#038;p=13352"},"modified":"2026-02-11T05:37:04","modified_gmt":"2026-02-11T05:37:04","slug":"coude-de-raccordement-de-tuyau-ppr-en-c-a-90-degres","status":"publish","type":"product","link":"https:\/\/www.ctube-gr.com\/fr\/ctube-ppr-pipe-fitting-elbow-90-degree-connector","title":{"rendered":"Raccord coud\u00e9 \u00e0 90 degr\u00e9s pour tuyauterie PPR Ctube"},"content":{"rendered":"<p><img fetchpriority=\"high\" decoding=\"async\" class=\"alignnone size-full wp-image-13555\" src=\"https:\/\/www.ctube-gr.com\/wp-content\/uploads\/2026\/02\/Ctube-PPR-Pipe-Connector-Fitting-Elbow-45-and-90-Degree.jpg\" alt=\"Raccord coud\u00e9 \u00e0 45\u00b0 et 90\u00b0 pour tuyau PPR Ctube\" width=\"800\" height=\"560\" srcset=\"https:\/\/www.ctube-gr.com\/wp-content\/uploads\/2026\/02\/Ctube-PPR-Pipe-Connector-Fitting-Elbow-45-and-90-Degree.jpg 800w, https:\/\/www.ctube-gr.com\/wp-content\/uploads\/2026\/02\/Ctube-PPR-Pipe-Connector-Fitting-Elbow-45-and-90-Degree-300x210.jpg 300w, https:\/\/www.ctube-gr.com\/wp-content\/uploads\/2026\/02\/Ctube-PPR-Pipe-Connector-Fitting-Elbow-45-and-90-Degree-768x538.jpg 768w, https:\/\/www.ctube-gr.com\/wp-content\/uploads\/2026\/02\/Ctube-PPR-Pipe-Connector-Fitting-Elbow-45-and-90-Degree-18x12.jpg 18w, https:\/\/www.ctube-gr.com\/wp-content\/uploads\/2026\/02\/Ctube-PPR-Pipe-Connector-Fitting-Elbow-45-and-90-Degree-600x420.jpg 600w\" sizes=\"(max-width: 800px) 100vw, 800px\" \/><\/p>\n<p><b>Excellence en ing\u00e9nierie :<\/b><span style=\"font-weight: 400;\"> Comporte un mat\u00e9riau de haute qualit\u00e9, sans nickel. <\/span><b>Insert en laiton CW617N<\/b><span style=\"font-weight: 400;\"> Conforme aux normes europ\u00e9ennes en mati\u00e8re d&#039;eau potable pour une s\u00e9curit\u00e9 maximale. (Mod\u00e8les homme et femme)<\/span><\/p>\n<p><b>Conception \u00e9tanche :<\/b><span style=\"font-weight: 400;\"> L&#039;innovant <\/span><b>engrenage antid\u00e9rapant et rainure en queue d&#039;aronde<\/b><span style=\"font-weight: 400;\"> La structure assure une liaison sans joint et \u00e0 haute pression entre le corps en PPR et l&#039;insert m\u00e9tallique.<\/span><\/p>\n<p><b>Avantage pour l&#039;utilisateur\u00a0:<\/b><span style=\"font-weight: 400;\"> Id\u00e9al pour raccorder les robinets muraux et les pommeaux de douche, fournissant un point de distribution d&#039;eau \u00e9tanche et sans m\u00e9taux lourds 100%.<\/span><\/p>","protected":false},"excerpt":{"rendered":"<p><strong>Certification de qualit\u00e9:<\/strong><\/p>\n<p>\u2014 Se conformer aux normes NSF, DVGW, WRAS, CE et ISO pour les syst\u00e8mes de plomberie<\/p>\n<p>\u2014 Fabriqu\u00e9 conform\u00e9ment aux normes internationales de s\u00e9curit\u00e9 relatives \u00e0 l&#039;eau potable<\/p>\n<div id=\"gtx-trans\" style=\"position: absolute; left: 64px; top: 39px;\">\n<div class=\"gtx-trans-icon\"><\/div>\n<\/div>","protected":false},"featured_media":13355,"comment_status":"closed","ping_status":"closed","template":"","meta":{"_sitemap_exclude":false,"_sitemap_priority":"","_sitemap_frequency":"","_monsterinsights_skip_tracking":false,"_monsterinsights_sitenote_active":false,"_monsterinsights_sitenote_note":"","_monsterinsights_sitenote_category":0,"_joinchat":[]},"product_brand":[],"product_cat":[326,333],"product_tag":[338,339],"class_list":{"0":"post-13352","1":"product","2":"type-product","3":"status-publish","4":"has-post-thumbnail","6":"product_cat-ppr-pipe-fittings-series","7":"product_cat-ppr-pipe-fittings-range","8":"product_tag-ppr-pipe","9":"product_tag-ppr-water-pipe","11":"first","12":"instock","13":"shipping-taxable","14":"product-type-simple"},"_links":{"self":[{"href":"https:\/\/www.ctube-gr.com\/fr\/wp-json\/wp\/v2\/product\/13352","targetHints":{"allow":["GET"]}}],"collection":[{"href":"https:\/\/www.ctube-gr.com\/fr\/wp-json\/wp\/v2\/product"}],"about":[{"href":"https:\/\/www.ctube-gr.com\/fr\/wp-json\/wp\/v2\/types\/product"}],"replies":[{"embeddable":true,"href":"https:\/\/www.ctube-gr.com\/fr\/wp-json\/wp\/v2\/comments?post=13352"}],"version-history":[{"count":0,"href":"https:\/\/www.ctube-gr.com\/fr\/wp-json\/wp\/v2\/product\/13352\/revisions"}],"wp:featuredmedia":[{"embeddable":true,"href":"https:\/\/www.ctube-gr.com\/fr\/wp-json\/wp\/v2\/media\/13355"}],"wp:attachment":[{"href":"https:\/\/www.ctube-gr.com\/fr\/wp-json\/wp\/v2\/media?parent=13352"}],"wp:term":[{"taxonomy":"product_brand","embeddable":true,"href":"https:\/\/www.ctube-gr.com\/fr\/wp-json\/wp\/v2\/product_brand?post=13352"},{"taxonomy":"product_cat","embeddable":true,"href":"https:\/\/www.ctube-gr.com\/fr\/wp-json\/wp\/v2\/product_cat?post=13352"},{"taxonomy":"product_tag","embeddable":true,"href":"https:\/\/www.ctube-gr.com\/fr\/wp-json\/wp\/v2\/product_tag?post=13352"}],"curies":[{"name":"wp","href":"https:\/\/api.w.org\/{rel}","templated":true}]}}