{"id":13369,"date":"2026-02-06T07:18:01","date_gmt":"2026-02-06T07:18:01","guid":{"rendered":"https:\/\/www.ctube-gr.com\/?post_type=product&#038;p=13369"},"modified":"2026-03-21T07:59:39","modified_gmt":"2026-03-21T07:59:39","slug":"groupe-de-fixation-murale-pour-tuyau-ppr-ctube-connecteur-double-femelle","status":"publish","type":"product","link":"https:\/\/www.ctube-gr.com\/fr\/ctube-ppr-pipe-wall-mount-group-double-female-connector","title":{"rendered":"Connecteur double femelle pour montage mural de tuyau PPR Ctube"},"content":{"rendered":"<p><b>Performances \u00e0 toute \u00e9preuve\u00a0:<\/b><span style=\"font-weight: 400;\"> Comporte deux alignements de pr\u00e9cision <\/span><b>coudes f\u00e9minins en laiton<\/b><span style=\"font-weight: 400;\"> sur un support rigide pour un espacement standard constant.<\/span><\/p>\n<p><b>Durabilit\u00e9 \u00e0 long terme :<\/b><span style=\"font-weight: 400;\"> Con\u00e7u avec du PPR haute r\u00e9sistance et <\/span><b>laiton r\u00e9sistant \u00e0 la corrosion<\/b><span style=\"font-weight: 400;\">, assurant ainsi une \u00e9tanch\u00e9it\u00e9 parfaite pour une utilisation prolong\u00e9e sous la douche.<\/span><\/p>\n<p><b>Avantage pour l&#039;utilisateur\u00a0:<\/b><span style=\"font-weight: 400;\"> Simplifie l&#039;installation en assurant <\/span><b>nivellement et alignement pr\u00e9cis<\/b><span style=\"font-weight: 400;\"> pour les mitigeurs de douche, afin d&#039;\u00e9viter les erreurs de montage.<\/span><\/p>","protected":false},"excerpt":{"rendered":"<p><strong>Certification de qualit\u00e9:<\/strong><\/p>\n<p>\u2014 Se conformer aux normes NSF, DVGW, WRAS, CE et ISO pour les syst\u00e8mes de plomberie<\/p>\n<p>\u2014 Fabriqu\u00e9 conform\u00e9ment aux normes internationales de s\u00e9curit\u00e9 relatives \u00e0 l&#039;eau potable<\/p>\n<div id=\"gtx-trans\" style=\"position: absolute; left: 85px; top: -11px;\">\n<div class=\"gtx-trans-icon\"><\/div>\n<\/div>","protected":false},"featured_media":13370,"comment_status":"open","ping_status":"closed","template":"","meta":{"_sitemap_exclude":false,"_sitemap_priority":"","_sitemap_frequency":"","_monsterinsights_skip_tracking":false,"_monsterinsights_sitenote_active":false,"_monsterinsights_sitenote_note":"","_monsterinsights_sitenote_category":0,"_joinchat":[]},"product_brand":[],"product_cat":[326,333],"product_tag":[338,339],"class_list":{"0":"post-13369","1":"product","2":"type-product","3":"status-publish","4":"has-post-thumbnail","6":"product_cat-ppr-pipe-fittings-series","7":"product_cat-ppr-pipe-fittings-range","8":"product_tag-ppr-pipe","9":"product_tag-ppr-water-pipe","11":"first","12":"instock","13":"shipping-taxable","14":"product-type-simple"},"_links":{"self":[{"href":"https:\/\/www.ctube-gr.com\/fr\/wp-json\/wp\/v2\/product\/13369","targetHints":{"allow":["GET"]}}],"collection":[{"href":"https:\/\/www.ctube-gr.com\/fr\/wp-json\/wp\/v2\/product"}],"about":[{"href":"https:\/\/www.ctube-gr.com\/fr\/wp-json\/wp\/v2\/types\/product"}],"replies":[{"embeddable":true,"href":"https:\/\/www.ctube-gr.com\/fr\/wp-json\/wp\/v2\/comments?post=13369"}],"version-history":[{"count":0,"href":"https:\/\/www.ctube-gr.com\/fr\/wp-json\/wp\/v2\/product\/13369\/revisions"}],"wp:featuredmedia":[{"embeddable":true,"href":"https:\/\/www.ctube-gr.com\/fr\/wp-json\/wp\/v2\/media\/13370"}],"wp:attachment":[{"href":"https:\/\/www.ctube-gr.com\/fr\/wp-json\/wp\/v2\/media?parent=13369"}],"wp:term":[{"taxonomy":"product_brand","embeddable":true,"href":"https:\/\/www.ctube-gr.com\/fr\/wp-json\/wp\/v2\/product_brand?post=13369"},{"taxonomy":"product_cat","embeddable":true,"href":"https:\/\/www.ctube-gr.com\/fr\/wp-json\/wp\/v2\/product_cat?post=13369"},{"taxonomy":"product_tag","embeddable":true,"href":"https:\/\/www.ctube-gr.com\/fr\/wp-json\/wp\/v2\/product_tag?post=13369"}],"curies":[{"name":"wp","href":"https:\/\/api.w.org\/{rel}","templated":true}]}}