{"id":1638,"date":"2024-03-14T05:03:18","date_gmt":"2024-03-14T05:03:18","guid":{"rendered":"https:\/\/ctube-gr.com\/?post_type=product&#038;p=1638"},"modified":"2024-06-27T03:35:31","modified_gmt":"2024-06-27T03:35:31","slug":"boite-adaptable-noire-ctube-boites-de-jonction-electriques-exterieures-etanches-en-pvc-noir","status":"publish","type":"product","link":"https:\/\/www.ctube-gr.com\/fr\/ctube-black-adaptable-box-waterproof-outdoor-pvc-electrical-junction-boxes-black","title":{"rendered":"Bo\u00eetes de jonction \u00e9lectriques ext\u00e9rieures en PVC \u00e9tanches et adaptables Ctube Black Box - Noir"},"content":{"rendered":"<div data-elementor-type=\"product-post\" data-elementor-id=\"1638\" class=\"elementor elementor-1638\" data-elementor-post-type=\"product\">\n\t\t\t\t<div class=\"elementor-element elementor-element-ffaf4d1 e-flex e-con-boxed e-con e-parent\" data-id=\"ffaf4d1\" data-element_type=\"container\" data-e-type=\"container\" data-settings=\"{&quot;ekit_has_onepagescroll_dot&quot;:&quot;yes&quot;}\">\n\t\t\t\t\t<div class=\"e-con-inner\">\n\t\t\t\t<div class=\"elementor-element elementor-element-01895a9 elementor-widget elementor-widget-text-editor\" data-id=\"01895a9\" data-element_type=\"widget\" data-e-type=\"widget\" data-settings=\"{&quot;ekit_we_effect_on&quot;:&quot;none&quot;}\" data-widget_type=\"text-editor.default\">\n\t\t\t\t\t\t\t\t\t<p>Conduits et raccords \u00e9lectriques de la s\u00e9rie Ctube AS con\u00e7us selon la norme australienne et l&#039;objectif est de fournir \u00e0 nos clients une exp\u00e9rience extr\u00eamement respectueuse de l&#039;environnement.<\/p><p>Pour la protection de l&#039;environnement, nous pensons que nous devons commencer par les mati\u00e8res premi\u00e8res. Depuis la cr\u00e9ation de Ctube, nous avons insist\u00e9 sur le fait que 100% utilise des mati\u00e8res premi\u00e8res neuves de haute qualit\u00e9 pour nos produits au lieu de mat\u00e9riaux recycl\u00e9s. Nous refusons d&#039;utiliser des mat\u00e9riaux recycl\u00e9s pour fabriquer des produits.<\/p><p>Dans le processus de production, nous contr\u00f4lons strictement la qualit\u00e9, r\u00e9duisons les pertes de production en augmentant le rendement du premier passage (FPY). Nous ne livrons que les meilleurs produits \u00e0 nos clients.<\/p><p>Notre gamme de produits a \u00e9t\u00e9 mise \u00e0 niveau vers une classification au feu V0 et s&#039;\u00e9teint d&#039;elle-m\u00eame dans les 5 secondes apr\u00e8s la coupure de la source d&#039;incendie. Et nos conduits et raccords AS ont \u00e9galement d&#039;excellentes performances physiques, la r\u00e9sistance \u00e0 la compression et aux chocs est \u00e9galement la meilleure du secteur. Cela am\u00e9liore consid\u00e9rablement la s\u00e9curit\u00e9 et la durabilit\u00e9, nous pensons que nos clients peuvent en b\u00e9n\u00e9ficier.<\/p><p>Que vous soyez un d\u00e9corateur d&#039;int\u00e9rieur ou industriel, nous avons une gamme de produits correspondante. Car Ctube se concentrera toujours sur le domaine des conduits \u00e9lectriques en PVC au cours des 20 prochaines ann\u00e9es, et nous continuerons \u00e0 mettre \u00e0 niveau et \u00e0 optimiser nos produits.<\/p><p><strong>Caract\u00e9ristiques<\/strong><\/p><ul class=\"list-paddingleft-2\"><li><p><strong>NORME AUSTRALIENNE.\u00a0<\/strong>Homologu\u00e9 AS\/NZS 2053, non toxique et sans odeur. Conforme aux exigences de protection de l&#039;environnement de l&#039;UE.<\/p><\/li><li><p><strong>HAUTE QUALIT\u00c9.\u00a0<\/strong>100% fabriqu\u00e9 \u00e0 partir de mat\u00e9riaux neufs avec 99,8% FPY \/ an de test interne.<\/p><\/li><li><p><strong>CLASSEMENT AU FEU \u00c9LEV\u00c9.\u00a0<\/strong>Notre bo\u00eetier \u00e9lectrique adaptable a un indice de r\u00e9sistance au feu V0 qui est sup\u00e9rieur \u00e0 la plupart de nos concurrents, il s&#039;\u00e9teindra automatiquement en 5 secondes apr\u00e8s la coupure de la source d&#039;incendie.<\/p><\/li><li><p><strong>R\u00c9SISTANCE AUX UV.\u00a0<\/strong>Bo\u00eetes de d\u00e9rivation extr\u00eamement r\u00e9sistantes aux UV et antid\u00e9flagrantes. Elles conviennent parfaitement aux projets ext\u00e9rieurs.<\/p><\/li><li><p><strong>EXCELLENTES PROPRI\u00c9T\u00c9S PHYSIQUES.<\/strong>\u00a0\u00a0Fonctionne bien de -40\u2103 \u00e0 +110\u2103 et protection maximale de vos c\u00e2bles \u00e0 l&#039;int\u00e9rieur.<\/p><\/li><\/ul><p><strong>Application<\/strong><\/p><p>Les bo\u00eetiers adaptables Ctube 85-300 mm sont utilis\u00e9s pour enfermer des jonctions, \u00e9tendre des circuits et terminer des longueurs de c\u00e2bles avec et sans d\u00e9foncements.\u00a0<\/p><p><strong>Capacit\u00e9 de fabrication<\/strong><\/p><p>\u2013 Capacit\u00e9 de production : 20 000 unit\u00e9s par semaine<\/p><p>\u2013 M\u00e9thodes d\u2019emballage : sacs en plastique et films PE<\/p><p>\u00a0<\/p><p><strong>Tableau des tailles<\/strong><\/p><div class=\"table\"><table cellspacing=\"0\" cellpadding=\"0\"><colgroup><col span=\"4\" width=\"118\" \/><\/colgroup><tbody><tr class=\"ue-table-interlace-color-single\"><td width=\"119\" height=\"33\">Code produit<\/td><td width=\"119\">Taille (L x l x H)<\/td><td width=\"133\">Emballage int\u00e9rieur<\/td><td width=\"186\">Emballage ext\u00e9rieur<\/td><\/tr><tr class=\"ue-table-interlace-color-double\"><td colspan=\"1\" rowspan=\"1\">CT-ASPJB8562<\/td><td colspan=\"1\" rowspan=\"1\">85x85x62mm<\/td><td colspan=\"1\" rowspan=\"1\">1 unit\u00e9\/bo\u00eete<\/td><td colspan=\"1\" rowspan=\"1\">96 bo\u00eetes\/carton<\/td><\/tr><tr class=\"ue-table-interlace-color-single\"><td height=\"18\">CT-ASPJB10850<\/td><td width=\"119\">108x108x50mm<\/td><td width=\"131\">1 unit\u00e9\/bo\u00eete<\/td><td width=\"186\">63 bo\u00eetes\/carton<\/td><\/tr><tr class=\"ue-table-interlace-color-double\"><td colspan=\"1\" rowspan=\"1\">CT-ASPJB10876<\/td><td colspan=\"1\" rowspan=\"1\"><p>108x108x76mm<\/p><\/td><td colspan=\"1\" rowspan=\"1\">1 unit\u00e9\/bo\u00eete<\/td><td colspan=\"1\" rowspan=\"1\">45 bo\u00eetes\/carton<\/td><\/tr><tr class=\"ue-table-interlace-color-single\"><td colspan=\"1\" rowspan=\"1\">CT-ASPJB16381<\/td><td colspan=\"1\" rowspan=\"1\">163x108x81mm<\/td><td colspan=\"1\" rowspan=\"1\">1 unit\u00e9\/bo\u00eete<\/td><td colspan=\"1\" rowspan=\"1\">42 bo\u00eetes\/carton<\/td><\/tr><tr class=\"ue-table-interlace-color-double\"><td colspan=\"1\" rowspan=\"1\">CT-ASPJB21181<\/td><td colspan=\"1\" rowspan=\"1\">211x108x81mm<\/td><td colspan=\"1\" rowspan=\"1\">1 unit\u00e9\/bo\u00eete<\/td><td colspan=\"1\" rowspan=\"1\">18 bo\u00eetes\/carton<\/td><\/tr><tr class=\"ue-table-interlace-color-single\"><td colspan=\"1\" rowspan=\"1\">CT-ASPJB300152<\/td><td colspan=\"1\" rowspan=\"1\">300x200x152mm<\/td><td colspan=\"1\" rowspan=\"1\">1 unit\u00e9\/bo\u00eete<\/td><td colspan=\"1\" rowspan=\"1\">4 bo\u00eetes\/carton<\/td><\/tr><tr class=\"ue-table-interlace-color-double\"><td colspan=\"1\" rowspan=\"1\">CT-ASPJB300200<\/td><td colspan=\"1\" rowspan=\"1\">300x200x200mm<\/td><td colspan=\"1\" rowspan=\"1\">1 unit\u00e9\/bo\u00eete<\/td><td colspan=\"1\" rowspan=\"1\">4 bo\u00eetes\/carton<\/td><\/tr><\/tbody><\/table><\/div>\t\t\t\t\t\t\t\t<\/div>\n\t\t\t\t\t<\/div>\n\t\t\t\t<\/div>\n\t\t\t\t<\/div>","protected":false},"excerpt":{"rendered":"<p>Certification de qualit\u00e9:<br \/>\n\u2013 Approuv\u00e9 AS\/NZS 2053.<br \/>\n\u2013 Certifi\u00e9 IEC61386, ISO, ASTM, UL94<\/p>","protected":false},"featured_media":1640,"comment_status":"closed","ping_status":"closed","template":"","meta":{"_sitemap_exclude":false,"_sitemap_priority":"","_sitemap_frequency":"","_joinchat":[]},"product_brand":[],"product_cat":[53,40,36],"product_tag":[212,213,214,215],"class_list":{"0":"post-1638","1":"product","2":"type-product","3":"status-publish","4":"has-post-thumbnail","6":"product_cat-adaptable-box-for-sale","7":"product_cat-as-nzs-listed-pvc-conduit-pipe-series","8":"product_cat-international-certifications-products","9":"product_tag-black-adaptable-box","10":"product_tag-black-electrical-box","11":"product_tag-black-junction-box","12":"product_tag-pvc-adapable-box","14":"first","15":"instock","16":"shipping-taxable","17":"product-type-simple"},"_links":{"self":[{"href":"https:\/\/www.ctube-gr.com\/fr\/wp-json\/wp\/v2\/product\/1638","targetHints":{"allow":["GET"]}}],"collection":[{"href":"https:\/\/www.ctube-gr.com\/fr\/wp-json\/wp\/v2\/product"}],"about":[{"href":"https:\/\/www.ctube-gr.com\/fr\/wp-json\/wp\/v2\/types\/product"}],"replies":[{"embeddable":true,"href":"https:\/\/www.ctube-gr.com\/fr\/wp-json\/wp\/v2\/comments?post=1638"}],"version-history":[{"count":0,"href":"https:\/\/www.ctube-gr.com\/fr\/wp-json\/wp\/v2\/product\/1638\/revisions"}],"wp:featuredmedia":[{"embeddable":true,"href":"https:\/\/www.ctube-gr.com\/fr\/wp-json\/wp\/v2\/media\/1640"}],"wp:attachment":[{"href":"https:\/\/www.ctube-gr.com\/fr\/wp-json\/wp\/v2\/media?parent=1638"}],"wp:term":[{"taxonomy":"product_brand","embeddable":true,"href":"https:\/\/www.ctube-gr.com\/fr\/wp-json\/wp\/v2\/product_brand?post=1638"},{"taxonomy":"product_cat","embeddable":true,"href":"https:\/\/www.ctube-gr.com\/fr\/wp-json\/wp\/v2\/product_cat?post=1638"},{"taxonomy":"product_tag","embeddable":true,"href":"https:\/\/www.ctube-gr.com\/fr\/wp-json\/wp\/v2\/product_tag?post=1638"}],"curies":[{"name":"wp","href":"https:\/\/api.w.org\/{rel}","templated":true}]}}