{"id":1666,"date":"2024-03-14T05:54:55","date_gmt":"2024-03-14T05:54:55","guid":{"rendered":"https:\/\/ctube-gr.com\/?post_type=product&#038;p=1666"},"modified":"2024-04-27T09:19:19","modified_gmt":"2024-04-27T09:19:19","slug":"tube-flexible-ondule-de-resistance-moyenne-ctube-blanc","status":"publish","type":"product","link":"https:\/\/www.ctube-gr.com\/fr\/ctube-medium-duty-corrugated-flexible-conduit-pipe-white","title":{"rendered":"Tube flexible ondul\u00e9 de r\u00e9sistance moyenne Ctube blanc"},"content":{"rendered":"<div data-elementor-type=\"product-post\" data-elementor-id=\"1666\" class=\"elementor elementor-1666\" data-elementor-post-type=\"product\">\n\t\t\t\t<div class=\"elementor-element elementor-element-72612ac e-flex e-con-boxed e-con e-parent\" data-id=\"72612ac\" data-element_type=\"container\" data-e-type=\"container\" data-settings=\"{&quot;ekit_has_onepagescroll_dot&quot;:&quot;yes&quot;}\">\n\t\t\t\t\t<div class=\"e-con-inner\">\n\t\t\t\t<div class=\"elementor-element elementor-element-6c319f8 elementor-widget elementor-widget-text-editor\" data-id=\"6c319f8\" data-element_type=\"widget\" data-e-type=\"widget\" data-settings=\"{&quot;ekit_we_effect_on&quot;:&quot;none&quot;}\" data-widget_type=\"text-editor.default\">\n\t\t\t\t\t\t\t\t\t<p>Conduits et raccords \u00e9lectriques de la s\u00e9rie Ctube AS con\u00e7us selon la norme australienne et l&#039;objectif est de fournir \u00e0 nos clients une exp\u00e9rience extr\u00eamement respectueuse de l&#039;environnement.<\/p><p>Pour la protection de l&#039;environnement, nous pensons que nous devons commencer par les mati\u00e8res premi\u00e8res. Depuis la cr\u00e9ation de Ctube, nous avons insist\u00e9 sur le fait que 100% utilise des mati\u00e8res premi\u00e8res neuves de haute qualit\u00e9 pour nos produits au lieu de mat\u00e9riaux recycl\u00e9s. Nous refusons d&#039;utiliser des mat\u00e9riaux recycl\u00e9s pour fabriquer des produits.<\/p><p>Dans le processus de production, nous contr\u00f4lons strictement la qualit\u00e9, r\u00e9duisons les pertes de production en augmentant le rendement du premier passage (FPY). Nous ne livrons que les meilleurs produits \u00e0 nos clients.<\/p><p>Notre gamme de produits a \u00e9t\u00e9 mise \u00e0 niveau vers une classification au feu V0 et s&#039;\u00e9teint d&#039;elle-m\u00eame dans les 5 secondes apr\u00e8s la coupure de la source d&#039;incendie. Et nos conduits et raccords AS ont \u00e9galement d&#039;excellentes performances physiques, la r\u00e9sistance \u00e0 la compression et aux chocs est \u00e9galement la meilleure du secteur. Cela am\u00e9liore consid\u00e9rablement la s\u00e9curit\u00e9 et la durabilit\u00e9, nous pensons que nos clients peuvent en b\u00e9n\u00e9ficier.<\/p><p>Que vous soyez un d\u00e9corateur d&#039;int\u00e9rieur ou industriel, nous avons une gamme de produits correspondante. Car Ctube se concentrera toujours sur le domaine des conduits \u00e9lectriques en PVC au cours des 20 prochaines ann\u00e9es, et nous continuerons \u00e0 mettre \u00e0 niveau et \u00e0 optimiser nos produits.<\/p><p><strong>Caract\u00e9ristiques<\/strong><\/p><p>NORME AUSTRALIENNE. Homologu\u00e9 AS\/NZS 2053, non toxique et sans odeur. Conforme aux exigences de protection de l&#039;environnement de l&#039;UE.<\/p><p>HAUTE QUALIT\u00c9. 100% fabriqu\u00e9 \u00e0 partir de mat\u00e9riaux neufs avec 99,8% FPY \/ an de test interne.<\/p><p>CLASSEMENT AU FEU \u00c9LEV\u00c9. Notre bo\u00eetier \u00e9lectrique adaptable a un classement au feu V0 qui est sup\u00e9rieur \u00e0 la plupart de nos concurrents, il s&#039;\u00e9teindra automatiquement en 5 secondes apr\u00e8s la coupure de la source d&#039;incendie.<\/p><p>R\u00c9SISTANCE AUX UV. Conduit ondul\u00e9 extr\u00eamement r\u00e9sistant aux UV et antid\u00e9flagrant. Il est parfait pour les projets ext\u00e9rieurs.<\/p><p>EXCELLENTES PROPRI\u00c9T\u00c9S PHYSIQUES. Fonctionne bien de -40\u2103 \u00e0 +110\u2103 et protection maximale de vos c\u00e2bles \u00e0 l&#039;int\u00e9rieur.<\/p><p><strong>Application<\/strong><\/p><p>Les conduits \u00e9lectriques flexibles ondul\u00e9s Ctube de moyenne et haute r\u00e9sistance sont g\u00e9n\u00e9ralement utilis\u00e9s pour envelopper les fils, contribuant ainsi \u00e0 r\u00e9duire les risques de dangers \u00e9lectriques, tels que l&#039;\u00e9lectrocution. Le conduit \u00e9lectrique ondul\u00e9 est un \u00e9l\u00e9ment de base utilis\u00e9 par les \u00e9lectriciens et autres entrepreneurs pour une protection \u00e9conomique des c\u00e2bles. Con\u00e7u pour prot\u00e9ger et acheminer le c\u00e2blage \u00e9lectrique. Il poss\u00e8de d&#039;excellentes propri\u00e9t\u00e9s isolantes, ce qui le rend id\u00e9al pour prot\u00e9ger le c\u00e2blage \u00e9lectrique. Sa construction solide, sa r\u00e9sistance chimique et son caract\u00e8re ignifuge offrent une protection dans les environnements difficiles.<\/p><p>Capacit\u00e9 de fabrication<\/p><p>\u2013 Capacit\u00e9 de production : 10 000 rouleaux par semaine<\/p><p>\u2013 M\u00e9thodes d\u2019emballage : sacs en plastique et films PE<\/p>\t\t\t\t\t\t\t\t<\/div>\n\t\t\t\t<div class=\"elementor-element elementor-element-3f23808 elementor-widget elementor-widget-text-editor\" data-id=\"3f23808\" data-element_type=\"widget\" data-e-type=\"widget\" data-settings=\"{&quot;ekit_we_effect_on&quot;:&quot;none&quot;}\" data-widget_type=\"text-editor.default\">\n\t\t\t\t\t\t\t\t\t<p><strong><b>Tableau des tailles<\/b><\/strong><\/p><table><tbody><tr><td width=\"148\"><p>Code produit<\/p><\/td><td width=\"142\"><p>Taille nominale<\/p><\/td><td width=\"142\"><p>Longueur<\/p><\/td><td width=\"158\"><p>Poids<\/p><\/td><\/tr><tr><td><p>CT-HDCCOR2010<\/p><\/td><td width=\"142\"><p>20 mm<\/p><\/td><td width=\"142\"><p>10 m<\/p><\/td><td width=\"158\"><p>100 g\/m\u00b2<\/p><\/td><\/tr><tr><td><p>CT-HDCCOR2025<\/p><\/td><td><p>20 mm<\/p><\/td><td><p>25 m<\/p><\/td><td><p>100 g\/m\u00b2<\/p><\/td><\/tr><tr><td><p>CT-HDCCOR2050<\/p><\/td><td><p>20 mm<\/p><\/td><td><p>50 m<\/p><\/td><td><p>100 g\/m\u00b2<\/p><\/td><\/tr><tr><td><p>CT-HDCCOR2510<\/p><\/td><td><p>25 mm<\/p><\/td><td><p>10 m<\/p><\/td><td><p>150 g\/m\u00b2<\/p><\/td><\/tr><tr><td><p>CT-HDCCOR2525<\/p><\/td><td><p>25 mm<\/p><\/td><td><p>25 m<\/p><\/td><td><p>150 g\/m\u00b2<\/p><\/td><\/tr><tr><td><p>CT-HDCCOR2550<\/p><\/td><td><p>25 mm<\/p><\/td><td><p>50 m<\/p><\/td><td><p>150 g\/m\u00b2<\/p><\/td><\/tr><tr><td><p>CT-HDCCOR3210<\/p><\/td><td><p>32 mm<\/p><\/td><td><p>10 m<\/p><\/td><td><p>220 g\/m\u00b2<\/p><\/td><\/tr><tr><td><p>CT-HDCCOR3225<\/p><\/td><td><p>32 mm<\/p><\/td><td><p>25 m<\/p><\/td><td><p>220 g\/m\u00b2<\/p><\/td><\/tr><tr><td><p>CT-HDCCOR4010<\/p><\/td><td><p>40 mm<\/p><\/td><td><p>10 m<\/p><\/td><td><p>230 g\/m\u00b2<\/p><\/td><\/tr><tr><td><p>CT-HDCCOR4025<\/p><\/td><td><p>40 mm<\/p><\/td><td><p>25 m<\/p><\/td><td><p>230 g\/m\u00b2<\/p><\/td><\/tr><tr><td><p>CT-HDCCOR5010<\/p><\/td><td><p>50 mm<\/p><\/td><td><p>10 m<\/p><\/td><td><p>320 g\/m\u00b2<\/p><\/td><\/tr><tr><td><p>CT-HDCCOR5025<\/p><\/td><td><p>50 mm<\/p><\/td><td><p>25 m<\/p><\/td><td><p>320 g\/m\u00b2<\/p><\/td><\/tr><\/tbody><\/table><p><br \/><br \/><\/p>\t\t\t\t\t\t\t\t<\/div>\n\t\t\t\t\t<\/div>\n\t\t\t\t<\/div>\n\t\t\t\t<\/div>","protected":false},"excerpt":{"rendered":"<p>Certification de qualit\u00e9:<\/p>\n<p>\u2013 AS\/NZS 2053<\/p>\n<p>\u2013 RoHS, REACH, CE, SGS, ISO<\/p>","protected":false},"featured_media":1668,"comment_status":"closed","ping_status":"closed","template":"","meta":{"_sitemap_exclude":false,"_sitemap_priority":"","_sitemap_frequency":"","_joinchat":[]},"product_brand":[],"product_cat":[40,52,36,57],"product_tag":[],"class_list":{"0":"post-1666","1":"product","2":"type-product","3":"status-publish","4":"has-post-thumbnail","6":"product_cat-as-nzs-listed-pvc-conduit-pipe-series","7":"product_cat-corrugated-conduit-export","8":"product_cat-international-certifications-products","9":"product_cat-md-flexible-conduit-white","11":"first","12":"instock","13":"shipping-taxable","14":"product-type-simple"},"_links":{"self":[{"href":"https:\/\/www.ctube-gr.com\/fr\/wp-json\/wp\/v2\/product\/1666","targetHints":{"allow":["GET"]}}],"collection":[{"href":"https:\/\/www.ctube-gr.com\/fr\/wp-json\/wp\/v2\/product"}],"about":[{"href":"https:\/\/www.ctube-gr.com\/fr\/wp-json\/wp\/v2\/types\/product"}],"replies":[{"embeddable":true,"href":"https:\/\/www.ctube-gr.com\/fr\/wp-json\/wp\/v2\/comments?post=1666"}],"version-history":[{"count":0,"href":"https:\/\/www.ctube-gr.com\/fr\/wp-json\/wp\/v2\/product\/1666\/revisions"}],"wp:featuredmedia":[{"embeddable":true,"href":"https:\/\/www.ctube-gr.com\/fr\/wp-json\/wp\/v2\/media\/1668"}],"wp:attachment":[{"href":"https:\/\/www.ctube-gr.com\/fr\/wp-json\/wp\/v2\/media?parent=1666"}],"wp:term":[{"taxonomy":"product_brand","embeddable":true,"href":"https:\/\/www.ctube-gr.com\/fr\/wp-json\/wp\/v2\/product_brand?post=1666"},{"taxonomy":"product_cat","embeddable":true,"href":"https:\/\/www.ctube-gr.com\/fr\/wp-json\/wp\/v2\/product_cat?post=1666"},{"taxonomy":"product_tag","embeddable":true,"href":"https:\/\/www.ctube-gr.com\/fr\/wp-json\/wp\/v2\/product_tag?post=1666"}],"curies":[{"name":"wp","href":"https:\/\/api.w.org\/{rel}","templated":true}]}}