{"id":1687,"date":"2024-03-14T06:08:51","date_gmt":"2024-03-14T06:08:51","guid":{"rendered":"https:\/\/ctube-gr.com\/?post_type=product&#038;p=1687"},"modified":"2024-04-27T09:29:14","modified_gmt":"2024-04-27T09:29:14","slug":"tuyau-ondule-orange","status":"publish","type":"product","link":"https:\/\/www.ctube-gr.com\/fr\/orange-corrugated-conduit-pipe","title":{"rendered":"Gaine \u00e9lectrique ondul\u00e9e flexible tr\u00e8s r\u00e9sistante Ctube 16-50 mm x 10-50 m \u2013 Orange"},"content":{"rendered":"<div data-elementor-type=\"product-post\" data-elementor-id=\"1687\" class=\"elementor elementor-1687\" data-elementor-post-type=\"product\">\n\t\t\t\t<div class=\"elementor-element elementor-element-ce4a518 e-flex e-con-boxed e-con e-parent\" data-id=\"ce4a518\" data-element_type=\"container\" data-e-type=\"container\" data-settings=\"{&quot;ekit_has_onepagescroll_dot&quot;:&quot;yes&quot;}\">\n\t\t\t\t\t<div class=\"e-con-inner\">\n\t\t\t\t<div class=\"elementor-element elementor-element-05a3cce elementor-widget elementor-widget-text-editor\" data-id=\"05a3cce\" data-element_type=\"widget\" data-e-type=\"widget\" data-settings=\"{&quot;ekit_we_effect_on&quot;:&quot;none&quot;}\" data-widget_type=\"text-editor.default\">\n\t\t\t\t\t\t\t\t\t<table width=\"1418\"><tbody><tr class=\"ue-table-interlace-color-single\"><td valign=\"top\" width=\"328\">Marque:<\/td><td valign=\"top\" width=\"328\">Ctube<\/td><td valign=\"top\" width=\"328\">Fabricant d&#039;origine:<\/td><td valign=\"top\" width=\"328\">Disponible<\/td><\/tr><tr class=\"ue-table-interlace-color-double\"><td valign=\"top\" width=\"328\">Mat\u00e9riel:<\/td><td valign=\"top\" width=\"328\">PVC<\/td><td valign=\"top\" width=\"328\">Longueur:<\/td><td valign=\"top\" width=\"328\">Norme AU<\/td><\/tr><tr class=\"ue-table-interlace-color-single\"><td valign=\"top\" width=\"328\">\u00c9paisseur:<\/td><td valign=\"top\" width=\"328\">Norme AU<\/td><td valign=\"top\" width=\"328\">Plage de diam\u00e8tre ext\u00e9rieur :<\/td><td valign=\"top\" width=\"328\">16-50 mm<\/td><\/tr><tr class=\"ue-table-interlace-color-double\"><td valign=\"top\" width=\"328\">Certification:<\/td><td valign=\"top\" width=\"328\">Certifications : CE, RoHS, REACH, SGS, ISO<\/td><td valign=\"top\" width=\"328\">Couleur:<\/td><td valign=\"top\" width=\"328\">Orange<\/td><\/tr><tr class=\"ue-table-interlace-color-single\"><td valign=\"top\" width=\"328\">R\u00e9sistance au feu :<\/td><td valign=\"top\" width=\"328\">V0<\/td><td valign=\"top\" width=\"328\">R\u00e9sistance aux UV :<\/td><td valign=\"top\" width=\"328\">Oui<\/td><\/tr><tr class=\"ue-table-interlace-color-double\"><td valign=\"top\" width=\"328\">Conductivit\u00e9:<\/td><td valign=\"top\" width=\"328\">Isol\u00e9<\/td><td valign=\"top\" width=\"328\">Duret\u00e9:<\/td><td valign=\"top\" width=\"328\">Flexible et r\u00e9sistant aux chocs<\/td><\/tr><tr class=\"ue-table-interlace-color-single\"><td valign=\"top\" width=\"328\">Emballage:<\/td><td valign=\"top\" width=\"328\">Sacs en plastique et films PE<\/td><td valign=\"top\" width=\"328\">\u00c9chantillon:<\/td><td valign=\"top\" width=\"328\">Gratuit<\/td><\/tr><tr class=\"ue-table-interlace-color-double\"><td valign=\"top\" width=\"328\">Pays:<\/td><td valign=\"top\" width=\"328\">Chine<\/td><td valign=\"top\" width=\"328\">Usine:<\/td><td valign=\"top\" width=\"328\">Dongguan, Guangdong<\/td><\/tr><\/tbody><\/table><p><strong><b>Caract\u00e9ristiques<\/b><\/strong><\/p><p>\u2013 Tr\u00e8s r\u00e9sistant, r\u00e9sistant \u00e0 une compression maximale de 1250 Nt\/5 cm.<\/p><p>\u2013 Conforme aux normes AS\/NZS 2053.<\/p><p>\u2013 R\u00e9sistant aux chocs, au soleil et au feu.<\/p><p>\u2013 Surface et int\u00e9rieur brillants et lisses.<\/p><p>\u2013 Le PVC durable et non conducteur ne rouille pas et ne se corrode pas<\/p><p>\u2013 Convient aux applications a\u00e9riennes et souterraines.<\/p><p><strong>Application<\/strong><\/p><p>Les conduits \u00e9lectriques flexibles ondul\u00e9s robustes Ctube sont g\u00e9n\u00e9ralement utilis\u00e9s pour envelopper les fils, contribuant ainsi \u00e0 r\u00e9duire les risques de dangers \u00e9lectriques, tels que l&#039;\u00e9lectrocution. Le conduit \u00e9lectrique ondul\u00e9 est un \u00e9l\u00e9ment de base utilis\u00e9 par les \u00e9lectriciens et autres entrepreneurs pour une protection \u00e9conomique des c\u00e2bles. Con\u00e7u pour prot\u00e9ger et acheminer le c\u00e2blage \u00e9lectrique. Il poss\u00e8de d&#039;excellentes propri\u00e9t\u00e9s isolantes, ce qui le rend id\u00e9al pour prot\u00e9ger le c\u00e2blage \u00e9lectrique. Sa construction solide, sa r\u00e9sistance chimique et son caract\u00e8re ignifuge offrent une protection dans les environnements difficiles.<\/p><p><strong>Capacit\u00e9 de fabrication<\/strong><\/p><p>\u2013 Capacit\u00e9 de production : 10 000 rouleaux par semaine<\/p><p>\u2013 M\u00e9thodes d\u2019emballage : sacs en plastique et films PE<\/p>\t\t\t\t\t\t\t\t<\/div>\n\t\t\t\t<div class=\"elementor-element elementor-element-a81f876 elementor-widget elementor-widget-text-editor\" data-id=\"a81f876\" data-element_type=\"widget\" data-e-type=\"widget\" data-settings=\"{&quot;ekit_we_effect_on&quot;:&quot;none&quot;}\" data-widget_type=\"text-editor.default\">\n\t\t\t\t\t\t\t\t\t<p><strong><b>Tableau des tailles<\/b><\/strong><\/p><table width=\"640\" cellspacing=\"0\" cellpadding=\"0\"><colgroup><col span=\"4\" width=\"118\" \/><\/colgroup><tbody><tr class=\"ue-table-interlace-color-single\"><td width=\"119\" height=\"33\">Code produit<\/td><td colspan=\"1\" rowspan=\"1\" valign=\"null\" width=\"119\">Taille nominale<\/td><td width=\"119\">Longueur<\/td><td width=\"133\">Poids<\/td><\/tr><tr class=\"ue-table-interlace-color-double\"><td height=\"18\">CT-HDCCOR2010<\/td><td colspan=\"1\" rowspan=\"1\" valign=\"null\" width=\"119\">20 mm<\/td><td width=\"119\">10 m<\/td><td width=\"131\">100 g\/m\u00b2<\/td><\/tr><tr class=\"ue-table-interlace-color-single\"><td colspan=\"1\" rowspan=\"1\">CT-HDCCOR2025<\/td><td colspan=\"1\" rowspan=\"1\" valign=\"null\" width=\"null\">20 mm<\/td><td colspan=\"1\" rowspan=\"1\"><p>25 m<\/p><\/td><td colspan=\"1\" rowspan=\"1\">100 g\/m\u00b2<\/td><\/tr><tr class=\"ue-table-interlace-color-double\"><td colspan=\"1\" rowspan=\"1\">CT-HDCCOR2050<\/td><td colspan=\"1\" rowspan=\"1\">20 mm<\/td><td colspan=\"1\" rowspan=\"1\">50 m<\/td><td colspan=\"1\" rowspan=\"1\">100 g\/m\u00b2<\/td><\/tr><tr class=\"ue-table-interlace-color-single\"><td colspan=\"1\" rowspan=\"1\">CT-HDCCOR2510<\/td><td colspan=\"1\" rowspan=\"1\">25 mm<\/td><td colspan=\"1\" rowspan=\"1\">10 m<\/td><td colspan=\"1\" rowspan=\"1\">150 g\/m\u00b2<\/td><\/tr><tr class=\"ue-table-interlace-color-double\"><td colspan=\"1\" rowspan=\"1\">CT-HDCCOR2525<\/td><td colspan=\"1\" rowspan=\"1\">25 mm<\/td><td colspan=\"1\" rowspan=\"1\">25 m<\/td><td colspan=\"1\" rowspan=\"1\">150 g\/m\u00b2<\/td><\/tr><tr class=\"ue-table-interlace-color-single\"><td colspan=\"1\" rowspan=\"1\">CT-HDCCOR2550<\/td><td colspan=\"1\" rowspan=\"1\">25 mm<\/td><td colspan=\"1\" rowspan=\"1\">50 m<\/td><td colspan=\"1\" rowspan=\"1\">150 g\/m\u00b2<\/td><\/tr><tr class=\"ue-table-interlace-color-double\"><td colspan=\"1\" rowspan=\"1\">CT-HDCCOR3210<\/td><td colspan=\"1\" rowspan=\"1\">32 mm<\/td><td colspan=\"1\" rowspan=\"1\">10 m<\/td><td colspan=\"1\" rowspan=\"1\">220 g\/m\u00b2<\/td><\/tr><tr class=\"ue-table-interlace-color-single\"><td colspan=\"1\" rowspan=\"1\">CT-HDCCOR3225<\/td><td colspan=\"1\" rowspan=\"1\">32 mm<\/td><td colspan=\"1\" rowspan=\"1\">25 m<\/td><td colspan=\"1\" rowspan=\"1\">220 g\/m\u00b2<\/td><\/tr><tr class=\"ue-table-interlace-color-double\"><td colspan=\"1\" rowspan=\"1\">CT-HDCCOR4010<\/td><td colspan=\"1\" rowspan=\"1\">40 mm<\/td><td colspan=\"1\" rowspan=\"1\">10 m<\/td><td colspan=\"1\" rowspan=\"1\">230 g\/m\u00b2<\/td><\/tr><tr class=\"ue-table-interlace-color-single\"><td colspan=\"1\" rowspan=\"1\">CT-HDCCOR4025<\/td><td colspan=\"1\" rowspan=\"1\">40 mm<\/td><td colspan=\"1\" rowspan=\"1\">25 m<\/td><td colspan=\"1\" rowspan=\"1\">230 g\/m\u00b2<\/td><\/tr><tr class=\"ue-table-interlace-color-double\"><td colspan=\"1\" rowspan=\"1\">CT-HDCCOR5010<\/td><td colspan=\"1\" rowspan=\"1\">50 mm<\/td><td colspan=\"1\" rowspan=\"1\">10 m<\/td><td colspan=\"1\" rowspan=\"1\">320 g\/m\u00b2<\/td><\/tr><tr class=\"ue-table-interlace-color-single\"><td colspan=\"1\" rowspan=\"1\">CT-HDCCOR5025<\/td><td colspan=\"1\" rowspan=\"1\">50 mm<\/td><td colspan=\"1\" rowspan=\"1\">25 m<\/td><td colspan=\"1\" rowspan=\"1\">320 g\/m\u00b2<\/td><\/tr><\/tbody><\/table>\t\t\t\t\t\t\t\t<\/div>\n\t\t\t\t\t<\/div>\n\t\t\t\t<\/div>\n\t\t\t\t<\/div>","protected":false},"excerpt":{"rendered":"<p>Certification de qualit\u00e9:<\/p>\n<p>\u2013 Norme australienne<\/p>\n<p>\u2013 Conforme aux normes AS\/NZS 2053, RoHS, REACH, CE, SGS, ISO<\/p>","protected":false},"featured_media":1688,"comment_status":"closed","ping_status":"closed","template":"","meta":{"_sitemap_exclude":false,"_sitemap_priority":"","_sitemap_frequency":"","_joinchat":[]},"product_brand":[],"product_cat":[40,52,59,36],"product_tag":[],"class_list":{"0":"post-1687","1":"product","2":"type-product","3":"status-publish","4":"has-post-thumbnail","6":"product_cat-as-nzs-listed-pvc-conduit-pipe-series","7":"product_cat-corrugated-conduit-export","8":"product_cat-hd-flexible-conduit-orange","9":"product_cat-international-certifications-products","11":"first","12":"instock","13":"shipping-taxable","14":"product-type-simple"},"_links":{"self":[{"href":"https:\/\/www.ctube-gr.com\/fr\/wp-json\/wp\/v2\/product\/1687","targetHints":{"allow":["GET"]}}],"collection":[{"href":"https:\/\/www.ctube-gr.com\/fr\/wp-json\/wp\/v2\/product"}],"about":[{"href":"https:\/\/www.ctube-gr.com\/fr\/wp-json\/wp\/v2\/types\/product"}],"replies":[{"embeddable":true,"href":"https:\/\/www.ctube-gr.com\/fr\/wp-json\/wp\/v2\/comments?post=1687"}],"version-history":[{"count":0,"href":"https:\/\/www.ctube-gr.com\/fr\/wp-json\/wp\/v2\/product\/1687\/revisions"}],"wp:featuredmedia":[{"embeddable":true,"href":"https:\/\/www.ctube-gr.com\/fr\/wp-json\/wp\/v2\/media\/1688"}],"wp:attachment":[{"href":"https:\/\/www.ctube-gr.com\/fr\/wp-json\/wp\/v2\/media?parent=1687"}],"wp:term":[{"taxonomy":"product_brand","embeddable":true,"href":"https:\/\/www.ctube-gr.com\/fr\/wp-json\/wp\/v2\/product_brand?post=1687"},{"taxonomy":"product_cat","embeddable":true,"href":"https:\/\/www.ctube-gr.com\/fr\/wp-json\/wp\/v2\/product_cat?post=1687"},{"taxonomy":"product_tag","embeddable":true,"href":"https:\/\/www.ctube-gr.com\/fr\/wp-json\/wp\/v2\/product_tag?post=1687"}],"curies":[{"name":"wp","href":"https:\/\/api.w.org\/{rel}","templated":true}]}}