{"id":1704,"date":"2024-03-14T06:21:09","date_gmt":"2024-03-14T06:21:09","guid":{"rendered":"https:\/\/ctube-gr.com\/?post_type=product&#038;p=1704"},"modified":"2024-06-27T03:28:10","modified_gmt":"2024-06-27T03:28:10","slug":"boite-de-jonction-peu-profonde-a-4-voies-ctube-20-25-mm","status":"publish","type":"product","link":"https:\/\/www.ctube-gr.com\/fr\/ctube-20-25mm-4-way-shallow-junction-box","title":{"rendered":"Bo\u00eete de jonction peu profonde \u00e0 4 voies de 20 \u00e0 25 mm, normes australiennes"},"content":{"rendered":"<div data-elementor-type=\"product-post\" data-elementor-id=\"1704\" class=\"elementor elementor-1704\" data-elementor-post-type=\"product\">\n\t\t\t\t<div class=\"elementor-element elementor-element-2cf0a68 e-flex e-con-boxed e-con e-parent\" data-id=\"2cf0a68\" data-element_type=\"container\" data-e-type=\"container\" data-settings=\"{&quot;ekit_has_onepagescroll_dot&quot;:&quot;yes&quot;}\">\n\t\t\t\t\t<div class=\"e-con-inner\">\n\t\t\t\t<div class=\"elementor-element elementor-element-f411c23 elementor-widget elementor-widget-text-editor\" data-id=\"f411c23\" data-element_type=\"widget\" data-e-type=\"widget\" data-settings=\"{&quot;ekit_we_effect_on&quot;:&quot;none&quot;}\" data-widget_type=\"text-editor.default\">\n\t\t\t\t\t\t\t\t\t<table><tbody><tr><td width=\"21\"><p>Marque:<\/p><\/td><td width=\"198\"><p>Ctube<\/p><\/td><td width=\"103\"><p>Fabricant d&#039;origine:<\/p><\/td><td width=\"445\"><p>Disponible<\/p><\/td><\/tr><tr><td width=\"21\"><p>Mat\u00e9riel:<\/p><\/td><td width=\"198\"><p>PVC<\/p><\/td><td width=\"103\"><p>Longueur:<\/p><\/td><td width=\"445\"><p>Norme AU<\/p><\/td><\/tr><tr><td width=\"21\"><p>\u00c9paisseur:<\/p><\/td><td width=\"198\"><p>Norme AU<\/p><\/td><td width=\"103\"><p>Plage de diam\u00e8tre ext\u00e9rieur :<\/p><\/td><td width=\"445\"><p>20-25 mm<\/p><\/td><\/tr><tr><td width=\"21\"><p>Certification:<\/p><\/td><td width=\"198\"><p>Certifications : CE, RoHS, REACH, SGS, ISO<\/p><\/td><td width=\"103\"><p>Couleur:<\/p><\/td><td width=\"445\"><p>Gris ou personnalis\u00e9<\/p><\/td><\/tr><tr><td width=\"21\"><p>R\u00e9sistance au feu :<\/p><\/td><td width=\"198\"><p>V0<\/p><\/td><td width=\"103\"><p>R\u00e9sistance aux UV :<\/p><\/td><td width=\"445\"><p>Oui<\/p><\/td><\/tr><tr><td width=\"21\"><p>Conductivit\u00e9:<\/p><\/td><td width=\"198\"><p>Isol\u00e9<\/p><\/td><td width=\"103\"><p>Duret\u00e9:<\/p><\/td><td width=\"445\"><p>Rigide et r\u00e9sistant aux chocs<\/p><\/td><\/tr><tr><td width=\"21\"><p>Emballage:<\/p><\/td><td width=\"198\"><p>Sacs en plastique et films PE<\/p><\/td><td width=\"103\"><p>\u00c9chantillon:<\/p><\/td><td width=\"445\"><p>Gratuit<\/p><\/td><\/tr><tr><td width=\"21\"><p>Pays:<\/p><\/td><td width=\"198\"><p>Chine<\/p><\/td><td width=\"103\"><p>Usine:<\/p><\/td><td width=\"445\"><p>Dongguan, Guangdong<\/p><\/td><\/tr><\/tbody><\/table><p><strong><b>Caract\u00e9ristiques<\/b><\/strong><\/p><p>\u2013 Couvercles et vis inclus.<\/p><p>\u2013 Conforme aux normes AS\/NZS 2053.<\/p><p>\u2013 R\u00e9sistant aux chocs, au soleil et au feu.<\/p><p>\u2013 Surface et int\u00e9rieur brillants et lisses.<\/p><p>\u2013 Le PVC durable et non conducteur ne rouille pas et ne se corrode pas<\/p><p>\u2013 Convient aux applications a\u00e9riennes et souterraines.<\/p><p><strong><b>Application<\/b><\/strong><\/p><p>Les bo\u00eetes de jonction peu profondes \u00e0 4 voies Ctube 20-25 mm sont des bo\u00eetiers abritant des connexions \u00e9lectriques et utilis\u00e9es pour joindre des conduits \u00e9lectriques afin que les c\u00e2bles puissent circuler dans 4 directions. Ils prot\u00e8gent les connexions \u00e9lectriques des intemp\u00e9ries et prot\u00e8gent les personnes contre les d\u00e9charges \u00e9lectriques accidentelles.<\/p><p><strong><b>Capacit\u00e9 de fabrication<\/b><\/strong><\/p><p>\u2013 Capacit\u00e9 de production : 50 000 pi\u00e8ces par semaine<\/p><p>\u2013 M\u00e9thodes d\u2019emballage : sacs en plastique et films PE<\/p>\t\t\t\t\t\t\t\t<\/div>\n\t\t\t\t<div class=\"elementor-element elementor-element-94c55cd elementor-widget elementor-widget-text-editor\" data-id=\"94c55cd\" data-element_type=\"widget\" data-e-type=\"widget\" data-settings=\"{&quot;ekit_we_effect_on&quot;:&quot;none&quot;}\" data-widget_type=\"text-editor.default\">\n\t\t\t\t\t\t\t\t\t<table><tbody><tr><td width=\"142\"><p>Code produit<\/p><\/td><td width=\"97\"><p>Taille nominale<\/p><\/td><td width=\"166\"><p>Taille (L x l x H)<\/p><\/td><td width=\"177\"><p>Emballage int\u00e9rieur<\/p><\/td><td width=\"182\"><p>Emballage ext\u00e9rieur<\/p><\/td><\/tr><tr><td width=\"142\"><p>CT-SJB20-4<\/p><\/td><td width=\"97\"><p>20 mm<\/p><\/td><td width=\"166\"><p>21,5 x 19 x 11,5 mm<\/p><\/td><td width=\"177\"><p>10 unit\u00e9s\/bo\u00eete<\/p><\/td><td width=\"182\"><p>200 bo\u00eetes\/carton<\/p><\/td><\/tr><tr><td width=\"142\"><p>CT-SJB25-4<\/p><\/td><td width=\"97\"><p>25 mm<\/p><\/td><td><p>21,5 x 19 x 11,5 mm<\/p><\/td><td><p>10 unit\u00e9s\/bo\u00eete<\/p><\/td><td width=\"182\"><p>200 bo\u00eetes\/carton<\/p><\/td><\/tr><\/tbody><\/table><p><br \/><br \/><\/p>\t\t\t\t\t\t\t\t<\/div>\n\t\t\t\t\t<\/div>\n\t\t\t\t<\/div>\n\t\t\t\t<\/div>","protected":false},"excerpt":{"rendered":"<p>Certification de qualit\u00e9:<\/p>\n<p>\u2013 Norme australienne<\/p>\n<p>\u2013 Conforme aux normes AS\/NZS 2053, RoHS, REACH, CE, SGS, ISO<\/p>","protected":false},"featured_media":1707,"comment_status":"closed","ping_status":"closed","template":"","meta":{"_sitemap_exclude":false,"_sitemap_priority":"","_sitemap_frequency":"","_joinchat":[]},"product_brand":[],"product_cat":[40,36,51],"product_tag":[],"class_list":{"0":"post-1704","1":"product","2":"type-product","3":"status-publish","4":"has-post-thumbnail","6":"product_cat-as-nzs-listed-pvc-conduit-pipe-series","7":"product_cat-international-certifications-products","8":"product_cat-junction-box-custom","10":"first","11":"instock","12":"shipping-taxable","13":"product-type-simple"},"_links":{"self":[{"href":"https:\/\/www.ctube-gr.com\/fr\/wp-json\/wp\/v2\/product\/1704","targetHints":{"allow":["GET"]}}],"collection":[{"href":"https:\/\/www.ctube-gr.com\/fr\/wp-json\/wp\/v2\/product"}],"about":[{"href":"https:\/\/www.ctube-gr.com\/fr\/wp-json\/wp\/v2\/types\/product"}],"replies":[{"embeddable":true,"href":"https:\/\/www.ctube-gr.com\/fr\/wp-json\/wp\/v2\/comments?post=1704"}],"version-history":[{"count":0,"href":"https:\/\/www.ctube-gr.com\/fr\/wp-json\/wp\/v2\/product\/1704\/revisions"}],"wp:featuredmedia":[{"embeddable":true,"href":"https:\/\/www.ctube-gr.com\/fr\/wp-json\/wp\/v2\/media\/1707"}],"wp:attachment":[{"href":"https:\/\/www.ctube-gr.com\/fr\/wp-json\/wp\/v2\/media?parent=1704"}],"wp:term":[{"taxonomy":"product_brand","embeddable":true,"href":"https:\/\/www.ctube-gr.com\/fr\/wp-json\/wp\/v2\/product_brand?post=1704"},{"taxonomy":"product_cat","embeddable":true,"href":"https:\/\/www.ctube-gr.com\/fr\/wp-json\/wp\/v2\/product_cat?post=1704"},{"taxonomy":"product_tag","embeddable":true,"href":"https:\/\/www.ctube-gr.com\/fr\/wp-json\/wp\/v2\/product_tag?post=1704"}],"curies":[{"name":"wp","href":"https:\/\/api.w.org\/{rel}","templated":true}]}}