{"id":1714,"date":"2024-03-14T06:59:30","date_gmt":"2024-03-14T06:59:30","guid":{"rendered":"https:\/\/ctube-gr.com\/?post_type=product&#038;p=1714"},"modified":"2024-06-27T03:27:02","modified_gmt":"2024-06-27T03:27:02","slug":"boite-de-jonction-peu-profonde-a-3-voies","status":"publish","type":"product","link":"https:\/\/www.ctube-gr.com\/fr\/3-way-shallow-junction-box","title":{"rendered":"Bo\u00eete de jonction peu profonde \u00e0 3 voies conforme aux normes australiennes"},"content":{"rendered":"<div data-elementor-type=\"product-post\" data-elementor-id=\"1714\" class=\"elementor elementor-1714\" data-elementor-post-type=\"product\">\n\t\t\t\t<div class=\"elementor-element elementor-element-39401dc e-flex e-con-boxed e-con e-parent\" data-id=\"39401dc\" data-element_type=\"container\" data-e-type=\"container\" data-settings=\"{&quot;ekit_has_onepagescroll_dot&quot;:&quot;yes&quot;}\">\n\t\t\t\t\t<div class=\"e-con-inner\">\n\t\t\t\t<div class=\"elementor-element elementor-element-89f02bf elementor-widget elementor-widget-text-editor\" data-id=\"89f02bf\" data-element_type=\"widget\" data-e-type=\"widget\" data-settings=\"{&quot;ekit_we_effect_on&quot;:&quot;none&quot;}\" data-widget_type=\"text-editor.default\">\n\t\t\t\t\t\t\t\t\t<table><tbody><tr><td width=\"98\">Marque:<\/td><td width=\"126\">Ctube<\/td><td width=\"160\">Fabricant d&#039;origine:<\/td><td width=\"159\">Disponible<\/td><\/tr><tr><td width=\"98\">Mat\u00e9riel:<\/td><td width=\"126\">PVC<\/td><td width=\"160\">Longueur:<\/td><td width=\"159\">Norme AU<\/td><\/tr><tr><td width=\"98\">\u00c9paisseur:<\/td><td width=\"126\">Norme AU<\/td><td width=\"160\">Plage de diam\u00e8tre ext\u00e9rieur :<\/td><td width=\"159\">20-25 mm<\/td><\/tr><tr><td width=\"98\">Certification:<\/td><td width=\"126\">Certifications : CE, RoHS, REACH, SGS, ISO<\/td><td width=\"160\">Couleur:<\/td><td width=\"159\">Gris ou personnalis\u00e9<\/td><\/tr><tr><td width=\"98\">R\u00e9sistance au feu :<\/td><td width=\"126\">V0<\/td><td width=\"160\">R\u00e9sistance aux UV :<\/td><td width=\"159\">Oui<\/td><\/tr><tr><td width=\"98\">Conductivit\u00e9:<\/td><td width=\"126\">Isol\u00e9<\/td><td width=\"160\">Duret\u00e9:<\/td><td width=\"159\">Rigide et r\u00e9sistant aux chocs<\/td><\/tr><tr><td width=\"98\">Emballage:<\/td><td width=\"126\">Sacs en plastique et films PE<\/td><td width=\"160\">\u00c9chantillon:<\/td><td width=\"159\">Gratuit<\/td><\/tr><tr><td width=\"98\">Pays:<\/td><td width=\"126\">Chine<\/td><td width=\"160\">Usine:<\/td><td width=\"159\">Dongguan, Guangdong<\/td><\/tr><\/tbody><\/table><p><strong><b>Caract\u00e9ristiques<\/b><\/strong><\/p><p>\u00a0<\/p><p>\u2013 Couvercles et vis inclus.<\/p><p>\u2013 Conforme aux normes AS\/NZS 2053.<\/p><p>\u2013 R\u00e9sistant aux chocs, au soleil et au feu.<\/p><p>\u2013 Surface et int\u00e9rieur brillants et lisses.<\/p><p>\u2013 Le PVC durable et non conducteur ne rouille pas et ne se corrode pas<\/p><p>\u2013 Convient aux applications a\u00e9riennes et souterraines.<\/p><p><strong><b>Application<\/b><\/strong><\/p><p>Les bo\u00eetes de jonction peu profondes \u00e0 3 voies Ctube 20-25 mm sont des bo\u00eetiers abritant des connexions \u00e9lectriques et utilis\u00e9es pour joindre des conduits \u00e9lectriques afin que les c\u00e2bles puissent circuler dans 3 directions. Ils prot\u00e8gent les connexions \u00e9lectriques des intemp\u00e9ries et prot\u00e8gent les personnes contre les chocs \u00e9lectriques accidentels.<\/p><p><strong><b>Capacit\u00e9 de fabrication<\/b><\/strong><\/p><p>\u2013 Capacit\u00e9 de production : 50 000 pi\u00e8ces par semaine<\/p><p>\u2013 M\u00e9thodes d\u2019emballage : sacs en plastique et films PE<\/p>\t\t\t\t\t\t\t\t<\/div>\n\t\t\t\t<div class=\"elementor-element elementor-element-895b501 elementor-widget elementor-widget-text-editor\" data-id=\"895b501\" data-element_type=\"widget\" data-e-type=\"widget\" data-settings=\"{&quot;ekit_we_effect_on&quot;:&quot;none&quot;}\" data-widget_type=\"text-editor.default\">\n\t\t\t\t\t\t\t\t\t<p><strong><b>Tableau des tailles<\/b><\/strong><\/p><table><tbody><tr><td width=\"105\"><p>Code produit<\/p><\/td><td width=\"106\"><p>Taille nominale<\/p><\/td><td width=\"106\"><p>Taille (L x l x H)<\/p><\/td><td width=\"118\"><p>Emballage int\u00e9rieur<\/p><\/td><td width=\"165\"><p>Emballage ext\u00e9rieur<\/p><\/td><\/tr><tr><td><p>CT-SJB20-3<\/p><\/td><td width=\"106\"><p>20 mm<\/p><\/td><td width=\"106\"><p>20x19x9mm<\/p><\/td><td width=\"118\"><p>10 unit\u00e9s\/bo\u00eete<\/p><\/td><td width=\"165\"><p>200 bo\u00eetes\/carton<\/p><\/td><\/tr><tr><td><p>CT-SJB25-3<\/p><\/td><td><p>25 mm<\/p><\/td><td><p>20x19x9mm<\/p><\/td><td><p>10 unit\u00e9s\/bo\u00eete<\/p><\/td><td><p>200 bo\u00eetes\/carton<\/p><\/td><\/tr><\/tbody><\/table>\t\t\t\t\t\t\t\t<\/div>\n\t\t\t\t\t<\/div>\n\t\t\t\t<\/div>\n\t\t\t\t<\/div>","protected":false},"excerpt":{"rendered":"<p>Certification de qualit\u00e9:<\/p>\n<p>\u2013 Norme australienne<\/p>\n<p>\u2013 Conforme aux normes AS\/NZS 2053, RoHS, REACH, CE, SGS, ISO<\/p>","protected":false},"featured_media":7525,"comment_status":"closed","ping_status":"closed","template":"","meta":{"_sitemap_exclude":false,"_sitemap_priority":"","_sitemap_frequency":"","_joinchat":[]},"product_brand":[],"product_cat":[40,36,51],"product_tag":[],"class_list":{"0":"post-1714","1":"product","2":"type-product","3":"status-publish","4":"has-post-thumbnail","6":"product_cat-as-nzs-listed-pvc-conduit-pipe-series","7":"product_cat-international-certifications-products","8":"product_cat-junction-box-custom","10":"first","11":"instock","12":"shipping-taxable","13":"product-type-simple"},"_links":{"self":[{"href":"https:\/\/www.ctube-gr.com\/fr\/wp-json\/wp\/v2\/product\/1714","targetHints":{"allow":["GET"]}}],"collection":[{"href":"https:\/\/www.ctube-gr.com\/fr\/wp-json\/wp\/v2\/product"}],"about":[{"href":"https:\/\/www.ctube-gr.com\/fr\/wp-json\/wp\/v2\/types\/product"}],"replies":[{"embeddable":true,"href":"https:\/\/www.ctube-gr.com\/fr\/wp-json\/wp\/v2\/comments?post=1714"}],"version-history":[{"count":0,"href":"https:\/\/www.ctube-gr.com\/fr\/wp-json\/wp\/v2\/product\/1714\/revisions"}],"wp:featuredmedia":[{"embeddable":true,"href":"https:\/\/www.ctube-gr.com\/fr\/wp-json\/wp\/v2\/media\/7525"}],"wp:attachment":[{"href":"https:\/\/www.ctube-gr.com\/fr\/wp-json\/wp\/v2\/media?parent=1714"}],"wp:term":[{"taxonomy":"product_brand","embeddable":true,"href":"https:\/\/www.ctube-gr.com\/fr\/wp-json\/wp\/v2\/product_brand?post=1714"},{"taxonomy":"product_cat","embeddable":true,"href":"https:\/\/www.ctube-gr.com\/fr\/wp-json\/wp\/v2\/product_cat?post=1714"},{"taxonomy":"product_tag","embeddable":true,"href":"https:\/\/www.ctube-gr.com\/fr\/wp-json\/wp\/v2\/product_tag?post=1714"}],"curies":[{"name":"wp","href":"https:\/\/api.w.org\/{rel}","templated":true}]}}