{"id":1747,"date":"2024-03-14T08:57:05","date_gmt":"2024-03-14T08:57:05","guid":{"rendered":"https:\/\/ctube-gr.com\/?post_type=product&#038;p=1747"},"modified":"2024-06-27T03:27:49","modified_gmt":"2024-06-27T03:27:49","slug":"boite-de-jonction-peu-profonde-a-2-voies-ctube-20-25-mm","status":"publish","type":"product","link":"https:\/\/www.ctube-gr.com\/fr\/ctube-20-25mm-2-way-shallow-junction-box","title":{"rendered":"Bo\u00eete de jonction peu profonde \u00e0 2 voies de 20 \u00e0 25 mm conforme aux normes australiennes"},"content":{"rendered":"<div data-elementor-type=\"product-post\" data-elementor-id=\"1747\" class=\"elementor elementor-1747\" data-elementor-post-type=\"product\">\n\t\t\t\t<div class=\"elementor-element elementor-element-0aa1b5e e-flex e-con-boxed e-con e-parent\" data-id=\"0aa1b5e\" data-element_type=\"container\" data-e-type=\"container\" data-settings=\"{&quot;ekit_has_onepagescroll_dot&quot;:&quot;yes&quot;}\">\n\t\t\t\t\t<div class=\"e-con-inner\">\n\t\t\t\t<div class=\"elementor-element elementor-element-7c823cc elementor-widget elementor-widget-text-editor\" data-id=\"7c823cc\" data-element_type=\"widget\" data-e-type=\"widget\" data-settings=\"{&quot;ekit_we_effect_on&quot;:&quot;none&quot;}\" data-widget_type=\"text-editor.default\">\n\t\t\t\t\t\t\t\t\t<p><strong>Caract\u00e9ristiques<\/strong><\/p>\n<p>\u2013 Couvercles et vis inclus.&nbsp;<\/p>\n<p>\u2013 Conforme aux normes AS\/NZS 2053.<\/p>\n<p>\u2013 R\u00e9sistant aux chocs, au soleil et au feu.<\/p>\n<p>\u2013 Surface et int\u00e9rieur brillants et lisses.<\/p>\n<p>\u2013 Le PVC durable et non conducteur ne rouille pas et ne se corrode pas<\/p>\n<p>\u2013 Convient aux applications a\u00e9riennes et souterraines.<\/p>\n<p><strong>Application<\/strong><\/p>\n<p>Les bo\u00eetes de jonction peu profondes \u00e0 2 voies Ctube 20-25 mm sont des bo\u00eetiers abritant des connexions \u00e9lectriques et utilis\u00e9es pour joindre des conduits \u00e9lectriques afin que les c\u00e2bles puissent circuler dans les 2 sens. Elles prot\u00e8gent les connexions \u00e9lectriques des intemp\u00e9ries et prot\u00e8gent les personnes contre les d\u00e9charges \u00e9lectriques accidentelles.<\/p>\n<p>Capacit\u00e9 de fabrication<\/p>\n<p>\u2013 Capacit\u00e9 de production : 50 000 pi\u00e8ces par semaine<\/p>\n<p>\u2013 M\u00e9thodes d\u2019emballage : sacs en plastique et films PE<\/p>\t\t\t\t\t\t\t\t<\/div>\n\t\t\t\t<div class=\"elementor-element elementor-element-f8b80a5 elementor-widget elementor-widget-text-editor\" data-id=\"f8b80a5\" data-element_type=\"widget\" data-e-type=\"widget\" data-settings=\"{&quot;ekit_we_effect_on&quot;:&quot;none&quot;}\" data-widget_type=\"text-editor.default\">\n\t\t\t\t\t\t\t\t\t<p><strong><b>Tableau des tailles<\/b><\/strong><\/p><table><tbody><tr><td width=\"103\"><p>Code produit<\/p><\/td><td width=\"103\"><p>Taille nominale<\/p><\/td><td width=\"103\"><p>Taille (L x l x H)<\/p><\/td><td width=\"116\"><p>Emballage int\u00e9rieur<\/p><\/td><td width=\"162\"><p>Emballage ext\u00e9rieur<\/p><\/td><\/tr><tr><td><p>CT-SJB20-2<\/p><\/td><td width=\"103\"><p>20 mm<\/p><\/td><td width=\"103\"><p>21x18x9mm<\/p><\/td><td width=\"116\"><p>10 unit\u00e9s\/bo\u00eete<\/p><\/td><td width=\"162\"><p>200 bo\u00eetes\/carton<\/p><\/td><\/tr><tr><td><p>CT-SJB25-2<\/p><\/td><td><p>25 mm<\/p><\/td><td><p>21x18x9mm<\/p><\/td><td><p>10 unit\u00e9s\/bo\u00eete<\/p><\/td><td><p>200 bo\u00eetes\/carton<\/p><\/td><\/tr><\/tbody><\/table><p><br \/><br \/><\/p>\t\t\t\t\t\t\t\t<\/div>\n\t\t\t\t\t<\/div>\n\t\t\t\t<\/div>\n\t\t\t\t<\/div>","protected":false},"excerpt":{"rendered":"<p>Certification de qualit\u00e9:<\/p>\n<p>\u2013 Norme australienne<\/p>\n<p>\u2013 Conforme aux normes AS\/NZS 2053, RoHS, REACH, CE, SGS, ISO<\/p>","protected":false},"featured_media":1749,"comment_status":"closed","ping_status":"closed","template":"","meta":{"_sitemap_exclude":false,"_sitemap_priority":"","_sitemap_frequency":"","_joinchat":[]},"product_brand":[],"product_cat":[40,36,51],"product_tag":[],"class_list":{"0":"post-1747","1":"product","2":"type-product","3":"status-publish","4":"has-post-thumbnail","6":"product_cat-as-nzs-listed-pvc-conduit-pipe-series","7":"product_cat-international-certifications-products","8":"product_cat-junction-box-custom","10":"first","11":"instock","12":"shipping-taxable","13":"product-type-simple"},"_links":{"self":[{"href":"https:\/\/www.ctube-gr.com\/fr\/wp-json\/wp\/v2\/product\/1747","targetHints":{"allow":["GET"]}}],"collection":[{"href":"https:\/\/www.ctube-gr.com\/fr\/wp-json\/wp\/v2\/product"}],"about":[{"href":"https:\/\/www.ctube-gr.com\/fr\/wp-json\/wp\/v2\/types\/product"}],"replies":[{"embeddable":true,"href":"https:\/\/www.ctube-gr.com\/fr\/wp-json\/wp\/v2\/comments?post=1747"}],"version-history":[{"count":0,"href":"https:\/\/www.ctube-gr.com\/fr\/wp-json\/wp\/v2\/product\/1747\/revisions"}],"wp:featuredmedia":[{"embeddable":true,"href":"https:\/\/www.ctube-gr.com\/fr\/wp-json\/wp\/v2\/media\/1749"}],"wp:attachment":[{"href":"https:\/\/www.ctube-gr.com\/fr\/wp-json\/wp\/v2\/media?parent=1747"}],"wp:term":[{"taxonomy":"product_brand","embeddable":true,"href":"https:\/\/www.ctube-gr.com\/fr\/wp-json\/wp\/v2\/product_brand?post=1747"},{"taxonomy":"product_cat","embeddable":true,"href":"https:\/\/www.ctube-gr.com\/fr\/wp-json\/wp\/v2\/product_cat?post=1747"},{"taxonomy":"product_tag","embeddable":true,"href":"https:\/\/www.ctube-gr.com\/fr\/wp-json\/wp\/v2\/product_tag?post=1747"}],"curies":[{"name":"wp","href":"https:\/\/api.w.org\/{rel}","templated":true}]}}