{"id":1783,"date":"2024-03-14T09:28:48","date_gmt":"2024-03-14T09:28:48","guid":{"rendered":"https:\/\/ctube-gr.com\/?post_type=product&#038;p=1783"},"modified":"2024-06-27T03:17:18","modified_gmt":"2024-06-27T03:17:18","slug":"ctube-20-conduit-electrique-en-pvc-rigide-tres-resistant-de-150-mm","status":"publish","type":"product","link":"https:\/\/www.ctube-gr.com\/fr\/ctube-20-150mm-heavy-duty-rigid-pvc-electrical-conduit","title":{"rendered":"Conduit \u00e9lectrique en PVC rigide tr\u00e8s r\u00e9sistant Ctube 20-150 mm"},"content":{"rendered":"<div data-elementor-type=\"product-post\" data-elementor-id=\"1783\" class=\"elementor elementor-1783\" data-elementor-post-type=\"product\">\n\t\t\t\t<div class=\"elementor-element elementor-element-485c7ea e-flex e-con-boxed e-con e-parent\" data-id=\"485c7ea\" data-element_type=\"container\" data-e-type=\"container\" data-settings=\"{&quot;ekit_has_onepagescroll_dot&quot;:&quot;yes&quot;}\">\n\t\t\t\t\t<div class=\"e-con-inner\">\n\t\t\t\t<div class=\"elementor-element elementor-element-de4c3f5 elementor-widget elementor-widget-text-editor\" data-id=\"de4c3f5\" data-element_type=\"widget\" data-e-type=\"widget\" data-settings=\"{&quot;ekit_we_effect_on&quot;:&quot;none&quot;}\" data-widget_type=\"text-editor.default\">\n\t\t\t\t\t\t\t\t\t<table><tbody><tr><td width=\"131\">Marque:<\/td><td width=\"160\">Ctube<\/td><td width=\"178\">Fabricant d&#039;origine:<\/td><td width=\"114\">Disponible<\/td><\/tr><tr><td width=\"131\">Mat\u00e9riel:<\/td><td width=\"160\">PVC<\/td><td width=\"178\">Longueur:<\/td><td width=\"114\">Norme AU<\/td><\/tr><tr><td width=\"131\">\u00c9paisseur:<\/td><td width=\"160\">Norme AU<\/td><td width=\"178\">Plage de diam\u00e8tre ext\u00e9rieur :<\/td><td width=\"114\">20-150 mm<\/td><\/tr><tr><td width=\"131\">Certification:<\/td><td width=\"160\">Certifications : CE, RoHS, REACH, SGS, ISO<\/td><td width=\"178\">Couleur:<\/td><td width=\"114\">Orange<\/td><\/tr><tr><td width=\"131\">R\u00e9sistance au feu :<\/td><td width=\"160\">V0<\/td><td width=\"178\">R\u00e9sistance aux UV :<\/td><td width=\"114\">Oui<\/td><\/tr><tr><td width=\"131\">Conductivit\u00e9:<\/td><td width=\"160\">Isol\u00e9<\/td><td width=\"178\">Duret\u00e9:<\/td><td width=\"114\">Rigide et r\u00e9sistant aux chocs<\/td><\/tr><tr><td width=\"131\">Emballage:<\/td><td width=\"160\">Sacs en plastique et films PE<\/td><td width=\"178\">\u00c9chantillon:<\/td><td width=\"114\">Gratuit<\/td><\/tr><tr><td width=\"131\">Pays:<\/td><td width=\"160\">Chine<\/td><td width=\"178\">Usine:<\/td><td width=\"114\">Dongguan, Guangdong<\/td><\/tr><\/tbody><\/table><p><strong><b>Caract\u00e9ristiques<\/b><\/strong><\/p><p>\u2013 Tr\u00e8s r\u00e9sistant, r\u00e9sistant \u00e0 une compression maximale de 1250 Nt\/5 cm.<\/p><p>\u2013 Conforme aux normes AS\/NZS 2053.<\/p><p>\u2013 R\u00e9sistant aux chocs, au soleil et au feu.<\/p><p>\u2013 Surface et int\u00e9rieur brillants et lisses.<\/p><p>\u2013 Le PVC durable et non conducteur ne rouille pas et ne se corrode pas<\/p><p>\u2013 Convient aux applications a\u00e9riennes et souterraines.<\/p><p><strong><b>Application<\/b><\/strong><\/p><p>Les conduits \u00e9lectriques rigides robustes Ctube 20-150 mm sont r\u00e9sistants au soleil et utilis\u00e9s expos\u00e9s, encastr\u00e9s dans du b\u00e9ton, dissimul\u00e9s dans des murs et dans des applications d&#039;enfouissement direct, y compris les syst\u00e8mes pour\u00a0:<\/p><p>\u2013 Services publics;<\/p><p>\u2013 C\u00e2bles, donn\u00e9es et lignes de communication ;<\/p><p>\u2013 B\u00e2timents institutionnels, commerciaux et industriels;<\/p><p><strong><b>Capacit\u00e9 de fabrication<\/b><\/strong><\/p><p>\u2013 Capacit\u00e9 de production : 10 000 m\u00e8tres par semaine<\/p><p>\u2013 M\u00e9thodes d\u2019emballage : sacs en plastique et films PE<\/p>\t\t\t\t\t\t\t\t<\/div>\n\t\t\t\t<div class=\"elementor-element elementor-element-4abc331 elementor-widget elementor-widget-text-editor\" data-id=\"4abc331\" data-element_type=\"widget\" data-e-type=\"widget\" data-settings=\"{&quot;ekit_we_effect_on&quot;:&quot;none&quot;}\" data-widget_type=\"text-editor.default\">\n\t\t\t\t\t\t\t\t\t<p><strong><b>Tableau des tailles<\/b><\/strong><\/p><table><tbody><tr><td width=\"109\"><p>Code produit<\/p><\/td><td width=\"109\"><p>Taille nominale<\/p><\/td><td width=\"109\"><p>Poids minimal<\/p><\/td><td width=\"119\"><p>Poids max.<\/p><\/td><td width=\"111\"><p>Longueur<\/p><\/td><\/tr><tr><td><p>CT-HDRCOR20<\/p><\/td><td width=\"109\"><p>20 mm<\/p><\/td><td width=\"109\"><p>2,3 mm<\/p><\/td><td width=\"119\"><p>2,6 mm<\/p><\/td><td width=\"111\"><p>4m<\/p><\/td><\/tr><tr><td><p>CT-HDRCOR25<\/p><\/td><td><p>25 mm<\/p><\/td><td><p>2,5 mm<\/p><\/td><td width=\"119\"><p>2,8 mm<\/p><\/td><td width=\"111\"><p>4m<\/p><\/td><\/tr><tr><td><p>CT-HDRCOR32<\/p><\/td><td><p>32 mm<\/p><\/td><td><p>2,7 mm<\/p><\/td><td width=\"119\"><p>3 mm<\/p><\/td><td width=\"111\"><p>4m<\/p><\/td><\/tr><tr><td><p>CT-HDRCOR40<\/p><\/td><td><p>40 mm<\/p><\/td><td><p>3,1 mm<\/p><\/td><td width=\"119\"><p>3,4 mm<\/p><\/td><td width=\"111\"><p>4m<\/p><\/td><\/tr><tr><td><p>CT-HDRCOR50<\/p><\/td><td><p>50 mm<\/p><\/td><td><p>3,4 mm<\/p><\/td><td width=\"119\"><p>3,9 mm<\/p><\/td><td width=\"111\"><p>4m<\/p><\/td><\/tr><tr><td><p>CT-HDRCOR63<\/p><\/td><td><p>63 mm<\/p><\/td><td><p>3,9 mm<\/p><\/td><td width=\"119\"><p>4,5 mm<\/p><\/td><td width=\"111\"><p>4m<\/p><\/td><\/tr><tr><td><p>CT-HDRCOR80<\/p><\/td><td><p>80 mm<\/p><\/td><td><p>4,6 mm<\/p><\/td><td width=\"119\"><p>5,3 mm<\/p><\/td><td width=\"111\"><p>4m<\/p><\/td><\/tr><tr><td><p>CT-HDRCOR100<\/p><\/td><td><p>100 mm<\/p><\/td><td><p>5,9 mm<\/p><\/td><td width=\"119\"><p>6,7 mm<\/p><\/td><td width=\"111\"><p>4m<\/p><\/td><\/tr><tr><td><p>CT-HDRCOR125<\/p><\/td><td><p>125 mm<\/p><\/td><td><p>7,2 mm<\/p><\/td><td width=\"119\"><p>8,1 mm<\/p><\/td><td width=\"111\"><p>4m<\/p><\/td><\/tr><tr><td><p>CT-HDRCOR150<\/p><\/td><td><p>150 mm<\/p><\/td><td><p>8,3 mm<\/p><\/td><td width=\"119\"><p>9,3 mm<\/p><\/td><td width=\"111\"><p>4m<\/p><\/td><\/tr><\/tbody><\/table><p><br \/><br \/><\/p>\t\t\t\t\t\t\t\t<\/div>\n\t\t\t\t\t<\/div>\n\t\t\t\t<\/div>\n\t\t\t\t<\/div>","protected":false},"excerpt":{"rendered":"<p>Certification de qualit\u00e9:<\/p>\n<p>\u2013 Norme australienne<\/p>\n<p>\u2013 Conforme aux normes AS\/NZS 2053, RoHS, REACH, CE, SGS, ISO<\/p>","protected":false},"featured_media":1786,"comment_status":"closed","ping_status":"closed","template":"","meta":{"_sitemap_exclude":false,"_sitemap_priority":"","_sitemap_frequency":"","_joinchat":[]},"product_brand":[],"product_cat":[40,68,36,50],"product_tag":[],"class_list":{"0":"post-1783","1":"product","2":"type-product","3":"status-publish","4":"has-post-thumbnail","6":"product_cat-as-nzs-listed-pvc-conduit-pipe-series","7":"product_cat-heavy-duty-conduit","8":"product_cat-international-certifications-products","9":"product_cat-rigid-conduit","11":"first","12":"instock","13":"shipping-taxable","14":"product-type-simple"},"_links":{"self":[{"href":"https:\/\/www.ctube-gr.com\/fr\/wp-json\/wp\/v2\/product\/1783","targetHints":{"allow":["GET"]}}],"collection":[{"href":"https:\/\/www.ctube-gr.com\/fr\/wp-json\/wp\/v2\/product"}],"about":[{"href":"https:\/\/www.ctube-gr.com\/fr\/wp-json\/wp\/v2\/types\/product"}],"replies":[{"embeddable":true,"href":"https:\/\/www.ctube-gr.com\/fr\/wp-json\/wp\/v2\/comments?post=1783"}],"version-history":[{"count":0,"href":"https:\/\/www.ctube-gr.com\/fr\/wp-json\/wp\/v2\/product\/1783\/revisions"}],"wp:featuredmedia":[{"embeddable":true,"href":"https:\/\/www.ctube-gr.com\/fr\/wp-json\/wp\/v2\/media\/1786"}],"wp:attachment":[{"href":"https:\/\/www.ctube-gr.com\/fr\/wp-json\/wp\/v2\/media?parent=1783"}],"wp:term":[{"taxonomy":"product_brand","embeddable":true,"href":"https:\/\/www.ctube-gr.com\/fr\/wp-json\/wp\/v2\/product_brand?post=1783"},{"taxonomy":"product_cat","embeddable":true,"href":"https:\/\/www.ctube-gr.com\/fr\/wp-json\/wp\/v2\/product_cat?post=1783"},{"taxonomy":"product_tag","embeddable":true,"href":"https:\/\/www.ctube-gr.com\/fr\/wp-json\/wp\/v2\/product_tag?post=1783"}],"curies":[{"name":"wp","href":"https:\/\/api.w.org\/{rel}","templated":true}]}}