{"id":1794,"date":"2024-03-14T09:34:41","date_gmt":"2024-03-14T09:34:41","guid":{"rendered":"https:\/\/ctube-gr.com\/?post_type=product&#038;p=1794"},"modified":"2024-06-27T03:19:47","modified_gmt":"2024-06-27T03:19:47","slug":"conduit-electrique-en-pvc-rigide-de-resistance-moyenne-ctube-16-150-mm","status":"publish","type":"product","link":"https:\/\/www.ctube-gr.com\/fr\/ctube-16-150mm-medium-duty-rigid-pvc-electrical-conduit","title":{"rendered":"Conduit \u00e9lectrique en PVC rigide pour charges moyennes Ctube 16-150 mm"},"content":{"rendered":"<div data-elementor-type=\"product-post\" data-elementor-id=\"1794\" class=\"elementor elementor-1794\" data-elementor-post-type=\"product\">\n\t\t\t\t<div class=\"elementor-element elementor-element-9993320 e-flex e-con-boxed e-con e-parent\" data-id=\"9993320\" data-element_type=\"container\" data-e-type=\"container\" data-settings=\"{&quot;ekit_has_onepagescroll_dot&quot;:&quot;yes&quot;}\">\n\t\t\t\t\t<div class=\"e-con-inner\">\n\t\t\t\t<div class=\"elementor-element elementor-element-17becb6 elementor-widget elementor-widget-text-editor\" data-id=\"17becb6\" data-element_type=\"widget\" data-e-type=\"widget\" data-settings=\"{&quot;ekit_we_effect_on&quot;:&quot;none&quot;}\" data-widget_type=\"text-editor.default\">\n\t\t\t\t\t\t\t\t\t<table><tbody><tr><td width=\"154\">Marque:<\/td><td width=\"154\">Ctube<\/td><td width=\"155\">Fabricant d&#039;origine:<\/td><td width=\"154\">Disponible<\/td><\/tr><tr><td width=\"154\">Mat\u00e9riel:<\/td><td width=\"154\">PVC<\/td><td width=\"155\">Longueur:<\/td><td width=\"154\">Norme AU<\/td><\/tr><tr><td width=\"154\">\u00c9paisseur:<\/td><td width=\"154\">Norme AU<\/td><td width=\"155\">Plage de diam\u00e8tre ext\u00e9rieur :<\/td><td width=\"154\">16-150 mm<\/td><\/tr><tr><td width=\"154\">Certification:<\/td><td width=\"154\">Certifications : CE, RoHS, REACH, SGS, ISO<\/td><td width=\"155\">Couleur:<\/td><td width=\"154\">Gris<\/td><\/tr><tr><td width=\"154\">R\u00e9sistance au feu :<\/td><td width=\"154\">V0<\/td><td width=\"155\">R\u00e9sistance aux UV :<\/td><td width=\"154\">Oui<\/td><\/tr><tr><td width=\"154\">Conductivit\u00e9:<\/td><td width=\"154\">Isol\u00e9<\/td><td width=\"155\">Duret\u00e9:<\/td><td width=\"154\">Rigide et r\u00e9sistant aux chocs<\/td><\/tr><tr><td width=\"154\">Emballage:<\/td><td width=\"154\">Sacs en plastique et films PE<\/td><td width=\"155\">\u00c9chantillon:<\/td><td width=\"154\">Gratuit<\/td><\/tr><tr><td width=\"154\">Pays:<\/td><td width=\"154\">Chine<\/td><td width=\"155\">Usine:<\/td><td width=\"154\">Dongguan, Guangdong<\/td><\/tr><\/tbody><\/table><p><strong><b>Caract\u00e9ristiques<\/b><\/strong><\/p><p>\u2013 R\u00e9sistance moyenne jusqu\u2019\u00e0 une compression maximale de 750 Nt\/5 cm.<\/p><p>\u2013 Conforme aux normes AS\/NZS 2053.<\/p><p>\u2013 R\u00e9sistant aux chocs, au soleil et au feu.<\/p><p>\u2013 Surface et int\u00e9rieur brillants et lisses.<\/p><p>\u2013 Le PVC durable et non conducteur ne rouille pas et ne se corrode pas<\/p><p>\u2013 Convient aux applications a\u00e9riennes et souterraines.<\/p><p><strong><b>Application<\/b><\/strong><\/p><p>Les conduits \u00e9lectriques rigides \u00e0 usage moyen Ctube 16-150 mm sont r\u00e9sistants au soleil et utilis\u00e9s expos\u00e9s, encastr\u00e9s dans du b\u00e9ton, dissimul\u00e9s dans des murs et dans des applications d&#039;enfouissement direct, y compris les syst\u00e8mes pour\u00a0:<\/p><p>\u2013 Services publics;<\/p><p>\u2013 C\u00e2bles, donn\u00e9es et lignes de communication ;<\/p><p>\u2013 B\u00e2timents institutionnels, commerciaux et industriels;<\/p><p><strong><b>Capacit\u00e9 de fabrication<\/b><\/strong><\/p><p>\u2013 Capacit\u00e9 de production : 10 000 m\u00e8tres par semaine<\/p><p>\u2013 M\u00e9thodes d\u2019emballage : sacs en plastique et films PE<\/p><p><strong><b>Tableau des tailles<\/b><\/strong><\/p><table><tbody><tr><td width=\"119\"><p>Code produit<\/p><\/td><td width=\"119\"><p>Taille nominale<\/p><\/td><td width=\"119\"><p>Longueur<\/p><\/td><td width=\"133\"><p>Poids<\/p><\/td><\/tr><tr><td><p>CT-HDCCOR2010<\/p><\/td><td width=\"119\"><p>20 mm<\/p><\/td><td width=\"119\"><p>10 m<\/p><\/td><td width=\"131\"><p>100 g\/m\u00b2<\/p><\/td><\/tr><tr><td><p>CT-HDCCOR2025<\/p><\/td><td><p>20 mm<\/p><\/td><td><p>25 m<\/p><\/td><td><p>100 g\/m\u00b2<\/p><\/td><\/tr><tr><td><p>CT-HDCCOR2050<\/p><\/td><td><p>20 mm<\/p><\/td><td><p>50 m<\/p><\/td><td><p>100 g\/m\u00b2<\/p><\/td><\/tr><tr><td><p>CT-HDCCOR2510<\/p><\/td><td><p>25 mm<\/p><\/td><td><p>10 m<\/p><\/td><td><p>150 g\/m\u00b2<\/p><\/td><\/tr><tr><td><p>CT-HDCCOR2525<\/p><\/td><td><p>25 mm<\/p><\/td><td><p>25 m<\/p><\/td><td><p>150 g\/m\u00b2<\/p><\/td><\/tr><tr><td><p>CT-HDCCOR2550<\/p><\/td><td><p>25 mm<\/p><\/td><td><p>50 m<\/p><\/td><td><p>150 g\/m\u00b2<\/p><\/td><\/tr><tr><td><p>CT-HDCCOR3210<\/p><\/td><td><p>32 mm<\/p><\/td><td><p>10 m<\/p><\/td><td><p>220 g\/m\u00b2<\/p><\/td><\/tr><tr><td><p>CT-HDCCOR3225<\/p><\/td><td><p>32 mm<\/p><\/td><td><p>25 m<\/p><\/td><td><p>220 g\/m\u00b2<\/p><\/td><\/tr><tr><td><p>CT-HDCCOR4010<\/p><\/td><td><p>40 mm<\/p><\/td><td><p>10 m<\/p><\/td><td><p>230 g\/m\u00b2<\/p><\/td><\/tr><tr><td><p>CT-HDCCOR4025<\/p><\/td><td><p>40 mm<\/p><\/td><td><p>25 m<\/p><\/td><td><p>230 g\/m\u00b2<\/p><\/td><\/tr><tr><td><p>CT-HDCCOR5010<\/p><\/td><td><p>50 mm<\/p><\/td><td><p>10 m<\/p><\/td><td><p>320 g\/m\u00b2<\/p><\/td><\/tr><tr><td><p>CT-HDCCOR5025<\/p><\/td><td><p>50 mm<\/p><\/td><td><p>25 m<\/p><\/td><td><p>320 g\/m\u00b2<\/p><\/td><\/tr><\/tbody><\/table><p>\u00a0<\/p>\t\t\t\t\t\t\t\t<\/div>\n\t\t\t\t\t<\/div>\n\t\t\t\t<\/div>\n\t\t\t\t<\/div>","protected":false},"excerpt":{"rendered":"<p>Certification de qualit\u00e9:<\/p>\n<p>\u2013 Norme australienne<\/p>\n<p>\u2013 Conforme aux normes AS\/NZS 2053, RoHS, REACH, CE, SGS, ISO<\/p>","protected":false},"featured_media":1799,"comment_status":"closed","ping_status":"closed","template":"","meta":{"_sitemap_exclude":false,"_sitemap_priority":"","_sitemap_frequency":"","_joinchat":[]},"product_brand":[],"product_cat":[40,36,67,50],"product_tag":[],"class_list":{"0":"post-1794","1":"product","2":"type-product","3":"status-publish","4":"has-post-thumbnail","6":"product_cat-as-nzs-listed-pvc-conduit-pipe-series","7":"product_cat-international-certifications-products","8":"product_cat-medium-duty-conduit","9":"product_cat-rigid-conduit","11":"first","12":"instock","13":"shipping-taxable","14":"product-type-simple"},"_links":{"self":[{"href":"https:\/\/www.ctube-gr.com\/fr\/wp-json\/wp\/v2\/product\/1794","targetHints":{"allow":["GET"]}}],"collection":[{"href":"https:\/\/www.ctube-gr.com\/fr\/wp-json\/wp\/v2\/product"}],"about":[{"href":"https:\/\/www.ctube-gr.com\/fr\/wp-json\/wp\/v2\/types\/product"}],"replies":[{"embeddable":true,"href":"https:\/\/www.ctube-gr.com\/fr\/wp-json\/wp\/v2\/comments?post=1794"}],"version-history":[{"count":0,"href":"https:\/\/www.ctube-gr.com\/fr\/wp-json\/wp\/v2\/product\/1794\/revisions"}],"wp:featuredmedia":[{"embeddable":true,"href":"https:\/\/www.ctube-gr.com\/fr\/wp-json\/wp\/v2\/media\/1799"}],"wp:attachment":[{"href":"https:\/\/www.ctube-gr.com\/fr\/wp-json\/wp\/v2\/media?parent=1794"}],"wp:term":[{"taxonomy":"product_brand","embeddable":true,"href":"https:\/\/www.ctube-gr.com\/fr\/wp-json\/wp\/v2\/product_brand?post=1794"},{"taxonomy":"product_cat","embeddable":true,"href":"https:\/\/www.ctube-gr.com\/fr\/wp-json\/wp\/v2\/product_cat?post=1794"},{"taxonomy":"product_tag","embeddable":true,"href":"https:\/\/www.ctube-gr.com\/fr\/wp-json\/wp\/v2\/product_tag?post=1794"}],"curies":[{"name":"wp","href":"https:\/\/api.w.org\/{rel}","templated":true}]}}