{"id":1804,"date":"2024-03-14T09:42:24","date_gmt":"2024-03-14T09:42:24","guid":{"rendered":"https:\/\/ctube-gr.com\/?post_type=product&#038;p=1804"},"modified":"2025-06-07T07:56:58","modified_gmt":"2025-06-07T07:56:58","slug":"conduit-rigide-en-pvc-de-type-csa-db2-es2","status":"publish","type":"product","link":"https:\/\/www.ctube-gr.com\/fr\/csa-rigid-type-db2-es2-pvc-conduit-duct-pipe","title":{"rendered":"Conduit rigide en PVC de type DB2\/ES2 de la CSA"},"content":{"rendered":"<p><iframe title=\"Lecteur vid\u00e9o YouTube\" src=\"https:\/\/www.youtube.com\/embed\/D65kxjj3pww?si=dSDuVCmRmcJhm9K0\" width=\"560\" height=\"415\" frameborder=\"0\" allowfullscreen=\"allowfullscreen\"><\/iframe><br \/>\nCertifi\u00e9 CSA, conform\u00e9ment \u00e0 la norme C22.2 n\u00b0 211.1-06<br \/>\n\u2022 type DB2\/ES2 pour enfouissement direct ou encapsulage dans le b\u00e9ton ou la ma\u00e7onnerie<br \/>\n\u2022 haute r\u00e9sistance aux chocs et \u00e0 l&#039;\u00e9crasement<br \/>\n\u2022 Auto-extinguible, r\u00e9sistant au feu<\/p>\n<p>\u2022 Int\u00e9rieur et ext\u00e9rieur lisse<br \/>\n\u2022 Longueurs standards de 10 pieds et 20 pieds avec ou sans embout. D&#039;autres longueurs peuvent \u00eatre personnalis\u00e9es pour des applications sp\u00e9cifiques.<br \/>\n\u2022 Taille : 2, 3, 3-1\/2, 4, 4-1\/2, 5, 6<\/p>\n<table style=\"border-collapse: collapse; width: 595.52pt;\" border=\"0\" width=\"794\" cellspacing=\"0\" cellpadding=\"0\">\n<tbody>\n<tr style=\"height: 22.00pt;\">\n<td style=\"height: 22.00pt; width: 83.25pt;\" width=\"111\" height=\"29\">Article n\u00b0<\/td>\n<td style=\"width: 132.75pt;\" width=\"177\">Taille du commerce<\/td>\n<td style=\"width: 126.00pt;\" width=\"168\">Taille m\u00e9trique<\/td>\n<td style=\"width: 109.50pt;\" width=\"146\">Diam\u00e8tre ext\u00e9rieur moyen (mm)<\/td>\n<td style=\"width: 144.00pt;\" width=\"192\">ID moyen minimum<\/td>\n<\/tr>\n<tr style=\"height: 22.00pt;\">\n<td style=\"height: 22.00pt;\" height=\"29\">CT-DB2RCA<\/td>\n<td>2<\/td>\n<td>53<\/td>\n<td>rnin<\/td>\n<td>mm<\/td>\n<\/tr>\n<tr style=\"height: 22.00pt;\">\n<td style=\"height: 22.00pt;\" height=\"29\">CT-DB2RCB<\/td>\n<td>3<\/td>\n<td>78<\/td>\n<td>57<\/td>\n<td>50.8<\/td>\n<\/tr>\n<tr style=\"height: 22.00pt;\">\n<td style=\"height: 22.00pt;\" height=\"29\">CT-DB2RCC<\/td>\n<td>2003\/1\/2<\/td>\n<td>91<\/td>\n<td>82.35<\/td>\n<td>76.2<\/td>\n<\/tr>\n<tr style=\"height: 22.00pt;\">\n<td style=\"height: 22.00pt;\" height=\"29\">CT-DB2RCD<\/td>\n<td>4<\/td>\n<td>103<\/td>\n<td>94.5<\/td>\n<td>88.4<\/td>\n<\/tr>\n<tr style=\"height: 22.00pt;\">\n<td style=\"height: 22.00pt;\" height=\"29\">CT-DB2RCE<\/td>\n<td>2004\/1\/2<\/td>\n<td>116<\/td>\n<td>106.85<\/td>\n<td>100.1<\/td>\n<\/tr>\n<tr style=\"height: 22.00pt;\">\n<td style=\"height: 22.00pt;\" height=\"29\">CT-DB2RCF<\/td>\n<td>5<\/td>\n<td>129<\/td>\n<td>121.2<\/td>\n<td>114.3<\/td>\n<\/tr>\n<tr style=\"height: 22.00pt;\">\n<td style=\"height: 22.00pt;\" height=\"29\">CT-DB2RCG<\/td>\n<td>6<\/td>\n<td>155<\/td>\n<td>134.35<\/td>\n<td>126.35<\/td>\n<\/tr>\n<\/tbody>\n<\/table>\n<p><img fetchpriority=\"high\" decoding=\"async\" src=\"https:\/\/ctube-gr.com\/wp-content\/uploads\/2024\/03\/tube.webp\" alt=\"\" width=\"689\" height=\"120\" \/><\/p>\n<p><strong><b>Marquages<\/b><\/strong><\/p>\n<p>Les conduits doivent \u00eatre marqu\u00e9s de mani\u00e8re lisible et durable avec des lettres et des chiffres dans une couleur contrastant avec la couleur de la<\/p>\n<p>conduit. Les informations suivantes doivent \u00eatre r\u00e9p\u00e9t\u00e9es \u00e0 des intervalles ne d\u00e9passant pas 1,5 m :<\/p>\n<ol>\n<li>a) le nom du fabricant, sa marque de commerce ou tout autre symbole d\u2019identification reconnu;<\/li>\n<li>b) \u00ab EB1 \u00bb ou \u00ab DB2\/ES2 \u00bb ;<\/li>\n<li>c) \u00ab conduit \u00bb;<\/li>\n<li>d) l\u2019indicateur m\u00e9trique et la taille de la transaction;<\/li>\n<li>e) \u00ab PVC \u00bb;<\/li>\n<li>f) la date de fabrication ou le code du fabricant ; et<\/li>\n<li>g) \u00ab CSA C22.2 no 211.1 \u00bb.<\/li>\n<\/ol>","protected":false},"excerpt":{"rendered":"<p><strong><b>Certification de qualit\u00e9:<\/b><\/strong><\/p>\n<p>\u2013 Certifi\u00e9 CSA, norme CSA C22.2 No.211.1<\/p>","protected":false},"featured_media":7267,"comment_status":"closed","ping_status":"closed","template":"","meta":{"_sitemap_exclude":false,"_sitemap_priority":"","_sitemap_frequency":"","_joinchat":[]},"product_brand":[],"product_cat":[39,71,36],"product_tag":[],"class_list":{"0":"post-1804","1":"product","2":"type-product","3":"status-publish","4":"has-post-thumbnail","6":"product_cat-csa-listed-pvc-conduit-pipe-series","7":"product_cat-db2-conduit","8":"product_cat-international-certifications-products","10":"first","11":"instock","12":"shipping-taxable","13":"product-type-simple"},"_links":{"self":[{"href":"https:\/\/www.ctube-gr.com\/fr\/wp-json\/wp\/v2\/product\/1804","targetHints":{"allow":["GET"]}}],"collection":[{"href":"https:\/\/www.ctube-gr.com\/fr\/wp-json\/wp\/v2\/product"}],"about":[{"href":"https:\/\/www.ctube-gr.com\/fr\/wp-json\/wp\/v2\/types\/product"}],"replies":[{"embeddable":true,"href":"https:\/\/www.ctube-gr.com\/fr\/wp-json\/wp\/v2\/comments?post=1804"}],"version-history":[{"count":0,"href":"https:\/\/www.ctube-gr.com\/fr\/wp-json\/wp\/v2\/product\/1804\/revisions"}],"wp:featuredmedia":[{"embeddable":true,"href":"https:\/\/www.ctube-gr.com\/fr\/wp-json\/wp\/v2\/media\/7267"}],"wp:attachment":[{"href":"https:\/\/www.ctube-gr.com\/fr\/wp-json\/wp\/v2\/media?parent=1804"}],"wp:term":[{"taxonomy":"product_brand","embeddable":true,"href":"https:\/\/www.ctube-gr.com\/fr\/wp-json\/wp\/v2\/product_brand?post=1804"},{"taxonomy":"product_cat","embeddable":true,"href":"https:\/\/www.ctube-gr.com\/fr\/wp-json\/wp\/v2\/product_cat?post=1804"},{"taxonomy":"product_tag","embeddable":true,"href":"https:\/\/www.ctube-gr.com\/fr\/wp-json\/wp\/v2\/product_tag?post=1804"}],"curies":[{"name":"wp","href":"https:\/\/api.w.org\/{rel}","templated":true}]}}