{"id":1817,"date":"2024-03-14T09:58:55","date_gmt":"2024-03-14T09:58:55","guid":{"rendered":"https:\/\/ctube-gr.com\/?post_type=product&#038;p=1817"},"modified":"2024-06-27T03:06:47","modified_gmt":"2024-06-27T03:06:47","slug":"tuyau-de-conduit-electrique-en-pvc-csa","status":"publish","type":"product","link":"https:\/\/www.ctube-gr.com\/fr\/csa-pvc-electrical-conduit-pipe","title":{"rendered":"Conduit \u00e9lectrique rigide en PVC CSA"},"content":{"rendered":"<div data-elementor-type=\"product-post\" data-elementor-id=\"1817\" class=\"elementor elementor-1817\" data-elementor-post-type=\"product\">\n\t\t\t\t<div class=\"elementor-element elementor-element-7c3e93f e-flex e-con-boxed e-con e-parent\" data-id=\"7c3e93f\" data-element_type=\"container\" data-e-type=\"container\" data-settings=\"{&quot;ekit_has_onepagescroll_dot&quot;:&quot;yes&quot;}\">\n\t\t\t\t\t<div class=\"e-con-inner\">\n\t\t\t\t<div class=\"elementor-element elementor-element-bf71a2d elementor-widget elementor-widget-text-editor\" data-id=\"bf71a2d\" data-element_type=\"widget\" data-e-type=\"widget\" data-settings=\"{&quot;ekit_we_effect_on&quot;:&quot;none&quot;}\" data-widget_type=\"text-editor.default\">\n\t\t\t\t\t\t\t\t\t<ul>\n \t<li>Homologu\u00e9 UL : UL651<\/li>\n \t<li>Certifi\u00e9 CSA : CSA C22.2 No.211.2-06<\/li>\n \t<li>Test de mat\u00e9riau PVC avec la norme ASTM, respectueux de l&#039;environnement sans m\u00e9tal lourd.<\/li>\n \t<li>\u00a0Mat\u00e9riau en PVC r\u00e9sistant \u00e0 la corrosion.<\/li>\n \t<li>\u00a0R\u00e9sistant aux chocs.<\/li>\n \t<li>R\u00e9sistant \u00e0 l&#039;\u00e9crasement.<\/li>\n \t<li>\u00a0R\u00e9sistant \u00e0 la lumi\u00e8re du soleil.<\/li>\n \t<li>\u00a0Auto-extinguible, r\u00e9sistant au feu.<\/li>\n \t<li>\u00a0Int\u00e9rieur et ext\u00e9rieur lisse.<\/li>\n \t<li>\u00a0Convient aux applications souterraines ou a\u00e9riennes.<\/li>\n \t<li>\u00a0Longueurs standards de 10 pieds et 20 pieds avec ou sans embout. D&#039;autres longueurs peuvent \u00eatre personnalis\u00e9es pour des applications sp\u00e9cifiques.<\/li>\n \t<li>Taille : 1\/2, 3\/4, 1, 1-1\/2, 2, 2-1\/2, 3, 3-1\/2, 4, 5, 6, 8.<\/li>\n<\/ul>\n<img fetchpriority=\"high\" decoding=\"async\" class=\"alignnone wp-image-1825 size-full\" src=\"https:\/\/ctube-gr.com\/wp-content\/uploads\/2024\/03\/CSA-PVC-Electrical-Conduit-Pipe.png\" alt=\"\" width=\"960\" height=\"733\" srcset=\"https:\/\/www.ctube-gr.com\/wp-content\/uploads\/2024\/03\/CSA-PVC-Electrical-Conduit-Pipe.png 960w, https:\/\/www.ctube-gr.com\/wp-content\/uploads\/2024\/03\/CSA-PVC-Electrical-Conduit-Pipe-300x229.png 300w, https:\/\/www.ctube-gr.com\/wp-content\/uploads\/2024\/03\/CSA-PVC-Electrical-Conduit-Pipe-768x586.png 768w, https:\/\/www.ctube-gr.com\/wp-content\/uploads\/2024\/03\/CSA-PVC-Electrical-Conduit-Pipe-600x458.png 600w\" sizes=\"(max-width: 960px) 100vw, 960px\" \/>\t\t\t\t\t\t\t\t<\/div>\n\t\t\t\t<div class=\"elementor-element elementor-element-ad957ec elementor-widget elementor-widget-text-editor\" data-id=\"ad957ec\" data-element_type=\"widget\" data-e-type=\"widget\" data-settings=\"{&quot;ekit_we_effect_on&quot;:&quot;none&quot;}\" data-widget_type=\"text-editor.default\">\n\t\t\t\t\t\t\t\t\t<p><strong>Marquages<\/strong><\/p><p>Les conduits doivent \u00eatre marqu\u00e9s de mani\u00e8re lisible et durable avec des lettres et des chiffres dans une couleur contrastant avec la couleur de la<\/p><p>conduit. Les informations suivantes doivent \u00eatre r\u00e9p\u00e9t\u00e9es \u00e0 des intervalles ne d\u00e9passant pas 1,5 m :<\/p><p>a) le nom du fabricant, sa marque de commerce ou tout autre symbole d&#039;identification reconnu,<\/p><p>b) \u00ab CONDUIT RIGIDE EN PVC 75C \u00bb,<\/p><p>c) l\u2019indicateur m\u00e9trique et la taille de la transaction;<\/p><p>d) la date de fabrication ou le code du fabricant ;<\/p><p>e)\u00ab CSA C22.2 no 211.2 \u00bb;<br \/>f)\u00ab Sun Res \u00bb ou \u00e9quivalent pour un produit r\u00e9pondant aux exigences de la clause 6.9.<\/p>\t\t\t\t\t\t\t\t<\/div>\n\t\t\t\t\t<\/div>\n\t\t\t\t<\/div>\n\t\t\t\t<\/div>","protected":false},"excerpt":{"rendered":"<p><strong><b>Certification de qualit\u00e9:<\/b><\/strong><\/p>\n<p>CSA C22.2 n\u00b0 211.2<\/p>\n<p>Homologu\u00e9 UL 651<\/p>","protected":false},"featured_media":7265,"comment_status":"closed","ping_status":"closed","template":"","meta":{"_sitemap_exclude":false,"_sitemap_priority":"","_sitemap_frequency":"","_joinchat":[]},"product_brand":[],"product_cat":[39,72,36],"product_tag":[],"class_list":{"0":"post-1817","1":"product","2":"type-product","3":"status-publish","4":"has-post-thumbnail","6":"product_cat-csa-listed-pvc-conduit-pipe-series","7":"product_cat-csa-rigid-pvc-conduit","8":"product_cat-international-certifications-products","10":"first","11":"instock","12":"shipping-taxable","13":"product-type-simple"},"_links":{"self":[{"href":"https:\/\/www.ctube-gr.com\/fr\/wp-json\/wp\/v2\/product\/1817","targetHints":{"allow":["GET"]}}],"collection":[{"href":"https:\/\/www.ctube-gr.com\/fr\/wp-json\/wp\/v2\/product"}],"about":[{"href":"https:\/\/www.ctube-gr.com\/fr\/wp-json\/wp\/v2\/types\/product"}],"replies":[{"embeddable":true,"href":"https:\/\/www.ctube-gr.com\/fr\/wp-json\/wp\/v2\/comments?post=1817"}],"version-history":[{"count":0,"href":"https:\/\/www.ctube-gr.com\/fr\/wp-json\/wp\/v2\/product\/1817\/revisions"}],"wp:featuredmedia":[{"embeddable":true,"href":"https:\/\/www.ctube-gr.com\/fr\/wp-json\/wp\/v2\/media\/7265"}],"wp:attachment":[{"href":"https:\/\/www.ctube-gr.com\/fr\/wp-json\/wp\/v2\/media?parent=1817"}],"wp:term":[{"taxonomy":"product_brand","embeddable":true,"href":"https:\/\/www.ctube-gr.com\/fr\/wp-json\/wp\/v2\/product_brand?post=1817"},{"taxonomy":"product_cat","embeddable":true,"href":"https:\/\/www.ctube-gr.com\/fr\/wp-json\/wp\/v2\/product_cat?post=1817"},{"taxonomy":"product_tag","embeddable":true,"href":"https:\/\/www.ctube-gr.com\/fr\/wp-json\/wp\/v2\/product_tag?post=1817"}],"curies":[{"name":"wp","href":"https:\/\/api.w.org\/{rel}","templated":true}]}}