{"id":1840,"date":"2024-03-14T10:16:15","date_gmt":"2024-03-14T10:16:15","guid":{"rendered":"https:\/\/ctube-gr.com\/?post_type=product&#038;p=1840"},"modified":"2024-06-25T03:00:54","modified_gmt":"2024-06-25T03:00:54","slug":"tuyau-electrique-rigide-en-pvc-gris-resistant-aux-uv-de-20-mm-iec61386","status":"publish","type":"product","link":"https:\/\/www.ctube-gr.com\/fr\/iec61386-20mm-medium-duty-grey-uv-proof-pvc-rigid-electrical-conduit-pipe","title":{"rendered":"Conduit \u00e9lectrique rigide en PVC gris r\u00e9sistant aux UV de 20 mm IEC61386"},"content":{"rendered":"<div data-elementor-type=\"product-post\" data-elementor-id=\"1840\" class=\"elementor elementor-1840\" data-elementor-post-type=\"product\">\n\t\t\t\t<div class=\"elementor-element elementor-element-6c68eab e-flex e-con-boxed e-con e-parent\" data-id=\"6c68eab\" data-element_type=\"container\" data-e-type=\"container\" data-settings=\"{&quot;ekit_has_onepagescroll_dot&quot;:&quot;yes&quot;}\">\n\t\t\t\t\t<div class=\"e-con-inner\">\n\t\t\t\t<div class=\"elementor-element elementor-element-84f76cd elementor-widget elementor-widget-text-editor\" data-id=\"84f76cd\" data-element_type=\"widget\" data-e-type=\"widget\" data-settings=\"{&quot;ekit_we_effect_on&quot;:&quot;none&quot;}\" data-widget_type=\"text-editor.default\">\n\t\t\t\t\t\t\t\t\t<table><tbody><tr><td width=\"154\">Marque:<\/td><td width=\"154\">Ctube<\/td><td width=\"155\">Fabricant d&#039;origine:<\/td><td width=\"154\">Disponible<\/td><\/tr><tr><td width=\"154\">Mat\u00e9riel:<\/td><td width=\"154\">PVC<\/td><td width=\"155\">Longueur:<\/td><td width=\"154\">Norme AU<\/td><\/tr><tr><td width=\"154\">\u00c9paisseur:<\/td><td width=\"154\">Norme AU<\/td><td width=\"155\">Plage de diam\u00e8tre ext\u00e9rieur :<\/td><td width=\"154\">16-150 mm<\/td><\/tr><tr><td width=\"154\">Certification:<\/td><td width=\"154\">Certifications : CE, RoHS, REACH, SGS, ISO<\/td><td width=\"155\">Couleur:<\/td><td width=\"154\">Gris<\/td><\/tr><tr><td width=\"154\">R\u00e9sistance au feu :<\/td><td width=\"154\">V0<\/td><td width=\"155\">R\u00e9sistance aux UV :<\/td><td width=\"154\">Oui<\/td><\/tr><tr><td width=\"154\">Conductivit\u00e9:<\/td><td width=\"154\">Isol\u00e9<\/td><td width=\"155\">Duret\u00e9:<\/td><td width=\"154\">Rigide et r\u00e9sistant aux chocs<\/td><\/tr><tr><td width=\"154\">Emballage:<\/td><td width=\"154\">Sacs en plastique et films PE<\/td><td width=\"155\">\u00c9chantillon:<\/td><td width=\"154\">Gratuit<\/td><\/tr><tr><td width=\"154\">Pays:<\/td><td width=\"154\">Chine<\/td><td width=\"155\">Usine:<\/td><td width=\"154\">Dongguan, Guangdong<\/td><\/tr><\/tbody><\/table><p><strong><b>Caract\u00e9ristiques<\/b><\/strong><\/p><p>\u2013 R\u00e9sistance moyenne jusqu\u2019\u00e0 une compression maximale de 750 Nt\/5 cm.<\/p><p>\u2013 Conforme aux normes AS\/NZS 2053.<\/p><p>\u2013 R\u00e9sistant aux chocs, au soleil et au feu.<\/p><p>\u2013 Surface et int\u00e9rieur brillants et lisses.<\/p><p>\u2013 Le PVC durable et non conducteur ne rouille pas et ne se corrode pas<\/p><p>\u2013 Convient aux applications a\u00e9riennes et souterraines.<\/p><p><strong><b>Application<\/b><\/strong><\/p><p>Les conduits \u00e9lectriques rigides \u00e0 usage moyen Ctube 16-150 mm sont r\u00e9sistants au soleil et utilis\u00e9s expos\u00e9s, encastr\u00e9s dans du b\u00e9ton, dissimul\u00e9s dans des murs et dans des applications d&#039;enfouissement direct, y compris les syst\u00e8mes pour\u00a0:<\/p><p>\u2013 Services publics;<\/p><p>\u2013 C\u00e2bles, donn\u00e9es et lignes de communication ;<\/p><p>\u2013 B\u00e2timents institutionnels, commerciaux et industriels;<\/p><p><strong><b>Capacit\u00e9 de fabrication<\/b><\/strong><\/p><p>\u2013 Capacit\u00e9 de production : 10 000 m\u00e8tres par semaine<\/p><p>\u2013 M\u00e9thodes d\u2019emballage : sacs en plastique et films PE<\/p>\t\t\t\t\t\t\t\t<\/div>\n\t\t\t\t<div class=\"elementor-element elementor-element-1a66699 elementor-widget elementor-widget-text-editor\" data-id=\"1a66699\" data-element_type=\"widget\" data-e-type=\"widget\" data-settings=\"{&quot;ekit_we_effect_on&quot;:&quot;none&quot;}\" data-widget_type=\"text-editor.default\">\n\t\t\t\t\t\t\t\t\t<p><strong><b>Tableau des tailles<\/b><\/strong><\/p><table><tbody><tr><td width=\"110\"><p>Code produit<\/p><\/td><td width=\"110\"><p>Taille nominale<\/p><\/td><td width=\"110\"><p>Poids minimal<\/p><\/td><td width=\"120\"><p>Poids max.<\/p><\/td><td width=\"112\"><p>Longueur<\/p><\/td><\/tr><tr><td><p>CT-MDRCY16<\/p><\/td><td width=\"110\"><p>16 mm<\/p><\/td><td width=\"110\"><p>1,6 mm<\/p><\/td><td width=\"120\"><p>1,9 mm<\/p><\/td><td width=\"112\"><p>4m<\/p><\/td><\/tr><tr><td><p>CT-MDRCY20<\/p><\/td><td><p>20 mm<\/p><\/td><td><p>1,8 mm<\/p><\/td><td width=\"120\"><p>2,1 mm<\/p><\/td><td width=\"112\"><p>4m<\/p><\/td><\/tr><tr><td><p>CT-MDRCY25<\/p><\/td><td><p>25 mm<\/p><\/td><td><p>1,8 mm<\/p><\/td><td width=\"120\"><p>2,1 mm<\/p><\/td><td width=\"112\"><p>4m<\/p><\/td><\/tr><tr><td><p>CT-MDRCY32<\/p><\/td><td><p>32 mm<\/p><\/td><td><p>2,1 mm<\/p><\/td><td width=\"120\"><p>2,4 mm<\/p><\/td><td width=\"112\"><p>4m<\/p><\/td><\/tr><tr><td><p>CT-MDRCY40<\/p><\/td><td><p>40 mm<\/p><\/td><td><p>2,4 mm<\/p><\/td><td width=\"120\"><p>2,7 mm<\/p><\/td><td width=\"112\"><p>4m<\/p><\/td><\/tr><tr><td><p>CT-MDRCY50<\/p><\/td><td><p>50 mm<\/p><\/td><td><p>2,8 mm<\/p><\/td><td width=\"120\"><p>3,1 mm<\/p><\/td><td width=\"112\"><p>4m<\/p><\/td><\/tr><tr><td><p>CT-MDRCY63<\/p><\/td><td><p>63 mm<\/p><\/td><td><p>3 mm<\/p><\/td><td width=\"120\"><p>3,5 mm<\/p><\/td><td width=\"112\"><p>4m<\/p><\/td><\/tr><tr><td><p>CT-MDRCY80<\/p><\/td><td><p>80 mm<\/p><\/td><td><p>3,5 mm<\/p><\/td><td width=\"120\"><p>4,1 mm<\/p><\/td><td width=\"112\"><p>4m<\/p><\/td><\/tr><tr><td><p>CT-MDRCY100<\/p><\/td><td><p>100 mm<\/p><\/td><td><p>4,5 mm<\/p><\/td><td width=\"120\"><p>5,2 mm<\/p><\/td><td width=\"112\"><p>4m<\/p><\/td><\/tr><tr><td><p>CT-MDRCY150<\/p><\/td><td><p>150 mm<\/p><\/td><td><p>6,3 mm<\/p><\/td><td width=\"120\"><p>7,1 mm<\/p><\/td><td width=\"112\"><p>4m<\/p><\/td><\/tr><\/tbody><\/table>\t\t\t\t\t\t\t\t<\/div>\n\t\t\t\t\t<\/div>\n\t\t\t\t<\/div>\n\t\t\t\t<\/div>","protected":false},"excerpt":{"rendered":"<p><strong><b>Certification de qualit\u00e9:<\/b><\/strong><\/p>\n<p>\u2013 Conforme aux normes AS\/NZS 2053, IEC61386<\/p>","protected":false},"featured_media":7514,"comment_status":"closed","ping_status":"closed","template":"","meta":{"_sitemap_exclude":false,"_sitemap_priority":"","_sitemap_frequency":"","_joinchat":[]},"product_brand":[],"product_cat":[41,36,73],"product_tag":[],"class_list":{"0":"post-1840","1":"product","2":"type-product","3":"status-publish","4":"has-post-thumbnail","6":"product_cat-iec-certified-pvc-conduit-pipe-series","7":"product_cat-international-certifications-products","8":"product_cat-medium-duty-conduit-iec-certified-pvc-conduit-pipe-series","10":"first","11":"instock","12":"shipping-taxable","13":"product-type-simple"},"_links":{"self":[{"href":"https:\/\/www.ctube-gr.com\/fr\/wp-json\/wp\/v2\/product\/1840","targetHints":{"allow":["GET"]}}],"collection":[{"href":"https:\/\/www.ctube-gr.com\/fr\/wp-json\/wp\/v2\/product"}],"about":[{"href":"https:\/\/www.ctube-gr.com\/fr\/wp-json\/wp\/v2\/types\/product"}],"replies":[{"embeddable":true,"href":"https:\/\/www.ctube-gr.com\/fr\/wp-json\/wp\/v2\/comments?post=1840"}],"version-history":[{"count":0,"href":"https:\/\/www.ctube-gr.com\/fr\/wp-json\/wp\/v2\/product\/1840\/revisions"}],"wp:featuredmedia":[{"embeddable":true,"href":"https:\/\/www.ctube-gr.com\/fr\/wp-json\/wp\/v2\/media\/7514"}],"wp:attachment":[{"href":"https:\/\/www.ctube-gr.com\/fr\/wp-json\/wp\/v2\/media?parent=1840"}],"wp:term":[{"taxonomy":"product_brand","embeddable":true,"href":"https:\/\/www.ctube-gr.com\/fr\/wp-json\/wp\/v2\/product_brand?post=1840"},{"taxonomy":"product_cat","embeddable":true,"href":"https:\/\/www.ctube-gr.com\/fr\/wp-json\/wp\/v2\/product_cat?post=1840"},{"taxonomy":"product_tag","embeddable":true,"href":"https:\/\/www.ctube-gr.com\/fr\/wp-json\/wp\/v2\/product_tag?post=1840"}],"curies":[{"name":"wp","href":"https:\/\/api.w.org\/{rel}","templated":true}]}}