{"id":1850,"date":"2024-03-14T10:20:56","date_gmt":"2024-03-14T10:20:56","guid":{"rendered":"https:\/\/ctube-gr.com\/?post_type=product&#038;p=1850"},"modified":"2024-06-25T03:58:29","modified_gmt":"2024-06-25T03:58:29","slug":"conduit-electrique-flexible-ondule-en-pvc-iec61386","status":"publish","type":"product","link":"https:\/\/www.ctube-gr.com\/fr\/iec61386-pvc-flexible-corrugated-electrical-tubing-conduit","title":{"rendered":"Conduit \u00e9lectrique flexible ondul\u00e9 en PVC IEC61386"},"content":{"rendered":"<div data-elementor-type=\"product-post\" data-elementor-id=\"1850\" class=\"elementor elementor-1850\" data-elementor-post-type=\"product\">\n\t\t\t\t<div class=\"elementor-element elementor-element-f0c576d e-flex e-con-boxed e-con e-parent\" data-id=\"f0c576d\" data-element_type=\"container\" data-e-type=\"container\" data-settings=\"{&quot;ekit_has_onepagescroll_dot&quot;:&quot;yes&quot;}\">\n\t\t\t\t\t<div class=\"e-con-inner\">\n\t\t\t\t<div class=\"elementor-element elementor-element-8cb5783 elementor-widget elementor-widget-text-editor\" data-id=\"8cb5783\" data-element_type=\"widget\" data-e-type=\"widget\" data-settings=\"{&quot;ekit_we_effect_on&quot;:&quot;none&quot;}\" data-widget_type=\"text-editor.default\">\n\t\t\t\t\t\t\t\t\t<table><tbody><tr><td width=\"328\">Marque:<\/td><td width=\"328\">Ctube<\/td><td width=\"328\">Fabricant d&#039;origine:<\/td><td width=\"328\">Disponible<\/td><\/tr><tr><td width=\"328\">Mat\u00e9riel:<\/td><td width=\"328\">PVC<\/td><td width=\"328\">Longueur:<\/td><td width=\"328\">Norme AU<\/td><\/tr><tr><td width=\"328\">\u00c9paisseur:<\/td><td width=\"328\">Norme AU<\/td><td width=\"328\">Plage de diam\u00e8tre ext\u00e9rieur :<\/td><td width=\"328\">16-50 mm<\/td><\/tr><tr><td width=\"328\">Certification:<\/td><td width=\"328\">Certifications : AS\/NZS, RoHS, REACH, ICE, SGS, ISO<\/td><td width=\"328\">Couleur:<\/td><td width=\"328\">Gris<\/td><\/tr><tr><td width=\"328\">R\u00e9sistance au feu :<\/td><td width=\"328\">V0<\/td><td width=\"328\">R\u00e9sistance aux UV :<\/td><td width=\"328\">Oui<\/td><\/tr><tr><td width=\"328\">Conductivit\u00e9:<\/td><td width=\"328\">Isol\u00e9<\/td><td width=\"328\">Duret\u00e9:<\/td><td width=\"328\">Flexible et r\u00e9sistant aux chocs<\/td><\/tr><tr><td width=\"328\">Emballage:<\/td><td width=\"328\">Sacs en plastique et films PE<\/td><td width=\"328\">\u00c9chantillon:<\/td><td width=\"328\">Gratuit<\/td><\/tr><tr><td width=\"328\">Pays:<\/td><td width=\"328\">Chine<\/td><td width=\"328\">Usine:<\/td><td width=\"328\">Dongguan, Guangdong<\/td><\/tr><\/tbody><\/table><p><strong><b>Caract\u00e9ristiques<\/b><\/strong><\/p><p>\u2013 R\u00e9sistance moyenne jusqu\u2019\u00e0 une compression maximale de 750 Nt\/5 cm.<\/p><p>\u2013 Conforme aux normes IEC61386-1, Rosh, ISO, AS\/NZS 2053, etc.<\/p><p>\u2013 R\u00e9sistant aux chocs, au soleil et au feu.<\/p><p>\u2013 Surface et int\u00e9rieur brillants et lisses.<\/p><p>\u2013 Le PVC durable et non conducteur ne rouille pas et ne se corrode pas<\/p><p>\u2013 Convient aux applications a\u00e9riennes et souterraines.<\/p><p><strong><b>Application<\/b><\/strong><\/p><p>Les conduits \u00e9lectriques flexibles ondul\u00e9s de r\u00e9sistance moyenne Ctube sont g\u00e9n\u00e9ralement utilis\u00e9s pour envelopper les fils, contribuant ainsi \u00e0 r\u00e9duire les risques de dangers \u00e9lectriques, tels que l&#039;\u00e9lectrocution. Le conduit \u00e9lectrique ondul\u00e9 est un \u00e9l\u00e9ment de base utilis\u00e9 par les \u00e9lectriciens et autres entrepreneurs pour une protection \u00e9conomique des c\u00e2bles. Con\u00e7u pour prot\u00e9ger et acheminer le c\u00e2blage \u00e9lectrique. Il poss\u00e8de d&#039;excellentes propri\u00e9t\u00e9s isolantes, ce qui le rend id\u00e9al pour prot\u00e9ger le c\u00e2blage \u00e9lectrique. Sa construction solide, sa r\u00e9sistance chimique et son caract\u00e8re ignifuge offrent une protection dans les environnements difficiles.<\/p><p><strong><b>Capacit\u00e9 de fabrication<\/b><\/strong><\/p><p>\u2013 Capacit\u00e9 de production : 10 000 rouleaux par semaine<\/p><p>\u2013 M\u00e9thodes d\u2019emballage : sacs en plastique et films PE<\/p>\t\t\t\t\t\t\t\t<\/div>\n\t\t\t\t<div class=\"elementor-element elementor-element-3755f3d elementor-widget elementor-widget-text-editor\" data-id=\"3755f3d\" data-element_type=\"widget\" data-e-type=\"widget\" data-settings=\"{&quot;ekit_we_effect_on&quot;:&quot;none&quot;}\" data-widget_type=\"text-editor.default\">\n\t\t\t\t\t\t\t\t\t<p><strong><b>Tableau des tailles<\/b><\/strong><\/p><table><tbody><tr><td width=\"119\"><p>Code produit<\/p><\/td><td width=\"119\"><p>Taille nominale<\/p><\/td><td width=\"119\"><p>Longueur<\/p><\/td><td width=\"133\"><p>Poids<\/p><\/td><\/tr><tr><td><p>CT-HDCCOR2010<\/p><\/td><td width=\"119\"><p>20 mm<\/p><\/td><td width=\"119\"><p>10 m<\/p><\/td><td width=\"131\"><p>100 g\/m\u00b2<\/p><\/td><\/tr><tr><td><p>CT-HDCCOR2025<\/p><\/td><td><p>20 mm<\/p><\/td><td><p>25 m<\/p><\/td><td><p>100 g\/m\u00b2<\/p><\/td><\/tr><tr><td><p>CT-HDCCOR2050<\/p><\/td><td><p>20 mm<\/p><\/td><td><p>50 m<\/p><\/td><td><p>100 g\/m\u00b2<\/p><\/td><\/tr><tr><td><p>CT-HDCCOR2510<\/p><\/td><td><p>25 mm<\/p><\/td><td><p>10 m<\/p><\/td><td><p>150 g\/m\u00b2<\/p><\/td><\/tr><tr><td><p>CT-HDCCOR2525<\/p><\/td><td><p>25 mm<\/p><\/td><td><p>25 m<\/p><\/td><td><p>150 g\/m\u00b2<\/p><\/td><\/tr><tr><td><p>CT-HDCCOR2550<\/p><\/td><td><p>25 mm<\/p><\/td><td><p>50 m<\/p><\/td><td><p>150 g\/m\u00b2<\/p><\/td><\/tr><tr><td><p>CT-HDCCOR3210<\/p><\/td><td><p>32 mm<\/p><\/td><td><p>10 m<\/p><\/td><td><p>220 g\/m\u00b2<\/p><\/td><\/tr><tr><td><p>CT-HDCCOR3225<\/p><\/td><td><p>32 mm<\/p><\/td><td><p>25 m<\/p><\/td><td><p>220 g\/m\u00b2<\/p><\/td><\/tr><tr><td><p>CT-HDCCOR4010<\/p><\/td><td><p>40 mm<\/p><\/td><td><p>10 m<\/p><\/td><td><p>230 g\/m\u00b2<\/p><\/td><\/tr><tr><td><p>CT-HDCCOR4025<\/p><\/td><td><p>40 mm<\/p><\/td><td><p>25 m<\/p><\/td><td><p>230 g\/m\u00b2<\/p><\/td><\/tr><tr><td><p>CT-HDCCOR5010<\/p><\/td><td><p>50 mm<\/p><\/td><td><p>10 m<\/p><\/td><td><p>320 g\/m\u00b2<\/p><\/td><\/tr><tr><td><p>CT-HDCCOR5025<\/p><\/td><td><p>50 mm<\/p><\/td><td><p>25 m<\/p><\/td><td><p>320 g\/m\u00b2<\/p><\/td><\/tr><\/tbody><\/table>\t\t\t\t\t\t\t\t<\/div>\n\t\t\t\t\t<\/div>\n\t\t\t\t<\/div>\n\t\t\t\t<\/div>","protected":false},"excerpt":{"rendered":"<p><strong><b>Certification de qualit\u00e9:<\/b><\/strong><\/p>\n<p>IEC61386-1, Rosh, ISO, AS\/NZS 2053, etc.<\/p>","protected":false},"featured_media":7538,"comment_status":"closed","ping_status":"closed","template":"","meta":{"_sitemap_exclude":false,"_sitemap_priority":"","_sitemap_frequency":"","_joinchat":[]},"product_brand":[],"product_cat":[41,36,74],"product_tag":[],"class_list":{"0":"post-1850","1":"product","2":"type-product","3":"status-publish","4":"has-post-thumbnail","6":"product_cat-iec-certified-pvc-conduit-pipe-series","7":"product_cat-international-certifications-products","8":"product_cat-md-flexible-conduit-grey-iec-certified-pvc-conduit-pipe-series","10":"first","11":"instock","12":"shipping-taxable","13":"product-type-simple"},"_links":{"self":[{"href":"https:\/\/www.ctube-gr.com\/fr\/wp-json\/wp\/v2\/product\/1850","targetHints":{"allow":["GET"]}}],"collection":[{"href":"https:\/\/www.ctube-gr.com\/fr\/wp-json\/wp\/v2\/product"}],"about":[{"href":"https:\/\/www.ctube-gr.com\/fr\/wp-json\/wp\/v2\/types\/product"}],"replies":[{"embeddable":true,"href":"https:\/\/www.ctube-gr.com\/fr\/wp-json\/wp\/v2\/comments?post=1850"}],"version-history":[{"count":0,"href":"https:\/\/www.ctube-gr.com\/fr\/wp-json\/wp\/v2\/product\/1850\/revisions"}],"wp:featuredmedia":[{"embeddable":true,"href":"https:\/\/www.ctube-gr.com\/fr\/wp-json\/wp\/v2\/media\/7538"}],"wp:attachment":[{"href":"https:\/\/www.ctube-gr.com\/fr\/wp-json\/wp\/v2\/media?parent=1850"}],"wp:term":[{"taxonomy":"product_brand","embeddable":true,"href":"https:\/\/www.ctube-gr.com\/fr\/wp-json\/wp\/v2\/product_brand?post=1850"},{"taxonomy":"product_cat","embeddable":true,"href":"https:\/\/www.ctube-gr.com\/fr\/wp-json\/wp\/v2\/product_cat?post=1850"},{"taxonomy":"product_tag","embeddable":true,"href":"https:\/\/www.ctube-gr.com\/fr\/wp-json\/wp\/v2\/product_tag?post=1850"}],"curies":[{"name":"wp","href":"https:\/\/api.w.org\/{rel}","templated":true}]}}