{"id":1872,"date":"2024-03-15T00:38:02","date_gmt":"2024-03-15T00:38:02","guid":{"rendered":"https:\/\/ctube-gr.com\/?post_type=product&#038;p=1872"},"modified":"2024-08-02T08:55:24","modified_gmt":"2024-08-02T08:55:24","slug":"conduit-electrique-rigide-en-pvc-de-type-ctube","status":"publish","type":"product","link":"https:\/\/www.ctube-gr.com\/fr\/ctube-type-a-pvc-rigid-electrical-conduit","title":{"rendered":"Conduit \u00e9lectrique rigide en PVC de type Ctube"},"content":{"rendered":"<p>Le conduit rigide en PVC de type Ctube A est con\u00e7u pour \u00eatre utilis\u00e9 avec un c\u00e2blage \u00e0 75 \u00b0C. Et lorsqu&#039;il est encastr\u00e9 dans du b\u00e9ton dans des tranch\u00e9es \u00e0 l&#039;ext\u00e9rieur des b\u00e2timents, il peut \u00eatre utilis\u00e9 avec un c\u00e2blage \u00e0 90 \u00b0C.<\/p>\n<ul>\n<li>Essai de mat\u00e9riau PVC : ASTM D1784-20<\/li>\n<li>Conforme \u00e0 la norme UL651.<\/li>\n<li>Mat\u00e9riau en PVC r\u00e9sistant \u00e0 la corrosion.<\/li>\n<li>R\u00e9sistant aux chocs.<\/li>\n<li>Auto-extinguible<\/li>\n<li>r\u00e9sistant au feu.<\/li>\n<li>Int\u00e9rieur et ext\u00e9rieur lisse.<\/li>\n<li>Convient aux applications souterraines ou a\u00e9riennes.<\/li>\n<li>Les longueurs standard sont de 10 pieds et 20 pieds avec ou sans extr\u00e9mit\u00e9 \u00e9vas\u00e9e. D&#039;autres longueurs peuvent \u00eatre personnalis\u00e9es pour des applications sp\u00e9cifiques.<\/li>\n<\/ul>\n<p>&nbsp;<\/p>\n<p><strong><b>Propri\u00e9t\u00e9s<\/b><\/strong><\/p>\n<table>\n<tbody>\n<tr>\n<td width=\"192\">R\u00e9sistance \u00e0 la traction<\/td>\n<td width=\"391\">4000 lbf\/po<sup>2<\/sup>\u00a0(2,76 kN\/cm2)<\/td>\n<\/tr>\n<tr>\n<td width=\"192\">Extrusion<\/td>\n<td width=\"391\">Fusion<\/td>\n<\/tr>\n<tr>\n<td width=\"192\">Absorption d&#039;eau<\/td>\n<td width=\"391\">\ufe640,50% du poids total apr\u00e8s trempage<\/td>\n<\/tr>\n<tr>\n<td width=\"192\">R\u00e9sistance \u00e0 l&#039;\u00e9crasement<\/td>\n<td width=\"391\">ID\u226570% apr\u00e8s le test<\/td>\n<\/tr>\n<tr>\n<td width=\"192\">R\u00e9sistance aux impacts<\/td>\n<td width=\"391\">Moins de 3 fissures et d\u00e9chirures de 1\/32 pouce<\/td>\n<\/tr>\n<tr>\n<td width=\"192\">D\u00e9flexion sous charge<\/td>\n<td width=\"391\">\ufe64D\u00e9formation de 0,25 mm (0,010 pouce)<\/td>\n<\/tr>\n<tr>\n<td width=\"192\">Classement au feu<\/td>\n<td width=\"391\">UL 94V-0<\/td>\n<\/tr>\n<tr>\n<td width=\"192\">R\u00e9sistance \u00e0 des r\u00e9actifs sp\u00e9cifiques<\/td>\n<td width=\"391\">Moins de \u00b1 2,501 TP3T Poids apr\u00e8s 60\/120 jours de trempage<\/td>\n<\/tr>\n<tr>\n<td width=\"192\">La permanence de l&#039;impression<\/td>\n<td width=\"391\">Oui<\/td>\n<\/tr>\n<tr>\n<td width=\"192\">R\u00e9sistant \u00e0 la rouille et au soleil<\/td>\n<td width=\"391\">Oui<\/td>\n<\/tr>\n<tr>\n<td width=\"192\">Couleur<\/td>\n<td width=\"391\">Gris ou OEM<\/td>\n<\/tr>\n<tr>\n<td width=\"192\">Mat\u00e9riel<\/td>\n<td width=\"391\">PVC<\/td>\n<\/tr>\n<tr>\n<td width=\"192\">Services de personnalisation<\/td>\n<td width=\"391\">Disponible<\/td>\n<\/tr>\n<tr>\n<td width=\"192\">Lieu d&#039;origine<\/td>\n<td width=\"391\">Dongguan, Chine<\/td>\n<\/tr>\n<tr>\n<td width=\"192\">Exp\u00e9dition<\/td>\n<td width=\"391\">Par mer<\/td>\n<\/tr>\n<tr>\n<td width=\"192\">\u00c9chantillons<\/td>\n<td width=\"391\">Disponible<\/td>\n<\/tr>\n<tr>\n<td width=\"192\">Longueur<\/td>\n<td width=\"391\">10 pieds ou 20 pieds.<\/td>\n<\/tr>\n<\/tbody>\n<\/table>\n<p>&nbsp;<\/p>\n<p><strong><b>Marquages<\/b><\/strong><\/p>\n<p>Informations \u00e0 marquer sur les conduits,<\/p>\n<ol>\n<li>a) L&#039;expression \u00ab conduit rigide en PVC,<\/li>\n<li>b) La taille commerciale du produit conduit,<\/li>\n<li>c) Le nom ou la marque commerciale du fabricant ou tout autre signe distinctif au moyen duquel l&#039;organisme responsable du produit peut \u00eatre facilement identifi\u00e9<\/li>\n<li>d) La date ou toute autre p\u00e9riode de datation de fabrication ne d\u00e9passant pas trois mois cons\u00e9cutifs.<\/li>\n<\/ol>\n<p>Pour un coude, la date de fabrication doit \u00eatre la date \u00e0 laquelle :<\/p>\n<p>1) Le conduit est extrud\u00e9 lorsque l&#039;extrusion et le pliage se produisent au m\u00eame endroit ou<\/p>\n<p>2) Le coude a \u00e9t\u00e9 form\u00e9, l\u00e0 o\u00f9 le conduit est extrud\u00e9 \u00e0 un endroit diff\u00e9rent.<\/p>\n<ol>\n<li>f) Tous les marquages doivent \u00eatre r\u00e9p\u00e9t\u00e9s \u00e0 intervalles uniformes et doivent appara\u00eetre au moins tous les 10 pieds (3 m), mais pas moins d&#039;une fois, sur chaque longueur droite du conduit en PVC.<\/li>\n<\/ol>\n<p>&nbsp;<\/p>\n<p><strong><b>Capacit\u00e9 de fabrication<\/b><\/strong><\/p>\n<p>\u2013 Capacit\u00e9 de production : 100 000 m\u00e8tres par semaine<\/p>\n<p>\u2013 M\u00e9thodes d\u2019emballage : sacs en plastique et films PE<\/p>\n<p><strong><b>Tableau des tailles<br \/>\n<\/b><\/strong><\/p>\n<p><img fetchpriority=\"high\" decoding=\"async\" src=\"https:\/\/ctube-gr.com\/wp-content\/uploads\/2024\/03\/Ctube-Type-A-PVC-Rigid-Electrical-Conduit-.webp\" alt=\"\" width=\"1185\" height=\"830\" \/><\/p>","protected":false},"excerpt":{"rendered":"<p><strong><b>Certification de qualit\u00e9:<\/b><\/strong><\/p>\n<p>\u2013 Homologu\u00e9 UL<\/p>\n<p>\u2013 Conformit\u00e9 \u00e0 la norme ASTM<\/p>","protected":false},"featured_media":7254,"comment_status":"closed","ping_status":"closed","template":"","meta":{"_sitemap_exclude":false,"_sitemap_priority":"","_sitemap_frequency":"","_joinchat":[]},"product_brand":[],"product_cat":[36,79,38],"product_tag":[],"class_list":{"0":"post-1872","1":"product","2":"type-product","3":"status-publish","4":"has-post-thumbnail","6":"product_cat-international-certifications-products","7":"product_cat-type-a-rigid-conduit","8":"product_cat-ul-listed-pvc-conduit-pipe-series","10":"first","11":"instock","12":"shipping-taxable","13":"product-type-simple"},"_links":{"self":[{"href":"https:\/\/www.ctube-gr.com\/fr\/wp-json\/wp\/v2\/product\/1872","targetHints":{"allow":["GET"]}}],"collection":[{"href":"https:\/\/www.ctube-gr.com\/fr\/wp-json\/wp\/v2\/product"}],"about":[{"href":"https:\/\/www.ctube-gr.com\/fr\/wp-json\/wp\/v2\/types\/product"}],"replies":[{"embeddable":true,"href":"https:\/\/www.ctube-gr.com\/fr\/wp-json\/wp\/v2\/comments?post=1872"}],"version-history":[{"count":0,"href":"https:\/\/www.ctube-gr.com\/fr\/wp-json\/wp\/v2\/product\/1872\/revisions"}],"wp:featuredmedia":[{"embeddable":true,"href":"https:\/\/www.ctube-gr.com\/fr\/wp-json\/wp\/v2\/media\/7254"}],"wp:attachment":[{"href":"https:\/\/www.ctube-gr.com\/fr\/wp-json\/wp\/v2\/media?parent=1872"}],"wp:term":[{"taxonomy":"product_brand","embeddable":true,"href":"https:\/\/www.ctube-gr.com\/fr\/wp-json\/wp\/v2\/product_brand?post=1872"},{"taxonomy":"product_cat","embeddable":true,"href":"https:\/\/www.ctube-gr.com\/fr\/wp-json\/wp\/v2\/product_cat?post=1872"},{"taxonomy":"product_tag","embeddable":true,"href":"https:\/\/www.ctube-gr.com\/fr\/wp-json\/wp\/v2\/product_tag?post=1872"}],"curies":[{"name":"wp","href":"https:\/\/api.w.org\/{rel}","templated":true}]}}