{"id":1884,"date":"2024-03-15T00:45:24","date_gmt":"2024-03-15T00:45:24","guid":{"rendered":"https:\/\/ctube-gr.com\/?post_type=product&#038;p=1884"},"modified":"2025-06-07T08:10:17","modified_gmt":"2025-06-07T08:10:17","slug":"conduit-en-pvc-de-la-serie-80-de-ctube-tuyau-de-conduit-de-1-2-8-po-x-10-pi-gris","status":"publish","type":"product","link":"https:\/\/www.ctube-gr.com\/fr\/ctube-schedule-80-pvc-conduit-sch-80-conduit-pipe-1-2-8-in-x-10-ft-grey","title":{"rendered":"Conduit en PVC de la s\u00e9rie 80 de Ctube Tuyau de conduit Sch 80 1\/2 \u2013 8 po x 10 pi \u2013 Gris"},"content":{"rendered":"<p><iframe width=\"560\" height=\"415\" src=\"https:\/\/www.youtube.com\/embed\/u32J5D1BXYM?si=XRnOVmjj1X0r4WLr\" title=\"Lecteur vid\u00e9o YouTube\" frameborder=\"0\" allow=\"accelerometer; autoplay; clipboard-write; encrypted-media; gyroscope; picture-in-picture; web-share\" referrerpolicy=\"strict-origin-when-cross-origin\" allowfullscreen><\/iframe><br \/>\nLes conduits \u00e9lectriques en PVC Ctube Schedule 40 et 80 sont robustes et durables, avec d&#039;excellentes propri\u00e9t\u00e9s telles que la r\u00e9sistance \u00e0 la traction, la r\u00e9sistance au poin\u00e7onnement, l&#039;absorption d&#039;eau, etc., et nous sommes un fabricant r\u00e9pertori\u00e9 UL largement reconnu dans l&#039;industrie.<\/p>\n<p>Depuis plus de 10 ans, nous nous engageons \u00e0 offrir les meilleurs conduits en PVC pour les installations commerciales, r\u00e9sidentielles et publiques. Les conduits en PVC Schedule 40 et 80 peuvent \u00eatre utilis\u00e9s dans des environnements souterrains, au sol et \u00e0 l&#039;ext\u00e9rieur et offriront des ann\u00e9es d&#039;utilisation sans entretien. Par rapport aux conduits m\u00e9talliques, les conduits \u00e9lectriques en PVC pr\u00e9sentent des avantages tels que la l\u00e9g\u00e8ret\u00e9, une bonne isolation, une r\u00e9sistance au soleil et un faible poids. Ils constituent \u00e9galement le meilleur choix pour les projets commerciaux et r\u00e9sidentiels.<\/p>\n<p><strong><b>Caract\u00e9ristiques<\/b><\/strong><\/p>\n<p><strong><b>Homologu\u00e9 UL.\u00a0<\/b><\/strong>Les tuyaux de conduit \u00e9lectriques en PVC homologu\u00e9s UL 651 correspondent parfaitement \u00e0 votre projet et sont vendus en gros sur le march\u00e9 am\u00e9ricain et californien.<\/p>\n<p><strong><b>CLASSEMENT AU FEU UL 94V-0<\/b><\/strong>L&#039;absence de flamme une fois la source d&#039;incendie coup\u00e9e signifie la meilleure r\u00e9sistance au feu de l&#039;industrie.<\/p>\n<p><strong><b>TUYAU EN PVC NON M\u00c9TALLIQUE<\/b><\/strong>La r\u00e9sistance \u00e0 la chaleur, \u00e0 la corrosion, au feu, au soleil et \u00e0 la rouille sont des avantages pour les tuyaux rigides en PVC de calibre 40.<\/p>\n<p><strong><b>POLYVALENT.<\/b><\/strong>\u00a0Que vous acheminiez les conduits de c\u00e2blage \u00e9lectrique au-dessus ou sous terre, les deux fonctionnent bien.<\/p>\n<p><strong><b>SERVICES PERSONNALIS\u00c9S.\u00a0<\/b><\/strong>L&#039;\u00e9paisseur et la couleur peuvent \u00eatre personnalis\u00e9es pour r\u00e9pondre aux besoins de votre entreprise.<\/p>\n<table>\n<tbody>\n<tr>\n<td width=\"113\">R\u00e9sistance \u00e0 la traction<\/td>\n<td width=\"405\">5000 psi (3,45 kN\/cm2)<\/td>\n<\/tr>\n<tr>\n<td width=\"113\">Extrusion<\/td>\n<td width=\"405\">Fusion<\/td>\n<\/tr>\n<tr>\n<td width=\"113\">Absorption d&#039;eau<\/td>\n<td width=\"405\">\ufe640,50% du poids total apr\u00e8s trempage<\/td>\n<\/tr>\n<tr>\n<td width=\"113\">R\u00e9sistance \u00e0 l&#039;\u00e9crasement<\/td>\n<td width=\"405\">ID\u226570% apr\u00e8s le test<\/td>\n<\/tr>\n<tr>\n<td width=\"113\">R\u00e9sistance aux impacts<\/td>\n<td width=\"405\">Moins de 3 fissures et d\u00e9chirures de 1\/32 pouce<\/td>\n<\/tr>\n<tr>\n<td width=\"113\">D\u00e9flexion sous charge<\/td>\n<td width=\"405\">\ufe64D\u00e9formation de 0,25 mm<\/td>\n<\/tr>\n<tr>\n<td width=\"113\">Classement au feu<\/td>\n<td width=\"405\">UL 94V-0<\/td>\n<\/tr>\n<tr>\n<td width=\"113\">R\u00e9sistance \u00e0 des r\u00e9actifs sp\u00e9cifiques<\/td>\n<td width=\"405\">Moins de \u00b1 2,501 TP3T Poids apr\u00e8s 60\/120 jours de trempage<\/td>\n<\/tr>\n<tr>\n<td width=\"113\">La permanence de l&#039;impression<\/td>\n<td width=\"405\">Oui<\/td>\n<\/tr>\n<tr>\n<td width=\"113\">R\u00e9sistant \u00e0 la rouille et au soleil<\/td>\n<td width=\"405\">Oui<\/td>\n<\/tr>\n<tr>\n<td width=\"113\">Couleur<\/td>\n<td width=\"405\">Gris ou Personnalis\u00e9<\/td>\n<\/tr>\n<tr>\n<td width=\"113\">Mat\u00e9riel<\/td>\n<td width=\"405\">PVC<\/td>\n<\/tr>\n<tr>\n<td width=\"113\">Services personnalis\u00e9s<\/td>\n<td width=\"405\">Disponible<\/td>\n<\/tr>\n<tr>\n<td width=\"113\">Lieu d&#039;origine<\/td>\n<td width=\"405\">Dongguan, Chine<\/td>\n<\/tr>\n<tr>\n<td width=\"113\">Exp\u00e9dition<\/td>\n<td width=\"405\">Par mer<\/td>\n<\/tr>\n<tr>\n<td width=\"113\">\u00c9chantillons<\/td>\n<td width=\"405\">Disponible<\/td>\n<\/tr>\n<tr>\n<td width=\"113\">Longueur<\/td>\n<td width=\"405\">10 pieds ou 20 pieds<\/td>\n<\/tr>\n<\/tbody>\n<\/table>\n<p><strong><b>Propri\u00e9t\u00e9s<\/b><\/strong><\/p>\n<p><strong><b>Marquages<\/b><\/strong><\/p>\n<p>Informations \u00e0 marquer sur les conduits,<\/p>\n<ol>\n<li>a) L&#039;expression \u00ab conduit rigide en PVC,<\/li>\n<li>b) La taille commerciale du produit conduit,<\/li>\n<li>c) Le nom ou la marque commerciale du fabricant ou tout autre signe distinctif au moyen duquel l&#039;organisme responsable du produit peut \u00eatre facilement identifi\u00e9<\/li>\n<li>d) La date ou toute autre p\u00e9riode de datation de fabrication ne d\u00e9passant pas trois mois cons\u00e9cutifs.<\/li>\n<\/ol>\n<p>Pour un coude, la date de fabrication doit \u00eatre la date \u00e0 laquelle :<\/p>\n<p>1) Le conduit est extrud\u00e9 lorsque l&#039;extrusion et le pliage se produisent au m\u00eame endroit ou<\/p>\n<p>2) Le coude a \u00e9t\u00e9 form\u00e9, l\u00e0 o\u00f9 le conduit est extrud\u00e9 \u00e0 un endroit diff\u00e9rent.<\/p>\n<ol>\n<li>f) Tous les marquages doivent \u00eatre r\u00e9p\u00e9t\u00e9s \u00e0 intervalles uniformes et doivent appara\u00eetre au moins tous les 10 pieds (3 m), mais pas moins d&#039;une fois, sur chaque longueur droite de conduit en PVC.<\/li>\n<\/ol>\n<p><strong><b>Assurance qualit\u00e9<\/b><\/strong><\/p>\n<p>Ctube a appliqu\u00e9 un syst\u00e8me de gestion de la qualit\u00e9 strict tel que ISO9001:2015 pour contr\u00f4ler la qualit\u00e9 des produits, et nous avons \u00e9tabli un syst\u00e8me d&#039;audit de qualit\u00e9 plus strict au sein de l&#039;usine pour garantir que la qualit\u00e9 des produits que vous achetez est dans les meilleures conditions.<\/p>\n<p>Dans le m\u00eame temps, nos produits sont conformes aux normes CSA, IEC et autres normes organisationnelles, ce qui peut garantir que vous pouvez acheter des produits de haute qualit\u00e9.<\/p>\n<p><strong><b>Application<\/b><\/strong><\/p>\n<p>Les conduits en PVC rigide de la s\u00e9rie Ctube Schedule 80 r\u00e9sistent au soleil et sont utilis\u00e9s expos\u00e9s, encastr\u00e9s dans du b\u00e9ton, dissimul\u00e9s dans des murs et dans des applications d&#039;enfouissement direct, y compris les syst\u00e8mes pour :<\/p>\n<p>\u2013 Services publics;<\/p>\n<p>\u2013 C\u00e2bles, donn\u00e9es et lignes de communication ;<\/p>\n<p>\u2013 B\u00e2timents institutionnels, commerciaux et industriels;<\/p>\n<p><strong><b>Capacit\u00e9 de fabrication<\/b><\/strong><\/p>\n<p>\u2013 Capacit\u00e9 de production : 100 000 m\u00e8tres par semaine<\/p>\n<p>\u2013 M\u00e9thodes d\u2019emballage : sacs en plastique et films PE<\/p>\n<p><strong><b>Tableau des tailles<br \/>\n<\/b><\/strong><\/p>\n<table>\n<tbody>\n<tr>\n<td width=\"67\"><strong><b>Taille<\/b><\/strong><\/td>\n<td width=\"125\"><strong><b>Num\u00e9ro de pi\u00e8ce<\/b><\/strong><\/td>\n<td width=\"113\"><strong><b>OD<\/b><\/strong><\/td>\n<td width=\"105\"><strong><b>T(Min)<\/b><\/strong><\/td>\n<td width=\"156\"><strong><b>Pieds par paquet<\/b><\/strong><\/td>\n<\/tr>\n<tr>\n<td width=\"67\">1\/2<\/td>\n<td width=\"125\">CT-02112<\/td>\n<td width=\"113\">0.840<\/td>\n<td width=\"105\">0.147<\/td>\n<td width=\"156\">6000<\/td>\n<\/tr>\n<tr>\n<td width=\"67\">3\/4<\/td>\n<td width=\"125\">CT-02119<\/td>\n<td width=\"113\">1.050<\/td>\n<td width=\"105\">0.154<\/td>\n<td width=\"156\">4400<\/td>\n<\/tr>\n<tr>\n<td width=\"67\">1<\/td>\n<td width=\"125\">CT-02125<\/td>\n<td width=\"113\">1.315<\/td>\n<td width=\"105\">0.179<\/td>\n<td width=\"156\">3600<\/td>\n<\/tr>\n<tr>\n<td width=\"67\">1-1\/4<\/td>\n<td width=\"125\">CT-02131<\/td>\n<td width=\"113\">1.660<\/td>\n<td width=\"105\">0.191<\/td>\n<td width=\"156\">3300<\/td>\n<\/tr>\n<tr>\n<td width=\"67\">1-1\/2<\/td>\n<td width=\"125\">CT-02138<\/td>\n<td width=\"113\">1.900<\/td>\n<td width=\"105\">0.200<\/td>\n<td width=\"156\">2250<\/td>\n<\/tr>\n<tr>\n<td width=\"67\">2<\/td>\n<td width=\"125\">CT-02150<\/td>\n<td width=\"113\">2.375<\/td>\n<td width=\"105\">0.218<\/td>\n<td width=\"156\">1400<\/td>\n<\/tr>\n<tr>\n<td width=\"67\">2-1\/2<\/td>\n<td width=\"125\">CT-02163<\/td>\n<td width=\"113\">2.875<\/td>\n<td width=\"105\">0.276<\/td>\n<td width=\"156\">930<\/td>\n<\/tr>\n<tr>\n<td width=\"67\">3<\/td>\n<td width=\"125\">CT-02176<\/td>\n<td width=\"113\">3.500<\/td>\n<td width=\"105\">0.300<\/td>\n<td width=\"156\">880<\/td>\n<\/tr>\n<tr>\n<td width=\"67\">3-1\/2<\/td>\n<td width=\"125\">CT-02188<\/td>\n<td width=\"113\">4.000<\/td>\n<td width=\"105\">0.318<\/td>\n<td width=\"156\">630<\/td>\n<\/tr>\n<tr>\n<td width=\"67\">4<\/td>\n<td width=\"125\">CT-021101<\/td>\n<td width=\"113\">4.500<\/td>\n<td width=\"105\">0.337<\/td>\n<td width=\"156\">570<\/td>\n<\/tr>\n<tr>\n<td width=\"67\">5<\/td>\n<td width=\"125\">CT-021127<\/td>\n<td width=\"113\">5.563<\/td>\n<td width=\"105\">0.375<\/td>\n<td width=\"156\">380<\/td>\n<\/tr>\n<tr>\n<td width=\"67\">6<\/td>\n<td width=\"125\">CT-021152<\/td>\n<td width=\"113\">6.625<\/td>\n<td width=\"105\">0.432<\/td>\n<td width=\"156\">260<\/td>\n<\/tr>\n<\/tbody>\n<\/table>","protected":false},"excerpt":{"rendered":"<p><strong><b>Certification de qualit\u00e9:<\/b><\/strong><\/p>\n<p>\u2013 Homologu\u00e9 UL<\/p>\n<p>\u2013 Conformit\u00e9 aux normes CSA, ETL et ASTM<\/p>","protected":false},"featured_media":7248,"comment_status":"closed","ping_status":"closed","template":"","meta":{"_sitemap_exclude":false,"_sitemap_priority":"","_sitemap_frequency":"","_joinchat":[]},"product_brand":[],"product_cat":[36,80,38],"product_tag":[],"class_list":{"0":"post-1884","1":"product","2":"type-product","3":"status-publish","4":"has-post-thumbnail","6":"product_cat-international-certifications-products","7":"product_cat-schedule-80-pvc-conduit-pipe","8":"product_cat-ul-listed-pvc-conduit-pipe-series","10":"first","11":"instock","12":"shipping-taxable","13":"product-type-simple"},"_links":{"self":[{"href":"https:\/\/www.ctube-gr.com\/fr\/wp-json\/wp\/v2\/product\/1884","targetHints":{"allow":["GET"]}}],"collection":[{"href":"https:\/\/www.ctube-gr.com\/fr\/wp-json\/wp\/v2\/product"}],"about":[{"href":"https:\/\/www.ctube-gr.com\/fr\/wp-json\/wp\/v2\/types\/product"}],"replies":[{"embeddable":true,"href":"https:\/\/www.ctube-gr.com\/fr\/wp-json\/wp\/v2\/comments?post=1884"}],"version-history":[{"count":0,"href":"https:\/\/www.ctube-gr.com\/fr\/wp-json\/wp\/v2\/product\/1884\/revisions"}],"wp:featuredmedia":[{"embeddable":true,"href":"https:\/\/www.ctube-gr.com\/fr\/wp-json\/wp\/v2\/media\/7248"}],"wp:attachment":[{"href":"https:\/\/www.ctube-gr.com\/fr\/wp-json\/wp\/v2\/media?parent=1884"}],"wp:term":[{"taxonomy":"product_brand","embeddable":true,"href":"https:\/\/www.ctube-gr.com\/fr\/wp-json\/wp\/v2\/product_brand?post=1884"},{"taxonomy":"product_cat","embeddable":true,"href":"https:\/\/www.ctube-gr.com\/fr\/wp-json\/wp\/v2\/product_cat?post=1884"},{"taxonomy":"product_tag","embeddable":true,"href":"https:\/\/www.ctube-gr.com\/fr\/wp-json\/wp\/v2\/product_tag?post=1884"}],"curies":[{"name":"wp","href":"https:\/\/api.w.org\/{rel}","templated":true}]}}