{"id":1905,"date":"2024-03-15T00:54:07","date_gmt":"2024-03-15T00:54:07","guid":{"rendered":"https:\/\/ctube-gr.com\/?post_type=product&#038;p=1905"},"modified":"2024-11-04T03:59:36","modified_gmt":"2024-11-04T03:59:36","slug":"conduit-rigide-en-pvc-pour-conduit-utilitaire-enterre-direct-ctube-db120","status":"publish","type":"product","link":"https:\/\/www.ctube-gr.com\/fr\/ctube-db120-direct-buried-utility-duct-pvc-rigid-conduit","title":{"rendered":"Conduit rigide en PVC pour conduits d&#039;utilit\u00e9 enterr\u00e9s directement Ctube DB120"},"content":{"rendered":"<div data-elementor-type=\"product-post\" data-elementor-id=\"1905\" class=\"elementor elementor-1905\" data-elementor-post-type=\"product\">\n\t\t\t\t<div class=\"elementor-element elementor-element-a77ddb0 e-flex e-con-boxed e-con e-parent\" data-id=\"a77ddb0\" data-element_type=\"container\" data-e-type=\"container\" data-settings=\"{&quot;ekit_has_onepagescroll_dot&quot;:&quot;yes&quot;}\">\n\t\t\t\t\t<div class=\"e-con-inner\">\n\t\t\t\t<div class=\"elementor-element elementor-element-3182274 elementor-widget elementor-widget-text-editor\" data-id=\"3182274\" data-element_type=\"widget\" data-e-type=\"widget\" data-settings=\"{&quot;ekit_we_effect_on&quot;:&quot;none&quot;}\" data-widget_type=\"text-editor.default\">\n\t\t\t\t\t\t\t\t\t<p>Le conduit rigide en PVC Ctube DB120 est destin\u00e9 \u00e0 l&#039;installation souterraine pour les fils et c\u00e2bles de communication et \u00e9lectriques, adapt\u00e9 \u00e0 l&#039;enfouissement direct sans enrobage dans le b\u00e9ton.<\/p><ul><li>Conforme \u00e0 la norme NEMA TC 688, ASTM F-512.<\/li><li>R\u00e9sistant \u00e0 la corrosion.<\/li><li>R\u00e9sistant aux chocs.<\/li><li>Auto-extinguible, r\u00e9sistant au feu.9<\/li><li>Int\u00e9rieur et ext\u00e9rieur lisse.<\/li><li>Fabriqu\u00e9 en longueurs standard de 10&#039; ou 20&#039; avec une extr\u00e9mit\u00e9 \u00e9vas\u00e9e.<\/li><\/ul><p>\u00a0<\/p><p><strong><b>Propri\u00e9t\u00e9s<\/b><\/strong><\/p><table><tbody><tr><td><p>Nom du produit :<\/p><\/td><td><p>Conduit utilitaire DB 120 \u00e0 enfouissement direct<\/p><\/td><\/tr><tr><td><p>Mati\u00e8re premi\u00e8re :<\/p><\/td><td><p>PVC<\/p><\/td><\/tr><tr><td><p>Certification:<\/p><\/td><td><p>Certifications SGS\/ROSH\/CE\/CEI<\/p><\/td><\/tr><tr><td><p>Taille du commerce :<\/p><\/td><td><p>1&quot;, 1 1\/2&quot;, 2&quot;, 3&quot;, 3 1\/2&quot;, 4&quot;, 5&quot;, 6&quot;\u201d<\/p><\/td><\/tr><tr><td><p>Longueur :<\/p><\/td><td><p>10 PIEDS \/ 20 PIEDS<\/p><\/td><\/tr><tr><td><p>Couleur :<\/p><\/td><td><p>Gris, blanc ou peut \u00eatre personnalis\u00e9<\/p><\/td><\/tr><tr><td><p>Application :<\/p><\/td><td><p>Enterrement direct ou enfouissement sous b\u00e9ton\u00a0<\/p><\/td><\/tr><tr><td><p>Fonctionnalit\u00e9 :<\/p><\/td><td><p>R\u00e9sistance au feu, r\u00e9sistance \u00e0 la corrosion, etc.<\/p><\/td><\/tr><\/tbody><\/table><p><strong><b>Marquages<\/b><\/strong><\/p><p>Informations \u00e0 marquer sur les conduits,<\/p><ol><li>a) L&#039;expression \u00ab conduit rigide en PVC,<\/li><li>b) La taille commerciale du produit conduit,<\/li><li>c) Le nom ou la marque commerciale du fabricant ou tout autre signe distinctif au moyen duquel l&#039;organisme responsable du produit peut \u00eatre facilement identifi\u00e9<\/li><li>d) La date ou toute autre p\u00e9riode de datation de fabrication ne d\u00e9passant pas trois mois cons\u00e9cutifs.<\/li><\/ol><p>Pour un coude, la date de fabrication doit \u00eatre la date \u00e0 laquelle :<\/p><p>1) Le conduit est extrud\u00e9 lorsque l&#039;extrusion et le pliage se produisent au m\u00eame endroit ou<\/p><p>2) Le coude a \u00e9t\u00e9 form\u00e9, l\u00e0 o\u00f9 le conduit est extrud\u00e9 \u00e0 un endroit diff\u00e9rent.<\/p><ol><li>f) Tous les marquages doivent \u00eatre r\u00e9p\u00e9t\u00e9s \u00e0 intervalles uniformes et doivent appara\u00eetre au moins tous les 10 pieds (3 m), mais pas moins d&#039;une fois, sur chaque longueur droite du conduit en PVC.<\/li><\/ol><p><strong><b>Capacit\u00e9 de fabrication<\/b><\/strong><\/p><p>\u2013 Capacit\u00e9 de production : 100 000 m\u00e8tres par semaine<\/p><p>\u2013 M\u00e9thodes d\u2019emballage : sacs en plastique et films PE<\/p>\t\t\t\t\t\t\t\t<\/div>\n\t\t\t\t<div class=\"elementor-element elementor-element-5f2cefe elementor-widget elementor-widget-text-editor\" data-id=\"5f2cefe\" data-element_type=\"widget\" data-e-type=\"widget\" data-settings=\"{&quot;ekit_we_effect_on&quot;:&quot;none&quot;}\" data-widget_type=\"text-editor.default\">\n\t\t\t\t\t\t\t\t\t<p><img fetchpriority=\"high\" decoding=\"async\" class=\"alignnone wp-image-1912 size-full\" src=\"https:\/\/ctube-gr.com\/wp-content\/uploads\/2024\/03\/Ctube-DB120-Direct-Buried-Utility-Duct-PVC-Rigid-Conduit.webp\" alt=\"\" width=\"1069\" height=\"670\" srcset=\"https:\/\/www.ctube-gr.com\/wp-content\/uploads\/2024\/03\/Ctube-DB120-Direct-Buried-Utility-Duct-PVC-Rigid-Conduit.webp 1069w, https:\/\/www.ctube-gr.com\/wp-content\/uploads\/2024\/03\/Ctube-DB120-Direct-Buried-Utility-Duct-PVC-Rigid-Conduit-300x188.webp 300w, https:\/\/www.ctube-gr.com\/wp-content\/uploads\/2024\/03\/Ctube-DB120-Direct-Buried-Utility-Duct-PVC-Rigid-Conduit-1024x642.webp 1024w, https:\/\/www.ctube-gr.com\/wp-content\/uploads\/2024\/03\/Ctube-DB120-Direct-Buried-Utility-Duct-PVC-Rigid-Conduit-768x481.webp 768w, https:\/\/www.ctube-gr.com\/wp-content\/uploads\/2024\/03\/Ctube-DB120-Direct-Buried-Utility-Duct-PVC-Rigid-Conduit-600x376.webp 600w\" sizes=\"(max-width: 1069px) 100vw, 1069px\" \/><\/p>\t\t\t\t\t\t\t\t<\/div>\n\t\t\t\t\t<\/div>\n\t\t\t\t<\/div>\n\t\t\t\t<\/div>","protected":false},"excerpt":{"rendered":"<p><strong><b>Certification de qualit\u00e9:<\/b><\/strong><\/p>\n<p>\u2013 Homologu\u00e9 UL<\/p>\n<p>\u2013 Conformit\u00e9 aux normes ASTM et NEME<\/p>","protected":false},"featured_media":1909,"comment_status":"closed","ping_status":"closed","template":"","meta":{"_sitemap_exclude":false,"_sitemap_priority":"","_sitemap_frequency":"","_monsterinsights_skip_tracking":false,"_monsterinsights_sitenote_active":false,"_monsterinsights_sitenote_note":"","_monsterinsights_sitenote_category":0,"_joinchat":[]},"product_brand":[],"product_cat":[82,36,38],"product_tag":[],"class_list":{"0":"post-1905","1":"product","2":"type-product","3":"status-publish","4":"has-post-thumbnail","6":"product_cat-db120-utility-duct-conduit","7":"product_cat-international-certifications-products","8":"product_cat-ul-listed-pvc-conduit-pipe-series","10":"first","11":"instock","12":"shipping-taxable","13":"product-type-simple"},"_links":{"self":[{"href":"https:\/\/www.ctube-gr.com\/fr\/wp-json\/wp\/v2\/product\/1905","targetHints":{"allow":["GET"]}}],"collection":[{"href":"https:\/\/www.ctube-gr.com\/fr\/wp-json\/wp\/v2\/product"}],"about":[{"href":"https:\/\/www.ctube-gr.com\/fr\/wp-json\/wp\/v2\/types\/product"}],"replies":[{"embeddable":true,"href":"https:\/\/www.ctube-gr.com\/fr\/wp-json\/wp\/v2\/comments?post=1905"}],"version-history":[{"count":0,"href":"https:\/\/www.ctube-gr.com\/fr\/wp-json\/wp\/v2\/product\/1905\/revisions"}],"wp:featuredmedia":[{"embeddable":true,"href":"https:\/\/www.ctube-gr.com\/fr\/wp-json\/wp\/v2\/media\/1909"}],"wp:attachment":[{"href":"https:\/\/www.ctube-gr.com\/fr\/wp-json\/wp\/v2\/media?parent=1905"}],"wp:term":[{"taxonomy":"product_brand","embeddable":true,"href":"https:\/\/www.ctube-gr.com\/fr\/wp-json\/wp\/v2\/product_brand?post=1905"},{"taxonomy":"product_cat","embeddable":true,"href":"https:\/\/www.ctube-gr.com\/fr\/wp-json\/wp\/v2\/product_cat?post=1905"},{"taxonomy":"product_tag","embeddable":true,"href":"https:\/\/www.ctube-gr.com\/fr\/wp-json\/wp\/v2\/product_tag?post=1905"}],"curies":[{"name":"wp","href":"https:\/\/api.w.org\/{rel}","templated":true}]}}