{"id":1916,"date":"2024-03-15T00:58:47","date_gmt":"2024-03-15T00:58:47","guid":{"rendered":"https:\/\/ctube-gr.com\/?post_type=product&#038;p=1916"},"modified":"2025-06-07T08:12:01","modified_gmt":"2025-06-07T08:12:01","slug":"ctube-ent-conduit-electrique-pvc-flexible-non-metallique-gris","status":"publish","type":"product","link":"https:\/\/www.ctube-gr.com\/fr\/ctube-ent-electrical-conduit-pvc-flexible-nonmetallic-tubing-grey","title":{"rendered":"Conduit \u00e9lectrique Ctube ENT Tube flexible non m\u00e9tallique en PVC \u2013 Gris"},"content":{"rendered":"<p><iframe title=\"Lecteur vid\u00e9o YouTube\" src=\"https:\/\/www.youtube.com\/embed\/p1SHAwuiLy8?si=m0aOt029FEpivzEy\" width=\"560\" height=\"415\" frameborder=\"0\" allowfullscreen=\"allowfullscreen\"><span data-mce-type=\"bookmark\" style=\"display: inline-block; width: 0px; overflow: hidden; line-height: 0;\" class=\"mce_SELRES_start\"><\/span><\/iframe><br \/>\nDans les projets actuels, nous avons besoin d&#039;un produit l\u00e9ger, facile \u00e0 plier et r\u00e9sistant \u00e0 la corrosion. Il peut nous aider \u00e0 installer et \u00e0 c\u00e2bler dans des environnements plus complexes tels que les coins. C&#039;est l&#039;origine du conduit \u00e9lectrique flexible ENT.<\/p>\n<p>Nous avons besoin de mati\u00e8res premi\u00e8res de meilleure qualit\u00e9, d&#039;une meilleure conception et de meilleurs processus de production qu&#039;un conduit flexible normal. Pour r\u00e9pondre aux exigences pertinentes de la norme UL 1653, nous avons am\u00e9lior\u00e9 les mati\u00e8res premi\u00e8res, les processus et les formulations. \u00c0 l&#039;heure actuelle, notre qualit\u00e9 satisfait pleinement ou d\u00e9passe les exigences pertinentes de la norme UL.<\/p>\n<p>Parall\u00e8lement, pour s&#039;adapter aux environnements difficiles tels que l&#039;enfouissement direct dans le b\u00e9ton, nous avons pleinement pris en compte chaque d\u00e9tail du produit pour garantir que le tuyau ondul\u00e9 ne posera pas de probl\u00e8mes lors de son utilisation r\u00e9elle (comme une installation murale ou au sol).<\/p>\n<p>En un mot, le conduit \u00e9lectrique flexible ENT est l\u00e9ger, tr\u00e8s r\u00e9sistant, peut \u00eatre directement enterr\u00e9 et s&#039;adapte facilement et compl\u00e8tement \u00e0 diff\u00e9rents environnements, ce qui permet d&#039;\u00e9conomiser de nombreux co\u00fbts de main-d&#039;\u0153uvre pour votre projet. Il est donc largement utilis\u00e9 dans la d\u00e9coration int\u00e9rieure, les h\u00f4pitaux, les projets gouvernementaux, etc.<\/p>\n<p><strong><b>Fonctionnalit\u00e9,<\/b><\/strong><\/p>\n<p><strong><b>Homologu\u00e9 UL.<\/b><\/strong>\u00a0Les conduits flexibles Ctube ENT sont homologu\u00e9s UL. Et leur qualit\u00e9 r\u00e9pond ou d\u00e9passe les normes UL.<\/p>\n<p><strong><b>B\u00e9ton \u00e9tanche.\u00a0<\/b><\/strong>S&#039;adapte parfaitement aux environnements b\u00e9ton et souterrains, nous offrons jusqu&#039;\u00e0 50 ans de garantie et nous assurons que vous l&#039;utilisez en toute confiance.<\/p>\n<p><strong><b>R\u00e9sistant aux chocs.\u00a0<\/b><\/strong>Jusqu&#039;\u00e0 2,7 J (2,0 pi-lbf), l&#039;anti-impact ne se cassera pas et ne se fissurera pas une fois install\u00e9.<\/p>\n<p><strong><b>Classement \u00e9lev\u00e9 contre le feu.<\/b><\/strong>\u00a0Classification au feu UL94. Couper la source d&#039;incendie s&#039;\u00e9teindra d&#039;elle-m\u00eame dans les 5 secondes pour assurer la s\u00e9curit\u00e9 de votre projet.<\/p>\n<p><strong><b>Flexible et solide.\u00a0<\/b><\/strong>Jusqu&#039;\u00e0 170 lb r\u00e9sistant \u00e0 la traction mais tr\u00e8s flexible, pour tirer facilement les fils dans les coins.<\/p>\n<p><strong><b>Partenaire de confiance.\u00a0<\/b><\/strong>Plus de 11 ans d&#039;exp\u00e9rience \u00e0 l&#039;exportation vers les \u00c9tats-Unis et au service de plus de 100 entreprises aux \u00c9tats-Unis et au Canada. Ctube est le fournisseur de tubes \u00e9lectriques le plus fiable en Asie.<\/p>\n<p><strong><b>Sp\u00e9cification<\/b><\/strong><\/p>\n<p><strong><b>\u00a0<\/b><\/strong><\/p>\n<table>\n<tbody>\n<tr>\n<td width=\"189\">R\u00e9sistant aux chocs<\/td>\n<td width=\"390\">2,7 J (2,0 pi-lbf)<\/td>\n<\/tr>\n<tr>\n<td width=\"189\">Anti-courbure<\/td>\n<td width=\"390\">Jusqu&#039;\u00e0 4448 N (1000 lb), aucune fissure<\/td>\n<\/tr>\n<tr>\n<td width=\"189\">R\u00e9sistant \u00e0 la traction<\/td>\n<td width=\"390\">Jusqu&#039;\u00e0 170 lb<\/td>\n<\/tr>\n<tr>\n<td width=\"189\">R\u00e9sistant au feu<\/td>\n<td width=\"390\">Incombustible 2 heures et 4 heures<\/td>\n<\/tr>\n<tr>\n<td width=\"189\">B\u00e9ton \u00e9tanche<\/td>\n<td width=\"390\">Homologu\u00e9 UL<\/td>\n<\/tr>\n<tr>\n<td width=\"189\">Essai de tension<\/td>\n<td width=\"390\">Jusqu&#039;\u00e0 134 N (300 lbf)<\/td>\n<\/tr>\n<tr>\n<td width=\"189\">La permanence de l&#039;impression<\/td>\n<td width=\"390\">Oui<\/td>\n<\/tr>\n<tr>\n<td width=\"189\">R\u00e9sistant \u00e0 la rouille et au soleil<\/td>\n<td width=\"390\">Oui<\/td>\n<\/tr>\n<tr>\n<td width=\"189\">Couleur<\/td>\n<td width=\"390\">Gris, bleu, rouge, jaune ou personnalis\u00e9<\/td>\n<\/tr>\n<tr>\n<td width=\"189\">Mat\u00e9riel<\/td>\n<td width=\"390\">PVC<\/td>\n<\/tr>\n<tr>\n<td width=\"189\">Services personnalis\u00e9s<\/td>\n<td width=\"390\">Disponible<\/td>\n<\/tr>\n<tr>\n<td width=\"189\">Lieu d&#039;origine<\/td>\n<td width=\"390\">Dongguan, Chine<\/td>\n<\/tr>\n<tr>\n<td width=\"189\">Exp\u00e9dition<\/td>\n<td width=\"390\">Par mer ou par air<\/td>\n<\/tr>\n<tr>\n<td width=\"189\">Longueur<\/td>\n<td width=\"390\">Par paquet<\/td>\n<\/tr>\n<\/tbody>\n<\/table>\n<p><strong><b>Marquages<\/b><\/strong><\/p>\n<p>Les \u00e9l\u00e9ments suivants doivent \u00eatre marqu\u00e9s clairement et de mani\u00e8re permanente sur le tube ORL \u00e0 des intervalles ne d\u00e9passant pas 1,5 m (60 po) :<\/p>\n<p>contenu:<\/p>\n<ol>\n<li>a) le nom du fabricant, sa marque de commerce ou tout autre identifiant reconnu;<\/li>\n<li>b) Type \u00ab ENT \u00bb ;<\/li>\n<li>c) mat\u00e9riau de construction \u00ab PVC \u00bb ;<\/li>\n<li>d) Dimensions m\u00e9triques et imp\u00e9riales, telles que 16 (1\/2)\u00a0;<\/li>\n<li>e) \u00ab FT4 \u00bb lorsqu&#039;il est test\u00e9 conform\u00e9ment \u00e0 la clause 7.3; CSA C22.2 NO.227.1-06 UL 1653 21<\/li>\n<li>f) code de production (date de fabrication) ;<\/li>\n<li>g) \u00ab pour les greniers r\u00e9sidentiels \u00e0 900 mm (3 pi) au-dessus du bas des solives de plafond \u00bb lorsque le mat\u00e9riau ENT est conforme \u00e0 la clause 4.1.4;<\/li>\n<li>h) Aux \u00c9tats-Unis, lorsque le fabricant poss\u00e8de plusieurs usines produisant des soufflets \u00e9lectriques non m\u00e9talliques, identifier l&#039;usine de production. Au Canada, l&#039;alin\u00e9a h) ne s&#039;applique pas.<\/li>\n<li>i) Au Canada, la taille commerciale 63 (2-1\/2) devrait \u00eatre marqu\u00e9e \u00ab Canada seulement \u00bb.<\/li>\n<\/ol>\n<p>Le plus petit paquet de longueurs coup\u00e9es finies, de rouleaux ou de bobines doit \u00eatre marqu\u00e9 avec :<\/p>\n<ol>\n<li>a) le nom du fabricant, sa marque de commerce ou tout autre identifiant reconnu;<\/li>\n<li>b) Type \u00ab ENT \u00bb ;<\/li>\n<li>c) mat\u00e9riau de construction \u00ab PVC \u00bb ;<\/li>\n<li>d) Dimensions m\u00e9triques et imp\u00e9riales, telles que 16 (1\/2)\u00a0;<\/li>\n<li>e) la longueur totale du produit dans l\u2019emballage ;<\/li>\n<li>f) les instructions du fabricant pour la fixation des raccords \u00e0 coller (cette marque peut appara\u00eetre sur l&#039;emballage ou dans le livret d&#039;accompagnement) ;<\/li>\n<li>g) \u00ab Pour les greniers r\u00e9sidentiels \u00e0 900 mm (3 pi) au-dessus du bas des solives de plafond \u00bb lorsque le mat\u00e9riau du soufflet \u00e9lectrique non m\u00e9tallique est conforme \u00e0 la section 4.1.4.<\/li>\n<li>h) Au Canada, la taille commerciale 63 (2-1\/2) devrait \u00eatre marqu\u00e9e \u00ab Canada seulement \u00bb.<\/li>\n<\/ol>\n<p>Propri\u00e9t\u00e9s suppl\u00e9mentaires<\/p>\n<p><strong><b>Bobines ORL Ctube \u2013 Bande bleue<\/b><\/strong><\/p>\n<table>\n<tbody>\n<tr>\n<td width=\"100\"><strong><b>Taille (po)<\/b><\/strong><\/td>\n<td width=\"123\"><strong><b>Num\u00e9ro de pi\u00e8ce<\/b><\/strong><\/td>\n<td width=\"83\"><strong><b>OD (dans)<\/b><\/strong><\/td>\n<td width=\"131\"><strong><b>ID (dans)<\/b><\/strong><\/td>\n<td width=\"125\"><strong><b>Longueur en pieds<\/b><\/strong><\/td>\n<\/tr>\n<tr>\n<td width=\"100\">1\/2<\/td>\n<td width=\"123\">CT-ENTFC12<\/td>\n<td width=\"83\">0.840<\/td>\n<td width=\"131\">0.574<\/td>\n<td width=\"125\">200<\/td>\n<\/tr>\n<tr>\n<td width=\"100\">3\/4<\/td>\n<td width=\"123\">CT-ENTFC19<\/td>\n<td width=\"83\">1.050<\/td>\n<td width=\"131\">0.778<\/td>\n<td width=\"125\">100<\/td>\n<\/tr>\n<tr>\n<td width=\"100\">1<\/td>\n<td width=\"123\">CT-ENTFC25<\/td>\n<td width=\"83\">1.315<\/td>\n<td width=\"131\">1.000<\/td>\n<td width=\"125\">100<\/td>\n<\/tr>\n<tr>\n<td width=\"100\">1-1\/4<\/td>\n<td width=\"123\">CT-ENTFC31<\/td>\n<td width=\"83\">1.660<\/td>\n<td width=\"131\">1.340<\/td>\n<td width=\"125\">500<\/td>\n<\/tr>\n<tr>\n<td width=\"100\">1-1\/2<\/td>\n<td width=\"123\">CT-ENTFC38<\/td>\n<td width=\"83\">1.900<\/td>\n<td width=\"131\">1.610<\/td>\n<td width=\"125\">300<\/td>\n<\/tr>\n<tr>\n<td width=\"100\">2<\/td>\n<td width=\"123\">CT-ENTFC50<\/td>\n<td width=\"83\">2.375<\/td>\n<td width=\"131\">2.020<\/td>\n<td width=\"125\">225<\/td>\n<\/tr>\n<\/tbody>\n<\/table>\n<p><strong><b>\u00a0<\/b><\/strong><\/p>\n<p><strong><b>Bobines Ctube ENT \u2013 Bande bleue<\/b><\/strong><\/p>\n<table>\n<tbody>\n<tr>\n<td width=\"90\"><strong><b>Taille (po)<\/b><\/strong><\/td>\n<td width=\"132\"><strong><b>Num\u00e9ro de pi\u00e8ce<\/b><\/strong><\/td>\n<td width=\"83\"><strong><b>OD (dans)<\/b><\/strong><\/td>\n<td width=\"131\"><strong><b>ID (dans)<\/b><\/strong><\/td>\n<td width=\"125\"><strong><b>Longueur en pieds<\/b><\/strong><\/td>\n<\/tr>\n<tr>\n<td width=\"90\">1\/2<\/td>\n<td width=\"132\">CT-ENTFR12<\/td>\n<td width=\"83\">0.840<\/td>\n<td width=\"131\">0.574<\/td>\n<td width=\"125\">1500<\/td>\n<\/tr>\n<tr>\n<td width=\"90\">3\/4<\/td>\n<td width=\"132\">CT-ENTFR19<\/td>\n<td width=\"83\">1.050<\/td>\n<td width=\"131\">0.778<\/td>\n<td width=\"125\">1000<\/td>\n<\/tr>\n<tr>\n<td width=\"90\">1<\/td>\n<td width=\"132\">CT-ENTFR25<\/td>\n<td width=\"83\">1.315<\/td>\n<td width=\"131\">1.000<\/td>\n<td width=\"125\">750<\/td>\n<\/tr>\n<tr>\n<td width=\"90\">1-1\/4<\/td>\n<td width=\"132\">CT-ENTFR31<\/td>\n<td width=\"83\">1.660<\/td>\n<td width=\"131\">1.345<\/td>\n<td width=\"125\">1000<\/td>\n<\/tr>\n<tr>\n<td width=\"90\">1-1\/2<\/td>\n<td width=\"132\">CT-ENTFR38<\/td>\n<td width=\"83\">1.900<\/td>\n<td width=\"131\">1.610<\/td>\n<td width=\"125\">750<\/td>\n<\/tr>\n<tr>\n<td width=\"90\">2<\/td>\n<td width=\"132\">CT-ENTFR50<\/td>\n<td width=\"83\">2.375<\/td>\n<td width=\"131\">2.020<\/td>\n<td width=\"125\">500<\/td>\n<\/tr>\n<tr>\n<td width=\"90\">2-1\/2<\/td>\n<td width=\"132\">CT-ENTFR38<\/td>\n<td width=\"83\">2.866<\/td>\n<td width=\"131\">2.469<\/td>\n<td width=\"125\">325<\/td>\n<\/tr>\n<\/tbody>\n<\/table>\n<p>Remarques : l&#039;\u00e9paisseur et la couleur peuvent \u00eatre personnalis\u00e9es.<\/p>\n<p><strong><b>But<\/b><\/strong><\/p>\n<p>B\u00e2timents pr\u00e9fabriqu\u00e9s<\/p>\n<p>Enterrement direct<\/p>\n<p>B\u00e9ton<\/p>\n<p>Plancher et plafond<\/p>\n<p>Industriel<\/p>","protected":false},"excerpt":{"rendered":"<p><strong><b>Certification de qualit\u00e9:<\/b><\/strong><\/p>\n<p>\u2013 Homologu\u00e9 UL<\/p>","protected":false},"featured_media":7261,"comment_status":"closed","ping_status":"closed","template":"","meta":{"_sitemap_exclude":false,"_sitemap_priority":"","_sitemap_frequency":"","_monsterinsights_skip_tracking":false,"_monsterinsights_sitenote_active":false,"_monsterinsights_sitenote_note":"","_monsterinsights_sitenote_category":0,"_joinchat":[]},"product_brand":[],"product_cat":[76,36,38],"product_tag":[],"class_list":{"0":"post-1916","1":"product","2":"type-product","3":"status-publish","4":"has-post-thumbnail","6":"product_cat-ent-flexible-conduit","7":"product_cat-international-certifications-products","8":"product_cat-ul-listed-pvc-conduit-pipe-series","10":"first","11":"instock","12":"shipping-taxable","13":"product-type-simple"},"_links":{"self":[{"href":"https:\/\/www.ctube-gr.com\/fr\/wp-json\/wp\/v2\/product\/1916","targetHints":{"allow":["GET"]}}],"collection":[{"href":"https:\/\/www.ctube-gr.com\/fr\/wp-json\/wp\/v2\/product"}],"about":[{"href":"https:\/\/www.ctube-gr.com\/fr\/wp-json\/wp\/v2\/types\/product"}],"replies":[{"embeddable":true,"href":"https:\/\/www.ctube-gr.com\/fr\/wp-json\/wp\/v2\/comments?post=1916"}],"version-history":[{"count":0,"href":"https:\/\/www.ctube-gr.com\/fr\/wp-json\/wp\/v2\/product\/1916\/revisions"}],"wp:featuredmedia":[{"embeddable":true,"href":"https:\/\/www.ctube-gr.com\/fr\/wp-json\/wp\/v2\/media\/7261"}],"wp:attachment":[{"href":"https:\/\/www.ctube-gr.com\/fr\/wp-json\/wp\/v2\/media?parent=1916"}],"wp:term":[{"taxonomy":"product_brand","embeddable":true,"href":"https:\/\/www.ctube-gr.com\/fr\/wp-json\/wp\/v2\/product_brand?post=1916"},{"taxonomy":"product_cat","embeddable":true,"href":"https:\/\/www.ctube-gr.com\/fr\/wp-json\/wp\/v2\/product_cat?post=1916"},{"taxonomy":"product_tag","embeddable":true,"href":"https:\/\/www.ctube-gr.com\/fr\/wp-json\/wp\/v2\/product_tag?post=1916"}],"curies":[{"name":"wp","href":"https:\/\/api.w.org\/{rel}","templated":true}]}}