{"id":1926,"date":"2024-03-15T01:02:57","date_gmt":"2024-03-15T01:02:57","guid":{"rendered":"https:\/\/ctube-gr.com\/?post_type=product&#038;p=1926"},"modified":"2024-11-22T07:35:29","modified_gmt":"2024-11-22T07:35:29","slug":"raccords-de-conduits-rigides-en-pvc-de-la-serie-ctube-schedule-40-avec-butee-centrale","status":"publish","type":"product","link":"https:\/\/www.ctube-gr.com\/fr\/ctube-schedule-40-pvc-rigid-conduit-couplings-with-center-stop","title":{"rendered":"Raccords de conduits rigides en PVC Ctube Schedule 40 avec but\u00e9e centrale"},"content":{"rendered":"<p>Les raccords d&#039;expansion rigides sont utilis\u00e9s pour connecter deux morceaux de conduit ensemble<\/p>\n<p>1, construction en PVC programme 40.<br \/>\n2. Raccord d&#039;arr\u00eat central utilis\u00e9 pour joindre des longueurs de tuyaux de conduit avec deux extr\u00e9mit\u00e9s de douille \u00e0 souder par solvant.<br \/>\n3, Con\u00e7u pour les applications hors sol et souterraines.<br \/>\n4. PVC durable et respectueux de l&#039;environnement, ne rouille pas et ne se corrode pas, ce qui est particuli\u00e8rement important dans les applications ext\u00e9rieures.<br \/>\n5. R\u00e9sistant \u00e0 la lumi\u00e8re du soleil, id\u00e9al pour les applications int\u00e9rieures et ext\u00e9rieures.<\/p>\n<p>&nbsp;<\/p>\n<table width=\"840\">\n<tbody>\n<tr>\n<td width=\"274\">Charge de flexion<\/td>\n<td width=\"566\">Jusqu&#039;\u00e0 4448 N (1000 lbf)<\/td>\n<\/tr>\n<tr>\n<td width=\"274\">R\u00e9sistance \u00e0 l&#039;\u00e9crasement<\/td>\n<td width=\"566\">Jusqu&#039;\u00e0 166,7 lbf par lin\u00e9aire<\/td>\n<\/tr>\n<tr>\n<td width=\"274\">Distorsion thermique<\/td>\n<td width=\"566\">\ufe6415% sans fissure<\/td>\n<\/tr>\n<tr>\n<td width=\"274\">Absorption d&#039;eau<\/td>\n<td width=\"566\">\ufe640,50% Poids<\/td>\n<\/tr>\n<tr>\n<td width=\"274\">Test d&#039;inflammabilit\u00e9<\/td>\n<td width=\"566\">Moins de 5 secondes pour continuer \u00e0 flamber<\/td>\n<\/tr>\n<tr>\n<td width=\"274\">Essais de processus d&#039;extrusion\/moulage<\/td>\n<td width=\"566\">Pas d&#039;\u00e9caillage ni de fissures<\/td>\n<\/tr>\n<tr>\n<td width=\"274\">Classement au feu<\/td>\n<td width=\"566\">UL 94V-0<\/td>\n<\/tr>\n<tr>\n<td width=\"274\">La permanence de l&#039;impression<\/td>\n<td width=\"566\">Oui<\/td>\n<\/tr>\n<tr>\n<td width=\"274\">R\u00e9sistant \u00e0 la rouille et au soleil<\/td>\n<td width=\"566\">Oui<\/td>\n<\/tr>\n<tr>\n<td width=\"274\">Couleur<\/td>\n<td width=\"566\">Gris ou Personnalisation<\/td>\n<\/tr>\n<tr>\n<td width=\"274\">Mat\u00e9riel<\/td>\n<td width=\"566\">PVC<\/td>\n<\/tr>\n<tr>\n<td width=\"274\">Services personnalis\u00e9s<\/td>\n<td width=\"566\">Disponible<\/td>\n<\/tr>\n<tr>\n<td width=\"274\">Lieu d&#039;origine<\/td>\n<td width=\"566\">Dongguan, Chine<\/td>\n<\/tr>\n<tr>\n<td width=\"274\">Exp\u00e9dition<\/td>\n<td width=\"566\">Par mer<\/td>\n<\/tr>\n<tr>\n<td width=\"274\">\u00c9chantillons<\/td>\n<td width=\"566\">Disponible<\/td>\n<\/tr>\n<\/tbody>\n<\/table>\n<p>&nbsp;<\/p>\n<p><strong><b>Tableau des tailles<\/b><\/strong><\/p>\n<table>\n<tbody>\n<tr>\n<td width=\"313\"><strong><b>Taille (po)<\/b><\/strong><\/td>\n<td width=\"107\"><strong><b>Num\u00e9ro de pi\u00e8ce<\/b><\/strong><\/td>\n<td width=\"92\"><strong><b>Gagner)<\/b><\/strong><\/td>\n<td width=\"244\"><strong><b>L(dans)<\/b><\/strong><\/td>\n<\/tr>\n<tr>\n<td width=\"313\">1\/2<\/td>\n<td width=\"107\">CT-ULCP01<\/td>\n<td width=\"92\">1.065<\/td>\n<td width=\"244\">1.500<\/td>\n<\/tr>\n<tr>\n<td width=\"313\">3\/4<\/td>\n<td width=\"107\">CT-ULCP02<\/td>\n<td width=\"92\">1.307<\/td>\n<td width=\"244\">1.563<\/td>\n<\/tr>\n<tr>\n<td width=\"313\">1<\/td>\n<td width=\"107\">CT-ULCP03<\/td>\n<td width=\"92\">1.602<\/td>\n<td width=\"244\">2.000<\/td>\n<\/tr>\n<tr>\n<td width=\"313\">1-1\/4<\/td>\n<td width=\"107\">CT-ULCP04<\/td>\n<td width=\"92\">2.019<\/td>\n<td width=\"244\">2.165<\/td>\n<\/tr>\n<tr>\n<td width=\"313\">1-1\/2<\/td>\n<td width=\"107\">CT-ULCP05<\/td>\n<td width=\"92\">2.252<\/td>\n<td width=\"244\">2.357<\/td>\n<\/tr>\n<tr>\n<td width=\"313\">2<\/td>\n<td width=\"107\">CT-ULCP06<\/td>\n<td width=\"92\">2.744<\/td>\n<td width=\"244\">2.600<\/td>\n<\/tr>\n<tr>\n<td width=\"313\">2-1\/2<\/td>\n<td width=\"107\">CT-ULCP07<\/td>\n<td width=\"92\">3.350<\/td>\n<td width=\"244\">3.500<\/td>\n<\/tr>\n<tr>\n<td width=\"313\">3<\/td>\n<td width=\"107\">CT-ULCP08<\/td>\n<td width=\"92\">4.035<\/td>\n<td width=\"244\">3.875<\/td>\n<\/tr>\n<tr>\n<td width=\"313\">3-1\/2<\/td>\n<td width=\"107\">CT-ULCP09<\/td>\n<td width=\"92\">4.539<\/td>\n<td width=\"244\">4.000<\/td>\n<\/tr>\n<tr>\n<td width=\"313\">4<\/td>\n<td width=\"107\">CT-ULCP10<\/td>\n<td width=\"92\">5.039<\/td>\n<td width=\"244\">4.188<\/td>\n<\/tr>\n<tr>\n<td width=\"313\">5<\/td>\n<td width=\"107\">CT-ULCP11<\/td>\n<td width=\"92\">6.168<\/td>\n<td width=\"244\">5.375<\/td>\n<\/tr>\n<tr>\n<td width=\"313\">6<\/td>\n<td width=\"107\">CT-ULCP12<\/td>\n<td width=\"92\">7.430<\/td>\n<td width=\"244\">6.375<\/td>\n<\/tr>\n<tr>\n<td width=\"313\">8<\/td>\n<td width=\"107\">CT-ULCP13<\/td>\n<td width=\"92\">9.315<\/td>\n<td width=\"244\">8.346<\/td>\n<\/tr>\n<\/tbody>\n<\/table>","protected":false},"excerpt":{"rendered":"<p>Rigid Expansion Couplings are used to connect two pieces of conduit together 1,\u00a0 PVC schedule 40 construction. 2, Center stop coupling used to join lengths of conduit pipe together with two solvent weld socket ends. 3, Designed for above-ground and below-ground applications. 4, Durable and eco-friendy PVC, will not rust or corrode which is especially [&hellip;]<\/p>\n","protected":false},"featured_media":9840,"comment_status":"closed","ping_status":"closed","template":"","meta":{"_sitemap_exclude":false,"_sitemap_priority":"","_sitemap_frequency":"","_joinchat":[]},"product_brand":[],"product_cat":[77,36,38],"product_tag":[],"class_list":{"0":"post-1926","1":"product","2":"type-product","3":"status-publish","4":"has-post-thumbnail","6":"product_cat-ul651-fittings","7":"product_cat-international-certifications-products","8":"product_cat-ul-listed-pvc-conduit-pipe-series","10":"first","11":"instock","12":"shipping-taxable","13":"product-type-simple"},"_links":{"self":[{"href":"https:\/\/www.ctube-gr.com\/fr\/wp-json\/wp\/v2\/product\/1926","targetHints":{"allow":["GET"]}}],"collection":[{"href":"https:\/\/www.ctube-gr.com\/fr\/wp-json\/wp\/v2\/product"}],"about":[{"href":"https:\/\/www.ctube-gr.com\/fr\/wp-json\/wp\/v2\/types\/product"}],"replies":[{"embeddable":true,"href":"https:\/\/www.ctube-gr.com\/fr\/wp-json\/wp\/v2\/comments?post=1926"}],"version-history":[{"count":0,"href":"https:\/\/www.ctube-gr.com\/fr\/wp-json\/wp\/v2\/product\/1926\/revisions"}],"wp:featuredmedia":[{"embeddable":true,"href":"https:\/\/www.ctube-gr.com\/fr\/wp-json\/wp\/v2\/media\/9840"}],"wp:attachment":[{"href":"https:\/\/www.ctube-gr.com\/fr\/wp-json\/wp\/v2\/media?parent=1926"}],"wp:term":[{"taxonomy":"product_brand","embeddable":true,"href":"https:\/\/www.ctube-gr.com\/fr\/wp-json\/wp\/v2\/product_brand?post=1926"},{"taxonomy":"product_cat","embeddable":true,"href":"https:\/\/www.ctube-gr.com\/fr\/wp-json\/wp\/v2\/product_cat?post=1926"},{"taxonomy":"product_tag","embeddable":true,"href":"https:\/\/www.ctube-gr.com\/fr\/wp-json\/wp\/v2\/product_tag?post=1926"}],"curies":[{"name":"wp","href":"https:\/\/api.w.org\/{rel}","templated":true}]}}