{"id":1940,"date":"2024-03-15T01:08:09","date_gmt":"2024-03-15T01:08:09","guid":{"rendered":"https:\/\/ctube-gr.com\/?post_type=product&#038;p=1940"},"modified":"2024-11-22T07:13:35","modified_gmt":"2024-11-22T07:13:35","slug":"adaptateurs-de-conduit-en-pvc-pour-borne-male-ctube","status":"publish","type":"product","link":"https:\/\/www.ctube-gr.com\/fr\/ctube-male-terminal-pvc-conduit-adapters","title":{"rendered":"Adaptateurs de conduits en PVC pour bornes m\u00e2les Ctube"},"content":{"rendered":"<p>Le connecteur adaptateur de borne m\u00e2le \u00e0 visser Ctube est un connecteur utilis\u00e9 pour passer d&#039;un conduit en PVC \u00e0 extr\u00e9mit\u00e9 m\u00e2le \u00e0 une extr\u00e9mit\u00e9 femelle filet\u00e9e en m\u00e9tal ou en plastique PVC. Les adaptateurs de borne m\u00e2le peuvent \u00e9galement \u00eatre utilis\u00e9s pour connecter un conduit en PVC \u00e0 une bo\u00eete ou \u00e0 un autre corps filet\u00e9 \u00e0 l&#039;aide d&#039;un contre-\u00e9crou<\/p>\n<p><strong><b>Propri\u00e9t\u00e9s<\/b><\/strong><\/p>\n<table>\n<tbody>\n<tr>\n<td>article<\/td>\n<td>valeur<\/td>\n<\/tr>\n<tr>\n<td>Lieu d&#039;origine<\/td>\n<td>Chine<\/td>\n<\/tr>\n<tr>\n<td>Nom de marque<\/td>\n<td>Ctube<\/td>\n<\/tr>\n<tr>\n<td>Num\u00e9ro de mod\u00e8le<\/td>\n<td>CT-CC1\/2<\/td>\n<\/tr>\n<tr>\n<td>Taper<\/td>\n<td>Thermor\u00e9tractable<\/td>\n<\/tr>\n<tr>\n<td>Mat\u00e9riel<\/td>\n<td>PVC<\/td>\n<\/tr>\n<tr>\n<td>Nom du produit<\/td>\n<td>Adaptateur m\u00e2le en PVC<\/td>\n<\/tr>\n<tr>\n<td>Couleur<\/td>\n<td>Gris<\/td>\n<\/tr>\n<tr>\n<td>Taille<\/td>\n<td>1\/2\u2033 \u2013 1\u2033<\/td>\n<\/tr>\n<tr>\n<td>Application<\/td>\n<td>Protection des c\u00e2bles \u00e9lectriques<\/td>\n<\/tr>\n<tr>\n<td>Certifi\u00e9<\/td>\n<td>CEI, ISO, CE<\/td>\n<\/tr>\n<tr>\n<td>Fonctionnalit\u00e9 1<\/td>\n<td>Classement au feu V0<\/td>\n<\/tr>\n<tr>\n<td>Fonctionnalit\u00e9 2<\/td>\n<td>R\u00e9sistance chimique<\/td>\n<\/tr>\n<tr>\n<td>\u00c9tanche<\/td>\n<td>IP 65<\/td>\n<\/tr>\n<\/tbody>\n<\/table>\n<p><strong><b>Tableau des tailles<\/b><\/strong><\/p>\n<table>\n<tbody>\n<tr>\n<td>Code des produits<\/td>\n<td>Taille<\/td>\n<td>Gagner)<\/td>\n<td>L(dans)<\/td>\n<td>H(dans)<\/td>\n<\/tr>\n<tr>\n<td>CT-A<\/td>\n<td>1\/2<\/td>\n<td>1.069<\/td>\n<td>1.449<\/td>\n<td>0.886<\/td>\n<\/tr>\n<tr>\n<td>CT-B<\/td>\n<td>3\/4<\/td>\n<td>1.302<\/td>\n<td>1.529<\/td>\n<td>0.965<\/td>\n<\/tr>\n<tr>\n<td>CT-C<\/td>\n<td>1<\/td>\n<td>1.587<\/td>\n<td>1.889<\/td>\n<td>1.201<\/td>\n<\/tr>\n<\/tbody>\n<\/table>","protected":false},"excerpt":{"rendered":"<p>Ctube plain to screwed male terminal adapter connector is a connector used to transition from a spigot end PVC conduit to a threaded metal or PVC plastic female bell end. Male Terminal Adapters can also be used to connect PVC conduit to a box or other threaded body with the use of a lock nut [&hellip;]<\/p>\n","protected":false},"featured_media":9835,"comment_status":"closed","ping_status":"closed","template":"","meta":{"_sitemap_exclude":false,"_sitemap_priority":"","_sitemap_frequency":"","_joinchat":[]},"product_brand":[],"product_cat":[77,36,38],"product_tag":[],"class_list":{"0":"post-1940","1":"product","2":"type-product","3":"status-publish","4":"has-post-thumbnail","6":"product_cat-ul651-fittings","7":"product_cat-international-certifications-products","8":"product_cat-ul-listed-pvc-conduit-pipe-series","10":"first","11":"instock","12":"shipping-taxable","13":"product-type-simple"},"_links":{"self":[{"href":"https:\/\/www.ctube-gr.com\/fr\/wp-json\/wp\/v2\/product\/1940","targetHints":{"allow":["GET"]}}],"collection":[{"href":"https:\/\/www.ctube-gr.com\/fr\/wp-json\/wp\/v2\/product"}],"about":[{"href":"https:\/\/www.ctube-gr.com\/fr\/wp-json\/wp\/v2\/types\/product"}],"replies":[{"embeddable":true,"href":"https:\/\/www.ctube-gr.com\/fr\/wp-json\/wp\/v2\/comments?post=1940"}],"version-history":[{"count":0,"href":"https:\/\/www.ctube-gr.com\/fr\/wp-json\/wp\/v2\/product\/1940\/revisions"}],"wp:featuredmedia":[{"embeddable":true,"href":"https:\/\/www.ctube-gr.com\/fr\/wp-json\/wp\/v2\/media\/9835"}],"wp:attachment":[{"href":"https:\/\/www.ctube-gr.com\/fr\/wp-json\/wp\/v2\/media?parent=1940"}],"wp:term":[{"taxonomy":"product_brand","embeddable":true,"href":"https:\/\/www.ctube-gr.com\/fr\/wp-json\/wp\/v2\/product_brand?post=1940"},{"taxonomy":"product_cat","embeddable":true,"href":"https:\/\/www.ctube-gr.com\/fr\/wp-json\/wp\/v2\/product_cat?post=1940"},{"taxonomy":"product_tag","embeddable":true,"href":"https:\/\/www.ctube-gr.com\/fr\/wp-json\/wp\/v2\/product_tag?post=1940"}],"curies":[{"name":"wp","href":"https:\/\/api.w.org\/{rel}","templated":true}]}}