{"id":1951,"date":"2024-03-15T01:11:29","date_gmt":"2024-03-15T01:11:29","guid":{"rendered":"https:\/\/ctube-gr.com\/?post_type=product&#038;p=1951"},"modified":"2024-04-26T07:58:01","modified_gmt":"2024-04-26T07:58:01","slug":"coude-a-rayon-de-courbure-a-extremite-evasee-en-pvc-a-90-degres-de-la-nomenclature-40-de-ctube","status":"publish","type":"product","link":"https:\/\/www.ctube-gr.com\/fr\/ctube-90-degree-schedule-40-pvc-belled-end-bend-radius-elbow","title":{"rendered":"Coude \u00e0 rayon de courbure \u00e0 extr\u00e9mit\u00e9 bomb\u00e9e en PVC de 90 degr\u00e9s de la s\u00e9rie 40 de Ctube"},"content":{"rendered":"<p>Les coudes en PVC pour conduits Sch40 sont destin\u00e9s \u00e0 \u00eatre utilis\u00e9s dans un conduit en PVC non m\u00e9tallique lorsqu&#039;un changement de direction est n\u00e9cessaire.<br \/>\n1. Conforme \u00e0 la norme UL651. Construction en PVC de la s\u00e9rie 40<br \/>\n2, Taille de 1\/2\u201d \u00e0 8\u201d.<br \/>\n3, Con\u00e7u pour les applications hors sol et souterraines<br \/>\n4. PVC durable et respectueux de l&#039;environnement, ne rouille pas et ne se corrode pas, ce qui est particuli\u00e8rement important dans les applications ext\u00e9rieures.<br \/>\n5. R\u00e9sistant \u00e0 la lumi\u00e8re du soleil, id\u00e9al pour les applications int\u00e9rieures et ext\u00e9rieures<\/p>\n<p><strong>Propri\u00e9t\u00e9s<\/strong><\/p>\n<div class=\"table\">\n<table width=\"840\">\n<tbody>\n<tr>\n<td width=\"274\">Charge de flexion<\/td>\n<td width=\"566\">Jusqu&#039;\u00e0 4448 N (1000 lbf)<\/td>\n<\/tr>\n<tr>\n<td width=\"274\">R\u00e9sistance \u00e0 l&#039;\u00e9crasement<\/td>\n<td width=\"566\">Jusqu&#039;\u00e0 166,7 lbf par lin\u00e9aire<\/td>\n<\/tr>\n<tr>\n<td width=\"274\">Distorsion thermique<\/td>\n<td width=\"566\">\ufe6415% sans fissure<\/td>\n<\/tr>\n<tr>\n<td width=\"274\">Absorption d&#039;eau<\/td>\n<td width=\"566\">\ufe640,50% Poids<\/td>\n<\/tr>\n<tr>\n<td width=\"274\">Test d&#039;inflammabilit\u00e9<\/td>\n<td width=\"566\">Moins de 5 secondes pour continuer \u00e0 flamber<\/td>\n<\/tr>\n<tr>\n<td width=\"274\">Essais de processus d&#039;extrusion\/moulage<\/td>\n<td width=\"566\">Pas d&#039;\u00e9caillage ni de fissures<\/td>\n<\/tr>\n<tr>\n<td width=\"274\">Classement au feu<\/td>\n<td width=\"566\">UL 94V-0<\/td>\n<\/tr>\n<tr>\n<td width=\"274\">La permanence de l&#039;impression<\/td>\n<td width=\"566\">Oui<\/td>\n<\/tr>\n<tr>\n<td width=\"274\">R\u00e9sistant \u00e0 la rouille et au soleil<\/td>\n<td width=\"566\">Oui<\/td>\n<\/tr>\n<tr>\n<td width=\"274\">Couleur<\/td>\n<td width=\"566\">Gris ou Personnalisation<\/td>\n<\/tr>\n<tr>\n<td width=\"274\">Mat\u00e9riel<\/td>\n<td width=\"566\">PVC<\/td>\n<\/tr>\n<tr>\n<td width=\"274\">Services personnalis\u00e9s<\/td>\n<td width=\"566\">Disponible<\/td>\n<\/tr>\n<tr>\n<td width=\"274\">Lieu d&#039;origine<\/td>\n<td width=\"566\">Dongguan, Chine<\/td>\n<\/tr>\n<tr>\n<td width=\"274\">Exp\u00e9dition<\/td>\n<td width=\"566\">Par mer<\/td>\n<\/tr>\n<tr>\n<td width=\"274\">\u00c9chantillons<\/td>\n<td width=\"566\">Disponible<\/td>\n<\/tr>\n<tr>\n<td width=\"274\">Dimensions<\/td>\n<td width=\"566\">1\/2 \u00e0 8 pouces<\/td>\n<\/tr>\n<\/tbody>\n<\/table>\n<div class=\"chanpinx\">\n<p><strong>Tableau des tailles<br \/>\n<\/strong><\/p>\n<div class=\"table\">\n<table width=\"548\">\n<tbody>\n<tr>\n<td><strong>Taille (po)<\/strong><\/td>\n<td width=\"107\"><strong>Num\u00e9ro d&#039;article<\/strong><\/td>\n<td width=\"81\"><strong>A(dans)<\/strong><\/td>\n<td width=\"128\"><strong>B(dans)<\/strong><\/td>\n<td width=\"122\"><strong>R(dans)<\/strong><\/td>\n<\/tr>\n<tr>\n<td>1\/2<\/td>\n<td width=\"127\">CT-SWB90A<\/td>\n<td width=\"81\">0.84<\/td>\n<td width=\"128\">1.5<\/td>\n<td width=\"122\">4<\/td>\n<\/tr>\n<tr>\n<td>3\/4<\/td>\n<td width=\"107\">CT-SWB90B<\/td>\n<td width=\"81\">1.05<\/td>\n<td width=\"128\">1.5<\/td>\n<td width=\"122\">4.5<\/td>\n<\/tr>\n<tr>\n<td>1<\/td>\n<td width=\"107\">CT-SWB90C<\/td>\n<td width=\"81\">1.315<\/td>\n<td width=\"128\">1.875<\/td>\n<td width=\"122\">5.75<\/td>\n<\/tr>\n<tr>\n<td>1-1\/4<\/td>\n<td width=\"107\">CT-SWB90D<\/td>\n<td width=\"81\">1.66<\/td>\n<td width=\"128\">2<\/td>\n<td width=\"122\">7.25<\/td>\n<\/tr>\n<tr>\n<td>1-1\/2<\/td>\n<td width=\"107\">CT-SWB90E<\/td>\n<td width=\"81\">1.9<\/td>\n<td width=\"128\">2<\/td>\n<td width=\"122\">8.25<\/td>\n<\/tr>\n<tr>\n<td>2<\/td>\n<td width=\"107\">CT-SWB90F<\/td>\n<td width=\"81\">2.375<\/td>\n<td width=\"128\">2<\/td>\n<td width=\"122\">9.5<\/td>\n<\/tr>\n<tr>\n<td>2-1\/2<\/td>\n<td width=\"107\">CT-SWB90G<\/td>\n<td width=\"81\">2.875<\/td>\n<td width=\"128\">3<\/td>\n<td width=\"122\">10.5<\/td>\n<\/tr>\n<tr>\n<td>3<\/td>\n<td width=\"107\">CT-SWB90H<\/td>\n<td width=\"81\">3.5<\/td>\n<td width=\"128\">3.125<\/td>\n<td width=\"122\">13<\/td>\n<\/tr>\n<tr>\n<td>3-1\/2<\/td>\n<td width=\"107\">CT-SWB90I<\/td>\n<td width=\"81\">4<\/td>\n<td width=\"128\">3.25<\/td>\n<td width=\"122\">15<\/td>\n<\/tr>\n<tr>\n<td>4<\/td>\n<td width=\"107\">CT-SWB90J<\/td>\n<td width=\"81\">4.5<\/td>\n<td width=\"128\">3.375<\/td>\n<td width=\"122\">16<\/td>\n<\/tr>\n<tr>\n<td>5<\/td>\n<td width=\"107\">CT-SWB90K<\/td>\n<td width=\"81\">5.563<\/td>\n<td width=\"128\">3.625<\/td>\n<td width=\"122\">24<\/td>\n<\/tr>\n<tr>\n<td>6<\/td>\n<td width=\"107\">CT-SWB90L<\/td>\n<td width=\"81\">6.625<\/td>\n<td width=\"128\">3.75<\/td>\n<td width=\"122\">30<\/td>\n<\/tr>\n<tr>\n<td>8<\/td>\n<td width=\"107\">CT-SWB90M<\/td>\n<td width=\"81\">8.625<\/td>\n<td width=\"128\">6.5<\/td>\n<td width=\"122\">35.5<\/td>\n<\/tr>\n<\/tbody>\n<\/table>\n<\/div>\n<\/div>\n<p>&nbsp;<\/p>\n<\/div>","protected":false},"excerpt":{"rendered":"<p><strong><b>Certification de qualit\u00e9:<\/b><\/strong><\/p>\n<p>\u2013 Homologu\u00e9 UL<\/p>","protected":false},"featured_media":1955,"comment_status":"closed","ping_status":"closed","template":"","meta":{"_sitemap_exclude":false,"_sitemap_priority":"","_sitemap_frequency":"","_joinchat":[]},"product_brand":[],"product_cat":[77,36,38],"product_tag":[],"class_list":{"0":"post-1951","1":"product","2":"type-product","3":"status-publish","4":"has-post-thumbnail","6":"product_cat-ul651-fittings","7":"product_cat-international-certifications-products","8":"product_cat-ul-listed-pvc-conduit-pipe-series","10":"first","11":"instock","12":"shipping-taxable","13":"product-type-simple"},"_links":{"self":[{"href":"https:\/\/www.ctube-gr.com\/fr\/wp-json\/wp\/v2\/product\/1951","targetHints":{"allow":["GET"]}}],"collection":[{"href":"https:\/\/www.ctube-gr.com\/fr\/wp-json\/wp\/v2\/product"}],"about":[{"href":"https:\/\/www.ctube-gr.com\/fr\/wp-json\/wp\/v2\/types\/product"}],"replies":[{"embeddable":true,"href":"https:\/\/www.ctube-gr.com\/fr\/wp-json\/wp\/v2\/comments?post=1951"}],"version-history":[{"count":0,"href":"https:\/\/www.ctube-gr.com\/fr\/wp-json\/wp\/v2\/product\/1951\/revisions"}],"wp:featuredmedia":[{"embeddable":true,"href":"https:\/\/www.ctube-gr.com\/fr\/wp-json\/wp\/v2\/media\/1955"}],"wp:attachment":[{"href":"https:\/\/www.ctube-gr.com\/fr\/wp-json\/wp\/v2\/media?parent=1951"}],"wp:term":[{"taxonomy":"product_brand","embeddable":true,"href":"https:\/\/www.ctube-gr.com\/fr\/wp-json\/wp\/v2\/product_brand?post=1951"},{"taxonomy":"product_cat","embeddable":true,"href":"https:\/\/www.ctube-gr.com\/fr\/wp-json\/wp\/v2\/product_cat?post=1951"},{"taxonomy":"product_tag","embeddable":true,"href":"https:\/\/www.ctube-gr.com\/fr\/wp-json\/wp\/v2\/product_tag?post=1951"}],"curies":[{"name":"wp","href":"https:\/\/api.w.org\/{rel}","templated":true}]}}