{"id":1961,"date":"2024-03-15T01:51:48","date_gmt":"2024-03-15T01:51:48","guid":{"rendered":"https:\/\/ctube-gr.com\/?post_type=product&#038;p=1961"},"modified":"2024-04-29T10:02:38","modified_gmt":"2024-04-29T10:02:38","slug":"boite-adaptable-ctube-85-300mm-lszh","status":"publish","type":"product","link":"https:\/\/www.ctube-gr.com\/fr\/ctube-85-300mm-lszh-adaptable-box","title":{"rendered":"Bo\u00eetier adaptable Ctube 85-300 mm LSZH"},"content":{"rendered":"<div data-elementor-type=\"product-post\" data-elementor-id=\"1961\" class=\"elementor elementor-1961\" data-elementor-post-type=\"product\">\n\t\t\t\t<div class=\"elementor-element elementor-element-5a7cdc4 e-flex e-con-boxed e-con e-parent\" data-id=\"5a7cdc4\" data-element_type=\"container\" data-e-type=\"container\" data-settings=\"{&quot;ekit_has_onepagescroll_dot&quot;:&quot;yes&quot;}\">\n\t\t\t\t\t<div class=\"e-con-inner\">\n\t\t\t\t<div class=\"elementor-element elementor-element-bcd5d3a elementor-widget elementor-widget-text-editor\" data-id=\"bcd5d3a\" data-element_type=\"widget\" data-e-type=\"widget\" data-settings=\"{&quot;ekit_we_effect_on&quot;:&quot;none&quot;}\" data-widget_type=\"text-editor.default\">\n\t\t\t\t\t\t\t\t\t<table><tbody><tr><td width=\"156\">Marque:<\/td><td width=\"156\">Ctube<\/td><td width=\"157\">Fabricant d&#039;origine:<\/td><td width=\"156\">Disponible<\/td><\/tr><tr><td width=\"156\">Mat\u00e9riel:<\/td><td width=\"156\">LSZH<\/td><td width=\"157\">Longueur:<\/td><td width=\"156\">Personnalis\u00e9<\/td><\/tr><tr><td width=\"156\">\u00c9paisseur:<\/td><td width=\"156\">Personnalis\u00e9<\/td><td width=\"157\">Plage de diam\u00e8tre ext\u00e9rieur :<\/td><td width=\"156\">85-300 mm<\/td><\/tr><tr><td width=\"156\">Certification:<\/td><td width=\"156\">RoHS, CE, SGS, ISO<\/td><td width=\"157\">Couleur:<\/td><td width=\"156\">Gris ou personnalis\u00e9<\/td><\/tr><tr><td width=\"156\">R\u00e9sistance au feu :<\/td><td width=\"156\">V0<\/td><td width=\"157\">R\u00e9sistance aux UV :<\/td><td width=\"156\">Oui<\/td><\/tr><tr><td width=\"156\">Conductivit\u00e9:<\/td><td width=\"156\">Isol\u00e9<\/td><td width=\"157\">Duret\u00e9:<\/td><td width=\"156\">Rigide et r\u00e9sistant aux chocs<\/td><\/tr><tr><td width=\"156\">Emballage:<\/td><td width=\"156\">Sacs en plastique et films PE<\/td><td width=\"157\">\u00c9chantillon:<\/td><td width=\"156\">Gratuit<\/td><\/tr><tr><td width=\"156\">Pays:<\/td><td width=\"156\">Chine<\/td><td width=\"157\">Usine:<\/td><td width=\"156\">Dongguan, Guangdong<\/td><\/tr><\/tbody><\/table><p><strong><b>Caract\u00e9ristiques<\/b><\/strong><\/p><p>\u2013 Produit de tr\u00e8s faibles niveaux de fum\u00e9e et est essentiellement sans halog\u00e8ne.<\/p><p>\u2013 Couvercles et vis inclus.<\/p><p>\u2013 Conforme aux normes IEC61386-1, IEC61386-21 IEC60754-1, IEC61034-2, UL94.<\/p><p>\u2013 R\u00e9sistant aux chocs, au soleil et au feu.<\/p><p>\u2013 Surface et int\u00e9rieur brillants et lisses.<\/p><p>\u2013 Le PVC durable et non conducteur ne rouille pas et ne se corrode pas.<\/p><p>\u2013 Convient aux applications a\u00e9riennes et souterraines.<\/p><p><strong><b>Application<\/b><\/strong><\/p><p>Les bo\u00eetiers adaptables LSZH Ctube 85-300 mm sont utilis\u00e9s pour enfermer des jonctions, \u00e9tendre des circuits et terminer des longueurs de c\u00e2bles avec et sans d\u00e9foncements.<\/p><p><strong><b>Capacit\u00e9 de fabrication<\/b><\/strong><\/p><p>\u2013 Capacit\u00e9 de production : 20 000 unit\u00e9s par semaine<\/p><p>\u2013 M\u00e9thodes d\u2019emballage : sacs en plastique et films PE<\/p>\t\t\t\t\t\t\t\t<\/div>\n\t\t\t\t<div class=\"elementor-element elementor-element-87a10cc elementor-widget elementor-widget-text-editor\" data-id=\"87a10cc\" data-element_type=\"widget\" data-e-type=\"widget\" data-settings=\"{&quot;ekit_we_effect_on&quot;:&quot;none&quot;}\" data-widget_type=\"text-editor.default\">\n\t\t\t\t\t\t\t\t\t<p><strong><b>Tableau des tailles<\/b><\/strong><\/p><table><tbody><tr><td width=\"127\"><p>Code produit<\/p><\/td><td width=\"128\"><p>Taille (L x l x H)<\/p><\/td><td width=\"135\"><p>Emballage int\u00e9rieur<\/p><\/td><td width=\"189\"><p>Emballage ext\u00e9rieur<\/p><\/td><\/tr><tr><td><p>CT-HFPJB8562<\/p><\/td><td><p>85x85x62mm<\/p><\/td><td><p>1 unit\u00e9\/bo\u00eete<\/p><\/td><td><p>96 bo\u00eetes\/carton<\/p><\/td><\/tr><tr><td><p>CT-HFPJB10850<\/p><\/td><td width=\"128\"><p>108x108x50mm<\/p><\/td><td width=\"135\"><p>1 unit\u00e9\/bo\u00eete<\/p><\/td><td width=\"189\"><p>63 bo\u00eetes\/carton<\/p><\/td><\/tr><tr><td><p>CT-HFPJB10876<\/p><\/td><td><p>108x108x76mm<\/p><\/td><td><p>1 unit\u00e9\/bo\u00eete<\/p><\/td><td><p>45 bo\u00eetes\/carton<\/p><\/td><\/tr><tr><td><p>CT-HFPJB16381<\/p><\/td><td><p>163x108x81mm<\/p><\/td><td><p>1 unit\u00e9\/bo\u00eete<\/p><\/td><td><p>42 bo\u00eetes\/carton<\/p><\/td><\/tr><tr><td><p>CT-HFPJB21181<\/p><\/td><td><p>211x108x81mm<\/p><\/td><td><p>1 unit\u00e9\/bo\u00eete<\/p><\/td><td><p>18 bo\u00eetes\/carton<\/p><\/td><\/tr><tr><td><p>CT-HFPJB300152<\/p><\/td><td><p>300x200x152mm<\/p><\/td><td><p>1 unit\u00e9\/bo\u00eete<\/p><\/td><td><p>4 bo\u00eetes\/carton<\/p><\/td><\/tr><tr><td><p>CT-HFPJB300200<\/p><\/td><td><p>300x200x200mm<\/p><\/td><td><p>1 unit\u00e9\/bo\u00eete<\/p><\/td><td><p>4 bo\u00eetes\/carton<\/p><\/td><\/tr><\/tbody><\/table>\t\t\t\t\t\t\t\t<\/div>\n\t\t\t\t\t<\/div>\n\t\t\t\t<\/div>\n\t\t\t\t<\/div>","protected":false},"excerpt":{"rendered":"<p><strong><b>Certification de qualit\u00e9:<\/b><\/strong><\/p>\n<p>\u2013 Sp\u00e9cialement con\u00e7u et produit pour les applications solaires.<\/p>\n<p>\u2013 Conforme aux normes IEC61386, ISO, ASTM, UL94.<\/p>","protected":false},"featured_media":1963,"comment_status":"closed","ping_status":"closed","template":"","meta":{"_sitemap_exclude":false,"_sitemap_priority":"","_sitemap_frequency":"","_joinchat":[]},"product_brand":[],"product_cat":[104,43,37],"product_tag":[],"class_list":{"0":"post-1961","1":"product","2":"type-product","3":"status-publish","4":"has-post-thumbnail","6":"product_cat-adaptable-box-low-smoke-halogen-free-conduit-and-fittings","7":"product_cat-low-smoke-halogen-free-conduit-and-fittings","8":"product_cat-specialized-application-products","10":"first","11":"instock","12":"shipping-taxable","13":"product-type-simple"},"_links":{"self":[{"href":"https:\/\/www.ctube-gr.com\/fr\/wp-json\/wp\/v2\/product\/1961","targetHints":{"allow":["GET"]}}],"collection":[{"href":"https:\/\/www.ctube-gr.com\/fr\/wp-json\/wp\/v2\/product"}],"about":[{"href":"https:\/\/www.ctube-gr.com\/fr\/wp-json\/wp\/v2\/types\/product"}],"replies":[{"embeddable":true,"href":"https:\/\/www.ctube-gr.com\/fr\/wp-json\/wp\/v2\/comments?post=1961"}],"version-history":[{"count":0,"href":"https:\/\/www.ctube-gr.com\/fr\/wp-json\/wp\/v2\/product\/1961\/revisions"}],"wp:featuredmedia":[{"embeddable":true,"href":"https:\/\/www.ctube-gr.com\/fr\/wp-json\/wp\/v2\/media\/1963"}],"wp:attachment":[{"href":"https:\/\/www.ctube-gr.com\/fr\/wp-json\/wp\/v2\/media?parent=1961"}],"wp:term":[{"taxonomy":"product_brand","embeddable":true,"href":"https:\/\/www.ctube-gr.com\/fr\/wp-json\/wp\/v2\/product_brand?post=1961"},{"taxonomy":"product_cat","embeddable":true,"href":"https:\/\/www.ctube-gr.com\/fr\/wp-json\/wp\/v2\/product_cat?post=1961"},{"taxonomy":"product_tag","embeddable":true,"href":"https:\/\/www.ctube-gr.com\/fr\/wp-json\/wp\/v2\/product_tag?post=1961"}],"curies":[{"name":"wp","href":"https:\/\/api.w.org\/{rel}","templated":true}]}}