{"id":1980,"date":"2024-03-15T01:59:53","date_gmt":"2024-03-15T01:59:53","guid":{"rendered":"https:\/\/ctube-gr.com\/?post_type=product&#038;p=1980"},"modified":"2024-04-29T09:58:28","modified_gmt":"2024-04-29T09:58:28","slug":"ctube-20-50-mm-conduit-ondule-flexible-lszh-robuste","status":"publish","type":"product","link":"https:\/\/www.ctube-gr.com\/fr\/ctube-20-50mm-heavy-duty-flexible-corrugated-lszh-conduit","title":{"rendered":"Conduit flexible ondul\u00e9 LSZH robuste de 20 \u00e0 50 mm Ctube"},"content":{"rendered":"<div data-elementor-type=\"product-post\" data-elementor-id=\"1980\" class=\"elementor elementor-1980\" data-elementor-post-type=\"product\">\n\t\t\t\t<div class=\"elementor-element elementor-element-0cacd80 e-flex e-con-boxed e-con e-parent\" data-id=\"0cacd80\" data-element_type=\"container\" data-e-type=\"container\" data-settings=\"{&quot;ekit_has_onepagescroll_dot&quot;:&quot;yes&quot;}\">\n\t\t\t\t\t<div class=\"e-con-inner\">\n\t\t\t\t<div class=\"elementor-element elementor-element-890edd3 elementor-widget elementor-widget-text-editor\" data-id=\"890edd3\" data-element_type=\"widget\" data-e-type=\"widget\" data-settings=\"{&quot;ekit_we_effect_on&quot;:&quot;none&quot;}\" data-widget_type=\"text-editor.default\">\n\t\t\t\t\t\t\t\t\t<table><tbody><tr><td width=\"147\">Marque:<\/td><td width=\"147\">Ctube<\/td><td width=\"148\">Fabricant d&#039;origine:<\/td><td width=\"147\">Disponible<\/td><\/tr><tr><td width=\"147\">Mat\u00e9riel:<\/td><td width=\"147\">LSZH<\/td><td width=\"148\">Longueur:<\/td><td width=\"147\">Personnalis\u00e9<\/td><\/tr><tr><td width=\"147\">\u00c9paisseur:<\/td><td width=\"147\">Personnalis\u00e9<\/td><td width=\"148\">Plage de diam\u00e8tre ext\u00e9rieur :<\/td><td width=\"147\">20-50 mm<\/td><\/tr><tr><td width=\"147\">Certification:<\/td><td width=\"147\">RoHS, CE, SGS, ISO<\/td><td width=\"148\">Couleur:<\/td><td width=\"147\">Gris ou personnalis\u00e9<\/td><\/tr><tr><td width=\"147\">R\u00e9sistance au feu :<\/td><td width=\"147\">V0<\/td><td width=\"148\">R\u00e9sistance aux UV :<\/td><td width=\"147\">Oui<\/td><\/tr><tr><td width=\"147\">Conductivit\u00e9:<\/td><td width=\"147\">Isol\u00e9<\/td><td width=\"148\">Duret\u00e9:<\/td><td width=\"147\">Flexible et r\u00e9sistant aux chocs<\/td><\/tr><tr><td width=\"147\">Emballage:<\/td><td width=\"147\">Sacs en plastique et films PE<\/td><td width=\"148\">\u00c9chantillon:<\/td><td width=\"147\">Gratuit<\/td><\/tr><tr><td width=\"147\">Pays:<\/td><td width=\"147\">Chine<\/td><td width=\"148\">Usine:<\/td><td width=\"147\">Dongguan, Guangdong<\/td><\/tr><\/tbody><\/table><p><strong><b>Caract\u00e9ristiques<\/b><\/strong><\/p><p>\u2013 Produit de tr\u00e8s faibles niveaux de fum\u00e9e et est essentiellement sans halog\u00e8ne.<\/p><p>\u2013 Tr\u00e8s r\u00e9sistant, r\u00e9sistant \u00e0 une compression maximale de 1250 Nt\/5 cm.<\/p><p>\u2013 Conforme aux normes IEC61386-1, IEC61386-21 IEC60754-1, IEC61034-2, UL94.<\/p><p>\u2013 R\u00e9sistant aux chocs, au soleil et au feu.<\/p><p>\u2013 Surface et int\u00e9rieur brillants et lisses.<\/p><p>\u2013 Le thermoplastique durable, non conducteur et sans halog\u00e8ne, ne rouille pas et ne se corrode pas.<\/p><p>\u2013 Convient aux applications a\u00e9riennes et souterraines.<\/p><p><strong><b>Application<\/b><\/strong><\/p><p>Le conduit flexible ondul\u00e9 LSZH Ctube est g\u00e9n\u00e9ralement utilis\u00e9 pour envelopper les fils, contribuant ainsi \u00e0 r\u00e9duire les risques de dangers \u00e9lectriques, tels que l&#039;\u00e9lectrocution. Le conduit \u00e9lectrique ondul\u00e9 est un \u00e9l\u00e9ment de base utilis\u00e9 par les \u00e9lectriciens et autres entrepreneurs pour une protection \u00e9conomique des c\u00e2bles. Con\u00e7u pour prot\u00e9ger et acheminer le c\u00e2blage \u00e9lectrique. Il poss\u00e8de d&#039;excellentes propri\u00e9t\u00e9s isolantes, ce qui le rend id\u00e9al pour prot\u00e9ger le c\u00e2blage \u00e9lectrique. Sa construction solide, sa r\u00e9sistance chimique et son caract\u00e8re ignifuge offrent une protection dans les environnements difficiles. Le produit ne d\u00e9gage pas de fum\u00e9es ou de gaz toxiques et ne lib\u00e8re aucun halog\u00e8ne toxique.<\/p><p><strong><b>Capacit\u00e9 de fabrication<\/b><\/strong><\/p><p>\u2013 Capacit\u00e9 de production : 10 000 m\u00e8tres par semaine<\/p><p>\u2013 M\u00e9thodes d\u2019emballage : sacs en plastique et films PE<\/p>\t\t\t\t\t\t\t\t<\/div>\n\t\t\t\t<div class=\"elementor-element elementor-element-1ac6de3 elementor-widget elementor-widget-text-editor\" data-id=\"1ac6de3\" data-element_type=\"widget\" data-e-type=\"widget\" data-settings=\"{&quot;ekit_we_effect_on&quot;:&quot;none&quot;}\" data-widget_type=\"text-editor.default\">\n\t\t\t\t\t\t\t\t\t<p><strong><b>Tableau des tailles<\/b><\/strong><\/p><table><tbody><tr><td width=\"80\"><p>Code produit<\/p><\/td><td width=\"80\"><p>Taille nominale<\/p><\/td><td width=\"80\"><p>Degr\u00e9 ext\u00e9rieur minimal<\/p><\/td><td width=\"88\"><p>Degr\u00e9 ext\u00e9rieur maximal<\/p><\/td><td width=\"82\"><p>ID minimum<\/p><\/td><td><p>Poids<\/p><\/td><\/tr><tr><td><p>CT-HFHDC20<\/p><\/td><td><p>\u03a620 mm<\/p><\/td><td><p>19,7 mm<\/p><\/td><td width=\"88\"><p>20,3 mm<\/p><\/td><td width=\"82\"><p>12,7 mm<\/p><\/td><td><p>100 g\/m\u00b2<\/p><\/td><\/tr><tr><td><p>CT-HFHDC25<\/p><\/td><td><p>\u03a625mm<\/p><\/td><td><p>24,6 mm<\/p><\/td><td width=\"88\"><p>25,4 mm<\/p><\/td><td width=\"82\"><p>16,5 mm<\/p><\/td><td><p>150 g\/m\u00b2<\/p><\/td><\/tr><tr><td><p>CT-HFHDC32<\/p><\/td><td><p>\u03a632mm<\/p><\/td><td><p>31,6 mm<\/p><\/td><td width=\"88\"><p>32,4 mm<\/p><\/td><td width=\"82\"><p>22,0 mm<\/p><\/td><td><p>220 g\/m\u00b2<\/p><\/td><\/tr><tr><td><p>CT-HFHDC40<\/p><\/td><td><p>\u03a640mm<\/p><\/td><td><p>39,6 mm<\/p><\/td><td width=\"88\"><p>40,4 mm<\/p><\/td><td width=\"82\"><p>28,3 mm<\/p><\/td><td><p>230 g\/m\u00b2<\/p><\/td><\/tr><tr><td><p>CT-HFHDC50<\/p><\/td><td><p>\u03a650mm<\/p><\/td><td><p>49,5 mm<\/p><\/td><td width=\"88\"><p>50,5 mm<\/p><\/td><td width=\"82\"><p>36,0 mm<\/p><\/td><td><p>320 g\/m\u00b2<\/p><\/td><\/tr><\/tbody><\/table>\t\t\t\t\t\t\t\t<\/div>\n\t\t\t\t\t<\/div>\n\t\t\t\t<\/div>\n\t\t\t\t<\/div>","protected":false},"excerpt":{"rendered":"<p><strong><b>Certification de qualit\u00e9:<\/b><\/strong><\/p>\n<p>\u2013 Conforme aux normes IEC61386-1, IEC61386-21 IEC60754-1, IEC61034-2, homologu\u00e9 UL94<\/p>","protected":false},"featured_media":1986,"comment_status":"closed","ping_status":"closed","template":"","meta":{"_sitemap_exclude":false,"_sitemap_priority":"","_sitemap_frequency":"","_joinchat":[]},"product_brand":[],"product_cat":[101,43,37],"product_tag":[],"class_list":{"0":"post-1980","1":"product","2":"type-product","3":"status-publish","4":"has-post-thumbnail","6":"product_cat-corrugated-conduit","7":"product_cat-low-smoke-halogen-free-conduit-and-fittings","8":"product_cat-specialized-application-products","10":"first","11":"instock","12":"shipping-taxable","13":"product-type-simple"},"_links":{"self":[{"href":"https:\/\/www.ctube-gr.com\/fr\/wp-json\/wp\/v2\/product\/1980","targetHints":{"allow":["GET"]}}],"collection":[{"href":"https:\/\/www.ctube-gr.com\/fr\/wp-json\/wp\/v2\/product"}],"about":[{"href":"https:\/\/www.ctube-gr.com\/fr\/wp-json\/wp\/v2\/types\/product"}],"replies":[{"embeddable":true,"href":"https:\/\/www.ctube-gr.com\/fr\/wp-json\/wp\/v2\/comments?post=1980"}],"version-history":[{"count":0,"href":"https:\/\/www.ctube-gr.com\/fr\/wp-json\/wp\/v2\/product\/1980\/revisions"}],"wp:featuredmedia":[{"embeddable":true,"href":"https:\/\/www.ctube-gr.com\/fr\/wp-json\/wp\/v2\/media\/1986"}],"wp:attachment":[{"href":"https:\/\/www.ctube-gr.com\/fr\/wp-json\/wp\/v2\/media?parent=1980"}],"wp:term":[{"taxonomy":"product_brand","embeddable":true,"href":"https:\/\/www.ctube-gr.com\/fr\/wp-json\/wp\/v2\/product_brand?post=1980"},{"taxonomy":"product_cat","embeddable":true,"href":"https:\/\/www.ctube-gr.com\/fr\/wp-json\/wp\/v2\/product_cat?post=1980"},{"taxonomy":"product_tag","embeddable":true,"href":"https:\/\/www.ctube-gr.com\/fr\/wp-json\/wp\/v2\/product_tag?post=1980"}],"curies":[{"name":"wp","href":"https:\/\/api.w.org\/{rel}","templated":true}]}}