{"id":1991,"date":"2024-03-15T02:11:22","date_gmt":"2024-03-15T02:11:22","guid":{"rendered":"https:\/\/ctube-gr.com\/?post_type=product&#038;p=1991"},"modified":"2024-04-18T03:34:11","modified_gmt":"2024-04-18T03:34:11","slug":"ctube-20-conduit-rigide-lszh-de-resistance-moyenne-de-63-mm","status":"publish","type":"product","link":"https:\/\/www.ctube-gr.com\/fr\/ctube-20-63mm-medium-duty-rigid-lszh-conduit","title":{"rendered":"Conduit rigide LSZH pour charges moyennes de 20 \u00e0 63 mm Ctube"},"content":{"rendered":"<div data-elementor-type=\"product-post\" data-elementor-id=\"1991\" class=\"elementor elementor-1991\" data-elementor-post-type=\"product\">\n\t\t\t\t<div class=\"elementor-element elementor-element-d4926b3 e-flex e-con-boxed e-con e-parent\" data-id=\"d4926b3\" data-element_type=\"container\" data-e-type=\"container\" data-settings=\"{&quot;ekit_has_onepagescroll_dot&quot;:&quot;yes&quot;}\">\n\t\t\t\t\t<div class=\"e-con-inner\">\n\t\t\t\t<div class=\"elementor-element elementor-element-b254362 elementor-widget elementor-widget-text-editor\" data-id=\"b254362\" data-element_type=\"widget\" data-e-type=\"widget\" data-settings=\"{&quot;ekit_we_effect_on&quot;:&quot;none&quot;}\" data-widget_type=\"text-editor.default\">\n\t\t\t\t\t\t\t\t\t<table><tbody><tr><td width=\"141\">Marque:<\/td><td width=\"141\">Ctube<\/td><td width=\"142\">Fabricant d&#039;origine:<\/td><td width=\"141\">Disponible<\/td><\/tr><tr><td width=\"141\">Mat\u00e9riel:<\/td><td width=\"141\">LSZH<\/td><td width=\"142\">Longueur:<\/td><td width=\"141\">Personnalis\u00e9<\/td><\/tr><tr><td width=\"141\">\u00c9paisseur:<\/td><td width=\"141\">Personnalis\u00e9<\/td><td width=\"142\">Plage de diam\u00e8tre ext\u00e9rieur :<\/td><td width=\"141\">20-63 mm<\/td><\/tr><tr><td width=\"141\">Certification:<\/td><td width=\"141\">RoHS, CE, SGS, ISO<\/td><td width=\"142\">Couleur:<\/td><td width=\"141\">Gris ou personnalis\u00e9<\/td><\/tr><tr><td width=\"141\">R\u00e9sistance au feu :<\/td><td width=\"141\">V0<\/td><td width=\"142\">R\u00e9sistance aux UV :<\/td><td width=\"141\">Oui<\/td><\/tr><tr><td width=\"141\">Conductivit\u00e9:<\/td><td width=\"141\">Isol\u00e9<\/td><td width=\"142\">Duret\u00e9:<\/td><td width=\"141\">Rigide et r\u00e9sistant aux chocs<\/td><\/tr><tr><td width=\"141\">Emballage:<\/td><td width=\"141\">Sacs en plastique et films PE<\/td><td width=\"142\">\u00c9chantillon:<\/td><td width=\"141\">Gratuit<\/td><\/tr><tr><td width=\"141\">Pays:<\/td><td width=\"141\">Chine<\/td><td width=\"142\">Usine:<\/td><td width=\"141\">Dongguan, Guangdong<\/td><\/tr><\/tbody><\/table><p><strong><b>Caract\u00e9ristiques<\/b><\/strong><\/p><p>\u2013 Produit de tr\u00e8s faibles niveaux de fum\u00e9e et est essentiellement sans halog\u00e8ne.<\/p><p>\u2013 R\u00e9sistance moyenne jusqu\u2019\u00e0 une compression maximale de 750 Nt\/5 cm.<\/p><p>\u2013 Conforme aux normes IEC61386-1, IEC61386-21 IEC60754-1, IEC61034-2, UL94.<\/p><p>\u2013 R\u00e9sistant aux chocs, au soleil et au feu.<\/p><p>\u2013 Surface et int\u00e9rieur brillants et lisses.<\/p><p>\u2013 Le thermoplastique durable, non conducteur et sans halog\u00e8ne, ne rouille pas et ne se corrode pas.<\/p><p>\u2013 Convient aux applications a\u00e9riennes et souterraines.<\/p><p><strong><b>Application<\/b><\/strong><\/p><p>Le conduit rigide LSZH \u00e0 usage intensif Ctube 20-63 mm est plus commun\u00e9ment appel\u00e9 HFT et est largement utilis\u00e9 dans les tunnels, les th\u00e9\u00e2tres, les centres commerciaux et partout o\u00f9 il y a une pr\u00e9sence publique importante. Le produit ne d\u00e9gage pas de fum\u00e9es ou de gaz toxiques et ne lib\u00e8re pas d&#039;halog\u00e8nes toxiques. Ils r\u00e9sistent \u00e0 la lumi\u00e8re du soleil et sont utilis\u00e9s expos\u00e9s, encastr\u00e9s dans du b\u00e9ton, dissimul\u00e9s dans des murs et dans des applications d&#039;enfouissement direct, y compris les syst\u00e8mes pour :<\/p><p>\u2013 Services publics;<\/p><p>\u2013 C\u00e2bles, donn\u00e9es et lignes de communication ;<\/p><p>\u2013 B\u00e2timents institutionnels, commerciaux et industriels;<\/p><p><strong><b>Capacit\u00e9 de fabrication<\/b><\/strong><\/p><p>\u2013 Capacit\u00e9 de production : 10 000 m\u00e8tres par semaine<\/p><p>\u2013 M\u00e9thodes d\u2019emballage : sacs en plastique et films PE<\/p>\t\t\t\t\t\t\t\t<\/div>\n\t\t\t\t<div class=\"elementor-element elementor-element-a503565 elementor-widget elementor-widget-text-editor\" data-id=\"a503565\" data-element_type=\"widget\" data-e-type=\"widget\" data-settings=\"{&quot;ekit_we_effect_on&quot;:&quot;none&quot;}\" data-widget_type=\"text-editor.default\">\n\t\t\t\t\t\t\t\t\t<p><strong><b>Tableau des tailles<\/b><\/strong><\/p><table><tbody><tr><td width=\"77\"><p>Code produit<\/p><\/td><td width=\"77\"><p>Taille nominale<\/p><\/td><td width=\"77\"><p>Degr\u00e9 ext\u00e9rieur minimal<\/p><\/td><td width=\"84\"><p>Degr\u00e9 ext\u00e9rieur maximal<\/p><\/td><td width=\"79\"><p>Poids<\/p><\/td><td><p>Emballer<\/p><\/td><\/tr><tr><td><p>CT-HFMDR20<\/p><\/td><td><p>\u03a620 mm<\/p><\/td><td><p>19,7 mm<\/p><\/td><td width=\"84\"><p>20,0 mm<\/p><\/td><td width=\"79\"><p>1,8-2,1 mm<\/p><\/td><td><p>25 pi\u00e8ces\/barre<\/p><\/td><\/tr><tr><td><p>CT-HFMDR25<\/p><\/td><td><p>\u03a625mm<\/p><\/td><td><p>24,7 mm<\/p><\/td><td width=\"84\"><p>25,0 mm<\/p><\/td><td width=\"79\"><p>1,8-2,1 mm<\/p><\/td><td><p>18 pi\u00e8ces\/barre<\/p><\/td><\/tr><tr><td><p>CT-HFMDR32<\/p><\/td><td><p>\u03a632mm<\/p><\/td><td><p>31,7 mm<\/p><\/td><td width=\"84\"><p>32,0 mm<\/p><\/td><td width=\"79\"><p>2,1-2,4 mm<\/p><\/td><td><p>12 pi\u00e8ces\/barre<\/p><\/td><\/tr><tr><td><p>CT-HFMDR40<\/p><\/td><td><p>\u03a640mm<\/p><\/td><td><p>39,7 mm<\/p><\/td><td width=\"84\"><p>40,0 mm<\/p><\/td><td width=\"79\"><p>2,4-2,7 mm<\/p><\/td><td><p>12 pi\u00e8ces\/barre<\/p><\/td><\/tr><tr><td><p>CT-HFMDR50<\/p><\/td><td><p>\u03a650mm<\/p><\/td><td><p>49,7 mm<\/p><\/td><td width=\"84\"><p>50,0 mm<\/p><\/td><td width=\"79\"><p>2,8-3,1 mm<\/p><\/td><td><p>5 pi\u00e8ces\/barre<\/p><\/td><\/tr><tr><td><p>CT-HFMDR63<\/p><\/td><td><p>\u03a663mm<\/p><\/td><td><p>62,7 mm<\/p><\/td><td width=\"84\"><p>63,0 mm<\/p><\/td><td width=\"79\"><p>3,0-3,5 mm<\/p><\/td><td><p>5 pi\u00e8ces\/barre<\/p><\/td><\/tr><\/tbody><\/table>\t\t\t\t\t\t\t\t<\/div>\n\t\t\t\t\t<\/div>\n\t\t\t\t<\/div>\n\t\t\t\t<\/div>","protected":false},"excerpt":{"rendered":"<p><strong><b>Certification de qualit\u00e9:<\/b><\/strong><\/p>\n<p>\u2013 Certifi\u00e9 IEC61386-1, IEC61386-21 IEC60754-1, IEC61034-2, UL94<\/p>","protected":false},"featured_media":1992,"comment_status":"closed","ping_status":"closed","template":"","meta":{"_sitemap_exclude":false,"_sitemap_priority":"","_sitemap_frequency":"","_joinchat":[]},"product_brand":[],"product_cat":[43,89,37],"product_tag":[],"class_list":{"0":"post-1991","1":"product","2":"type-product","3":"status-publish","4":"has-post-thumbnail","6":"product_cat-low-smoke-halogen-free-conduit-and-fittings","7":"product_cat-rigid-conduit-low-smoke-halogen-free-conduit-and-fittings","8":"product_cat-specialized-application-products","10":"first","11":"instock","12":"shipping-taxable","13":"product-type-simple"},"_links":{"self":[{"href":"https:\/\/www.ctube-gr.com\/fr\/wp-json\/wp\/v2\/product\/1991","targetHints":{"allow":["GET"]}}],"collection":[{"href":"https:\/\/www.ctube-gr.com\/fr\/wp-json\/wp\/v2\/product"}],"about":[{"href":"https:\/\/www.ctube-gr.com\/fr\/wp-json\/wp\/v2\/types\/product"}],"replies":[{"embeddable":true,"href":"https:\/\/www.ctube-gr.com\/fr\/wp-json\/wp\/v2\/comments?post=1991"}],"version-history":[{"count":0,"href":"https:\/\/www.ctube-gr.com\/fr\/wp-json\/wp\/v2\/product\/1991\/revisions"}],"wp:featuredmedia":[{"embeddable":true,"href":"https:\/\/www.ctube-gr.com\/fr\/wp-json\/wp\/v2\/media\/1992"}],"wp:attachment":[{"href":"https:\/\/www.ctube-gr.com\/fr\/wp-json\/wp\/v2\/media?parent=1991"}],"wp:term":[{"taxonomy":"product_brand","embeddable":true,"href":"https:\/\/www.ctube-gr.com\/fr\/wp-json\/wp\/v2\/product_brand?post=1991"},{"taxonomy":"product_cat","embeddable":true,"href":"https:\/\/www.ctube-gr.com\/fr\/wp-json\/wp\/v2\/product_cat?post=1991"},{"taxonomy":"product_tag","embeddable":true,"href":"https:\/\/www.ctube-gr.com\/fr\/wp-json\/wp\/v2\/product_tag?post=1991"}],"curies":[{"name":"wp","href":"https:\/\/api.w.org\/{rel}","templated":true}]}}