{"id":2020,"date":"2024-03-15T02:27:21","date_gmt":"2024-03-15T02:27:21","guid":{"rendered":"https:\/\/ctube-gr.com\/?post_type=product&#038;p=2020"},"modified":"2024-04-29T09:55:44","modified_gmt":"2024-04-29T09:55:44","slug":"boite-de-jonction-profonde-ctube-20-25-mm-4-voies-lszh","status":"publish","type":"product","link":"https:\/\/www.ctube-gr.com\/fr\/ctube-20-25mm-4-way-lszh-deep-junction-box","title":{"rendered":"Bo\u00eete de jonction profonde LSZH \u00e0 4 voies Ctube 20-25 mm"},"content":{"rendered":"<div data-elementor-type=\"product-post\" data-elementor-id=\"2020\" class=\"elementor elementor-2020\" data-elementor-post-type=\"product\">\n\t\t\t\t<div class=\"elementor-element elementor-element-3e3fcd5 e-flex e-con-boxed e-con e-parent\" data-id=\"3e3fcd5\" data-element_type=\"container\" data-e-type=\"container\" data-settings=\"{&quot;ekit_has_onepagescroll_dot&quot;:&quot;yes&quot;}\">\n\t\t\t\t\t<div class=\"e-con-inner\">\n\t\t\t\t<div class=\"elementor-element elementor-element-0d668fd elementor-widget elementor-widget-text-editor\" data-id=\"0d668fd\" data-element_type=\"widget\" data-e-type=\"widget\" data-settings=\"{&quot;ekit_we_effect_on&quot;:&quot;none&quot;}\" data-widget_type=\"text-editor.default\">\n\t\t\t\t\t\t\t\t\t<table><tbody><tr><td width=\"150\">Marque:<\/td><td width=\"150\">Ctube<\/td><td width=\"151\">Fabricant d&#039;origine:<\/td><td width=\"150\">Disponible<\/td><\/tr><tr><td width=\"150\">Mat\u00e9riel:<\/td><td width=\"150\">LSZH<\/td><td width=\"151\">Longueur:<\/td><td width=\"150\">Personnalis\u00e9<\/td><\/tr><tr><td width=\"150\">\u00c9paisseur:<\/td><td width=\"150\">Personnalis\u00e9<\/td><td width=\"151\">Plage de diam\u00e8tre ext\u00e9rieur :<\/td><td width=\"150\">20-25 mm<\/td><\/tr><tr><td width=\"150\">Certification:<\/td><td width=\"150\">RoHS, CE, SGS, ISO<\/td><td width=\"151\">Couleur:<\/td><td width=\"150\">Gris ou personnalis\u00e9<\/td><\/tr><tr><td width=\"150\">R\u00e9sistance au feu :<\/td><td width=\"150\">V0<\/td><td width=\"151\">R\u00e9sistance aux UV :<\/td><td width=\"150\">Oui<\/td><\/tr><tr><td width=\"150\">Conductivit\u00e9:<\/td><td width=\"150\">Isol\u00e9<\/td><td width=\"151\">Duret\u00e9:<\/td><td width=\"150\">Rigide et r\u00e9sistant aux chocs<\/td><\/tr><tr><td width=\"150\">Emballage:<\/td><td width=\"150\">Sacs en plastique et films PE<\/td><td width=\"151\">\u00c9chantillon:<\/td><td width=\"150\">Gratuit<\/td><\/tr><tr><td width=\"150\">Pays:<\/td><td width=\"150\">Chine<\/td><td width=\"151\">Usine:<\/td><td width=\"150\">Dongguan, Guangdong<\/td><\/tr><\/tbody><\/table><p><strong><b>Caract\u00e9ristiques<\/b><\/strong><\/p><p>\u2013 Couvercles et vis inclus.<\/p><p>\u2013 Conforme aux normes IEC61386-1, IEC61386-21 IEC60754-1, IEC61034-2, UL94.<\/p><p>\u2013 R\u00e9sistant aux chocs, au soleil et au feu.<\/p><p>\u2013 Surface et int\u00e9rieur brillants et lisses.<\/p><p>\u2013 Le PVC durable et non conducteur ne rouille pas et ne se corrode pas<\/p><p>\u2013 Convient aux applications a\u00e9riennes et souterraines.<\/p><p><strong><b>Application<\/b><\/strong><\/p><p>Les bo\u00eetes de jonction profondes LSZH \u00e0 4 voies Ctube sont des bo\u00eetiers \u00e0 faible d\u00e9gagement de fum\u00e9e et sans halog\u00e8ne qui abritent les connexions \u00e9lectriques et sont utilis\u00e9es pour joindre les conduits \u00e9lectriques afin que les c\u00e2bles puissent circuler dans 4 directions. Ils prot\u00e8gent les connexions \u00e9lectriques des intemp\u00e9ries et prot\u00e8gent les personnes contre les chocs \u00e9lectriques accidentels.<\/p><p><strong><b>Capacit\u00e9 de fabrication<\/b><\/strong><\/p><p>\u2013 Capacit\u00e9 de production : 50 000 pi\u00e8ces par semaine<\/p><p>\u2013 M\u00e9thodes d\u2019emballage : sacs en plastique et films PE<\/p>\t\t\t\t\t\t\t\t<\/div>\n\t\t\t\t\t<\/div>\n\t\t\t\t<\/div>\n\t\t<div class=\"elementor-element elementor-element-c1edca3 e-flex e-con-boxed e-con e-parent\" data-id=\"c1edca3\" data-element_type=\"container\" data-e-type=\"container\" data-settings=\"{&quot;ekit_has_onepagescroll_dot&quot;:&quot;yes&quot;}\">\n\t\t\t\t\t<div class=\"e-con-inner\">\n\t\t\t\t<div class=\"elementor-element elementor-element-1b6931d elementor-widget elementor-widget-text-editor\" data-id=\"1b6931d\" data-element_type=\"widget\" data-e-type=\"widget\" data-settings=\"{&quot;ekit_we_effect_on&quot;:&quot;none&quot;}\" data-widget_type=\"text-editor.default\">\n\t\t\t\t\t\t\t\t\t<p><strong><b>Tableau des tailles<\/b><\/strong><\/p><table><tbody><tr><td width=\"101\"><p>Code produit<\/p><\/td><td width=\"101\"><p>Taille nominale<\/p><\/td><td width=\"101\"><p>Largeur<\/p><\/td><td width=\"113\"><p>Hauteur<\/p><\/td><td width=\"159\"><p>Emballage ext\u00e9rieur<\/p><\/td><\/tr><tr><td><p>CT-DJB20-4<\/p><\/td><td width=\"101\"><p>20 mm<\/p><\/td><td width=\"101\"><p>64 mm<\/p><\/td><td width=\"113\"><p>71 mm<\/p><\/td><td width=\"159\"><p>120 bo\u00eetes\/carton<\/p><\/td><\/tr><tr><td><p>CT-DJB25-4<\/p><\/td><td><p>25 mm<\/p><\/td><td><p>64 mm<\/p><\/td><td><p>71 mm<\/p><\/td><td><p>120 bo\u00eetes\/carton<\/p><\/td><\/tr><\/tbody><\/table>\t\t\t\t\t\t\t\t<\/div>\n\t\t\t\t\t<\/div>\n\t\t\t\t<\/div>\n\t\t\t\t<\/div>","protected":false},"excerpt":{"rendered":"<p><strong><b>Certification de qualit\u00e9:<\/b><\/strong><\/p>\n<p>\u2013 Certifi\u00e9 IEC61386-1, IEC61386-21 IEC60754-1, IEC61034-2, UL94<\/p>","protected":false},"featured_media":2021,"comment_status":"closed","ping_status":"closed","template":"","meta":{"_sitemap_exclude":false,"_sitemap_priority":"","_sitemap_frequency":"","_monsterinsights_skip_tracking":false,"_monsterinsights_sitenote_active":false,"_monsterinsights_sitenote_note":"","_monsterinsights_sitenote_category":0,"_joinchat":[]},"product_brand":[],"product_cat":[92,43,37],"product_tag":[],"class_list":{"0":"post-2020","1":"product","2":"type-product","3":"status-publish","4":"has-post-thumbnail","6":"product_cat-junction-box-low-smoke-halogen-free-conduit-and-fittings","7":"product_cat-low-smoke-halogen-free-conduit-and-fittings","8":"product_cat-specialized-application-products","10":"first","11":"instock","12":"shipping-taxable","13":"product-type-simple"},"_links":{"self":[{"href":"https:\/\/www.ctube-gr.com\/fr\/wp-json\/wp\/v2\/product\/2020","targetHints":{"allow":["GET"]}}],"collection":[{"href":"https:\/\/www.ctube-gr.com\/fr\/wp-json\/wp\/v2\/product"}],"about":[{"href":"https:\/\/www.ctube-gr.com\/fr\/wp-json\/wp\/v2\/types\/product"}],"replies":[{"embeddable":true,"href":"https:\/\/www.ctube-gr.com\/fr\/wp-json\/wp\/v2\/comments?post=2020"}],"version-history":[{"count":0,"href":"https:\/\/www.ctube-gr.com\/fr\/wp-json\/wp\/v2\/product\/2020\/revisions"}],"wp:featuredmedia":[{"embeddable":true,"href":"https:\/\/www.ctube-gr.com\/fr\/wp-json\/wp\/v2\/media\/2021"}],"wp:attachment":[{"href":"https:\/\/www.ctube-gr.com\/fr\/wp-json\/wp\/v2\/media?parent=2020"}],"wp:term":[{"taxonomy":"product_brand","embeddable":true,"href":"https:\/\/www.ctube-gr.com\/fr\/wp-json\/wp\/v2\/product_brand?post=2020"},{"taxonomy":"product_cat","embeddable":true,"href":"https:\/\/www.ctube-gr.com\/fr\/wp-json\/wp\/v2\/product_cat?post=2020"},{"taxonomy":"product_tag","embeddable":true,"href":"https:\/\/www.ctube-gr.com\/fr\/wp-json\/wp\/v2\/product_tag?post=2020"}],"curies":[{"name":"wp","href":"https:\/\/api.w.org\/{rel}","templated":true}]}}