{"id":2821,"date":"2024-03-29T01:40:33","date_gmt":"2024-03-29T01:40:33","guid":{"rendered":"https:\/\/ctube-gr.com\/?post_type=product&#038;p=2821"},"modified":"2024-08-01T06:18:16","modified_gmt":"2024-08-01T06:18:16","slug":"ctube-20-50-mm-gaine-electrique-ondulee-flexible-solaire-robuste-orange","status":"publish","type":"product","link":"https:\/\/www.ctube-gr.com\/fr\/ctube-20-50mm-heavy-duty-solar-flexible-electrical-corrugated-conduit-orange","title":{"rendered":"Conduit \u00e9lectrique ondul\u00e9 flexible et robuste pour panneaux solaires Ctube 20-50 mm x 25-50 m Orange"},"content":{"rendered":"<p><strong><b>Caract\u00e9ristiques<\/b><\/strong><\/p>\n<p>\u2013 Id\u00e9al pour les services publics et les projets d\u2019\u00e9nergie solaire.<\/p>\n<p>\u2013 Tr\u00e8s r\u00e9sistant, r\u00e9sistant \u00e0 une compression maximale de 1250 Nt\/5 cm.<\/p>\n<p>\u2013 Conforme aux normes AS\/NZS 2053, IEC61386, CE, UL94 5VA<\/p>\n<p>\u2013 R\u00e9sistant aux chocs, au soleil et au feu.<\/p>\n<p>\u2013 Surface et int\u00e9rieur brillants et lisses.<\/p>\n<p>\u2013 Le PVC durable et non conducteur ne rouille pas et ne se corrode pas<\/p>\n<p>\u2013 Convient aux applications a\u00e9riennes et souterraines.<\/p>\n<p><strong><b>Application<\/b><\/strong><\/p>\n<p>Les conduits \u00e9lectriques ondul\u00e9s flexibles \u00e0 usage intensif Ctube sont g\u00e9n\u00e9ralement utilis\u00e9s pour envelopper les fils, contribuant ainsi \u00e0 r\u00e9duire les risques de dangers \u00e9lectriques, tels que l&#039;\u00e9lectrocution. Le conduit \u00e9lectrique ondul\u00e9 est un \u00e9l\u00e9ment de base utilis\u00e9 par les \u00e9lectriciens et autres entrepreneurs pour une protection rentable des c\u00e2bles. Con\u00e7u pour prot\u00e9ger et acheminer le c\u00e2blage \u00e9lectrique. Il poss\u00e8de d&#039;excellentes propri\u00e9t\u00e9s isolantes, ce qui le rend id\u00e9al pour prot\u00e9ger le c\u00e2blage \u00e9lectrique. Sa construction solide, sa r\u00e9sistance chimique et son caract\u00e8re ignifuge offrent une protection dans les environnements difficiles. Ils sont sp\u00e9cialement con\u00e7us et fabriqu\u00e9s pour les applications solaires et prot\u00e8gent les connexions \u00e9lectriques des intemp\u00e9ries, ainsi que les personnes contre les chocs \u00e9lectriques accidentels.<\/p>\n<p><strong><b>Capacit\u00e9 de fabrication<\/b><\/strong><\/p>\n<p>\u2013 Capacit\u00e9 de production : 10 000 rouleaux par semaine<\/p>\n<p>\u2013 M\u00e9thodes d\u2019emballage : sacs en plastique et films PE<\/p>\n<p><strong><b>Tableau des tailles<\/b><\/strong><\/p>\n<table>\n<tbody>\n<tr>\n<td width=\"256\">Code produit<\/td>\n<td width=\"122\">Taille nominale<\/td>\n<td width=\"109\">Longueur<\/td>\n<\/tr>\n<tr>\n<td width=\"256\">CT-HDSOLCCB2050<\/td>\n<td width=\"122\">20 mm<\/td>\n<td width=\"109\">50 m<\/td>\n<\/tr>\n<tr>\n<td width=\"256\">CT-HDSOLCCB2550<\/td>\n<td width=\"122\">25 mm<\/td>\n<td width=\"109\">50 m<\/td>\n<\/tr>\n<tr>\n<td width=\"256\">CT-HDSOLCCB3225<\/td>\n<td width=\"122\">32 mm<\/td>\n<td width=\"109\">25 m<\/td>\n<\/tr>\n<tr>\n<td width=\"256\">CT-HDSOLCCB4025<\/td>\n<td width=\"122\">40 mm<\/td>\n<td width=\"109\">25 m<\/td>\n<\/tr>\n<tr>\n<td width=\"256\">CT-HDSOLCCB5025<\/td>\n<td width=\"122\">50 mm<\/td>\n<td width=\"109\">25 m<\/td>\n<\/tr>\n<\/tbody>\n<\/table>","protected":false},"excerpt":{"rendered":"<p><strong><b>Certification de qualit\u00e9:<\/b><\/strong><\/p>\n<p>\u2013 Sp\u00e9cialement con\u00e7u et produit pour les applications solaires.<\/p>\n<p>\u2013 Conforme aux normes AS\/NZS 2053, IEC61386, CE, UL94 5VA.<\/p>","protected":false},"featured_media":7284,"comment_status":"closed","ping_status":"closed","template":"","meta":{"_sitemap_exclude":false,"_sitemap_priority":"","_sitemap_frequency":"","_joinchat":[]},"product_brand":[],"product_cat":[106,42,37],"product_tag":[],"class_list":{"0":"post-2821","1":"product","2":"type-product","3":"status-publish","4":"has-post-thumbnail","6":"product_cat-corrugated-conduit-solar-pvc-conduit-and-fittings","7":"product_cat-solar-pvc-conduit-and-fittings","8":"product_cat-specialized-application-products","10":"first","11":"instock","12":"shipping-taxable","13":"product-type-simple"},"_links":{"self":[{"href":"https:\/\/www.ctube-gr.com\/fr\/wp-json\/wp\/v2\/product\/2821","targetHints":{"allow":["GET"]}}],"collection":[{"href":"https:\/\/www.ctube-gr.com\/fr\/wp-json\/wp\/v2\/product"}],"about":[{"href":"https:\/\/www.ctube-gr.com\/fr\/wp-json\/wp\/v2\/types\/product"}],"replies":[{"embeddable":true,"href":"https:\/\/www.ctube-gr.com\/fr\/wp-json\/wp\/v2\/comments?post=2821"}],"version-history":[{"count":0,"href":"https:\/\/www.ctube-gr.com\/fr\/wp-json\/wp\/v2\/product\/2821\/revisions"}],"wp:featuredmedia":[{"embeddable":true,"href":"https:\/\/www.ctube-gr.com\/fr\/wp-json\/wp\/v2\/media\/7284"}],"wp:attachment":[{"href":"https:\/\/www.ctube-gr.com\/fr\/wp-json\/wp\/v2\/media?parent=2821"}],"wp:term":[{"taxonomy":"product_brand","embeddable":true,"href":"https:\/\/www.ctube-gr.com\/fr\/wp-json\/wp\/v2\/product_brand?post=2821"},{"taxonomy":"product_cat","embeddable":true,"href":"https:\/\/www.ctube-gr.com\/fr\/wp-json\/wp\/v2\/product_cat?post=2821"},{"taxonomy":"product_tag","embeddable":true,"href":"https:\/\/www.ctube-gr.com\/fr\/wp-json\/wp\/v2\/product_tag?post=2821"}],"curies":[{"name":"wp","href":"https:\/\/api.w.org\/{rel}","templated":true}]}}