{"id":2856,"date":"2024-03-29T02:12:41","date_gmt":"2024-03-29T02:12:41","guid":{"rendered":"https:\/\/ctube-gr.com\/?post_type=product&#038;p=2856"},"modified":"2024-08-01T06:08:26","modified_gmt":"2024-08-01T06:08:26","slug":"raccord-dexpansion-rigide-solaire-ctube-16-50-mm","status":"publish","type":"product","link":"https:\/\/www.ctube-gr.com\/fr\/ctube-16-50mm-solar-rigid-expansion-coupling","title":{"rendered":"Raccord d&#039;expansion rigide solaire Ctube 16-50 mm"},"content":{"rendered":"<table>\n<tbody>\n<tr>\n<td width=\"143\">Marque:<\/td>\n<td width=\"143\">Ctube<\/td>\n<td width=\"144\">Fabricant d&#039;origine:<\/td>\n<td width=\"143\">Disponible<\/td>\n<\/tr>\n<tr>\n<td width=\"143\">Mat\u00e9riel:<\/td>\n<td width=\"143\">PVC<\/td>\n<td width=\"144\">Longueur:<\/td>\n<td width=\"143\">Personnalis\u00e9<\/td>\n<\/tr>\n<tr>\n<td width=\"143\">\u00c9paisseur:<\/td>\n<td width=\"143\">Personnalis\u00e9<\/td>\n<td width=\"144\">Plage de diam\u00e8tre ext\u00e9rieur :<\/td>\n<td width=\"143\">16-50 mm<\/td>\n<\/tr>\n<tr>\n<td width=\"143\">Certification:<\/td>\n<td width=\"143\">AS\/NZS 2053, IEC61386, CE, UL94 5VA<\/td>\n<td width=\"144\">Couleur:<\/td>\n<td width=\"143\">Gris ou personnalis\u00e9<\/td>\n<\/tr>\n<tr>\n<td width=\"143\">R\u00e9sistance au feu :<\/td>\n<td width=\"143\">V0<\/td>\n<td width=\"144\">R\u00e9sistance aux UV :<\/td>\n<td width=\"143\">Oui<\/td>\n<\/tr>\n<tr>\n<td width=\"143\">Conductivit\u00e9:<\/td>\n<td width=\"143\">Isol\u00e9<\/td>\n<td width=\"144\">Duret\u00e9:<\/td>\n<td width=\"143\">Rigide et r\u00e9sistant aux chocs<\/td>\n<\/tr>\n<tr>\n<td width=\"143\">Emballage:<\/td>\n<td width=\"143\">Sacs en plastique et films PE<\/td>\n<td width=\"144\">\u00c9chantillon:<\/td>\n<td width=\"143\">Gratuit<\/td>\n<\/tr>\n<tr>\n<td width=\"143\">Pays:<\/td>\n<td width=\"143\">Chine<\/td>\n<td width=\"144\">Usine:<\/td>\n<td width=\"143\">Dongguan, Guangdong<\/td>\n<\/tr>\n<\/tbody>\n<\/table>\n<p><strong><b>Caract\u00e9ristiques<\/b><\/strong><\/p>\n<p>\u2013 Id\u00e9al pour les services publics et les projets d\u2019\u00e9nergie solaire.<\/p>\n<p>\u2013 Conforme aux normes AS\/NZS 2053, IEC61386, CE, UL94 5VA<\/p>\n<p>\u2013 R\u00e9sistant aux chocs, au soleil et au feu.<\/p>\n<p>\u2013 Surface et int\u00e9rieur brillants et lisses.<\/p>\n<p>\u2013 Le PVC durable et non conducteur ne rouille pas et ne se corrode pas<\/p>\n<p>\u2013 Convient aux applications a\u00e9riennes et souterraines.<\/p>\n<p><strong><b>Application<\/b><\/strong><\/p>\n<p>Les raccords d&#039;expansion rigides solaires Ctube 16-50 mm sont utilis\u00e9s pour connecter deux morceaux de conduit ensemble. Ils compensent g\u00e9n\u00e9ralement les changements de longueur dus aux variations de temp\u00e9rature dans les conduits expos\u00e9s. Ils sont sp\u00e9cialement con\u00e7us et fabriqu\u00e9s pour les applications solaires et prot\u00e8gent les connexions \u00e9lectriques des intemp\u00e9ries, ainsi que les personnes contre les chocs \u00e9lectriques accidentels.<\/p>\n<p><strong><b>Capacit\u00e9 de fabrication<\/b><\/strong><\/p>\n<p>\u2013 Capacit\u00e9 de production : 50 000 pi\u00e8ces par semaine<\/p>\n<p>\u2013 M\u00e9thodes d\u2019emballage : sacs en plastique et films PE<\/p>\n<p><strong><b>Tableau des tailles<\/b><\/strong><\/p>\n<table>\n<tbody>\n<tr>\n<td width=\"114\">Code produit<\/td>\n<td width=\"114\">Taille nominale<\/td>\n<td width=\"128\">Emballage int\u00e9rieur<\/td>\n<td width=\"179\">Emballage ext\u00e9rieur<\/td>\n<\/tr>\n<tr>\n<td>CT-SC16<\/td>\n<td>16 mm<\/td>\n<td>200 pi\u00e8ces\/bo\u00eete<\/td>\n<td>2000 bo\u00eetes\/carton<\/td>\n<\/tr>\n<tr>\n<td>CT-SC20<\/td>\n<td width=\"114\">20 mm<\/td>\n<td width=\"128\">50 pi\u00e8ces\/bo\u00eete<\/td>\n<td width=\"179\">1000 bo\u00eetes\/carton<\/td>\n<\/tr>\n<tr>\n<td>CT-SC25<\/td>\n<td>25 mm<\/td>\n<td>50 pi\u00e8ces\/bo\u00eete<\/td>\n<td>1000 bo\u00eetes\/carton<\/td>\n<\/tr>\n<tr>\n<td>CT-SC32<\/td>\n<td>32 mm<\/td>\n<td>20 pi\u00e8ces\/bo\u00eete<\/td>\n<td>500 bo\u00eetes\/carton<\/td>\n<\/tr>\n<tr>\n<td>CT-SC40<\/td>\n<td>40 mm<\/td>\n<td>10 pi\u00e8ces\/bo\u00eete<\/td>\n<td>200 bo\u00eetes\/carton<\/td>\n<\/tr>\n<tr>\n<td>CT-SC50<\/td>\n<td>50 mm<\/td>\n<td>10 pi\u00e8ces\/bo\u00eete<\/td>\n<td>200 bo\u00eetes\/carton<\/td>\n<\/tr>\n<\/tbody>\n<\/table>","protected":false},"excerpt":{"rendered":"<p><strong><b>Certification de qualit\u00e9:<\/b><\/strong><\/p>\n<p>\u2013 Sp\u00e9cialement con\u00e7u et produit pour les applications solaires.<\/p>\n<p>\u2013 Conforme aux normes AS\/NZS 2053, IEC61386, CE, UL94 5VA<\/p>","protected":false},"featured_media":2858,"comment_status":"closed","ping_status":"closed","template":"","meta":{"_sitemap_exclude":false,"_sitemap_priority":"","_sitemap_frequency":"","_joinchat":[]},"product_brand":[],"product_cat":[107,42,37],"product_tag":[],"class_list":{"0":"post-2856","1":"product","2":"type-product","3":"status-publish","4":"has-post-thumbnail","6":"product_cat-fittings-wholesale","7":"product_cat-solar-pvc-conduit-and-fittings","8":"product_cat-specialized-application-products","10":"first","11":"instock","12":"shipping-taxable","13":"product-type-simple"},"_links":{"self":[{"href":"https:\/\/www.ctube-gr.com\/fr\/wp-json\/wp\/v2\/product\/2856","targetHints":{"allow":["GET"]}}],"collection":[{"href":"https:\/\/www.ctube-gr.com\/fr\/wp-json\/wp\/v2\/product"}],"about":[{"href":"https:\/\/www.ctube-gr.com\/fr\/wp-json\/wp\/v2\/types\/product"}],"replies":[{"embeddable":true,"href":"https:\/\/www.ctube-gr.com\/fr\/wp-json\/wp\/v2\/comments?post=2856"}],"version-history":[{"count":0,"href":"https:\/\/www.ctube-gr.com\/fr\/wp-json\/wp\/v2\/product\/2856\/revisions"}],"wp:featuredmedia":[{"embeddable":true,"href":"https:\/\/www.ctube-gr.com\/fr\/wp-json\/wp\/v2\/media\/2858"}],"wp:attachment":[{"href":"https:\/\/www.ctube-gr.com\/fr\/wp-json\/wp\/v2\/media?parent=2856"}],"wp:term":[{"taxonomy":"product_brand","embeddable":true,"href":"https:\/\/www.ctube-gr.com\/fr\/wp-json\/wp\/v2\/product_brand?post=2856"},{"taxonomy":"product_cat","embeddable":true,"href":"https:\/\/www.ctube-gr.com\/fr\/wp-json\/wp\/v2\/product_cat?post=2856"},{"taxonomy":"product_tag","embeddable":true,"href":"https:\/\/www.ctube-gr.com\/fr\/wp-json\/wp\/v2\/product_tag?post=2856"}],"curies":[{"name":"wp","href":"https:\/\/api.w.org\/{rel}","templated":true}]}}