{"id":2888,"date":"2024-03-29T02:37:05","date_gmt":"2024-03-29T02:37:05","guid":{"rendered":"https:\/\/ctube-gr.com\/?post_type=product&#038;p=2888"},"modified":"2024-08-01T06:18:59","modified_gmt":"2024-08-01T06:18:59","slug":"bague-dextension-solaire-ctube","status":"publish","type":"product","link":"https:\/\/www.ctube-gr.com\/fr\/ctube-solar-extension-ring","title":{"rendered":"Anneau d&#039;extension solaire Ctube"},"content":{"rendered":"<table>\n<tbody>\n<tr>\n<td width=\"146\">Marque:<\/td>\n<td width=\"147\">Ctube<\/td>\n<td width=\"147\">Fabricant d&#039;origine:<\/td>\n<td width=\"146\">Disponible<\/td>\n<\/tr>\n<tr>\n<td width=\"146\">Mat\u00e9riel:<\/td>\n<td width=\"147\">PVC<\/td>\n<td width=\"147\">Longueur:<\/td>\n<td width=\"146\">Personnalis\u00e9<\/td>\n<\/tr>\n<tr>\n<td width=\"146\">\u00c9paisseur:<\/td>\n<td width=\"147\">Personnalis\u00e9<\/td>\n<td width=\"147\">Plage de diam\u00e8tre ext\u00e9rieur :<\/td>\n<td width=\"146\">\u2013<\/td>\n<\/tr>\n<tr>\n<td width=\"146\">Certification:<\/td>\n<td width=\"147\">AS\/NZS 2053, IEC61386, CE, UL94 5VA<\/td>\n<td width=\"147\">Couleur:<\/td>\n<td width=\"146\">Gris ou personnalis\u00e9<\/td>\n<\/tr>\n<tr>\n<td width=\"146\">R\u00e9sistance au feu :<\/td>\n<td width=\"147\">V0<\/td>\n<td width=\"147\">R\u00e9sistance aux UV :<\/td>\n<td width=\"146\">Oui<\/td>\n<\/tr>\n<tr>\n<td width=\"146\">Conductivit\u00e9:<\/td>\n<td width=\"147\">Isol\u00e9<\/td>\n<td width=\"147\">Duret\u00e9:<\/td>\n<td width=\"146\">Rigide et r\u00e9sistant aux chocs<\/td>\n<\/tr>\n<tr>\n<td width=\"146\">Emballage:<\/td>\n<td width=\"147\">Sacs en plastique et films PE<\/td>\n<td width=\"147\">\u00c9chantillon:<\/td>\n<td width=\"146\">Gratuit<\/td>\n<\/tr>\n<tr>\n<td width=\"146\">Pays:<\/td>\n<td width=\"147\">Chine<\/td>\n<td width=\"147\">Usine:<\/td>\n<td width=\"146\">Dongguan, Guangdong<\/td>\n<\/tr>\n<\/tbody>\n<\/table>\n<p><strong><b>Caract\u00e9ristiques<\/b><\/strong><\/p>\n<p>\u2013 Id\u00e9al pour les services publics et les projets d\u2019\u00e9nergie solaire.<\/p>\n<p>\u2013 Conforme aux normes AS\/NZS 2053, IEC61386, CE, UL94 5VA<\/p>\n<p>\u2013 R\u00e9sistant aux chocs, au soleil et au feu.<\/p>\n<p>\u2013 Surface et int\u00e9rieur brillants et lisses.<\/p>\n<p>\u2013 Le PVC durable et non conducteur ne rouille pas et ne se corrode pas<\/p>\n<p>\u2013 Convient aux applications a\u00e9riennes et souterraines.<\/p>\n<p><strong><b>Application<\/b><\/strong><\/p>\n<p>L&#039;anneau d&#039;extension solaire Ctube est utilis\u00e9 pour cr\u00e9er un espace suppl\u00e9mentaire dans le bo\u00eetier pour le c\u00e2blage ou les appareils \u00e9lectriques tels que les variateurs. Ils sont sp\u00e9cialement con\u00e7us et fabriqu\u00e9s pour les applications solaires. Ils sont sp\u00e9cialement con\u00e7us et fabriqu\u00e9s pour les applications solaires et prot\u00e8gent les connexions \u00e9lectriques des intemp\u00e9ries, ainsi que les personnes contre les chocs \u00e9lectriques accidentels.<\/p>\n<p><strong><b>Capacit\u00e9 de fabrication<\/b><\/strong><\/p>\n<p>\u2013 Capacit\u00e9 de production : 50 000 pi\u00e8ces par semaine<\/p>\n<p>\u2013 M\u00e9thodes d\u2019emballage : sacs en plastique et films PE<\/p>\n<p><strong><b>Tableau des tailles<\/b><\/strong><\/p>\n<table>\n<tbody>\n<tr>\n<td width=\"124\">Code produit<\/td>\n<td width=\"124\">Taille de la bo\u00eete<\/td>\n<td width=\"139\">Emballage int\u00e9rieur<\/td>\n<td width=\"194\">Emballage ext\u00e9rieur<\/td>\n<\/tr>\n<tr>\n<td>CT-ER<\/td>\n<td width=\"124\">34\u00d727,5\u00d714,5 cm<\/td>\n<td width=\"139\">50 unit\u00e9s\/bo\u00eete<\/td>\n<td width=\"194\">500 bo\u00eetes\/carton<\/td>\n<\/tr>\n<\/tbody>\n<\/table>","protected":false},"excerpt":{"rendered":"<p><strong><b>Certification de qualit\u00e9:<\/b><\/strong><\/p>\n<p>\u2013 Sp\u00e9cialement con\u00e7u et produit pour les applications solaires.<\/p>\n<p>\u2013 Conforme aux normes AS\/NZS 2053, IEC61386, CE, UL94 5VA.<\/p>","protected":false},"featured_media":2891,"comment_status":"closed","ping_status":"closed","template":"","meta":{"_sitemap_exclude":false,"_sitemap_priority":"","_sitemap_frequency":"","_joinchat":[]},"product_brand":[],"product_cat":[107,42,37],"product_tag":[],"class_list":{"0":"post-2888","1":"product","2":"type-product","3":"status-publish","4":"has-post-thumbnail","6":"product_cat-fittings-wholesale","7":"product_cat-solar-pvc-conduit-and-fittings","8":"product_cat-specialized-application-products","10":"first","11":"instock","12":"shipping-taxable","13":"product-type-simple"},"_links":{"self":[{"href":"https:\/\/www.ctube-gr.com\/fr\/wp-json\/wp\/v2\/product\/2888","targetHints":{"allow":["GET"]}}],"collection":[{"href":"https:\/\/www.ctube-gr.com\/fr\/wp-json\/wp\/v2\/product"}],"about":[{"href":"https:\/\/www.ctube-gr.com\/fr\/wp-json\/wp\/v2\/types\/product"}],"replies":[{"embeddable":true,"href":"https:\/\/www.ctube-gr.com\/fr\/wp-json\/wp\/v2\/comments?post=2888"}],"version-history":[{"count":0,"href":"https:\/\/www.ctube-gr.com\/fr\/wp-json\/wp\/v2\/product\/2888\/revisions"}],"wp:featuredmedia":[{"embeddable":true,"href":"https:\/\/www.ctube-gr.com\/fr\/wp-json\/wp\/v2\/media\/2891"}],"wp:attachment":[{"href":"https:\/\/www.ctube-gr.com\/fr\/wp-json\/wp\/v2\/media?parent=2888"}],"wp:term":[{"taxonomy":"product_brand","embeddable":true,"href":"https:\/\/www.ctube-gr.com\/fr\/wp-json\/wp\/v2\/product_brand?post=2888"},{"taxonomy":"product_cat","embeddable":true,"href":"https:\/\/www.ctube-gr.com\/fr\/wp-json\/wp\/v2\/product_cat?post=2888"},{"taxonomy":"product_tag","embeddable":true,"href":"https:\/\/www.ctube-gr.com\/fr\/wp-json\/wp\/v2\/product_tag?post=2888"}],"curies":[{"name":"wp","href":"https:\/\/api.w.org\/{rel}","templated":true}]}}