{"id":2914,"date":"2024-03-29T02:45:15","date_gmt":"2024-03-29T02:45:15","guid":{"rendered":"https:\/\/ctube-gr.com\/?post_type=product&#038;p=2914"},"modified":"2024-08-01T06:15:52","modified_gmt":"2024-08-01T06:15:52","slug":"adaptateur-de-connecteur-solaire-simple-a-visse-male-ctube-20-50-mm","status":"publish","type":"product","link":"https:\/\/www.ctube-gr.com\/fr\/ctube-20-50mm-solar-plain-to-screwed-male-terminal-adapter-connector","title":{"rendered":"Connecteur adaptateur de borne m\u00e2le \u00e0 vis solaire simple Ctube 20-50 mm"},"content":{"rendered":"<table>\n<tbody>\n<tr>\n<td width=\"139\">Marque:<\/td>\n<td width=\"139\">Ctube<\/td>\n<td width=\"139\">Fabricant d&#039;origine:<\/td>\n<td width=\"139\">Disponible<\/td>\n<\/tr>\n<tr>\n<td width=\"139\">Mat\u00e9riel:<\/td>\n<td width=\"139\">PVC<\/td>\n<td width=\"139\">Longueur:<\/td>\n<td width=\"139\">Personnalis\u00e9<\/td>\n<\/tr>\n<tr>\n<td width=\"139\">\u00c9paisseur:<\/td>\n<td width=\"139\">Personnalis\u00e9<\/td>\n<td width=\"139\">Plage de diam\u00e8tre ext\u00e9rieur :<\/td>\n<td width=\"139\">20-50 mm<\/td>\n<\/tr>\n<tr>\n<td width=\"139\">Certification:<\/td>\n<td width=\"139\">AS\/NZS 2053, IEC61386, CE, UL94 5VA<\/td>\n<td width=\"139\">Couleur:<\/td>\n<td width=\"139\">Gris ou personnalis\u00e9<\/td>\n<\/tr>\n<tr>\n<td width=\"139\">R\u00e9sistance au feu :<\/td>\n<td width=\"139\">V0<\/td>\n<td width=\"139\">R\u00e9sistance aux UV :<\/td>\n<td width=\"139\">Oui<\/td>\n<\/tr>\n<tr>\n<td width=\"139\">Conductivit\u00e9:<\/td>\n<td width=\"139\">Isol\u00e9<\/td>\n<td width=\"139\">Duret\u00e9:<\/td>\n<td width=\"139\">Rigide et r\u00e9sistant aux chocs<\/td>\n<\/tr>\n<tr>\n<td width=\"139\">Emballage:<\/td>\n<td width=\"139\">Sacs en plastique et films PE<\/td>\n<td width=\"139\">\u00c9chantillon:<\/td>\n<td width=\"139\">Gratuit<\/td>\n<\/tr>\n<tr>\n<td width=\"139\">Pays:<\/td>\n<td width=\"139\">Chine<\/td>\n<td width=\"139\">Usine:<\/td>\n<td width=\"139\">Dongguan, Guangdong<\/td>\n<\/tr>\n<\/tbody>\n<\/table>\n<p><strong><b>Caract\u00e9ristiques<\/b><\/strong><\/p>\n<p>\u2013 Id\u00e9al pour les services publics et les projets d\u2019\u00e9nergie solaire.<\/p>\n<p>\u2013 Conforme aux normes AS\/NZS 2053, IEC61386, CE, UL94 5VA.<\/p>\n<p>\u2013 R\u00e9sistant aux chocs, au soleil et au feu.<\/p>\n<p>\u2013 Surface et int\u00e9rieur brillants et lisses.<\/p>\n<p>\u2013 Le PVC durable et non conducteur ne rouille pas et ne se corrode pas<\/p>\n<p>\u2013 Convient aux applications a\u00e9riennes et souterraines.<\/p>\n<p><strong><b>Application<\/b><\/strong><\/p>\n<p>Le connecteur adaptateur solaire Ctube 20-50 mm pour borne m\u00e2le \u00e0 visser est un connecteur utilis\u00e9 pour passer d&#039;un conduit en PVC \u00e0 extr\u00e9mit\u00e9 m\u00e2le \u00e0 une extr\u00e9mit\u00e9 femelle filet\u00e9e en m\u00e9tal ou en PVC. Ils sont sp\u00e9cialement con\u00e7us et fabriqu\u00e9s pour les applications solaires et prot\u00e8gent les connexions \u00e9lectriques des intemp\u00e9ries, ainsi que les personnes contre les chocs \u00e9lectriques accidentels.<\/p>\n<p><strong><b>Capacit\u00e9 de fabrication<\/b><\/strong><\/p>\n<p>\u2013 Capacit\u00e9 de production : 50 000 pi\u00e8ces par semaine<\/p>\n<p>\u2013 M\u00e9thodes d\u2019emballage : sacs en plastique et films PE<\/p>\n<p><strong><b>Tableau des tailles<\/b><\/strong><\/p>\n<table>\n<tbody>\n<tr>\n<td width=\"113\">Code produit<\/td>\n<td width=\"113\">Taille nominale<\/td>\n<td width=\"127\">Emballage int\u00e9rieur<\/td>\n<td width=\"177\">Emballage ext\u00e9rieur<\/td>\n<\/tr>\n<tr>\n<td>CT-PSA20<\/td>\n<td width=\"113\">20 mm<\/td>\n<td width=\"127\">50 pi\u00e8ces\/bo\u00eete<\/td>\n<td width=\"177\">1000 bo\u00eetes\/carton<\/td>\n<\/tr>\n<tr>\n<td>CT-PSA25<\/td>\n<td>25 mm<\/td>\n<td>50 pi\u00e8ces\/bo\u00eete<\/td>\n<td>1000 bo\u00eetes\/carton<\/td>\n<\/tr>\n<tr>\n<td>CT-PSA32<\/td>\n<td>32 mm<\/td>\n<td>20 pi\u00e8ces\/bo\u00eete<\/td>\n<td>500 bo\u00eetes\/carton<\/td>\n<\/tr>\n<tr>\n<td>CT-PSA40<\/td>\n<td>40 mm<\/td>\n<td>10 pi\u00e8ces\/bo\u00eete<\/td>\n<td>200 bo\u00eetes\/carton<\/td>\n<\/tr>\n<tr>\n<td>CT-PSA50<\/td>\n<td>50 mm<\/td>\n<td>5 pi\u00e8ces\/bo\u00eete<\/td>\n<td>200 bo\u00eetes\/carton<\/td>\n<\/tr>\n<\/tbody>\n<\/table>","protected":false},"excerpt":{"rendered":"<p><strong><b>Certification de qualit\u00e9:<\/b><\/strong><\/p>\n<p>\u2013 Sp\u00e9cialement con\u00e7u et produit pour les applications solaires.<\/p>\n<p>\u2013 Conforme aux normes AS\/NZS 2053, IEC61386, CE, UL94 5VA.<\/p>","protected":false},"featured_media":2918,"comment_status":"closed","ping_status":"closed","template":"","meta":{"_sitemap_exclude":false,"_sitemap_priority":"","_sitemap_frequency":"","_joinchat":[]},"product_brand":[],"product_cat":[107,42,37],"product_tag":[],"class_list":{"0":"post-2914","1":"product","2":"type-product","3":"status-publish","4":"has-post-thumbnail","6":"product_cat-fittings-wholesale","7":"product_cat-solar-pvc-conduit-and-fittings","8":"product_cat-specialized-application-products","10":"first","11":"instock","12":"shipping-taxable","13":"product-type-simple"},"_links":{"self":[{"href":"https:\/\/www.ctube-gr.com\/fr\/wp-json\/wp\/v2\/product\/2914","targetHints":{"allow":["GET"]}}],"collection":[{"href":"https:\/\/www.ctube-gr.com\/fr\/wp-json\/wp\/v2\/product"}],"about":[{"href":"https:\/\/www.ctube-gr.com\/fr\/wp-json\/wp\/v2\/types\/product"}],"replies":[{"embeddable":true,"href":"https:\/\/www.ctube-gr.com\/fr\/wp-json\/wp\/v2\/comments?post=2914"}],"version-history":[{"count":0,"href":"https:\/\/www.ctube-gr.com\/fr\/wp-json\/wp\/v2\/product\/2914\/revisions"}],"wp:featuredmedia":[{"embeddable":true,"href":"https:\/\/www.ctube-gr.com\/fr\/wp-json\/wp\/v2\/media\/2918"}],"wp:attachment":[{"href":"https:\/\/www.ctube-gr.com\/fr\/wp-json\/wp\/v2\/media?parent=2914"}],"wp:term":[{"taxonomy":"product_brand","embeddable":true,"href":"https:\/\/www.ctube-gr.com\/fr\/wp-json\/wp\/v2\/product_brand?post=2914"},{"taxonomy":"product_cat","embeddable":true,"href":"https:\/\/www.ctube-gr.com\/fr\/wp-json\/wp\/v2\/product_cat?post=2914"},{"taxonomy":"product_tag","embeddable":true,"href":"https:\/\/www.ctube-gr.com\/fr\/wp-json\/wp\/v2\/product_tag?post=2914"}],"curies":[{"name":"wp","href":"https:\/\/api.w.org\/{rel}","templated":true}]}}