{"id":2949,"date":"2024-03-29T03:05:30","date_gmt":"2024-03-29T03:05:30","guid":{"rendered":"https:\/\/ctube-gr.com\/?post_type=product&#038;p=2949"},"modified":"2024-08-01T06:12:39","modified_gmt":"2024-08-01T06:12:39","slug":"boite-de-jonction-solaire-profonde-a-2-voies-ctube-20-25-mm","status":"publish","type":"product","link":"https:\/\/www.ctube-gr.com\/fr\/ctube-20-25mm-2-way-solar-deep-junction-box","title":{"rendered":"Bo\u00eete de jonction solaire profonde \u00e0 2 voies Ctube 20-25 mm"},"content":{"rendered":"<p><strong><b>Aper\u00e7u<\/b><\/strong><\/p>\n<table>\n<tbody>\n<tr>\n<td width=\"148\">Marque:<\/td>\n<td width=\"148\">Ctube<\/td>\n<td width=\"149\">Fabricant d&#039;origine:<\/td>\n<td width=\"148\">Disponible<\/td>\n<\/tr>\n<tr>\n<td width=\"148\">Mat\u00e9riel:<\/td>\n<td width=\"148\">PVC<\/td>\n<td width=\"149\">Longueur:<\/td>\n<td width=\"148\">Personnalis\u00e9<\/td>\n<\/tr>\n<tr>\n<td width=\"148\">\u00c9paisseur:<\/td>\n<td width=\"148\">Personnalis\u00e9<\/td>\n<td width=\"149\">Plage de diam\u00e8tre ext\u00e9rieur :<\/td>\n<td width=\"148\">20-25 mm<\/td>\n<\/tr>\n<tr>\n<td width=\"148\">Certification:<\/td>\n<td width=\"148\">AS\/NZS 2053, IEC61386, CE, UL94 5VA<\/td>\n<td width=\"149\">Couleur:<\/td>\n<td width=\"148\">Gris ou personnalis\u00e9<\/td>\n<\/tr>\n<tr>\n<td width=\"148\">R\u00e9sistance au feu :<\/td>\n<td width=\"148\">V0<\/td>\n<td width=\"149\">R\u00e9sistance aux UV :<\/td>\n<td width=\"148\">Oui<\/td>\n<\/tr>\n<tr>\n<td width=\"148\">Conductivit\u00e9:<\/td>\n<td width=\"148\">Isol\u00e9<\/td>\n<td width=\"149\">Duret\u00e9:<\/td>\n<td width=\"148\">Rigide et r\u00e9sistant aux chocs<\/td>\n<\/tr>\n<tr>\n<td width=\"148\">Emballage:<\/td>\n<td width=\"148\">Sacs en plastique et films PE<\/td>\n<td width=\"149\">\u00c9chantillon:<\/td>\n<td width=\"148\">Gratuit<\/td>\n<\/tr>\n<tr>\n<td width=\"148\">Pays:<\/td>\n<td width=\"148\">Chine<\/td>\n<td width=\"149\">Usine:<\/td>\n<td width=\"148\">Dongguan, Guangdong<\/td>\n<\/tr>\n<\/tbody>\n<\/table>\n<p><strong><b>Caract\u00e9ristiques<\/b><\/strong><\/p>\n<p>\u2013 Id\u00e9al pour les services publics et les projets d\u2019\u00e9nergie solaire.<\/p>\n<p>\u2013 Couvercles et vis inclus.<\/p>\n<p>\u2013 Conforme aux normes AS\/NZS 2053, IEC61386, CE, UL94 5VA<\/p>\n<p>\u2013 R\u00e9sistant aux chocs, au soleil et au feu.<\/p>\n<p>\u2013 Surface et int\u00e9rieur brillants et lisses.<\/p>\n<p>\u2013 Le PVC durable et non conducteur ne rouille pas et ne se corrode pas<\/p>\n<p>\u2013 Convient aux applications a\u00e9riennes et souterraines.<\/p>\n<p><strong><b>Application<\/b><\/strong><\/p>\n<p>Les bo\u00eetes de jonction profondes solaires \u00e0 2 voies Ctube 20-25 mm sont des bo\u00eetiers abritant des connexions \u00e9lectriques et utilis\u00e9es pour joindre des conduits \u00e9lectriques afin que les c\u00e2bles puissent circuler dans les 2 sens. Elles sont sp\u00e9cialement con\u00e7ues et fabriqu\u00e9es pour les applications solaires et prot\u00e8gent les connexions \u00e9lectriques des intemp\u00e9ries, ainsi que les personnes contre les chocs \u00e9lectriques accidentels.<\/p>\n<p><strong><b>Capacit\u00e9 de fabrication<\/b><\/strong><\/p>\n<p>\u2013 Capacit\u00e9 de production : 50 000 pi\u00e8ces par semaine<\/p>\n<p>\u2013 M\u00e9thodes d\u2019emballage : sacs en plastique et films PE<\/p>\n<p><strong><b>Tableau des tailles<\/b><\/strong><\/p>\n<table>\n<tbody>\n<tr>\n<td width=\"92\">Code produit<\/td>\n<td width=\"92\">Taille nominale<\/td>\n<td width=\"92\">Taille de la bo\u00eete<\/td>\n<td width=\"103\">Emballage int\u00e9rieur<\/td>\n<td width=\"144\">Emballage ext\u00e9rieur<\/td>\n<\/tr>\n<tr>\n<td>CT-DJB20-2<\/td>\n<td width=\"92\">20 mm<\/td>\n<td width=\"92\">23\u00d716,5\u00d715,6 cm<\/td>\n<td width=\"103\">10 unit\u00e9s\/bo\u00eete<\/td>\n<td width=\"144\">200 bo\u00eetes\/carton<\/td>\n<\/tr>\n<tr>\n<td>CT-DJB25-2<\/td>\n<td>25 mm<\/td>\n<td>23\u00d716,5\u00d715,6 cm<\/td>\n<td>10 unit\u00e9s\/bo\u00eete<\/td>\n<td>200 bo\u00eetes\/carton<\/td>\n<\/tr>\n<\/tbody>\n<\/table>","protected":false},"excerpt":{"rendered":"<p><strong><b>Certification de qualit\u00e9:<\/b><\/strong><\/p>\n<p>\u2013 Sp\u00e9cialement con\u00e7u et produit pour les applications solaires.<\/p>\n<p>\u2013 Conforme aux normes AS\/NZS 2053, IEC61386, CE, UL94 5VA<\/p>","protected":false},"featured_media":2955,"comment_status":"closed","ping_status":"closed","template":"","meta":{"_sitemap_exclude":false,"_sitemap_priority":"","_sitemap_frequency":"","_joinchat":[]},"product_brand":[],"product_cat":[108,42,37],"product_tag":[],"class_list":{"0":"post-2949","1":"product","2":"type-product","3":"status-publish","4":"has-post-thumbnail","6":"product_cat-junction-box-manufacturer","7":"product_cat-solar-pvc-conduit-and-fittings","8":"product_cat-specialized-application-products","10":"first","11":"instock","12":"shipping-taxable","13":"product-type-simple"},"_links":{"self":[{"href":"https:\/\/www.ctube-gr.com\/fr\/wp-json\/wp\/v2\/product\/2949","targetHints":{"allow":["GET"]}}],"collection":[{"href":"https:\/\/www.ctube-gr.com\/fr\/wp-json\/wp\/v2\/product"}],"about":[{"href":"https:\/\/www.ctube-gr.com\/fr\/wp-json\/wp\/v2\/types\/product"}],"replies":[{"embeddable":true,"href":"https:\/\/www.ctube-gr.com\/fr\/wp-json\/wp\/v2\/comments?post=2949"}],"version-history":[{"count":0,"href":"https:\/\/www.ctube-gr.com\/fr\/wp-json\/wp\/v2\/product\/2949\/revisions"}],"wp:featuredmedia":[{"embeddable":true,"href":"https:\/\/www.ctube-gr.com\/fr\/wp-json\/wp\/v2\/media\/2955"}],"wp:attachment":[{"href":"https:\/\/www.ctube-gr.com\/fr\/wp-json\/wp\/v2\/media?parent=2949"}],"wp:term":[{"taxonomy":"product_brand","embeddable":true,"href":"https:\/\/www.ctube-gr.com\/fr\/wp-json\/wp\/v2\/product_brand?post=2949"},{"taxonomy":"product_cat","embeddable":true,"href":"https:\/\/www.ctube-gr.com\/fr\/wp-json\/wp\/v2\/product_cat?post=2949"},{"taxonomy":"product_tag","embeddable":true,"href":"https:\/\/www.ctube-gr.com\/fr\/wp-json\/wp\/v2\/product_tag?post=2949"}],"curies":[{"name":"wp","href":"https:\/\/api.w.org\/{rel}","templated":true}]}}