{"id":3067,"date":"2024-03-29T08:56:41","date_gmt":"2024-03-29T08:56:41","guid":{"rendered":"https:\/\/ctube-gr.com\/?post_type=product&#038;p=3067"},"modified":"2024-08-01T06:14:14","modified_gmt":"2024-08-01T06:14:14","slug":"boite-de-jonction-solaire-profonde-a-4-voies-ctube-20-25-mm","status":"publish","type":"product","link":"https:\/\/www.ctube-gr.com\/fr\/ctube-20-25mm-4-way-solar-deep-junction-box","title":{"rendered":"Bo\u00eete de jonction solaire profonde \u00e0 4 voies Ctube 20-25 mm"},"content":{"rendered":"<table>\n<tbody>\n<tr>\n<td width=\"137\">Marque:<\/td>\n<td width=\"138\">Ctube<\/td>\n<td width=\"138\">Fabricant d&#039;origine:<\/td>\n<td width=\"137\">Disponible<\/td>\n<\/tr>\n<tr>\n<td width=\"137\">Mat\u00e9riel:<\/td>\n<td width=\"138\">PVC<\/td>\n<td width=\"138\">Longueur:<\/td>\n<td width=\"137\">Personnalis\u00e9<\/td>\n<\/tr>\n<tr>\n<td width=\"137\">\u00c9paisseur:<\/td>\n<td width=\"138\">Personnalis\u00e9<\/td>\n<td width=\"138\">Plage de diam\u00e8tre ext\u00e9rieur :<\/td>\n<td width=\"137\">20-25 mm<\/td>\n<\/tr>\n<tr>\n<td width=\"137\">Certification:<\/td>\n<td width=\"138\">AS\/NZS 2053, IEC61386, CE, UL94 5VA<\/td>\n<td width=\"138\">Couleur:<\/td>\n<td width=\"137\">Gris ou personnalis\u00e9<\/td>\n<\/tr>\n<tr>\n<td width=\"137\">R\u00e9sistance au feu :<\/td>\n<td width=\"138\">V0<\/td>\n<td width=\"138\">R\u00e9sistance aux UV :<\/td>\n<td width=\"137\">Oui<\/td>\n<\/tr>\n<tr>\n<td width=\"137\">Conductivit\u00e9:<\/td>\n<td width=\"138\">Isol\u00e9<\/td>\n<td width=\"138\">Duret\u00e9:<\/td>\n<td width=\"137\">Rigide et r\u00e9sistant aux chocs<\/td>\n<\/tr>\n<tr>\n<td width=\"137\">Emballage:<\/td>\n<td width=\"138\">Sacs en plastique et films PE<\/td>\n<td width=\"138\">\u00c9chantillon:<\/td>\n<td width=\"137\">Gratuit<\/td>\n<\/tr>\n<tr>\n<td width=\"137\">Pays:<\/td>\n<td width=\"138\">Chine<\/td>\n<td width=\"138\">Usine:<\/td>\n<td width=\"137\">Dongguan, Guangdong<\/td>\n<\/tr>\n<\/tbody>\n<\/table>\n<p>&nbsp;<\/p>\n<p><strong><b>Caract\u00e9ristiques<\/b><\/strong><\/p>\n<p>\u2013 Id\u00e9al pour les services publics et les projets d\u2019\u00e9nergie solaire.<br \/>\n\u2013 Couvercles et vis inclus.<br \/>\n\u2013 Conforme aux normes AS\/NZS 2053, IEC61386, CE, UL94 5VA<br \/>\n\u2013 R\u00e9sistant aux chocs, au soleil et au feu.<br \/>\n\u2013 Surface et int\u00e9rieur brillants et lisses.<br \/>\n\u2013 Le PVC durable et non conducteur ne rouille pas et ne se corrode pas<br \/>\n\u2013 Convient aux applications a\u00e9riennes et souterraines.<br \/>\n<b><\/b><\/p>\n<p><strong><b>Application<\/b><\/strong><\/p>\n<p>Les bo\u00eetes de jonction solaires peu profondes \u00e0 4 voies Ctube 20-25 mm sont des bo\u00eetiers abritant des connexions \u00e9lectriques et utilis\u00e9es pour joindre des conduits \u00e9lectriques afin que les c\u00e2bles puissent circuler dans 4 directions. Elles sont sp\u00e9cialement con\u00e7ues et fabriqu\u00e9es pour les applications solaires et prot\u00e8gent les connexions \u00e9lectriques des intemp\u00e9ries, ainsi que les personnes contre les chocs \u00e9lectriques accidentels.<br \/>\n<b><\/b><\/p>\n<p><strong><b>Capacit\u00e9 de fabrication<\/b><\/strong><\/p>\n<p>\u2013 Capacit\u00e9 de production : 50 000 pi\u00e8ces par semaine<br \/>\n\u2013 M\u00e9thodes d\u2019emballage : sacs en plastique et films PE<\/p>\n<p><strong><b>Tableau des tailles<\/b><\/strong><\/p>\n<table>\n<tbody>\n<tr>\n<td width=\"97\">Code produit<\/td>\n<td width=\"97\">Taille nominale<\/td>\n<td width=\"97\">Taille (L x l x H)<\/td>\n<td width=\"108\">Emballage int\u00e9rieur<\/td>\n<td width=\"151\">Emballage ext\u00e9rieur<\/td>\n<\/tr>\n<tr>\n<td>CT-DJB20-4<\/td>\n<td width=\"97\">20 mm<\/td>\n<td width=\"97\">21x18x9mm<\/td>\n<td width=\"108\">10 unit\u00e9s\/bo\u00eete<\/td>\n<td width=\"151\">200 bo\u00eetes\/carton<\/td>\n<\/tr>\n<tr>\n<td>CT-DJB25-4<\/td>\n<td>25 mm<\/td>\n<td>21x18x9mm<\/td>\n<td>10 unit\u00e9s\/bo\u00eete<\/td>\n<td>200 bo\u00eetes\/carton<\/td>\n<\/tr>\n<\/tbody>\n<\/table>\n<p>&nbsp;<\/p>","protected":false},"excerpt":{"rendered":"<p><strong><b>Certification de qualit\u00e9:<\/b><\/strong><\/p>\n<p>\u2013 Sp\u00e9cialement con\u00e7u et produit pour les applications solaires.<\/p>\n<p>\u2013 Conforme aux normes AS\/NZS 2053, IEC61386, CE, UL94 5VA.<\/p>","protected":false},"featured_media":3069,"comment_status":"closed","ping_status":"closed","template":"","meta":{"_sitemap_exclude":false,"_sitemap_priority":"","_sitemap_frequency":"","_joinchat":[]},"product_brand":[],"product_cat":[108,42,37],"product_tag":[],"class_list":{"0":"post-3067","1":"product","2":"type-product","3":"status-publish","4":"has-post-thumbnail","6":"product_cat-junction-box-manufacturer","7":"product_cat-solar-pvc-conduit-and-fittings","8":"product_cat-specialized-application-products","10":"first","11":"instock","12":"shipping-taxable","13":"product-type-simple"},"_links":{"self":[{"href":"https:\/\/www.ctube-gr.com\/fr\/wp-json\/wp\/v2\/product\/3067","targetHints":{"allow":["GET"]}}],"collection":[{"href":"https:\/\/www.ctube-gr.com\/fr\/wp-json\/wp\/v2\/product"}],"about":[{"href":"https:\/\/www.ctube-gr.com\/fr\/wp-json\/wp\/v2\/types\/product"}],"replies":[{"embeddable":true,"href":"https:\/\/www.ctube-gr.com\/fr\/wp-json\/wp\/v2\/comments?post=3067"}],"version-history":[{"count":0,"href":"https:\/\/www.ctube-gr.com\/fr\/wp-json\/wp\/v2\/product\/3067\/revisions"}],"wp:featuredmedia":[{"embeddable":true,"href":"https:\/\/www.ctube-gr.com\/fr\/wp-json\/wp\/v2\/media\/3069"}],"wp:attachment":[{"href":"https:\/\/www.ctube-gr.com\/fr\/wp-json\/wp\/v2\/media?parent=3067"}],"wp:term":[{"taxonomy":"product_brand","embeddable":true,"href":"https:\/\/www.ctube-gr.com\/fr\/wp-json\/wp\/v2\/product_brand?post=3067"},{"taxonomy":"product_cat","embeddable":true,"href":"https:\/\/www.ctube-gr.com\/fr\/wp-json\/wp\/v2\/product_cat?post=3067"},{"taxonomy":"product_tag","embeddable":true,"href":"https:\/\/www.ctube-gr.com\/fr\/wp-json\/wp\/v2\/product_tag?post=3067"}],"curies":[{"name":"wp","href":"https:\/\/api.w.org\/{rel}","templated":true}]}}