{"id":3321,"date":"2024-04-01T08:58:41","date_gmt":"2024-04-01T08:58:41","guid":{"rendered":"https:\/\/ctube-gr.com\/?post_type=product&#038;p=3321"},"modified":"2024-08-01T06:10:35","modified_gmt":"2024-08-01T06:10:35","slug":"ctube-20-conduit-electrique-rigide-solaire-robuste-de-150-mm","status":"publish","type":"product","link":"https:\/\/www.ctube-gr.com\/fr\/ctube-20-150mm-heavy-duty-solar-rigid-electrical-conduit","title":{"rendered":"Conduit \u00e9lectrique rigide solaire robuste Ctube 20-150 mm"},"content":{"rendered":"<p><strong><b>Aper\u00e7u<\/b><\/strong><\/p>\n<table>\n<tbody>\n<tr>\n<td width=\"151\">Marque:<\/td>\n<td width=\"151\">Ctube<\/td>\n<td width=\"152\">Fabricant d&#039;origine:<\/td>\n<td width=\"151\">Disponible<\/td>\n<\/tr>\n<tr>\n<td width=\"151\">Mat\u00e9riel:<\/td>\n<td width=\"151\">PVC<\/td>\n<td width=\"152\">Longueur:<\/td>\n<td width=\"151\">Personnalis\u00e9<\/td>\n<\/tr>\n<tr>\n<td width=\"151\">\u00c9paisseur:<\/td>\n<td width=\"151\">Personnalis\u00e9<\/td>\n<td width=\"152\">Plage de diam\u00e8tre ext\u00e9rieur :<\/td>\n<td width=\"151\">20-150 mm<\/td>\n<\/tr>\n<tr>\n<td width=\"151\">Certification:<\/td>\n<td width=\"151\">AS\/NZS 2053, IEC61386, CE, UL94 5VA<\/td>\n<td width=\"152\">Couleur:<\/td>\n<td width=\"151\">Gris<\/td>\n<\/tr>\n<tr>\n<td width=\"151\">R\u00e9sistance au feu :<\/td>\n<td width=\"151\">V0<\/td>\n<td width=\"152\">R\u00e9sistance aux UV :<\/td>\n<td width=\"151\">Oui<\/td>\n<\/tr>\n<tr>\n<td width=\"151\">Conductivit\u00e9:<\/td>\n<td width=\"151\">Isol\u00e9<\/td>\n<td width=\"152\">Duret\u00e9:<\/td>\n<td width=\"151\">Rigide et r\u00e9sistant aux chocs<\/td>\n<\/tr>\n<tr>\n<td width=\"151\">Emballage:<\/td>\n<td width=\"151\">Sacs en plastique et films PE<\/td>\n<td width=\"152\">\u00c9chantillon:<\/td>\n<td width=\"151\">Gratuit<\/td>\n<\/tr>\n<tr>\n<td width=\"151\">Pays:<\/td>\n<td width=\"151\">Chine<\/td>\n<td width=\"152\">Usine:<\/td>\n<td width=\"151\">Dongguan, Guangdong<\/td>\n<\/tr>\n<\/tbody>\n<\/table>\n<p><strong><b>Caract\u00e9ristiques<\/b><\/strong><\/p>\n<p>\u2013 Id\u00e9al pour les services publics et les projets d\u2019\u00e9nergie solaire.<\/p>\n<p>\u2013 Tr\u00e8s r\u00e9sistant, r\u00e9sistant \u00e0 une compression maximale de 1250 Nt\/5 cm.<\/p>\n<p>\u2013 Conforme aux normes AS\/NZS 2053, IEC61386, CE, UL94 5VA<\/p>\n<p>\u2013 R\u00e9sistant aux chocs, au soleil et au feu.<\/p>\n<p>\u2013 Surface et int\u00e9rieur brillants et lisses.<\/p>\n<p>\u2013 Le PVC durable et non conducteur ne rouille pas et ne se corrode pas<\/p>\n<p>\u2013 Convient aux applications a\u00e9riennes et souterraines.<\/p>\n<p><strong><b>Application<\/b><\/strong><\/p>\n<p>Les conduits \u00e9lectriques rigides solaires robustes Ctube 20-150 mm sont r\u00e9sistants au soleil et utilis\u00e9s expos\u00e9s, encastr\u00e9s dans du b\u00e9ton, dissimul\u00e9s dans des murs et dans des applications d&#039;enfouissement direct, y compris les syst\u00e8mes pour :<\/p>\n<p>\u2013 Services publics;<\/p>\n<p>\u2013 C\u00e2bles, donn\u00e9es et lignes de communication ;<\/p>\n<p>\u2013 B\u00e2timents institutionnels, commerciaux et industriels;<\/p>\n<p>Ils sont sp\u00e9cialement con\u00e7us et fabriqu\u00e9s pour les applications solaires et prot\u00e8gent les connexions \u00e9lectriques des intemp\u00e9ries, ainsi que les personnes contre les chocs \u00e9lectriques accidentels.<\/p>\n<p><strong><b>Capacit\u00e9 de fabrication<\/b><\/strong><\/p>\n<p>\u2013 Capacit\u00e9 de production : 10 000 m\u00e8tres par semaine<\/p>\n<p>\u2013 M\u00e9thodes d\u2019emballage : sacs en plastique et films PE<\/p>\n<p><strong><b>Tableau des tailles<\/b><\/strong><\/p>\n<table>\n<tbody>\n<tr>\n<td width=\"117\">Code produit<\/td>\n<td width=\"102\">Taille nominale<\/td>\n<td width=\"110\">Poids minimal<\/td>\n<td width=\"120\">Poids max.<\/td>\n<td width=\"113\">Longueur<\/td>\n<\/tr>\n<tr>\n<td width=\"117\">CT-HDSOLRCY20<\/td>\n<td width=\"102\">20 mm<\/td>\n<td width=\"110\">2,3 mm<\/td>\n<td width=\"120\">2,6 mm<\/td>\n<td width=\"113\">4m<\/td>\n<\/tr>\n<tr>\n<td width=\"117\">CT-HDSOLRCY25<\/td>\n<td width=\"102\">25 mm<\/td>\n<td>2,5 mm<\/td>\n<td width=\"120\">2,8 mm<\/td>\n<td width=\"113\">4m<\/td>\n<\/tr>\n<tr>\n<td width=\"117\">CT-HDSOLRCY32<\/td>\n<td width=\"102\">32 mm<\/td>\n<td>2,7 mm<\/td>\n<td width=\"120\">3 mm<\/td>\n<td width=\"113\">4m<\/td>\n<\/tr>\n<tr>\n<td width=\"117\">CT-HDSOLRCY40<\/td>\n<td width=\"102\">40 mm<\/td>\n<td>3,1 mm<\/td>\n<td width=\"120\">3,4 mm<\/td>\n<td width=\"113\">4m<\/td>\n<\/tr>\n<tr>\n<td width=\"117\">CT-HDSOLRCY50<\/td>\n<td width=\"102\">50 mm<\/td>\n<td>3,4 mm<\/td>\n<td width=\"120\">3,9 mm<\/td>\n<td width=\"113\">4m<\/td>\n<\/tr>\n<tr>\n<td width=\"117\">CT-HDSOLRCY63<\/td>\n<td width=\"102\">63 mm<\/td>\n<td>3,9 mm<\/td>\n<td width=\"120\">4,5 mm<\/td>\n<td width=\"113\">4m<\/td>\n<\/tr>\n<tr>\n<td width=\"117\">CT-HDSOLRCY80<\/td>\n<td width=\"102\">80 mm<\/td>\n<td>4,6 mm<\/td>\n<td width=\"120\">5,3 mm<\/td>\n<td width=\"113\">4m<\/td>\n<\/tr>\n<tr>\n<td width=\"117\">CT-HDSOLRCY100<\/td>\n<td width=\"102\">100 mm<\/td>\n<td>5,9 mm<\/td>\n<td width=\"120\">6,7 mm<\/td>\n<td width=\"113\">4m<\/td>\n<\/tr>\n<tr>\n<td width=\"117\">CT-HDSOLRCY125<\/td>\n<td width=\"102\">125 mm<\/td>\n<td>7,2 mm<\/td>\n<td width=\"120\">8,1 mm<\/td>\n<td width=\"113\">4m<\/td>\n<\/tr>\n<tr>\n<td width=\"117\">CT-HDSOLRCY150<\/td>\n<td width=\"102\">150 mm<\/td>\n<td>8,3 mm<\/td>\n<td width=\"120\">9,3 mm<\/td>\n<td width=\"113\">4m<\/td>\n<\/tr>\n<\/tbody>\n<\/table>","protected":false},"excerpt":{"rendered":"<p>Certification de qualit\u00e9:<br \/>\n\u2013 Approuv\u00e9 AS\/NZS 2053.<br \/>\n\u2013 AS\/NZS 2053, IEC61386, CE, UL94 5VA<\/p>","protected":false},"featured_media":3335,"comment_status":"closed","ping_status":"closed","template":"","meta":{"_sitemap_exclude":false,"_sitemap_priority":"","_sitemap_frequency":"","_joinchat":[]},"product_brand":[],"product_cat":[109,42,37],"product_tag":[],"class_list":{"0":"post-3321","1":"product","2":"type-product","3":"status-publish","4":"has-post-thumbnail","6":"product_cat-conduit-supplier","7":"product_cat-solar-pvc-conduit-and-fittings","8":"product_cat-specialized-application-products","10":"first","11":"instock","12":"shipping-taxable","13":"product-type-simple"},"_links":{"self":[{"href":"https:\/\/www.ctube-gr.com\/fr\/wp-json\/wp\/v2\/product\/3321","targetHints":{"allow":["GET"]}}],"collection":[{"href":"https:\/\/www.ctube-gr.com\/fr\/wp-json\/wp\/v2\/product"}],"about":[{"href":"https:\/\/www.ctube-gr.com\/fr\/wp-json\/wp\/v2\/types\/product"}],"replies":[{"embeddable":true,"href":"https:\/\/www.ctube-gr.com\/fr\/wp-json\/wp\/v2\/comments?post=3321"}],"version-history":[{"count":0,"href":"https:\/\/www.ctube-gr.com\/fr\/wp-json\/wp\/v2\/product\/3321\/revisions"}],"wp:featuredmedia":[{"embeddable":true,"href":"https:\/\/www.ctube-gr.com\/fr\/wp-json\/wp\/v2\/media\/3335"}],"wp:attachment":[{"href":"https:\/\/www.ctube-gr.com\/fr\/wp-json\/wp\/v2\/media?parent=3321"}],"wp:term":[{"taxonomy":"product_brand","embeddable":true,"href":"https:\/\/www.ctube-gr.com\/fr\/wp-json\/wp\/v2\/product_brand?post=3321"},{"taxonomy":"product_cat","embeddable":true,"href":"https:\/\/www.ctube-gr.com\/fr\/wp-json\/wp\/v2\/product_cat?post=3321"},{"taxonomy":"product_tag","embeddable":true,"href":"https:\/\/www.ctube-gr.com\/fr\/wp-json\/wp\/v2\/product_tag?post=3321"}],"curies":[{"name":"wp","href":"https:\/\/api.w.org\/{rel}","templated":true}]}}