{"id":6596,"date":"2024-05-28T09:40:32","date_gmt":"2024-05-28T09:40:32","guid":{"rendered":"https:\/\/www.ctube-gr.com\/?post_type=product&#038;p=6596"},"modified":"2024-05-28T09:40:32","modified_gmt":"2024-05-28T09:40:32","slug":"adaptateur-de-borne-male-simple-a-vissee-ctube-20-63-mm-lszh-avec-bague-de-verrouillage","status":"publish","type":"product","link":"https:\/\/www.ctube-gr.com\/fr\/ctube-20-63mm-lszh-plain-to-screwed-male-terminal-adapter-with-lock-ring","title":{"rendered":"Adaptateur de borne m\u00e2le simple \u00e0 viss\u00e9e Ctube 20-63 mm LSZH avec bague de verrouillage"},"content":{"rendered":"<p><strong>Aper\u00e7u<\/strong><\/p>\n<div class=\"table\">\n<table width=\"1418\">\n<tbody>\n<tr class=\"ue-table-interlace-color-single\">\n<td valign=\"top\" width=\"328\">Marque:<\/td>\n<td valign=\"top\" width=\"328\">Ctube<\/td>\n<td valign=\"top\" width=\"328\">Fabricant d&#039;origine:<\/td>\n<td valign=\"top\" width=\"328\">Disponible<\/td>\n<\/tr>\n<tr class=\"ue-table-interlace-color-double\">\n<td valign=\"top\" width=\"328\">Mat\u00e9riel:<\/td>\n<td valign=\"top\" width=\"328\">LSZH<\/td>\n<td valign=\"top\" width=\"328\">Longueur:<\/td>\n<td valign=\"top\" width=\"328\">Personnalis\u00e9<\/td>\n<\/tr>\n<tr class=\"ue-table-interlace-color-single\">\n<td valign=\"top\" width=\"328\">\u00c9paisseur:<\/td>\n<td valign=\"top\" width=\"328\">Personnalis\u00e9<\/td>\n<td valign=\"top\" width=\"328\">Plage de diam\u00e8tre ext\u00e9rieur :<\/td>\n<td valign=\"top\" width=\"328\">20-63 mm<\/td>\n<\/tr>\n<tr class=\"ue-table-interlace-color-double\">\n<td valign=\"top\" width=\"328\">Certification:<\/td>\n<td valign=\"top\" width=\"328\">RoHS, CE, SGS, ISO<\/td>\n<td valign=\"top\" width=\"328\">Couleur:<\/td>\n<td valign=\"top\" width=\"328\">Gris ou personnalis\u00e9<\/td>\n<\/tr>\n<tr class=\"ue-table-interlace-color-single\">\n<td valign=\"top\" width=\"328\">R\u00e9sistance au feu :<\/td>\n<td valign=\"top\" width=\"328\">V0<\/td>\n<td valign=\"top\" width=\"328\">R\u00e9sistance aux UV :<\/td>\n<td valign=\"top\" width=\"328\">Oui<\/td>\n<\/tr>\n<tr class=\"ue-table-interlace-color-double\">\n<td valign=\"top\" width=\"328\">Conductivit\u00e9:<\/td>\n<td valign=\"top\" width=\"328\">Isol\u00e9<\/td>\n<td valign=\"top\" width=\"328\">Duret\u00e9:<\/td>\n<td valign=\"top\" width=\"328\">Rigide et r\u00e9sistant aux chocs<\/td>\n<\/tr>\n<tr class=\"ue-table-interlace-color-single\">\n<td valign=\"top\" width=\"328\">Emballage:<\/td>\n<td valign=\"top\" width=\"328\">Sacs en plastique et films PE<\/td>\n<td valign=\"top\" width=\"328\">\u00c9chantillon:<\/td>\n<td valign=\"top\" width=\"328\">Gratuit<\/td>\n<\/tr>\n<tr class=\"ue-table-interlace-color-double\">\n<td valign=\"top\" width=\"328\">Pays:<\/td>\n<td valign=\"top\" width=\"328\">Chine<\/td>\n<td valign=\"top\" width=\"328\">Usine:<\/td>\n<td valign=\"top\" width=\"328\">Dongguan, Guangdong<\/td>\n<\/tr>\n<\/tbody>\n<\/table>\n<\/div>\n<p><strong>Caract\u00e9ristiques<\/strong><\/p>\n<p>\u2013 Produit de tr\u00e8s faibles niveaux de fum\u00e9e et est essentiellement sans halog\u00e8ne.<\/p>\n<p>\u2013 Conforme aux normes IEC61386-1, IEC61386-21, ISO4589-2, ISO9001, ISO14001, UL94.<\/p>\n<p>\u2013 R\u00e9sistant aux chocs, au soleil et au feu.<\/p>\n<p>\u2013 Surface et int\u00e9rieur brillants et lisses.<\/p>\n<p>\u2013 Le LS non conducteur durable ne rouille pas et ne se corrode pas<\/p>\n<p>\u2013 Convient aux applications a\u00e9riennes et souterraines.<\/p>\n<p><strong>Application<\/strong><\/p>\n<p>L&#039;adaptateur de borne m\u00e2le lisse vers viss\u00e9e Ctube LSZH avec bague de verrouillage est un connecteur utilis\u00e9 pour la transition d&#039;un conduit en PVC \u00e0 extr\u00e9mit\u00e9 m\u00e2le vers une extr\u00e9mit\u00e9 femelle filet\u00e9e en m\u00e9tal ou en PVC. La bague de verrouillage est une rondelle filet\u00e9e utilis\u00e9e pour emp\u00eacher les composants de se desserrer pendant la rotation.<\/p>\n<p><strong>Capacit\u00e9 de fabrication<\/strong><\/p>\n<p>\u2013 Capacit\u00e9 de production : 50 000 pi\u00e8ces par semaine<\/p>\n<p>\u2013 M\u00e9thodes d\u2019emballage : sacs en plastique et films PE<\/p>\n<p>&nbsp;<\/p>\n<p><strong>Tableau des tailles<\/strong><\/p>\n<div class=\"table\">\n<table width=\"1014\" cellspacing=\"0\" cellpadding=\"0\">\n<tbody>\n<tr class=\"ue-table-interlace-color-single\">\n<td width=\"119\" height=\"30\">Code produit<\/td>\n<td width=\"119\" height=\"30\">Taille nominale<\/td>\n<td width=\"133\" height=\"30\">OD<\/td>\n<td colspan=\"1\" rowspan=\"1\" valign=\"null\" width=\"186\">IDENTIFIANT<\/td>\n<td width=\"186\" height=\"30\">Emballage ext\u00e9rieur<\/td>\n<\/tr>\n<tr class=\"ue-table-interlace-color-double\">\n<td height=\"30\">CT-HFAR20<\/td>\n<td width=\"119\" height=\"30\">20 mm<\/td>\n<td width=\"131\" height=\"30\">25,2 mm<\/td>\n<td colspan=\"1\" rowspan=\"1\" valign=\"null\" width=\"186\">20,2 mm<\/td>\n<td width=\"186\" height=\"30\">1000 unit\u00e9s\/carton<\/td>\n<\/tr>\n<tr class=\"ue-table-interlace-color-single\">\n<td colspan=\"1\" rowspan=\"1\" height=\"30\">CT-HFAR25<\/td>\n<td colspan=\"1\" rowspan=\"1\" height=\"30\">25 mm<\/td>\n<td colspan=\"1\" rowspan=\"1\" height=\"30\">30,0 mm<\/td>\n<td colspan=\"1\" rowspan=\"1\" valign=\"null\" width=\"null\">25,2 mm<\/td>\n<td colspan=\"1\" rowspan=\"1\" height=\"30\">720 unit\u00e9s\/carton<\/td>\n<\/tr>\n<tr class=\"ue-table-interlace-color-double\">\n<td colspan=\"1\" rowspan=\"1\" height=\"30\">CT-HFAR32<\/td>\n<td colspan=\"1\" rowspan=\"1\" height=\"30\">32 mm<\/td>\n<td colspan=\"1\" rowspan=\"1\" height=\"30\">36,5 mm<\/td>\n<td colspan=\"1\" rowspan=\"1\" valign=\"null\" width=\"null\">32,0 mm<\/td>\n<td colspan=\"1\" rowspan=\"1\" height=\"30\">360 unit\u00e9s\/carton<\/td>\n<\/tr>\n<tr class=\"ue-table-interlace-color-single\">\n<td colspan=\"1\" rowspan=\"1\" height=\"30\">CT-HFAR40<\/td>\n<td colspan=\"1\" rowspan=\"1\" height=\"30\">40 mm<\/td>\n<td colspan=\"1\" rowspan=\"1\" height=\"30\">46,4 mm<\/td>\n<td colspan=\"1\" rowspan=\"1\" valign=\"null\" width=\"null\">40,2 mm<\/td>\n<td colspan=\"1\" rowspan=\"1\" height=\"30\">210 unit\u00e9s\/carton<\/td>\n<\/tr>\n<tr class=\"ue-table-interlace-color-double\">\n<td colspan=\"1\" rowspan=\"1\" height=\"30\">CT-HFAR50<\/td>\n<td colspan=\"1\" rowspan=\"1\" height=\"30\">50 mm<\/td>\n<td colspan=\"1\" rowspan=\"1\" height=\"30\">57,2 mm<\/td>\n<td colspan=\"1\" rowspan=\"1\" valign=\"null\" width=\"null\">50,2 mm<\/td>\n<td colspan=\"1\" rowspan=\"1\" height=\"30\">120 unit\u00e9s\/carton<\/td>\n<\/tr>\n<\/tbody>\n<\/table>\n<\/div>","protected":false},"excerpt":{"rendered":"<p>Certification de qualit\u00e9:<\/p>\n<p>\u2013 Faible \u00e9mission de fum\u00e9e, sans halog\u00e8ne<\/p>\n<p>\u2013 Conforme aux normes IEC61386-1, IEC61386-21 IEC60754-1, IEC61034-2, UL94<\/p>","protected":false},"featured_media":6604,"comment_status":"closed","ping_status":"closed","template":"","meta":{"_sitemap_exclude":false,"_sitemap_priority":"","_sitemap_frequency":"","_joinchat":[]},"product_brand":[],"product_cat":[43,193,37],"product_tag":[196],"class_list":{"0":"post-6596","1":"product","2":"type-product","3":"status-publish","4":"has-post-thumbnail","6":"product_cat-low-smoke-halogen-free-conduit-and-fittings","7":"product_cat-conduit-fittings","8":"product_cat-specialized-application-products","9":"product_tag-conduit-adapter","11":"first","12":"instock","13":"shipping-taxable","14":"product-type-simple"},"_links":{"self":[{"href":"https:\/\/www.ctube-gr.com\/fr\/wp-json\/wp\/v2\/product\/6596","targetHints":{"allow":["GET"]}}],"collection":[{"href":"https:\/\/www.ctube-gr.com\/fr\/wp-json\/wp\/v2\/product"}],"about":[{"href":"https:\/\/www.ctube-gr.com\/fr\/wp-json\/wp\/v2\/types\/product"}],"replies":[{"embeddable":true,"href":"https:\/\/www.ctube-gr.com\/fr\/wp-json\/wp\/v2\/comments?post=6596"}],"version-history":[{"count":0,"href":"https:\/\/www.ctube-gr.com\/fr\/wp-json\/wp\/v2\/product\/6596\/revisions"}],"wp:featuredmedia":[{"embeddable":true,"href":"https:\/\/www.ctube-gr.com\/fr\/wp-json\/wp\/v2\/media\/6604"}],"wp:attachment":[{"href":"https:\/\/www.ctube-gr.com\/fr\/wp-json\/wp\/v2\/media?parent=6596"}],"wp:term":[{"taxonomy":"product_brand","embeddable":true,"href":"https:\/\/www.ctube-gr.com\/fr\/wp-json\/wp\/v2\/product_brand?post=6596"},{"taxonomy":"product_cat","embeddable":true,"href":"https:\/\/www.ctube-gr.com\/fr\/wp-json\/wp\/v2\/product_cat?post=6596"},{"taxonomy":"product_tag","embeddable":true,"href":"https:\/\/www.ctube-gr.com\/fr\/wp-json\/wp\/v2\/product_tag?post=6596"}],"curies":[{"name":"wp","href":"https:\/\/api.w.org\/{rel}","templated":true}]}}