{"id":7378,"date":"2024-06-17T09:46:03","date_gmt":"2024-06-17T09:46:03","guid":{"rendered":"https:\/\/www.ctube-gr.com\/?post_type=product&#038;p=7378"},"modified":"2024-06-27T03:43:08","modified_gmt":"2024-06-27T03:43:08","slug":"raccord-a-expansion-rigide-ctube-16-50-mm","status":"publish","type":"product","link":"https:\/\/www.ctube-gr.com\/fr\/ctube-16-50mm-rigid-expansion-coupling","title":{"rendered":"Raccord \u00e0 expansion rigide Ctube 16-50 mm"},"content":{"rendered":"<p><strong>Aper\u00e7u<\/strong><\/p>\n<div class=\"table\">\n<table width=\"1418\">\n<tbody>\n<tr class=\"ue-table-interlace-color-single\">\n<td valign=\"top\" width=\"328\">Marque:<\/td>\n<td valign=\"top\" width=\"328\">Ctube<\/td>\n<td valign=\"top\" width=\"328\">Fabricant d&#039;origine:<\/td>\n<td valign=\"top\" width=\"328\">Disponible<\/td>\n<\/tr>\n<tr class=\"ue-table-interlace-color-double\">\n<td valign=\"top\" width=\"328\">Mat\u00e9riel:<\/td>\n<td valign=\"top\" width=\"328\">PVC<\/td>\n<td valign=\"top\" width=\"328\">Longueur:<\/td>\n<td valign=\"top\" width=\"328\">Norme AU<\/td>\n<\/tr>\n<tr class=\"ue-table-interlace-color-single\">\n<td valign=\"top\" width=\"328\">\u00c9paisseur:<\/td>\n<td valign=\"top\" width=\"328\">Norme AU<\/td>\n<td valign=\"top\" width=\"328\">Plage de diam\u00e8tre ext\u00e9rieur :<\/td>\n<td valign=\"top\" width=\"328\">16-50 mm<\/td>\n<\/tr>\n<tr class=\"ue-table-interlace-color-double\">\n<td valign=\"top\" width=\"328\">Certification:<\/td>\n<td valign=\"top\" width=\"328\">Certifications : CE, RoHS, REACH, SGS, ISO<\/td>\n<td valign=\"top\" width=\"328\">Couleur:<\/td>\n<td valign=\"top\" width=\"328\">Gris ou personnalis\u00e9<\/td>\n<\/tr>\n<tr class=\"ue-table-interlace-color-single\">\n<td valign=\"top\" width=\"328\">R\u00e9sistance au feu :<\/td>\n<td valign=\"top\" width=\"328\">V0<\/td>\n<td valign=\"top\" width=\"328\">R\u00e9sistance aux UV :<\/td>\n<td valign=\"top\" width=\"328\">Oui<\/td>\n<\/tr>\n<tr class=\"ue-table-interlace-color-double\">\n<td valign=\"top\" width=\"328\">Conductivit\u00e9:<\/td>\n<td valign=\"top\" width=\"328\">Isol\u00e9<\/td>\n<td valign=\"top\" width=\"328\">Duret\u00e9:<\/td>\n<td valign=\"top\" width=\"328\">Rigide et r\u00e9sistant aux chocs<\/td>\n<\/tr>\n<tr class=\"ue-table-interlace-color-single\">\n<td valign=\"top\" width=\"328\">Emballage:<\/td>\n<td valign=\"top\" width=\"328\">Sacs en plastique et films PE<\/td>\n<td valign=\"top\" width=\"328\">\u00c9chantillon:<\/td>\n<td valign=\"top\" width=\"328\">Gratuit<\/td>\n<\/tr>\n<tr class=\"ue-table-interlace-color-double\">\n<td valign=\"top\" width=\"328\">Pays:<\/td>\n<td valign=\"top\" width=\"328\">Chine<\/td>\n<td valign=\"top\" width=\"328\">Usine:<\/td>\n<td valign=\"top\" width=\"328\">Dongguan, Guangdong<\/td>\n<\/tr>\n<\/tbody>\n<\/table>\n<\/div>\n<p><strong>Caract\u00e9ristiques<\/strong><\/p>\n<p>\u2013 Conforme aux normes AS\/NZS 2053.<\/p>\n<p>\u2013 R\u00e9sistant aux chocs, au soleil et au feu.<\/p>\n<p>\u2013 Surface et int\u00e9rieur brillants et lisses.<\/p>\n<p>\u2013 Le PVC durable et non conducteur ne rouille pas et ne se corrode pas<\/p>\n<p>\u2013 Convient aux applications a\u00e9riennes et souterraines.<\/p>\n<p><strong>Application<\/strong><\/p>\n<p>Les raccords \u00e0 expansion rigides Ctube 16-50 mm sont utilis\u00e9s pour relier deux conduits ensemble. Ils compensent g\u00e9n\u00e9ralement les variations de longueur dues aux variations de temp\u00e9rature dans les conduits expos\u00e9s.<\/p>\n<p><strong>Capacit\u00e9 de fabrication<\/strong><\/p>\n<p>\u2013 Capacit\u00e9 de production : 50 000 pi\u00e8ces par semaine<\/p>\n<p>\u2013 M\u00e9thodes d\u2019emballage : sacs en plastique et films PE<\/p>\n<p><strong>Tableau des tailles<\/strong><\/p>\n<div class=\"table\">\n<table cellspacing=\"0\" cellpadding=\"0\">\n<colgroup>\n<col span=\"4\" width=\"118\" \/><\/colgroup>\n<tbody>\n<tr class=\"ue-table-interlace-color-single\">\n<td width=\"119\" height=\"33\">Code produit<\/td>\n<td width=\"119\">Taille nominale<\/td>\n<td width=\"133\">Emballage int\u00e9rieur<\/td>\n<td width=\"186\">Emballage ext\u00e9rieur<\/td>\n<\/tr>\n<tr class=\"ue-table-interlace-color-double\">\n<td colspan=\"1\" rowspan=\"1\">CT-SC16<\/td>\n<td colspan=\"1\" rowspan=\"1\">16 mm<\/td>\n<td colspan=\"1\" rowspan=\"1\">200 pi\u00e8ces\/bo\u00eete<\/td>\n<td colspan=\"1\" rowspan=\"1\">2000 bo\u00eetes\/carton<\/td>\n<\/tr>\n<tr class=\"ue-table-interlace-color-single\">\n<td height=\"18\">CT-SC20<\/td>\n<td width=\"119\">20 mm<\/td>\n<td width=\"131\">50 pi\u00e8ces\/bo\u00eete<\/td>\n<td width=\"186\">1000 bo\u00eetes\/carton<\/td>\n<\/tr>\n<tr class=\"ue-table-interlace-color-double\">\n<td colspan=\"1\" rowspan=\"1\">CT-SC25<\/td>\n<td colspan=\"1\" rowspan=\"1\">25 mm<\/td>\n<td colspan=\"1\" rowspan=\"1\">50 pi\u00e8ces\/bo\u00eete<\/td>\n<td colspan=\"1\" rowspan=\"1\">1000 bo\u00eetes\/carton<\/td>\n<\/tr>\n<tr class=\"ue-table-interlace-color-single\">\n<td colspan=\"1\" rowspan=\"1\">CT-SC32<\/td>\n<td colspan=\"1\" rowspan=\"1\">32 mm<\/td>\n<td colspan=\"1\" rowspan=\"1\">20 pi\u00e8ces\/bo\u00eete<\/td>\n<td colspan=\"1\" rowspan=\"1\">500 bo\u00eetes\/carton<\/td>\n<\/tr>\n<tr class=\"ue-table-interlace-color-double\">\n<td colspan=\"1\" rowspan=\"1\">CT-SC40<\/td>\n<td colspan=\"1\" rowspan=\"1\">40 mm<\/td>\n<td colspan=\"1\" rowspan=\"1\">10 pi\u00e8ces\/bo\u00eete<\/td>\n<td colspan=\"1\" rowspan=\"1\">200 bo\u00eetes\/carton<\/td>\n<\/tr>\n<tr class=\"ue-table-interlace-color-single\">\n<td colspan=\"1\" rowspan=\"1\">CT-SC50<\/td>\n<td colspan=\"1\" rowspan=\"1\">50 mm<\/td>\n<td colspan=\"1\" rowspan=\"1\">10 pi\u00e8ces\/bo\u00eete<\/td>\n<td colspan=\"1\" rowspan=\"1\">200 bo\u00eetes\/carton<\/td>\n<\/tr>\n<\/tbody>\n<\/table>\n<\/div>","protected":false},"excerpt":{"rendered":"<p>Certification de qualit\u00e9:<\/p>\n<p>\u2013 Norme australienne<\/p>\n<p>\u2013 Conforme aux normes AS\/NZS 2053, RoHS, REACH, CE, SGS, ISO<\/p>","protected":false},"featured_media":7380,"comment_status":"closed","ping_status":"closed","template":"","meta":{"_sitemap_exclude":false,"_sitemap_priority":"","_sitemap_frequency":"","_joinchat":[]},"product_brand":[],"product_cat":[40,211,36,35],"product_tag":[],"class_list":{"0":"post-7378","1":"product","2":"type-product","3":"status-publish","4":"has-post-thumbnail","6":"product_cat-as-nzs-listed-pvc-conduit-pipe-series","7":"product_cat-australian-standard-conduit-fittings","8":"product_cat-international-certifications-products","9":"product_cat-uncategorized","11":"first","12":"instock","13":"shipping-taxable","14":"product-type-simple"},"_links":{"self":[{"href":"https:\/\/www.ctube-gr.com\/fr\/wp-json\/wp\/v2\/product\/7378","targetHints":{"allow":["GET"]}}],"collection":[{"href":"https:\/\/www.ctube-gr.com\/fr\/wp-json\/wp\/v2\/product"}],"about":[{"href":"https:\/\/www.ctube-gr.com\/fr\/wp-json\/wp\/v2\/types\/product"}],"replies":[{"embeddable":true,"href":"https:\/\/www.ctube-gr.com\/fr\/wp-json\/wp\/v2\/comments?post=7378"}],"version-history":[{"count":0,"href":"https:\/\/www.ctube-gr.com\/fr\/wp-json\/wp\/v2\/product\/7378\/revisions"}],"wp:featuredmedia":[{"embeddable":true,"href":"https:\/\/www.ctube-gr.com\/fr\/wp-json\/wp\/v2\/media\/7380"}],"wp:attachment":[{"href":"https:\/\/www.ctube-gr.com\/fr\/wp-json\/wp\/v2\/media?parent=7378"}],"wp:term":[{"taxonomy":"product_brand","embeddable":true,"href":"https:\/\/www.ctube-gr.com\/fr\/wp-json\/wp\/v2\/product_brand?post=7378"},{"taxonomy":"product_cat","embeddable":true,"href":"https:\/\/www.ctube-gr.com\/fr\/wp-json\/wp\/v2\/product_cat?post=7378"},{"taxonomy":"product_tag","embeddable":true,"href":"https:\/\/www.ctube-gr.com\/fr\/wp-json\/wp\/v2\/product_tag?post=7378"}],"curies":[{"name":"wp","href":"https:\/\/api.w.org\/{rel}","templated":true}]}}