{"id":7392,"date":"2024-06-17T09:54:38","date_gmt":"2024-06-17T09:54:38","guid":{"rendered":"https:\/\/www.ctube-gr.com\/?post_type=product&#038;p=7392"},"modified":"2024-08-01T06:08:47","modified_gmt":"2024-08-01T06:08:47","slug":"coude-solaire-standard-a-90-degres-ctube-16-50-mm","status":"publish","type":"product","link":"https:\/\/www.ctube-gr.com\/fr\/ctube-16-50mm-90-degree-solar-standard-bend","title":{"rendered":"Tube C 16-50 mm Coude standard solaire \u00e0 90 degr\u00e9s"},"content":{"rendered":"<p><strong>Aper\u00e7u<\/strong><\/p>\n<div class=\"table\">\n<table width=\"1418\">\n<tbody>\n<tr class=\"ue-table-interlace-color-single\">\n<td valign=\"top\" width=\"328\">Marque:<\/td>\n<td valign=\"top\" width=\"328\">Ctube<\/td>\n<td valign=\"top\" width=\"328\">Fabricant d&#039;origine:<\/td>\n<td valign=\"top\" width=\"328\">Disponible<\/td>\n<\/tr>\n<tr class=\"ue-table-interlace-color-double\">\n<td valign=\"top\" width=\"328\">Mat\u00e9riel:<\/td>\n<td valign=\"top\" width=\"328\">PVC<\/td>\n<td valign=\"top\" width=\"328\">Longueur:<\/td>\n<td valign=\"top\" width=\"328\">Personnalis\u00e9<\/td>\n<\/tr>\n<tr class=\"ue-table-interlace-color-single\">\n<td valign=\"top\" width=\"328\">\u00c9paisseur:<\/td>\n<td valign=\"top\" width=\"328\">Personnalis\u00e9<\/td>\n<td valign=\"top\" width=\"328\">Plage de diam\u00e8tre ext\u00e9rieur :<\/td>\n<td valign=\"top\" width=\"328\">16-50 mm<\/td>\n<\/tr>\n<tr class=\"ue-table-interlace-color-double\">\n<td valign=\"top\" width=\"328\">Certification:<\/td>\n<td valign=\"top\" width=\"328\">AS\/NZS 2053, IEC61386, CE, UL94 5VA<\/td>\n<td valign=\"top\" width=\"328\">Couleur:<\/td>\n<td valign=\"top\" width=\"328\">Gris ou personnalis\u00e9<\/td>\n<\/tr>\n<tr class=\"ue-table-interlace-color-single\">\n<td valign=\"top\" width=\"328\">R\u00e9sistance au feu :<\/td>\n<td valign=\"top\" width=\"328\">V0<\/td>\n<td valign=\"top\" width=\"328\">R\u00e9sistance aux UV :<\/td>\n<td valign=\"top\" width=\"328\">Oui<\/td>\n<\/tr>\n<tr class=\"ue-table-interlace-color-double\">\n<td valign=\"top\" width=\"328\">Conductivit\u00e9:<\/td>\n<td valign=\"top\" width=\"328\">Isol\u00e9<\/td>\n<td valign=\"top\" width=\"328\">Duret\u00e9:<\/td>\n<td valign=\"top\" width=\"328\">Rigide et r\u00e9sistant aux chocs<\/td>\n<\/tr>\n<tr class=\"ue-table-interlace-color-single\">\n<td valign=\"top\" width=\"328\">Emballage:<\/td>\n<td valign=\"top\" width=\"328\">Sacs en plastique et films PE<\/td>\n<td valign=\"top\" width=\"328\">\u00c9chantillon:<\/td>\n<td valign=\"top\" width=\"328\">Gratuit<\/td>\n<\/tr>\n<tr class=\"ue-table-interlace-color-double\">\n<td valign=\"top\" width=\"328\">Pays:<\/td>\n<td valign=\"top\" width=\"328\">Chine<\/td>\n<td valign=\"top\" width=\"328\">Usine:<\/td>\n<td valign=\"top\" width=\"328\">Dongguan, Guangdong<\/td>\n<\/tr>\n<\/tbody>\n<\/table>\n<\/div>\n<p><strong>Caract\u00e9ristiques<\/strong><\/p>\n<p>\u2013 angle de 90 degr\u00e9s.<\/p>\n<p>\u2013 Id\u00e9al pour les services publics et les projets d\u2019\u00e9nergie solaire.<\/p>\n<p>\u2013 Conforme aux normes AS\/NZS 2053, IEC61386, CE, UL94 5VA<\/p>\n<p>\u2013 R\u00e9sistant aux chocs, au soleil et au feu.<\/p>\n<p>\u2013 Surface et int\u00e9rieur brillants et lisses.<\/p>\n<p>\u2013 Le PVC durable et non conducteur ne rouille pas et ne se corrode pas<\/p>\n<p>\u2013 Convient aux applications a\u00e9riennes et souterraines.<\/p>\n<p><strong>Application<\/strong><\/p>\n<p>Le coude solaire standard \u00e0 90 degr\u00e9s Ctube 16-50 mm est un coude \u00e0 rayon normal qui ne tourne pas brusquement. Un coude standard a un rayon beaucoup plus grand qu&#039;un coude standard, ce qui permet un meilleur flux. Les coudes et les coudes sont tous deux utilis\u00e9s pour changer la direction du parcours du conduit. Ils sont sp\u00e9cialement con\u00e7us et fabriqu\u00e9s pour les applications solaires et prot\u00e8gent les connexions \u00e9lectriques des intemp\u00e9ries, ainsi que les personnes contre les chocs \u00e9lectriques accidentels.<\/p>\n<p><strong>Capacit\u00e9 de fabrication<\/strong><\/p>\n<p>\u2013 Capacit\u00e9 de production : 50 000 pi\u00e8ces par semaine<\/p>\n<p>\u2013 M\u00e9thodes d\u2019emballage : sacs en plastique et films PE<\/p>\n<p><strong>Tableau des tailles<\/strong><\/p>\n<div class=\"table\">\n<table width=\"880\" cellspacing=\"0\" cellpadding=\"0\">\n<tbody>\n<tr class=\"ue-table-interlace-color-single\">\n<td width=\"119\" height=\"30\">Code produit<\/td>\n<td width=\"119\" height=\"30\">Taille nominale<\/td>\n<td width=\"133\" height=\"30\">Emballage int\u00e9rieur<\/td>\n<td width=\"186\" height=\"30\">Emballage ext\u00e9rieur<\/td>\n<\/tr>\n<tr class=\"ue-table-interlace-color-double\">\n<td colspan=\"1\" rowspan=\"1\" height=\"30\">CT-SWBY16<\/td>\n<td colspan=\"1\" rowspan=\"1\" height=\"30\">16 mm<\/td>\n<td colspan=\"1\" rowspan=\"1\" height=\"30\">\u2013<\/td>\n<td colspan=\"1\" rowspan=\"1\" height=\"30\">250 bo\u00eetes\/carton<\/td>\n<\/tr>\n<tr class=\"ue-table-interlace-color-single\">\n<td height=\"30\">CT-STBY20<\/td>\n<td width=\"119\" height=\"30\">20 mm<\/td>\n<td width=\"131\" height=\"30\">\u2013<\/td>\n<td width=\"186\" height=\"30\">180 bo\u00eetes\/carton<\/td>\n<\/tr>\n<tr class=\"ue-table-interlace-color-double\">\n<td colspan=\"1\" rowspan=\"1\" height=\"30\">CT-STBY25<\/td>\n<td colspan=\"1\" rowspan=\"1\" height=\"30\">25 mm<\/td>\n<td colspan=\"1\" rowspan=\"1\" height=\"30\">\u2013<\/td>\n<td colspan=\"1\" rowspan=\"1\" height=\"30\">135 bo\u00eetes\/carton<\/td>\n<\/tr>\n<tr class=\"ue-table-interlace-color-single\">\n<td colspan=\"1\" rowspan=\"1\" height=\"30\">CT-STBY32<\/td>\n<td colspan=\"1\" rowspan=\"1\" height=\"30\">32 mm<\/td>\n<td colspan=\"1\" rowspan=\"1\" height=\"30\">\u2013<\/td>\n<td colspan=\"1\" rowspan=\"1\" height=\"30\">100 bo\u00eetes\/carton<\/td>\n<\/tr>\n<tr class=\"ue-table-interlace-color-double\">\n<td colspan=\"1\" rowspan=\"1\" height=\"30\">CT-STBY40<\/td>\n<td colspan=\"1\" rowspan=\"1\" height=\"30\">40 mm<\/td>\n<td colspan=\"1\" rowspan=\"1\" height=\"30\">\u2013<\/td>\n<td colspan=\"1\" rowspan=\"1\" height=\"30\">35 bo\u00eetes\/carton<\/td>\n<\/tr>\n<tr class=\"ue-table-interlace-color-single\">\n<td colspan=\"1\" rowspan=\"1\" height=\"30\">CT-STBY50<\/td>\n<td colspan=\"1\" rowspan=\"1\" height=\"30\">50 mm<\/td>\n<td colspan=\"1\" rowspan=\"1\" height=\"30\">\u2013<\/td>\n<td colspan=\"1\" rowspan=\"1\" height=\"30\">28 bo\u00eetes\/carton<\/td>\n<\/tr>\n<\/tbody>\n<\/table>\n<\/div>","protected":false},"excerpt":{"rendered":"<p>Certification de qualit\u00e9:<\/p>\n<p>\u2013 Sp\u00e9cialement con\u00e7u et produit pour les applications solaires.<\/p>\n<p>\u2013 Conforme aux normes AS\/NZS 2053, IEC61386, CE, UL94 5VA<\/p>","protected":false},"featured_media":7394,"comment_status":"closed","ping_status":"closed","template":"","meta":{"_sitemap_exclude":false,"_sitemap_priority":"","_sitemap_frequency":"","_joinchat":[]},"product_brand":[],"product_cat":[37,107,42],"product_tag":[],"class_list":{"0":"post-7392","1":"product","2":"type-product","3":"status-publish","4":"has-post-thumbnail","6":"product_cat-specialized-application-products","7":"product_cat-fittings-wholesale","8":"product_cat-solar-pvc-conduit-and-fittings","10":"first","11":"instock","12":"shipping-taxable","13":"product-type-simple"},"_links":{"self":[{"href":"https:\/\/www.ctube-gr.com\/fr\/wp-json\/wp\/v2\/product\/7392","targetHints":{"allow":["GET"]}}],"collection":[{"href":"https:\/\/www.ctube-gr.com\/fr\/wp-json\/wp\/v2\/product"}],"about":[{"href":"https:\/\/www.ctube-gr.com\/fr\/wp-json\/wp\/v2\/types\/product"}],"replies":[{"embeddable":true,"href":"https:\/\/www.ctube-gr.com\/fr\/wp-json\/wp\/v2\/comments?post=7392"}],"version-history":[{"count":0,"href":"https:\/\/www.ctube-gr.com\/fr\/wp-json\/wp\/v2\/product\/7392\/revisions"}],"wp:featuredmedia":[{"embeddable":true,"href":"https:\/\/www.ctube-gr.com\/fr\/wp-json\/wp\/v2\/media\/7394"}],"wp:attachment":[{"href":"https:\/\/www.ctube-gr.com\/fr\/wp-json\/wp\/v2\/media?parent=7392"}],"wp:term":[{"taxonomy":"product_brand","embeddable":true,"href":"https:\/\/www.ctube-gr.com\/fr\/wp-json\/wp\/v2\/product_brand?post=7392"},{"taxonomy":"product_cat","embeddable":true,"href":"https:\/\/www.ctube-gr.com\/fr\/wp-json\/wp\/v2\/product_cat?post=7392"},{"taxonomy":"product_tag","embeddable":true,"href":"https:\/\/www.ctube-gr.com\/fr\/wp-json\/wp\/v2\/product_tag?post=7392"}],"curies":[{"name":"wp","href":"https:\/\/api.w.org\/{rel}","templated":true}]}}