{"id":7757,"date":"2024-07-01T01:33:19","date_gmt":"2024-07-01T01:33:19","guid":{"rendered":"https:\/\/www.ctube-gr.com\/?post_type=product&#038;p=7757"},"modified":"2024-07-01T01:33:20","modified_gmt":"2024-07-01T01:33:20","slug":"ctube-1-4-10-po-x-10-pi-conduit-en-pvc-transparent-nomenclature-40","status":"publish","type":"product","link":"https:\/\/www.ctube-gr.com\/fr\/ctube-1-4-10-in-x-10-ft-schedule-40-clear-pvc-conduit","title":{"rendered":"Conduit en PVC transparent de 1\/4 po x 10 pi, s\u00e9rie 40, Ctube"},"content":{"rendered":"<p><strong>Aper\u00e7u<\/strong><\/p>\n<div class=\"table\">\n<table width=\"1418\">\n<tbody>\n<tr class=\"ue-table-interlace-color-single\">\n<td valign=\"top\" width=\"328\">Marque:<\/td>\n<td valign=\"top\" width=\"328\">Ctube<\/td>\n<td valign=\"top\" width=\"328\">Fabricant d&#039;origine:<\/td>\n<td valign=\"top\" width=\"328\">Disponible<\/td>\n<\/tr>\n<tr class=\"ue-table-interlace-color-double\">\n<td valign=\"top\" width=\"328\">Mat\u00e9riel:<\/td>\n<td valign=\"top\" width=\"328\">PVC<\/td>\n<td valign=\"top\" width=\"328\">Longueur:<\/td>\n<td valign=\"top\" width=\"328\">10 pieds\/20 pieds ou personnalis\u00e9<\/td>\n<\/tr>\n<tr class=\"ue-table-interlace-color-single\">\n<td valign=\"top\" width=\"328\">\u00c9paisseur:<\/td>\n<td valign=\"top\" width=\"328\">Annexe 40<\/td>\n<td valign=\"top\" width=\"328\">Plage de diam\u00e8tre ext\u00e9rieur :<\/td>\n<td valign=\"top\" width=\"328\">1\/2 pouce \u2013 10 pouces<\/td>\n<\/tr>\n<tr class=\"ue-table-interlace-color-double\">\n<td valign=\"top\" width=\"328\">Certification:<\/td>\n<td valign=\"top\" width=\"328\">CE, SGS, ISO et RoHS<\/td>\n<td valign=\"top\" width=\"328\">Couleur:<\/td>\n<td valign=\"top\" width=\"328\">Transparent<\/td>\n<\/tr>\n<tr class=\"ue-table-interlace-color-single\">\n<td valign=\"top\" width=\"328\">R\u00e9sistance au feu :<\/td>\n<td valign=\"top\" width=\"328\">V0<\/td>\n<td valign=\"top\" width=\"328\">R\u00e9sistance aux UV :<\/td>\n<td valign=\"top\" width=\"328\">Oui<\/td>\n<\/tr>\n<tr class=\"ue-table-interlace-color-double\">\n<td valign=\"top\" width=\"328\">Conductivit\u00e9:<\/td>\n<td valign=\"top\" width=\"328\">Isol\u00e9<\/td>\n<td valign=\"top\" width=\"328\">Duret\u00e9:<\/td>\n<td valign=\"top\" width=\"328\">Rigide et r\u00e9sistant aux chocs<\/td>\n<\/tr>\n<tr class=\"ue-table-interlace-color-single\">\n<td valign=\"top\" width=\"328\">Emballage:<\/td>\n<td valign=\"top\" width=\"328\">Sacs en plastique et films PE<\/td>\n<td valign=\"top\" width=\"328\">\u00c9chantillon:<\/td>\n<td valign=\"top\" width=\"328\">Gratuit<\/td>\n<\/tr>\n<tr class=\"ue-table-interlace-color-double\">\n<td valign=\"top\" width=\"328\">Pays:<\/td>\n<td valign=\"top\" width=\"328\">Chine<\/td>\n<td valign=\"top\" width=\"328\">Usine:<\/td>\n<td valign=\"top\" width=\"328\">Dongguan, Guangdong<\/td>\n<\/tr>\n<\/tbody>\n<\/table>\n<\/div>\n<p><strong>Caract\u00e9ristiques<\/strong><\/p>\n<p>&nbsp;<\/p>\n<p>1. Excellente r\u00e9sistance \u00e0 la corrosion.<\/p>\n<p>2. Parois int\u00e9rieures lisses et l\u00e9g\u00e8res.<\/p>\n<p>3. Non contaminant, non conducteur.<\/p>\n<p>4. Bonne capacit\u00e9 de gestion de la pression.<\/p>\n<p>5. R\u00e9sistance aux chocs sup\u00e9rieure et ne favorise pas la croissance bact\u00e9rienne.<\/p>\n<p><strong>Application<\/strong><\/p>\n<p>&nbsp;<\/p>\n<p>Le conduit en PVC transparent de la s\u00e9rie 40 de Ctube est utilis\u00e9 pour transporter les c\u00e2bles, ce qui permet \u00e0 ces c\u00e2bles d&#039;\u00eatre \u00e9troitement surveill\u00e9s par les surveillants.<\/p>\n<p>Imaginez que vous essayez de cuisiner un repas avec les yeux band\u00e9s. Il est couramment utilis\u00e9 comme tuyauterie \u00e0 double confinement pour les conduites de haute puret\u00e9 o\u00f9 l&#039;identification rapide des tubes primaires et la d\u00e9tection visuelle des fuites sont essentielles.<\/p>\n<p><strong>Capacit\u00e9 de fabrication<\/strong><\/p>\n<p>\u2013 Capacit\u00e9 de production : 100 000 m\u00e8tres par semaine<\/p>\n<p>\u2013 M\u00e9thodes d\u2019emballage : sacs en plastique et films PE<\/p>\n<p>&nbsp;<\/p>\n<p><strong>Tableau des tailles<\/strong><\/p>\n<div class=\"table\">\n<table cellspacing=\"0\" cellpadding=\"0\">\n<colgroup>\n<col span=\"4\" width=\"118\" \/><\/colgroup>\n<tbody>\n<tr class=\"ue-table-interlace-color-single\">\n<td width=\"119\" height=\"33\">Code produit<\/td>\n<td width=\"119\">Taille nominale<\/td>\n<td width=\"133\">Diam\u00e8tre ext\u00e9rieur moyen (po)<\/td>\n<td width=\"186\">ID moyen (po)<\/td>\n<td colspan=\"1\" rowspan=\"1\" valign=\"null\" width=\"163\">\u00c9paisseur minimale de la paroi (po)<\/td>\n<td colspan=\"1\" rowspan=\"1\" valign=\"null\" width=\"94\">Max.Psi<\/td>\n<\/tr>\n<tr class=\"ue-table-interlace-color-double\">\n<td>40CL-002H<\/td>\n<td width=\"119\">1\/4\u2033<\/td>\n<td width=\"141\">0.540<\/td>\n<td width=\"141\">0.354<\/td>\n<td colspan=\"1\" rowspan=\"1\" valign=\"null\" width=\"163\">0.088<\/td>\n<td colspan=\"1\" rowspan=\"1\" valign=\"null\" width=\"58\">390<\/td>\n<\/tr>\n<tr class=\"ue-table-interlace-color-single\">\n<td>40CL-003H<\/td>\n<td width=\"119\">3\/8\u201d<\/td>\n<td width=\"141\">0.675<\/td>\n<td width=\"141\">0.483<\/td>\n<td colspan=\"1\" rowspan=\"1\" valign=\"null\" width=\"163\">0.091<\/td>\n<td colspan=\"1\" rowspan=\"1\" valign=\"null\" width=\"58\">310<\/td>\n<\/tr>\n<tr class=\"ue-table-interlace-color-double\">\n<td>40CL-005H<\/td>\n<td width=\"119\">1\/2\u201d<\/td>\n<td width=\"141\">0.840<\/td>\n<td width=\"141\">0.608<\/td>\n<td colspan=\"1\" rowspan=\"1\" valign=\"null\" width=\"163\">0.109<\/td>\n<td colspan=\"1\" rowspan=\"1\" valign=\"null\" width=\"58\">300<\/td>\n<\/tr>\n<tr class=\"ue-table-interlace-color-single\">\n<td>40CL-007H<\/td>\n<td width=\"119\">3\/4\u201d<\/td>\n<td width=\"141\">1.050<\/td>\n<td width=\"141\">0.810<\/td>\n<td colspan=\"1\" rowspan=\"1\" valign=\"null\" width=\"163\">0.113<\/td>\n<td colspan=\"1\" rowspan=\"1\" valign=\"null\" width=\"58\">240<\/td>\n<\/tr>\n<tr class=\"ue-table-interlace-color-double\">\n<td>40CL-0010H<\/td>\n<td width=\"119\">1\u201d<\/td>\n<td width=\"141\">1.315<\/td>\n<td width=\"141\">1.033<\/td>\n<td colspan=\"1\" rowspan=\"1\" valign=\"null\" width=\"163\">0.133<\/td>\n<td colspan=\"1\" rowspan=\"1\" valign=\"null\" width=\"58\">220<\/td>\n<\/tr>\n<tr class=\"ue-table-interlace-color-single\">\n<td>40CL-0012H<\/td>\n<td width=\"119\">1-1\/4\u201d<\/td>\n<td width=\"141\">1.660<\/td>\n<td width=\"141\">1.364<\/td>\n<td colspan=\"1\" rowspan=\"1\" valign=\"null\" width=\"163\">0.140<\/td>\n<td colspan=\"1\" rowspan=\"1\" valign=\"null\" width=\"58\">180<\/td>\n<\/tr>\n<tr class=\"ue-table-interlace-color-double\">\n<td>40CL-0015H<\/td>\n<td width=\"119\">1-1\/2\u201d<\/td>\n<td width=\"141\">1.900<\/td>\n<td width=\"141\">1.592<\/td>\n<td colspan=\"1\" rowspan=\"1\" valign=\"null\" width=\"163\">0.145<\/td>\n<td colspan=\"1\" rowspan=\"1\" valign=\"null\" width=\"58\">170<\/td>\n<\/tr>\n<tr class=\"ue-table-interlace-color-single\">\n<td>40CL-0020H<\/td>\n<td width=\"119\">2 pouces\u201d<\/td>\n<td width=\"141\">2.375<\/td>\n<td width=\"141\">2.049<\/td>\n<td colspan=\"1\" rowspan=\"1\" valign=\"null\" width=\"163\">0.154<\/td>\n<td colspan=\"1\" rowspan=\"1\" valign=\"null\" width=\"58\">150<\/td>\n<\/tr>\n<tr class=\"ue-table-interlace-color-double\">\n<td>40CL-0025H<\/td>\n<td width=\"119\">2-1\/2\u201d<\/td>\n<td width=\"141\">2.875<\/td>\n<td width=\"141\">2.445<\/td>\n<td colspan=\"1\" rowspan=\"1\" valign=\"null\" width=\"163\">0.203<\/td>\n<td colspan=\"1\" rowspan=\"1\" valign=\"null\" width=\"58\">140<\/td>\n<\/tr>\n<tr class=\"ue-table-interlace-color-single\">\n<td>40CL-0030H<\/td>\n<td width=\"119\">3 pouces\u201d<\/td>\n<td width=\"141\">3.500<\/td>\n<td width=\"141\">3.043<\/td>\n<td colspan=\"1\" rowspan=\"1\" valign=\"null\" width=\"163\">0.216<\/td>\n<td colspan=\"1\" rowspan=\"1\" valign=\"null\" width=\"58\">130<\/td>\n<\/tr>\n<tr class=\"ue-table-interlace-color-double\">\n<td>40CL-0035H<\/td>\n<td width=\"119\">3-1\/2\u201d<\/td>\n<td width=\"141\">4.000<\/td>\n<td width=\"141\">3.520<\/td>\n<td colspan=\"1\" rowspan=\"1\" valign=\"null\" width=\"163\">0.226<\/td>\n<td colspan=\"1\" rowspan=\"1\" valign=\"null\" width=\"58\">120<\/td>\n<\/tr>\n<tr class=\"ue-table-interlace-color-single\">\n<td>40CL-0040H<\/td>\n<td width=\"119\">4 pouces\u201d<\/td>\n<td width=\"141\">4.500<\/td>\n<td width=\"141\">3.998<\/td>\n<td colspan=\"1\" rowspan=\"1\" valign=\"null\" width=\"163\">0.237<\/td>\n<td colspan=\"1\" rowspan=\"1\" valign=\"null\" width=\"58\">110<\/td>\n<\/tr>\n<tr class=\"ue-table-interlace-color-double\">\n<td>40CL-0060H<\/td>\n<td width=\"119\">6 pouces\u201d<\/td>\n<td width=\"141\">6.625<\/td>\n<td width=\"141\">6.031<\/td>\n<td colspan=\"1\" rowspan=\"1\" valign=\"null\" width=\"163\">0.280<\/td>\n<td colspan=\"1\" rowspan=\"1\" valign=\"null\" width=\"58\">90<\/td>\n<\/tr>\n<tr class=\"ue-table-interlace-color-single\">\n<td colspan=\"1\" rowspan=\"1\">40CL-0080H<\/td>\n<td colspan=\"1\" rowspan=\"1\">8 pouces\u201d<\/td>\n<td colspan=\"1\" rowspan=\"1\">8.625<\/td>\n<td colspan=\"1\" rowspan=\"1\">7.943<\/td>\n<td colspan=\"1\" rowspan=\"1\" valign=\"null\" width=\"163\">0.322<\/td>\n<td colspan=\"1\" rowspan=\"1\" valign=\"null\" width=\"58\">80<\/td>\n<\/tr>\n<tr class=\"ue-table-interlace-color-double\">\n<td colspan=\"1\" rowspan=\"1\">40CL-00100H<\/td>\n<td colspan=\"1\" rowspan=\"1\">10 pouces\u201d<\/td>\n<td colspan=\"1\" rowspan=\"1\">10.750<\/td>\n<td colspan=\"1\" rowspan=\"1\">9.976<\/td>\n<td colspan=\"1\" rowspan=\"1\" valign=\"null\" width=\"163\">0.365<\/td>\n<td colspan=\"1\" rowspan=\"1\" valign=\"null\" width=\"58\">70<\/td>\n<\/tr>\n<\/tbody>\n<\/table>\n<\/div>","protected":false},"excerpt":{"rendered":"<p>Certification de qualit\u00e9:<\/p>\n<p>- Transparent<\/p>\n<p>\u2013 Conforme aux normes CE, SGS, ISO et RoHS<\/p>","protected":false},"featured_media":7759,"comment_status":"closed","ping_status":"closed","template":"","meta":{"_sitemap_exclude":false,"_sitemap_priority":"","_sitemap_frequency":"","_joinchat":[]},"product_brand":[],"product_cat":[35,219,37],"product_tag":[220],"class_list":{"0":"post-7757","1":"product","2":"type-product","3":"status-publish","4":"has-post-thumbnail","6":"product_cat-uncategorized","7":"product_cat-clear-pvc-conduit","8":"product_cat-specialized-application-products","9":"product_tag-clear-pvc-conduit","11":"first","12":"instock","13":"shipping-taxable","14":"product-type-simple"},"_links":{"self":[{"href":"https:\/\/www.ctube-gr.com\/fr\/wp-json\/wp\/v2\/product\/7757","targetHints":{"allow":["GET"]}}],"collection":[{"href":"https:\/\/www.ctube-gr.com\/fr\/wp-json\/wp\/v2\/product"}],"about":[{"href":"https:\/\/www.ctube-gr.com\/fr\/wp-json\/wp\/v2\/types\/product"}],"replies":[{"embeddable":true,"href":"https:\/\/www.ctube-gr.com\/fr\/wp-json\/wp\/v2\/comments?post=7757"}],"version-history":[{"count":0,"href":"https:\/\/www.ctube-gr.com\/fr\/wp-json\/wp\/v2\/product\/7757\/revisions"}],"wp:featuredmedia":[{"embeddable":true,"href":"https:\/\/www.ctube-gr.com\/fr\/wp-json\/wp\/v2\/media\/7759"}],"wp:attachment":[{"href":"https:\/\/www.ctube-gr.com\/fr\/wp-json\/wp\/v2\/media?parent=7757"}],"wp:term":[{"taxonomy":"product_brand","embeddable":true,"href":"https:\/\/www.ctube-gr.com\/fr\/wp-json\/wp\/v2\/product_brand?post=7757"},{"taxonomy":"product_cat","embeddable":true,"href":"https:\/\/www.ctube-gr.com\/fr\/wp-json\/wp\/v2\/product_cat?post=7757"},{"taxonomy":"product_tag","embeddable":true,"href":"https:\/\/www.ctube-gr.com\/fr\/wp-json\/wp\/v2\/product_tag?post=7757"}],"curies":[{"name":"wp","href":"https:\/\/api.w.org\/{rel}","templated":true}]}}