{"id":7782,"date":"2024-07-01T03:01:32","date_gmt":"2024-07-01T03:01:32","guid":{"rendered":"https:\/\/www.ctube-gr.com\/?post_type=product&#038;p=7782"},"modified":"2024-07-01T03:08:25","modified_gmt":"2024-07-01T03:08:25","slug":"ctube-20-63mm-sangle-rigide-pour-conduit-metallique-a-2-trous","status":"publish","type":"product","link":"https:\/\/www.ctube-gr.com\/fr\/ctube-20-63mm-rigid-2-hole-metal-conduit-strap","title":{"rendered":"Sangle rigide pour conduit m\u00e9tallique \u00e0 2 trous Ctube 20-63 mm"},"content":{"rendered":"<p><strong>Aper\u00e7u<\/strong><\/p>\n<div class=\"table\">\n<table width=\"1418\">\n<tbody>\n<tr class=\"ue-table-interlace-color-single\">\n<td valign=\"top\" width=\"328\">Marque:<\/td>\n<td valign=\"top\" width=\"328\">Ctube<\/td>\n<td valign=\"top\" width=\"328\">Fabricant d&#039;origine:<\/td>\n<td valign=\"top\" width=\"328\">Disponible<\/td>\n<\/tr>\n<tr class=\"ue-table-interlace-color-double\">\n<td valign=\"top\" width=\"328\">Mat\u00e9riel:<\/td>\n<td valign=\"top\" width=\"328\">Acier galvanis\u00e9<\/td>\n<td valign=\"top\" width=\"328\">Longueur:<\/td>\n<td valign=\"top\" width=\"328\">Personnalis\u00e9<\/td>\n<\/tr>\n<tr class=\"ue-table-interlace-color-single\">\n<td valign=\"top\" width=\"328\">\u00c9paisseur:<\/td>\n<td valign=\"top\" width=\"328\">Personnalis\u00e9<\/td>\n<td valign=\"top\" width=\"328\">Plage de diam\u00e8tre ext\u00e9rieur :<\/td>\n<td valign=\"top\" width=\"328\">20-63 mm<\/td>\n<\/tr>\n<tr class=\"ue-table-interlace-color-double\">\n<td valign=\"top\" width=\"328\">Certification:<\/td>\n<td valign=\"top\" width=\"328\">CEI 61386, ISO, ASTM, UL94<\/td>\n<td valign=\"top\" width=\"328\">Couleur:<\/td>\n<td valign=\"top\" width=\"328\">Argent<\/td>\n<\/tr>\n<tr class=\"ue-table-interlace-color-single\">\n<td valign=\"top\" width=\"328\">R\u00e9sistance au feu :<\/td>\n<td valign=\"top\" width=\"328\">V0<\/td>\n<td valign=\"top\" width=\"328\">R\u00e9sistance aux UV :<\/td>\n<td valign=\"top\" width=\"328\">Oui<\/td>\n<\/tr>\n<tr class=\"ue-table-interlace-color-double\">\n<td valign=\"top\" width=\"328\">Conductivit\u00e9:<\/td>\n<td valign=\"top\" width=\"328\">Isol\u00e9<\/td>\n<td valign=\"top\" width=\"328\">Duret\u00e9:<\/td>\n<td valign=\"top\" width=\"328\">Rigide et r\u00e9sistant aux chocs<\/td>\n<\/tr>\n<tr class=\"ue-table-interlace-color-single\">\n<td valign=\"top\" width=\"328\">Emballage:<\/td>\n<td valign=\"top\" width=\"328\">Bo\u00eetes<\/td>\n<td valign=\"top\" width=\"328\">\u00c9chantillon:<\/td>\n<td valign=\"top\" width=\"328\">Gratuit<\/td>\n<\/tr>\n<tr class=\"ue-table-interlace-color-double\">\n<td valign=\"top\" width=\"328\">Pays:<\/td>\n<td valign=\"top\" width=\"328\">Chine<\/td>\n<td valign=\"top\" width=\"328\">Usine:<\/td>\n<td valign=\"top\" width=\"328\">Dongguan, Guangdong<\/td>\n<\/tr>\n<\/tbody>\n<\/table>\n<\/div>\n<p><strong>Caract\u00e9ristiques<\/strong><\/p>\n<p>\u2013 Sangles de conduit robustes pour fixer des conduits rigides ou IMC.<\/p>\n<p>\u2013 Fabriqu\u00e9 en acier galvanis\u00e9 r\u00e9sistant \u00e0 la corrosion.<\/p>\n<p>\u2013 R\u00e9sistant aux chocs, au soleil et au feu.<\/p>\n<p>\u2013 Peut \u00eatre utilis\u00e9 pour des applications int\u00e9rieures et ext\u00e9rieures.<\/p>\n<p><strong>Application<\/strong><\/p>\n<p>Les sangles pour conduits m\u00e9talliques rigides \u00e0 2 trous Ctube 20-63 mm sont con\u00e7ues pour fixer des conduits rigides au bois, \u00e0 la ma\u00e7onnerie ou \u00e0 des surfaces similaires. Les sangles ont une capacit\u00e9 de charge \u00e9lev\u00e9e et s&#039;enclenchent sur un conduit pour le maintenir solidement en place. S&#039;enclenchent positivement sur un conduit une fois install\u00e9.<\/p>\n<p><strong>Capacit\u00e9 de fabrication<\/strong><\/p>\n<p>\u2013 Capacit\u00e9 de production : 50 000 pi\u00e8ces par semaine<\/p>\n<p>\u2013 M\u00e9thodes d\u2019emballage : sacs en plastique et films PE<\/p>\n<p>&nbsp;<\/p>\n<p><strong>Tableau des tailles<\/strong><\/p>\n<div class=\"table\">\n<table width=\"868\" cellspacing=\"0\" cellpadding=\"0\">\n<colgroup>\n<col span=\"4\" width=\"118\" \/><\/colgroup>\n<tbody>\n<tr class=\"ue-table-interlace-color-single\">\n<td width=\"119\" height=\"33\">Code produit<\/td>\n<td colspan=\"1\" rowspan=\"1\" valign=\"null\" width=\"119\">Taille nominale<\/td>\n<td width=\"119\">Taille de la bo\u00eete<\/td>\n<td width=\"133\">Emballage int\u00e9rieur<\/td>\n<td width=\"186\">Emballage ext\u00e9rieur<\/td>\n<\/tr>\n<tr class=\"ue-table-interlace-color-double\">\n<td height=\"18\">CT-FS20<\/td>\n<td colspan=\"1\" rowspan=\"1\" valign=\"null\" width=\"119\">20 mm<\/td>\n<td width=\"119\">13,6 \u00d7 13,6 \u00d7 6,9 cm<\/td>\n<td width=\"131\">20 unit\u00e9s\/bo\u00eete<\/td>\n<td width=\"186\">2000 bo\u00eetes\/carton<\/td>\n<\/tr>\n<tr class=\"ue-table-interlace-color-single\">\n<td colspan=\"1\" rowspan=\"1\">CT-FS25<\/td>\n<td colspan=\"1\" rowspan=\"1\" valign=\"null\" width=\"null\">25 mm<\/td>\n<td colspan=\"1\" rowspan=\"1\">13,6 \u00d7 13,6 \u00d7 6,9 cm<\/td>\n<td colspan=\"1\" rowspan=\"1\">20 unit\u00e9s\/bo\u00eete<\/td>\n<td colspan=\"1\" rowspan=\"1\">1000 bo\u00eetes\/carton<\/td>\n<\/tr>\n<tr class=\"ue-table-interlace-color-double\">\n<td colspan=\"1\" rowspan=\"1\">CT-FS32<\/td>\n<td colspan=\"1\" rowspan=\"1\">32 mm<\/td>\n<td colspan=\"1\" rowspan=\"1\">13,6 \u00d7 13,6 \u00d7 6,9 cm<\/td>\n<td colspan=\"1\" rowspan=\"1\">20 unit\u00e9s\/bo\u00eete<\/td>\n<td colspan=\"1\" rowspan=\"1\">1000 bo\u00eetes\/carton<\/td>\n<\/tr>\n<tr class=\"ue-table-interlace-color-single\">\n<td colspan=\"1\" rowspan=\"1\">CT-FS40<\/td>\n<td colspan=\"1\" rowspan=\"1\">40 mm<\/td>\n<td colspan=\"1\" rowspan=\"1\">13,6 \u00d7 13,6 \u00d7 6,9 cm<\/td>\n<td colspan=\"1\" rowspan=\"1\">20 unit\u00e9s\/bo\u00eete<\/td>\n<td colspan=\"1\" rowspan=\"1\">500 bo\u00eetes\/carton<\/td>\n<\/tr>\n<tr class=\"ue-table-interlace-color-double\">\n<td colspan=\"1\" rowspan=\"1\">CT-FS50<\/td>\n<td colspan=\"1\" rowspan=\"1\">50 mm<\/td>\n<td colspan=\"1\" rowspan=\"1\">13,6 \u00d7 13,6 \u00d7 6,9 cm<\/td>\n<td colspan=\"1\" rowspan=\"1\">20 unit\u00e9s\/bo\u00eete<\/td>\n<td colspan=\"1\" rowspan=\"1\">500 bo\u00eetes\/carton<\/td>\n<\/tr>\n<tr class=\"ue-table-interlace-color-single\">\n<td colspan=\"1\" rowspan=\"1\">CT-FS63<\/td>\n<td colspan=\"1\" rowspan=\"1\">63 mm<\/td>\n<td colspan=\"1\" rowspan=\"1\">13,6 \u00d7 13,6 \u00d7 6,9 cm<\/td>\n<td colspan=\"1\" rowspan=\"1\">20 unit\u00e9s\/bo\u00eete<\/td>\n<td colspan=\"1\" rowspan=\"1\">500 bo\u00eetes\/carton<\/td>\n<\/tr>\n<\/tbody>\n<\/table>\n<\/div>","protected":false},"excerpt":{"rendered":"<p>Certification de qualit\u00e9:<\/p>\n<p>\u2013 Sp\u00e9cialement con\u00e7u et produit pour les applications solaires.<\/p>\n<p>\u2013 Fabriqu\u00e9 en acier galvanis\u00e9.<\/p>","protected":false},"featured_media":7791,"comment_status":"closed","ping_status":"closed","template":"","meta":{"_sitemap_exclude":false,"_sitemap_priority":"","_sitemap_frequency":"","_joinchat":[]},"product_brand":[],"product_cat":[37,107,42],"product_tag":[],"class_list":{"0":"post-7782","1":"product","2":"type-product","3":"status-publish","4":"has-post-thumbnail","6":"product_cat-specialized-application-products","7":"product_cat-fittings-wholesale","8":"product_cat-solar-pvc-conduit-and-fittings","10":"first","11":"instock","12":"shipping-taxable","13":"product-type-simple"},"_links":{"self":[{"href":"https:\/\/www.ctube-gr.com\/fr\/wp-json\/wp\/v2\/product\/7782","targetHints":{"allow":["GET"]}}],"collection":[{"href":"https:\/\/www.ctube-gr.com\/fr\/wp-json\/wp\/v2\/product"}],"about":[{"href":"https:\/\/www.ctube-gr.com\/fr\/wp-json\/wp\/v2\/types\/product"}],"replies":[{"embeddable":true,"href":"https:\/\/www.ctube-gr.com\/fr\/wp-json\/wp\/v2\/comments?post=7782"}],"version-history":[{"count":0,"href":"https:\/\/www.ctube-gr.com\/fr\/wp-json\/wp\/v2\/product\/7782\/revisions"}],"wp:featuredmedia":[{"embeddable":true,"href":"https:\/\/www.ctube-gr.com\/fr\/wp-json\/wp\/v2\/media\/7791"}],"wp:attachment":[{"href":"https:\/\/www.ctube-gr.com\/fr\/wp-json\/wp\/v2\/media?parent=7782"}],"wp:term":[{"taxonomy":"product_brand","embeddable":true,"href":"https:\/\/www.ctube-gr.com\/fr\/wp-json\/wp\/v2\/product_brand?post=7782"},{"taxonomy":"product_cat","embeddable":true,"href":"https:\/\/www.ctube-gr.com\/fr\/wp-json\/wp\/v2\/product_cat?post=7782"},{"taxonomy":"product_tag","embeddable":true,"href":"https:\/\/www.ctube-gr.com\/fr\/wp-json\/wp\/v2\/product_tag?post=7782"}],"curies":[{"name":"wp","href":"https:\/\/api.w.org\/{rel}","templated":true}]}}