{"id":7369,"date":"2024-06-17T09:43:02","date_gmt":"2024-06-17T09:43:02","guid":{"rendered":"https:\/\/www.ctube-gr.com\/?post_type=product&#038;p=7369"},"modified":"2024-07-01T03:26:41","modified_gmt":"2024-07-01T03:26:41","slug":"dau-noi-chuyen-doi-ctube-20-50mm-tu-dang-tron-sang-dang-ren-ngoai","status":"publish","type":"product","link":"https:\/\/www.ctube-gr.com\/vi\/ctube-20-50mm-plain-to-screwed-male-terminal-adapter-connector","title":{"rendered":"\u0110\u1ea7u n\u1ed1i chuy\u1ec3n \u0111\u1ed5i t\u1eeb d\u1ea1ng tr\u01a1n sang d\u1ea1ng ren ngo\u00e0i Ctube 20-50mm"},"content":{"rendered":"<p><strong>T\u1ed5ng quan<\/strong><\/p>\n<div class=\"table\">\n<table width=\"1418\">\n<tbody>\n<tr class=\"ue-table-interlace-color-single\">\n<td valign=\"top\" width=\"328\">Th\u01b0\u01a1ng hi\u1ec7u:<\/td>\n<td valign=\"top\" width=\"328\">Ctube<\/td>\n<td valign=\"top\" width=\"328\">Nh\u00e0 s\u1ea3n xu\u1ea5t thi\u1ebft b\u1ecb g\u1ed1c (OEM):<\/td>\n<td valign=\"top\" width=\"328\">C\u00f3 s\u1eb5n<\/td>\n<\/tr>\n<tr class=\"ue-table-interlace-color-double\">\n<td valign=\"top\" width=\"328\">V\u1eadt li\u1ec7u:<\/td>\n<td valign=\"top\" width=\"328\">PVC<\/td>\n<td valign=\"top\" width=\"328\">Chi\u1ec1u d\u00e0i:<\/td>\n<td valign=\"top\" width=\"328\">Ti\u00eau chu\u1ea9n AU<\/td>\n<\/tr>\n<tr class=\"ue-table-interlace-color-single\">\n<td valign=\"top\" width=\"328\">\u0110\u1ed9 d\u00e0y:<\/td>\n<td valign=\"top\" width=\"328\">Ti\u00eau chu\u1ea9n AU<\/td>\n<td valign=\"top\" width=\"328\">Ph\u1ea1m vi OD:<\/td>\n<td valign=\"top\" width=\"328\">20-50mm<\/td>\n<\/tr>\n<tr class=\"ue-table-interlace-color-double\">\n<td valign=\"top\" width=\"328\">Ch\u1ee9ng nh\u1eadn:<\/td>\n<td valign=\"top\" width=\"328\">AS\/NZS, RoHS, REACH, CE, SGS, ISO<\/td>\n<td valign=\"top\" width=\"328\">M\u00e0u s\u1eafc:<\/td>\n<td valign=\"top\" width=\"328\">M\u00e0u x\u00e1m ho\u1eb7c t\u00f9y ch\u1ec9nh<\/td>\n<\/tr>\n<tr class=\"ue-table-interlace-color-single\">\n<td valign=\"top\" width=\"328\">Kh\u1ea3 n\u0103ng ch\u1ed1ng ch\u00e1y:<\/td>\n<td valign=\"top\" width=\"328\">V0<\/td>\n<td valign=\"top\" width=\"328\">Kh\u1ea3 n\u0103ng ch\u1ed1ng tia c\u1ef1c t\u00edm:<\/td>\n<td valign=\"top\" width=\"328\">\u0110\u00fang<\/td>\n<\/tr>\n<tr class=\"ue-table-interlace-color-double\">\n<td valign=\"top\" width=\"328\">\u0110\u1ed9 d\u1eabn \u0111i\u1ec7n:<\/td>\n<td valign=\"top\" width=\"328\">C\u00e1ch nhi\u1ec7t<\/td>\n<td valign=\"top\" width=\"328\">\u0110\u1ed9 c\u1ee9ng:<\/td>\n<td valign=\"top\" width=\"328\">C\u1ee9ng c\u00e1p v\u00e0 ch\u1ecbu va \u0111\u1eadp t\u1ed1t<\/td>\n<\/tr>\n<tr class=\"ue-table-interlace-color-single\">\n<td valign=\"top\" width=\"328\">\u0110\u00f3ng g\u00f3i:<\/td>\n<td valign=\"top\" width=\"328\">T\u00fai nh\u1ef1a v\u00e0 m\u00e0ng PE<\/td>\n<td valign=\"top\" width=\"328\">V\u1eadt m\u1eabu:<\/td>\n<td valign=\"top\" width=\"328\">Mi\u1ec5n ph\u00ed<\/td>\n<\/tr>\n<tr class=\"ue-table-interlace-color-double\">\n<td valign=\"top\" width=\"328\">Qu\u1ed1c gia:<\/td>\n<td valign=\"top\" width=\"328\">Trung Qu\u1ed1c<\/td>\n<td valign=\"top\" width=\"328\">Nh\u00e0 m\u00e1y:<\/td>\n<td valign=\"top\" width=\"328\">\u0110\u00f4ng Qu\u1ea3n, Qu\u1ea3ng \u0110\u00f4ng<\/td>\n<\/tr>\n<\/tbody>\n<\/table>\n<\/div>\n<p><strong>\u0110\u1eb7c tr\u01b0ng<\/strong><\/p>\n<p>\u2013 \u0110\u00e1p \u1ee9ng ti\u00eau chu\u1ea9n AS\/NZS 2053.<\/p>\n<p>\u2013 Ch\u1ed1ng va \u0111\u1eadp, \u00e1nh n\u1eafng m\u1eb7t tr\u1eddi v\u00e0 l\u1eeda.<\/p>\n<p>\u2013 B\u1ec1 m\u1eb7t v\u00e0 b\u00ean trong b\u00f3ng lo\u00e1ng v\u00e0 m\u1ecbn m\u00e0ng.<\/p>\n<p>\u2013 Ch\u1ea5t li\u1ec7u PVC b\u1ec1n, kh\u00f4ng d\u1eabn \u0111i\u1ec7n, s\u1ebd kh\u00f4ng b\u1ecb g\u1ec9 s\u00e9t hay \u0103n m\u00f2n.<\/p>\n<p>\u2013 Th\u00edch h\u1ee3p cho c\u1ea3 \u1ee9ng d\u1ee5ng tr\u00ean v\u00e0 d\u01b0\u1edbi m\u1eb7t \u0111\u1ea5t.<\/p>\n<p><strong>\u1ee8ng d\u1ee5ng<\/strong><\/p>\n<p>\u0110\u1ea7u n\u1ed1i chuy\u1ec3n \u0111\u1ed5i Ctube 20-50mm t\u1eeb \u0111\u1ea7u tr\u01a1n sang \u0111\u1ea7u ren ngo\u00e0i l\u00e0 m\u1ed9t lo\u1ea1i \u0111\u1ea7u n\u1ed1i \u0111\u01b0\u1ee3c s\u1eed d\u1ee5ng \u0111\u1ec3 chuy\u1ec3n \u0111\u1ed5i t\u1eeb \u1ed1ng d\u1eabn PVC c\u00f3 \u0111\u1ea7u n\u1ed1i d\u1ea1ng \u1ed1ng sang \u0111\u1ea7u n\u1ed1i ren trong b\u1eb1ng kim lo\u1ea1i ho\u1eb7c nh\u1ef1a PVC. \u0110\u1ea7u n\u1ed1i chuy\u1ec3n \u0111\u1ed5i d\u1ea1ng ren ngo\u00e0i c\u0169ng c\u00f3 th\u1ec3 \u0111\u01b0\u1ee3c s\u1eed d\u1ee5ng \u0111\u1ec3 k\u1ebft n\u1ed1i \u1ed1ng d\u1eabn PVC v\u1edbi h\u1ed9p ho\u1eb7c c\u00e1c v\u1eadt th\u1ec3 c\u00f3 ren kh\u00e1c b\u1eb1ng c\u00e1ch s\u1eed d\u1ee5ng \u0111ai \u1ed1c kh\u00f3a.<\/p>\n<p><strong>Kh\u1ea3 n\u0103ng s\u1ea3n xu\u1ea5t<\/strong><\/p>\n<p>\u2013 N\u0103ng l\u1ef1c s\u1ea3n xu\u1ea5t: 50.000 chi\u1ebfc m\u1ed7i tu\u1ea7n<\/p>\n<p>\u2013 Ph\u01b0\u01a1ng ph\u00e1p \u0111\u00f3ng g\u00f3i: t\u00fai nh\u1ef1a v\u00e0 m\u00e0ng PE<\/p>\n<p><strong>B\u1ea3ng k\u00edch th\u01b0\u1edbc<\/strong><\/p>\n<div class=\"table\">\n<table cellspacing=\"0\" cellpadding=\"0\">\n<colgroup>\n<col span=\"4\" width=\"118\" \/><\/colgroup>\n<tbody>\n<tr class=\"ue-table-interlace-color-single\">\n<td width=\"119\" height=\"33\">M\u00e3 s\u1ea3n ph\u1ea9m<\/td>\n<td width=\"119\">K\u00edch th\u01b0\u1edbc danh ngh\u0129a<\/td>\n<td width=\"133\">Bao b\u00ec b\u00ean trong<\/td>\n<td width=\"186\">Bao b\u00ec b\u00ean ngo\u00e0i<\/td>\n<\/tr>\n<tr class=\"ue-table-interlace-color-double\">\n<td height=\"18\">CT-PSA20<\/td>\n<td width=\"119\">20mm<\/td>\n<td width=\"131\">50 chi\u1ebfc\/h\u1ed9p<\/td>\n<td width=\"186\">1000 h\u1ed9p\/th\u00f9ng<\/td>\n<\/tr>\n<tr class=\"ue-table-interlace-color-single\">\n<td colspan=\"1\" rowspan=\"1\">CT-PSA25<\/td>\n<td colspan=\"1\" rowspan=\"1\">25mm<\/td>\n<td colspan=\"1\" rowspan=\"1\">50 chi\u1ebfc\/h\u1ed9p<\/td>\n<td colspan=\"1\" rowspan=\"1\">1000 h\u1ed9p\/th\u00f9ng<\/td>\n<\/tr>\n<tr class=\"ue-table-interlace-color-double\">\n<td colspan=\"1\" rowspan=\"1\">CT-PSA32<\/td>\n<td colspan=\"1\" rowspan=\"1\">32mm<\/td>\n<td colspan=\"1\" rowspan=\"1\">20 chi\u1ebfc\/h\u1ed9p<\/td>\n<td colspan=\"1\" rowspan=\"1\">500 h\u1ed9p\/th\u00f9ng<\/td>\n<\/tr>\n<tr class=\"ue-table-interlace-color-single\">\n<td colspan=\"1\" rowspan=\"1\">CT-PSA40<\/td>\n<td colspan=\"1\" rowspan=\"1\">40mm<\/td>\n<td colspan=\"1\" rowspan=\"1\">10 chi\u1ebfc\/h\u1ed9p<\/td>\n<td colspan=\"1\" rowspan=\"1\">200 h\u1ed9p\/th\u00f9ng<\/td>\n<\/tr>\n<tr class=\"ue-table-interlace-color-double\">\n<td colspan=\"1\" rowspan=\"1\">CT-PSA50<\/td>\n<td colspan=\"1\" rowspan=\"1\">50mm<\/td>\n<td colspan=\"1\" rowspan=\"1\">5 chi\u1ebfc\/h\u1ed9p<\/td>\n<td colspan=\"1\" rowspan=\"1\">200 h\u1ed9p\/th\u00f9ng<\/td>\n<\/tr>\n<\/tbody>\n<\/table>\n<\/div>","protected":false},"excerpt":{"rendered":"<p>Ch\u1ee9ng nh\u1eadn ch\u1ea5t l\u01b0\u1ee3ng:<\/p>\n<p>\u2013 Ti\u00eau chu\u1ea9n \u00dac<\/p>\n<p>\u2013 Tu\u00e2n th\u1ee7 ti\u00eau chu\u1ea9n AS\/NZS 2053, RoHS, REACH, CE, SGS, ISO<\/p>","protected":false},"featured_media":7373,"comment_status":"closed","ping_status":"closed","template":"","meta":{"_sitemap_exclude":false,"_sitemap_priority":"","_sitemap_frequency":"","_joinchat":[]},"product_brand":[],"product_cat":[40,211,36,35],"product_tag":[],"class_list":{"0":"post-7369","1":"product","2":"type-product","3":"status-publish","4":"has-post-thumbnail","6":"product_cat-as-nzs-listed-pvc-conduit-pipe-series","7":"product_cat-australian-standard-conduit-fittings","8":"product_cat-international-certifications-products","9":"product_cat-uncategorized","11":"first","12":"instock","13":"shipping-taxable","14":"product-type-simple"},"_links":{"self":[{"href":"https:\/\/www.ctube-gr.com\/vi\/wp-json\/wp\/v2\/product\/7369","targetHints":{"allow":["GET"]}}],"collection":[{"href":"https:\/\/www.ctube-gr.com\/vi\/wp-json\/wp\/v2\/product"}],"about":[{"href":"https:\/\/www.ctube-gr.com\/vi\/wp-json\/wp\/v2\/types\/product"}],"replies":[{"embeddable":true,"href":"https:\/\/www.ctube-gr.com\/vi\/wp-json\/wp\/v2\/comments?post=7369"}],"version-history":[{"count":0,"href":"https:\/\/www.ctube-gr.com\/vi\/wp-json\/wp\/v2\/product\/7369\/revisions"}],"wp:featuredmedia":[{"embeddable":true,"href":"https:\/\/www.ctube-gr.com\/vi\/wp-json\/wp\/v2\/media\/7373"}],"wp:attachment":[{"href":"https:\/\/www.ctube-gr.com\/vi\/wp-json\/wp\/v2\/media?parent=7369"}],"wp:term":[{"taxonomy":"product_brand","embeddable":true,"href":"https:\/\/www.ctube-gr.com\/vi\/wp-json\/wp\/v2\/product_brand?post=7369"},{"taxonomy":"product_cat","embeddable":true,"href":"https:\/\/www.ctube-gr.com\/vi\/wp-json\/wp\/v2\/product_cat?post=7369"},{"taxonomy":"product_tag","embeddable":true,"href":"https:\/\/www.ctube-gr.com\/vi\/wp-json\/wp\/v2\/product_tag?post=7369"}],"curies":[{"name":"wp","href":"https:\/\/api.w.org\/{rel}","templated":true}]}}